{"id":991,"date":"2025-12-23T10:41:50","date_gmt":"2025-12-23T10:41:50","guid":{"rendered":"https:\/\/migracja.inzynier.rzeszow.pl\/?page_id=991"},"modified":"2026-03-20T12:43:42","modified_gmt":"2026-03-20T11:43:42","slug":"rzeczoznawstwo","status":"publish","type":"page","link":"https:\/\/inzynier.rzeszow.pl\/index.php\/rzeczoznawstwo\/","title":{"rendered":"Rzeczoznawstwo"},"content":{"rendered":"\t\t<div data-elementor-type=\"wp-page\" data-elementor-id=\"991\" class=\"elementor elementor-991\" data-elementor-post-type=\"page\">\n\t\t\t\t<div class=\"elementor-element elementor-element-c6ddcf0 e-flex e-con-boxed e-con e-parent\" data-id=\"c6ddcf0\" data-element_type=\"container\" data-e-type=\"container\" data-settings=\"{&quot;background_background&quot;:&quot;classic&quot;}\">\n\t\t\t\t\t<div class=\"e-con-inner\">\n\t\t<div class=\"elementor-element elementor-element-f90288b e-con-full e-flex e-con e-child\" data-id=\"f90288b\" data-element_type=\"container\" data-e-type=\"container\" data-settings=\"{&quot;background_background&quot;:&quot;classic&quot;}\">\n\t\t\t\t<div class=\"elementor-element elementor-element-63fce6b elementor-widget elementor-widget-heading\" data-id=\"63fce6b\" data-element_type=\"widget\" data-e-type=\"widget\" data-widget_type=\"heading.default\">\n\t\t\t\t\t<h1 class=\"elementor-heading-title elementor-size-default\">Rzeczoznawstwo<\/h1>\t\t\t\t<\/div>\n\t\t\t\t<\/div>\n\t\t\t\t\t<\/div>\n\t\t\t\t<\/div>\n\t\t<div class=\"elementor-element elementor-element-b79ae22 e-flex e-con-boxed e-con e-parent\" data-id=\"b79ae22\" data-element_type=\"container\" data-e-type=\"container\">\n\t\t\t\t\t<div class=\"e-con-inner\">\n\t\t\t\t<div class=\"elementor-element elementor-element-7249e99 elementor-widget elementor-widget-text-editor\" data-id=\"7249e99\" data-element_type=\"widget\" data-e-type=\"widget\" data-widget_type=\"text-editor.default\">\n\t\t\t\t\t\t\t\t\t<p><a href=\"https:\/\/inzynier.rzeszow.pl\">Strona g\u0142\u00f3wna <\/a>\/ <a href=\"https:\/\/inzynier.rzeszow.pl\/index.php\/rzeczoznawstwo\/\">Rzeczoznawstwo<\/a><\/p>\t\t\t\t\t\t\t\t<\/div>\n\t\t\t\t\t<\/div>\n\t\t\t\t<\/div>\n\t\t<div class=\"elementor-element elementor-element-6297b40 e-flex e-con-boxed e-con e-parent\" data-id=\"6297b40\" data-element_type=\"container\" data-e-type=\"container\">\n\t\t\t\t\t<div class=\"e-con-inner\">\n\t\t\t\t<div class=\"elementor-element elementor-element-28916b1 elementor-widget elementor-widget-text-editor\" data-id=\"28916b1\" data-element_type=\"widget\" data-e-type=\"widget\" data-widget_type=\"text-editor.default\">\n\t\t\t\t\t\t\t\t\t<p><span style=\"white-space-collapse: preserve;\">Rzeczoznawc\u0105 budowlanym zgodnie z art. 8 b. ustawy o samorz\u0105dach zawodowych architekt\u00f3w oraz in\u017cynier\u00f3w budownictwa (Dz. U z 2014 r. poz. 1946) z dn. 1 grudnia 2014 r., mo\u017ce by\u0107 osoba, kt\u00f3ra<\/span><span style=\"font-size: 14px; white-space-collapse: preserve; color: var( --e-global-color-text );\">:<br \/><\/span><span style=\"color: var( --e-global-color-text ); font-size: 14px; white-space-collapse: preserve;\">1. korzysta w pe\u0142ni z praw publicznych,<br \/>2. posiada:<br \/>a) tytu\u0142 zawodowy magistra in\u017cyniera, magistra in\u017cyniera architekta, in\u017cyniera lub in\u017cyniera architekta,<br \/>b) uprawnienia budowlane bez ogranicze\u0144,<br \/>c) co najmniej 10 lat praktyki w zakresie obj\u0119tym rzeczoznawstwem,<br \/>d) znacz\u0105cy dorobek praktyczny w zakresie obj\u0119tym rzeczoznawstwem,<br \/>3. jest cz\u0142onkiem w\u0142a\u015bciwej izby samorz\u0105du zawodowego.<\/span><\/p><p>Osoba zainteresowana uzyskaniem tytu\u0142u rzeczoznawcy budowlanego sk\u0142ada &#8211; za po\u015brednictwem Okr\u0119gowej Komisji Kwalifikacyjnej, wniosek do Krajowej Komisji Kwalifikacyjnej.<\/p><p>\u2028Do wniosku nale\u017cy do\u0142\u0105czy\u0107:<br \/>1) Odpis dyplomu uko\u0144czenia szko\u0142y wy\u017cszej<br \/>2) Odpis uprawnie\u0144 budowlanych bez ogranicze\u0144\u2028<br \/>3) O\u015bwiadczenie o korzystaniu w pe\u0142ni z praw publicznych,\u2028<br \/>4) Za\u015bwiadczenie o przynale\u017cno\u015bci do w\u0142a\u015bciwej izby samorz\u0105du zawodowego\u2028<br \/>5) \u017byciorys zawodowy\u2028<br \/>6)\u00a0Dowody 10-letniej praktyki w zakresie obj\u0119tym rzeczoznawstwem\u2028<br \/>7) Dowody posiadania znacz\u0105cego dorobku praktycznego w zakresie obj\u0119tym rzeczoznawstwem\u2028<br \/>8) Kart\u0119 osobow\u0105\u2028<br \/>9) Dow\u00f3d wniesienia op\u0142aty skarbowej na rachunek banku lub w kasie Urz\u0119du Dzielnicy Warszawa \u015ar\u00f3dmie\u015bcie m.st. Warszawy.\u00a0(w wysoko\u015bci 10 z\u0142),\u00a0\u2028Op\u0142at\u0119 skarbow\u0105 wnosi si\u0119: na rachunek:\u00a0<\/p><p><span style=\"white-space-collapse: preserve;\"><b>Dzielnica \u015ar\u00f3dmie\u015bcie m.st. Warszawy, <br \/>ul. Nowogrodzka 43, 00-691 Warszawa\u00a0<br \/>numer konta: BANK HANDLOWY W WARSZAWIE S.A.\u00a0\u00a021 1030 1508 0000 0005 5000 0070\u00a0<br \/>z dopiskiem &#8222;op\u0142ata skarbowa za wydanie decyzji w sprawie nadania tytu\u0142u rzeczoznawcy budowlanego&#8221;<\/b><\/span><\/p><p>10) Dow\u00f3d wniesienia op\u0142aty za post\u0119powanie kwalifikacyjne (w kwocie 3.540 z\u0142 na konto : \u2028PDK OIIB Santander Bank Polska S.A. 61 1500 1100 1211 0005 2361 0000).<\/p><p>Praktyk\u0119 zawodow\u0105 oraz znacz\u0105cy dorobek praktyczny, o kt\u00f3rym mowa w pkt.\u00a06 i\u00a07 potwierdza si\u0119 dokumentami, zeznaniami \u015bwiadk\u00f3w, a w szczeg\u00f3lno\u015bci opiniami stowarzysze\u0144 naukowo-technicznych, za\u015bwiadczeniem wydanym przez kierownika jednostki, w kt\u00f3rej odbywa\u0142a si\u0119 praktyka zawodowa, zawieraj\u0105cym:<br \/>1) wyszczeg\u00f3lnienie projekt\u00f3w budowlanych, przy kt\u00f3rych sporz\u0105dzaniu ubiegaj\u0105cy si\u0119 o tytu\u0142 rzeczoznawcy budowlanego odbywa\u0142 praktyk\u0119 zawodow\u0105, lub obiekt\u00f3w budowlanych, przy kt\u00f3rych realizacji odbywa\u0142 on praktyk\u0119 zawodow\u0105,<br \/>2) stwierdzenie okres\u00f3w praktyki zawodowej z podaniem dat rozpocz\u0119cia i uko\u0144czenia praktyki przy poszczeg\u00f3lnych projektach lub odpowiednio przy realizacji poszczeg\u00f3lnych obiekt\u00f3w budowlanych, z okre\u015bleniem charakteru wykonywanych czynno\u015bci (wz\u00f3r za\u015bwiadczenia)\u2028 <br \/>W stosunku do os\u00f3b posiadaj\u0105cych tytu\u0142 rzeczoznawcy w\u0142a\u015bciwego stowarzyszenia naukowo-technicznego, tytu\u0142 taki traktuje si\u0119 jako znacz\u0105cy dorobek praktyczny, do kt\u00f3rego uznania wymagana jest pozytywna opinia i rekomendacja w\u0142a\u015bciwego stowarzyszenia.\u2028Nadanie tytu\u0142u rzeczoznawcy budowlanego nale\u017cy do kompetencji Krajowej Komisji Kwalifikacyjnej Polskiej Izby In\u017cynier\u00f3w Budownictwa.\u2028Krajowa Komisja Kwalifikacyjna nadanie tytu\u0142u rzeczoznawcy budowlanego orzeka w drodze decyzji, okre\u015blaj\u0105c zakres, w kt\u00f3rym funkcja rzeczoznawcy budowlanego mo\u017ce by\u0107 wykonywana oraz okres do kiedy tytu\u0142 zachowuje wa\u017cno\u015b\u0107.\u2028Zakres ten nie mo\u017ce wykracza\u0107 poza specjalno\u015b\u0107 techniczno-budowlan\u0105 obj\u0119t\u0105 posiadanymi uprawnieniami, a okres wa\u017cno\u015bci tytu\u0142u nie powinien przekracza\u0107 10 lat.<\/p>\t\t\t\t\t\t\t\t<\/div>\n\t\t<div class=\"elementor-element elementor-element-7969275 e-con-full e-flex e-con e-child\" data-id=\"7969275\" data-element_type=\"container\" data-e-type=\"container\">\n\t\t\t\t<div class=\"elementor-element elementor-element-3be6f44 elementor-widget__width-inherit elementor-icon-list--layout-traditional elementor-list-item-link-full_width elementor-widget elementor-widget-icon-list\" data-id=\"3be6f44\" data-element_type=\"widget\" data-e-type=\"widget\" data-widget_type=\"icon-list.default\">\n\t\t\t\t\t\t\t<ul class=\"elementor-icon-list-items\">\n\t\t\t\t\t\t\t<li class=\"elementor-icon-list-item\">\n\t\t\t\t\t\t\t\t\t\t\t<a href=\"https:\/\/www.piib.org.pl\/organy\/krajowa-komisja-kwalifikacyjna\/regulaminy\/regulamin-postepowania-kwalifikacyjnego-w-sprawach-nadawania-tytulu-rzeczoznawcy-budowlanego\" target=\"_blank\">\n\n\t\t\t\t\t\t\t\t\t\t\t\t<span class=\"elementor-icon-list-icon\">\n\t\t\t\t\t\t\t<svg aria-hidden=\"true\" class=\"e-font-icon-svg e-fas-arrow-circle-right\" viewBox=\"0 0 512 512\" xmlns=\"http:\/\/www.w3.org\/2000\/svg\"><path d=\"M256 8c137 0 248 111 248 248S393 504 256 504 8 393 8 256 119 8 256 8zm-28.9 143.6l75.5 72.4H120c-13.3 0-24 10.7-24 24v16c0 13.3 10.7 24 24 24h182.6l-75.5 72.4c-9.7 9.3-9.9 24.8-.4 34.3l11 10.9c9.4 9.4 24.6 9.4 33.9 0L404.3 273c9.4-9.4 9.4-24.6 0-33.9L271.6 106.3c-9.4-9.4-24.6-9.4-33.9 0l-11 10.9c-9.5 9.6-9.3 25.1.4 34.4z\"><\/path><\/svg>\t\t\t\t\t\t<\/span>\n\t\t\t\t\t\t\t\t\t\t<span class=\"elementor-icon-list-text\">Regulamin post\u0119powania kwalifikacyjnego w sprawie nadawania tytu\u0142u rzeczoznawcy budowlanego<\/span>\n\t\t\t\t\t\t\t\t\t\t\t<\/a>\n\t\t\t\t\t\t\t\t\t<\/li>\n\t\t\t\t\t\t\t\t<li class=\"elementor-icon-list-item\">\n\t\t\t\t\t\t\t\t\t\t\t<a href=\"https:\/\/inzynier.rzeszow.pl\/wp-content\/uploads\/2026\/03\/Wniosek_o_nadanie_tytulu_rzeczoznawcy_budowlanego.doc\" target=\"_blank\">\n\n\t\t\t\t\t\t\t\t\t\t\t\t<span class=\"elementor-icon-list-icon\">\n\t\t\t\t\t\t\t<svg aria-hidden=\"true\" class=\"e-font-icon-svg e-fas-arrow-circle-right\" viewBox=\"0 0 512 512\" xmlns=\"http:\/\/www.w3.org\/2000\/svg\"><path d=\"M256 8c137 0 248 111 248 248S393 504 256 504 8 393 8 256 119 8 256 8zm-28.9 143.6l75.5 72.4H120c-13.3 0-24 10.7-24 24v16c0 13.3 10.7 24 24 24h182.6l-75.5 72.4c-9.7 9.3-9.9 24.8-.4 34.3l11 10.9c9.4 9.4 24.6 9.4 33.9 0L404.3 273c9.4-9.4 9.4-24.6 0-33.9L271.6 106.3c-9.4-9.4-24.6-9.4-33.9 0l-11 10.9c-9.5 9.6-9.3 25.1.4 34.4z\"><\/path><\/svg>\t\t\t\t\t\t<\/span>\n\t\t\t\t\t\t\t\t\t\t<span class=\"elementor-icon-list-text\">Wniosek o nadanie tytu\u0142u rzeczoznawcy budowlanego<\/span>\n\t\t\t\t\t\t\t\t\t\t\t<\/a>\n\t\t\t\t\t\t\t\t\t<\/li>\n\t\t\t\t\t\t\t\t<li class=\"elementor-icon-list-item\">\n\t\t\t\t\t\t\t\t\t\t\t<a href=\"https:\/\/inzynier.rzeszow.pl\/wp-content\/uploads\/2026\/03\/zaswiadczenie.doc\" target=\"_blank\">\n\n\t\t\t\t\t\t\t\t\t\t\t\t<span class=\"elementor-icon-list-icon\">\n\t\t\t\t\t\t\t<svg aria-hidden=\"true\" class=\"e-font-icon-svg e-fas-arrow-circle-right\" viewBox=\"0 0 512 512\" xmlns=\"http:\/\/www.w3.org\/2000\/svg\"><path d=\"M256 8c137 0 248 111 248 248S393 504 256 504 8 393 8 256 119 8 256 8zm-28.9 143.6l75.5 72.4H120c-13.3 0-24 10.7-24 24v16c0 13.3 10.7 24 24 24h182.6l-75.5 72.4c-9.7 9.3-9.9 24.8-.4 34.3l11 10.9c9.4 9.4 24.6 9.4 33.9 0L404.3 273c9.4-9.4 9.4-24.6 0-33.9L271.6 106.3c-9.4-9.4-24.6-9.4-33.9 0l-11 10.9c-9.5 9.6-9.3 25.1.4 34.4z\"><\/path><\/svg>\t\t\t\t\t\t<\/span>\n\t\t\t\t\t\t\t\t\t\t<span class=\"elementor-icon-list-text\">Za\u015bwiadczenie<\/span>\n\t\t\t\t\t\t\t\t\t\t\t<\/a>\n\t\t\t\t\t\t\t\t\t<\/li>\n\t\t\t\t\t\t\t\t<li class=\"elementor-icon-list-item\">\n\t\t\t\t\t\t\t\t\t\t\t<a href=\"https:\/\/inzynier.rzeszow.pl\/wp-content\/uploads\/2026\/03\/opinia-rzeczoznawcy-budowlanego.doc\" target=\"_blank\">\n\n\t\t\t\t\t\t\t\t\t\t\t\t<span class=\"elementor-icon-list-icon\">\n\t\t\t\t\t\t\t<svg aria-hidden=\"true\" class=\"e-font-icon-svg e-fas-arrow-circle-right\" viewBox=\"0 0 512 512\" xmlns=\"http:\/\/www.w3.org\/2000\/svg\"><path d=\"M256 8c137 0 248 111 248 248S393 504 256 504 8 393 8 256 119 8 256 8zm-28.9 143.6l75.5 72.4H120c-13.3 0-24 10.7-24 24v16c0 13.3 10.7 24 24 24h182.6l-75.5 72.4c-9.7 9.3-9.9 24.8-.4 34.3l11 10.9c9.4 9.4 24.6 9.4 33.9 0L404.3 273c9.4-9.4 9.4-24.6 0-33.9L271.6 106.3c-9.4-9.4-24.6-9.4-33.9 0l-11 10.9c-9.5 9.6-9.3 25.1.4 34.4z\"><\/path><\/svg>\t\t\t\t\t\t<\/span>\n\t\t\t\t\t\t\t\t\t\t<span class=\"elementor-icon-list-text\">Opinia Rzeczoznawcy Budowlanego<\/span>\n\t\t\t\t\t\t\t\t\t\t\t<\/a>\n\t\t\t\t\t\t\t\t\t<\/li>\n\t\t\t\t\t\t\t\t<li class=\"elementor-icon-list-item\">\n\t\t\t\t\t\t\t\t\t\t\t<a href=\"https:\/\/inzynier.rzeszow.pl\/wp-content\/uploads\/2026\/03\/karta-osobowa.doc\" target=\"_blank\">\n\n\t\t\t\t\t\t\t\t\t\t\t\t<span class=\"elementor-icon-list-icon\">\n\t\t\t\t\t\t\t<svg aria-hidden=\"true\" class=\"e-font-icon-svg e-fas-arrow-circle-right\" viewBox=\"0 0 512 512\" xmlns=\"http:\/\/www.w3.org\/2000\/svg\"><path d=\"M256 8c137 0 248 111 248 248S393 504 256 504 8 393 8 256 119 8 256 8zm-28.9 143.6l75.5 72.4H120c-13.3 0-24 10.7-24 24v16c0 13.3 10.7 24 24 24h182.6l-75.5 72.4c-9.7 9.3-9.9 24.8-.4 34.3l11 10.9c9.4 9.4 24.6 9.4 33.9 0L404.3 273c9.4-9.4 9.4-24.6 0-33.9L271.6 106.3c-9.4-9.4-24.6-9.4-33.9 0l-11 10.9c-9.5 9.6-9.3 25.1.4 34.4z\"><\/path><\/svg>\t\t\t\t\t\t<\/span>\n\t\t\t\t\t\t\t\t\t\t<span class=\"elementor-icon-list-text\">Karta osobowa<\/span>\n\t\t\t\t\t\t\t\t\t\t\t<\/a>\n\t\t\t\t\t\t\t\t\t<\/li>\n\t\t\t\t\t\t<\/ul>\n\t\t\t\t\t\t<\/div>\n\t\t\t\t<\/div>\n\t\t\t\t<div class=\"elementor-element elementor-element-33000a9 elementor-widget elementor-widget-text-editor\" data-id=\"33000a9\" data-element_type=\"widget\" data-e-type=\"widget\" data-widget_type=\"text-editor.default\">\n\t\t\t\t\t\t\t\t\t<p><b>UWAGA: Wszystkie dokumenty nale\u017cy wype\u0142nia\u0107 drukowanymi literami<\/b><\/p>\t\t\t\t\t\t\t\t<\/div>\n\t\t\t\t\t<\/div>\n\t\t\t\t<\/div>\n\t\t\t\t<\/div>\n\t\t","protected":false},"excerpt":{"rendered":"<p>Rzeczoznawstwo Strona g\u0142\u00f3wna \/ Rzeczoznawstwo Rzeczoznawc\u0105 budowlanym zgodnie z art. 8 b. ustawy o samorz\u0105dach zawodowych architekt\u00f3w oraz in\u017cynier\u00f3w budownictwa [&hellip;]<\/p>\n","protected":false},"author":1,"featured_media":0,"parent":0,"menu_order":0,"comment_status":"closed","ping_status":"closed","template":"","meta":{"site-sidebar-layout":"no-sidebar","site-content-layout":"","ast-site-content-layout":"full-width-container","site-content-style":"default","site-sidebar-style":"default","ast-global-header-display":"","ast-banner-title-visibility":"","ast-main-header-display":"","ast-hfb-above-header-display":"","ast-hfb-below-header-display":"","ast-hfb-mobile-header-display":"","site-post-title":"disabled","ast-breadcrumbs-content":"","ast-featured-img":"disabled","footer-sml-layout":"","ast-disable-related-posts":"","theme-transparent-header-meta":"","adv-header-id-meta":"","stick-header-meta":"","header-above-stick-meta":"","header-main-stick-meta":"","header-below-stick-meta":"","astra-migrate-meta-layouts":"default","ast-page-background-enabled":"default","ast-page-background-meta":{"desktop":{"background-color":"var(--ast-global-color-5)","background-image":"","background-repeat":"repeat","background-position":"center center","background-size":"auto","background-attachment":"scroll","background-type":"","background-media":"","overlay-type":"","overlay-color":"","overlay-opacity":"","overlay-gradient":""},"tablet":{"background-color":"","background-image":"","background-repeat":"repeat","background-position":"center center","background-size":"auto","background-attachment":"scroll","background-type":"","background-media":"","overlay-type":"","overlay-color":"","overlay-opacity":"","overlay-gradient":""},"mobile":{"background-color":"","background-image":"","background-repeat":"repeat","background-position":"center center","background-size":"auto","background-attachment":"scroll","background-type":"","background-media":"","overlay-type":"","overlay-color":"","overlay-opacity":"","overlay-gradient":""}},"ast-content-background-meta":{"desktop":{"background-color":"var(--ast-global-color-4)","background-image":"","background-repeat":"repeat","background-position":"center center","background-size":"auto","background-attachment":"scroll","background-type":"","background-media":"","overlay-type":"","overlay-color":"","overlay-opacity":"","overlay-gradient":""},"tablet":{"background-color":"var(--ast-global-color-4)","background-image":"","background-repeat":"repeat","background-position":"center center","background-size":"auto","background-attachment":"scroll","background-type":"","background-media":"","overlay-type":"","overlay-color":"","overlay-opacity":"","overlay-gradient":""},"mobile":{"background-color":"var(--ast-global-color-4)","background-image":"","background-repeat":"repeat","background-position":"center center","background-size":"auto","background-attachment":"scroll","background-type":"","background-media":"","overlay-type":"","overlay-color":"","overlay-opacity":"","overlay-gradient":""}},"footnotes":""},"class_list":["post-991","page","type-page","status-publish","hentry"],"yoast_head":"<!-- This site is optimized with the Yoast SEO plugin v27.5 - https:\/\/yoast.com\/product\/yoast-seo-wordpress\/ -->\n<title>Rzeczoznawstwo - Podkarpacka Okregowa Izba Inzynierow Budownictwa<\/title>\n<meta name=\"description\" content=\"Rzeczoznawstwo budowlane w PDK OIIB \u2013 informacje o dzia\u0142alno\u015bci rzeczoznawc\u00f3w oraz zasadach wykonywania opinii technicznych.\" \/>\n<meta name=\"robots\" content=\"index, follow, max-snippet:-1, max-image-preview:large, max-video-preview:-1\" \/>\n<link rel=\"canonical\" href=\"https:\/\/inzynier.rzeszow.pl\/index.php\/rzeczoznawstwo\/\" \/>\n<meta property=\"og:locale\" content=\"pl_PL\" \/>\n<meta property=\"og:type\" content=\"article\" \/>\n<meta property=\"og:title\" content=\"Rzeczoznawstwo - Podkarpacka Okregowa Izba Inzynierow Budownictwa\" \/>\n<meta property=\"og:description\" content=\"Rzeczoznawstwo budowlane w PDK OIIB \u2013 informacje o dzia\u0142alno\u015bci rzeczoznawc\u00f3w oraz zasadach wykonywania opinii technicznych.\" \/>\n<meta property=\"og:url\" content=\"https:\/\/inzynier.rzeszow.pl\/index.php\/rzeczoznawstwo\/\" \/>\n<meta property=\"og:site_name\" content=\"Podkarpacka Okregowa Izba Inzynierow Budownictwa\" \/>\n<meta property=\"article:modified_time\" content=\"2026-03-20T11:43:42+00:00\" \/>\n<meta name=\"twitter:card\" content=\"summary_large_image\" \/>\n<meta name=\"twitter:label1\" content=\"Szacowany czas czytania\" \/>\n\t<meta name=\"twitter:data1\" content=\"3 minuty\" \/>\n<script type=\"application\/ld+json\" class=\"yoast-schema-graph\">{\"@context\":\"https:\\\/\\\/schema.org\",\"@graph\":[{\"@type\":\"WebPage\",\"@id\":\"https:\\\/\\\/inzynier.rzeszow.pl\\\/index.php\\\/rzeczoznawstwo\\\/\",\"url\":\"https:\\\/\\\/inzynier.rzeszow.pl\\\/index.php\\\/rzeczoznawstwo\\\/\",\"name\":\"Rzeczoznawstwo - Podkarpacka Okregowa Izba Inzynierow Budownictwa\",\"isPartOf\":{\"@id\":\"https:\\\/\\\/inzynier.rzeszow.pl\\\/#website\"},\"datePublished\":\"2025-12-23T10:41:50+00:00\",\"dateModified\":\"2026-03-20T11:43:42+00:00\",\"description\":\"Rzeczoznawstwo budowlane w PDK OIIB \u2013 informacje o dzia\u0142alno\u015bci rzeczoznawc\u00f3w oraz zasadach wykonywania opinii technicznych.\",\"breadcrumb\":{\"@id\":\"https:\\\/\\\/inzynier.rzeszow.pl\\\/index.php\\\/rzeczoznawstwo\\\/#breadcrumb\"},\"inLanguage\":\"pl-PL\",\"potentialAction\":[{\"@type\":\"ReadAction\",\"target\":[\"https:\\\/\\\/inzynier.rzeszow.pl\\\/index.php\\\/rzeczoznawstwo\\\/\"]}]},{\"@type\":\"BreadcrumbList\",\"@id\":\"https:\\\/\\\/inzynier.rzeszow.pl\\\/index.php\\\/rzeczoznawstwo\\\/#breadcrumb\",\"itemListElement\":[{\"@type\":\"ListItem\",\"position\":1,\"name\":\"Strona g\u0142\u00f3wna\",\"item\":\"https:\\\/\\\/inzynier.rzeszow.pl\\\/\"},{\"@type\":\"ListItem\",\"position\":2,\"name\":\"Rzeczoznawstwo\"}]},{\"@type\":\"WebSite\",\"@id\":\"https:\\\/\\\/inzynier.rzeszow.pl\\\/#website\",\"url\":\"https:\\\/\\\/inzynier.rzeszow.pl\\\/\",\"name\":\"Podkarpacka Okregowa Izba Inzynierow Budownictwa\",\"description\":\"\",\"potentialAction\":[{\"@type\":\"SearchAction\",\"target\":{\"@type\":\"EntryPoint\",\"urlTemplate\":\"https:\\\/\\\/inzynier.rzeszow.pl\\\/?s={search_term_string}\"},\"query-input\":{\"@type\":\"PropertyValueSpecification\",\"valueRequired\":true,\"valueName\":\"search_term_string\"}}],\"inLanguage\":\"pl-PL\"}]}<\/script>\n<!-- \/ Yoast SEO plugin. -->","yoast_head_json":{"title":"Rzeczoznawstwo - Podkarpacka Okregowa Izba Inzynierow Budownictwa","description":"Rzeczoznawstwo budowlane w PDK OIIB \u2013 informacje o dzia\u0142alno\u015bci rzeczoznawc\u00f3w oraz zasadach wykonywania opinii technicznych.","robots":{"index":"index","follow":"follow","max-snippet":"max-snippet:-1","max-image-preview":"max-image-preview:large","max-video-preview":"max-video-preview:-1"},"canonical":"https:\/\/inzynier.rzeszow.pl\/index.php\/rzeczoznawstwo\/","og_locale":"pl_PL","og_type":"article","og_title":"Rzeczoznawstwo - Podkarpacka Okregowa Izba Inzynierow Budownictwa","og_description":"Rzeczoznawstwo budowlane w PDK OIIB \u2013 informacje o dzia\u0142alno\u015bci rzeczoznawc\u00f3w oraz zasadach wykonywania opinii technicznych.","og_url":"https:\/\/inzynier.rzeszow.pl\/index.php\/rzeczoznawstwo\/","og_site_name":"Podkarpacka Okregowa Izba Inzynierow Budownictwa","article_modified_time":"2026-03-20T11:43:42+00:00","twitter_card":"summary_large_image","twitter_misc":{"Szacowany czas czytania":"3 minuty"},"schema":{"@context":"https:\/\/schema.org","@graph":[{"@type":"WebPage","@id":"https:\/\/inzynier.rzeszow.pl\/index.php\/rzeczoznawstwo\/","url":"https:\/\/inzynier.rzeszow.pl\/index.php\/rzeczoznawstwo\/","name":"Rzeczoznawstwo - Podkarpacka Okregowa Izba Inzynierow Budownictwa","isPartOf":{"@id":"https:\/\/inzynier.rzeszow.pl\/#website"},"datePublished":"2025-12-23T10:41:50+00:00","dateModified":"2026-03-20T11:43:42+00:00","description":"Rzeczoznawstwo budowlane w PDK OIIB \u2013 informacje o dzia\u0142alno\u015bci rzeczoznawc\u00f3w oraz zasadach wykonywania opinii technicznych.","breadcrumb":{"@id":"https:\/\/inzynier.rzeszow.pl\/index.php\/rzeczoznawstwo\/#breadcrumb"},"inLanguage":"pl-PL","potentialAction":[{"@type":"ReadAction","target":["https:\/\/inzynier.rzeszow.pl\/index.php\/rzeczoznawstwo\/"]}]},{"@type":"BreadcrumbList","@id":"https:\/\/inzynier.rzeszow.pl\/index.php\/rzeczoznawstwo\/#breadcrumb","itemListElement":[{"@type":"ListItem","position":1,"name":"Strona g\u0142\u00f3wna","item":"https:\/\/inzynier.rzeszow.pl\/"},{"@type":"ListItem","position":2,"name":"Rzeczoznawstwo"}]},{"@type":"WebSite","@id":"https:\/\/inzynier.rzeszow.pl\/#website","url":"https:\/\/inzynier.rzeszow.pl\/","name":"Podkarpacka Okregowa Izba Inzynierow Budownictwa","description":"","potentialAction":[{"@type":"SearchAction","target":{"@type":"EntryPoint","urlTemplate":"https:\/\/inzynier.rzeszow.pl\/?s={search_term_string}"},"query-input":{"@type":"PropertyValueSpecification","valueRequired":true,"valueName":"search_term_string"}}],"inLanguage":"pl-PL"}]}},"rttpg_featured_image_url":null,"rttpg_author":{"display_name":"admin","author_link":"https:\/\/inzynier.rzeszow.pl\/index.php\/author\/kwojcik\/"},"rttpg_comment":0,"rttpg_category":null,"rttpg_excerpt":"Rzeczoznawstwo Strona g\u0142\u00f3wna \/ Rzeczoznawstwo Rzeczoznawc\u0105 budowlanym zgodnie z art. 8 b. ustawy o samorz\u0105dach zawodowych architekt\u00f3w oraz in\u017cynier\u00f3w budownictwa [&hellip;]","_links":{"self":[{"href":"https:\/\/inzynier.rzeszow.pl\/index.php\/wp-json\/wp\/v2\/pages\/991","targetHints":{"allow":["GET"]}}],"collection":[{"href":"https:\/\/inzynier.rzeszow.pl\/index.php\/wp-json\/wp\/v2\/pages"}],"about":[{"href":"https:\/\/inzynier.rzeszow.pl\/index.php\/wp-json\/wp\/v2\/types\/page"}],"author":[{"embeddable":true,"href":"https:\/\/inzynier.rzeszow.pl\/index.php\/wp-json\/wp\/v2\/users\/1"}],"replies":[{"embeddable":true,"href":"https:\/\/inzynier.rzeszow.pl\/index.php\/wp-json\/wp\/v2\/comments?post=991"}],"version-history":[{"count":43,"href":"https:\/\/inzynier.rzeszow.pl\/index.php\/wp-json\/wp\/v2\/pages\/991\/revisions"}],"predecessor-version":[{"id":7730,"href":"https:\/\/inzynier.rzeszow.pl\/index.php\/wp-json\/wp\/v2\/pages\/991\/revisions\/7730"}],"wp:attachment":[{"href":"https:\/\/inzynier.rzeszow.pl\/index.php\/wp-json\/wp\/v2\/media?parent=991"}],"curies":[{"name":"wp","href":"https:\/\/api.w.org\/{rel}","templated":true}]}}