{"id":972,"date":"2025-12-23T09:20:33","date_gmt":"2025-12-23T09:20:33","guid":{"rendered":"https:\/\/migracja.inzynier.rzeszow.pl\/?page_id=972"},"modified":"2026-03-15T12:49:27","modified_gmt":"2026-03-15T11:49:27","slug":"oplaty","status":"publish","type":"page","link":"https:\/\/inzynier.rzeszow.pl\/index.php\/oplaty\/","title":{"rendered":"Op\u0142aty"},"content":{"rendered":"\t\t<div data-elementor-type=\"wp-page\" data-elementor-id=\"972\" class=\"elementor elementor-972\" data-elementor-post-type=\"page\">\n\t\t\t\t<div class=\"elementor-element elementor-element-c6ddcf0 e-flex e-con-boxed e-con e-parent\" data-id=\"c6ddcf0\" data-element_type=\"container\" data-e-type=\"container\" data-settings=\"{&quot;background_background&quot;:&quot;classic&quot;}\">\n\t\t\t\t\t<div class=\"e-con-inner\">\n\t\t<div class=\"elementor-element elementor-element-f90288b e-con-full e-flex e-con e-child\" data-id=\"f90288b\" data-element_type=\"container\" data-e-type=\"container\" data-settings=\"{&quot;background_background&quot;:&quot;classic&quot;}\">\n\t\t\t\t<div class=\"elementor-element elementor-element-63fce6b elementor-widget elementor-widget-heading\" data-id=\"63fce6b\" data-element_type=\"widget\" data-e-type=\"widget\" data-widget_type=\"heading.default\">\n\t\t\t\t\t<h1 class=\"elementor-heading-title elementor-size-default\">Op\u0142aty za egzamin na uprawnienia budowlane<\/h1>\t\t\t\t<\/div>\n\t\t\t\t<\/div>\n\t\t\t\t\t<\/div>\n\t\t\t\t<\/div>\n\t\t<div class=\"elementor-element elementor-element-b79ae22 e-flex e-con-boxed e-con e-parent\" data-id=\"b79ae22\" data-element_type=\"container\" data-e-type=\"container\">\n\t\t\t\t\t<div class=\"e-con-inner\">\n\t\t\t\t<div class=\"elementor-element elementor-element-7249e99 elementor-widget elementor-widget-text-editor\" data-id=\"7249e99\" data-element_type=\"widget\" data-e-type=\"widget\" data-widget_type=\"text-editor.default\">\n\t\t\t\t\t\t\t\t\t<p><a href=\"https:\/\/inzynier.rzeszow.pl\">Strona g\u0142\u00f3wna <\/a>\/ <a href=\"https:\/\/inzynier.rzeszow.pl\/index.php\/oplaty\/\">Op\u0142aty<\/a><\/p>\t\t\t\t\t\t\t\t<\/div>\n\t\t\t\t\t<\/div>\n\t\t\t\t<\/div>\n\t\t<div class=\"elementor-element elementor-element-5995fab e-flex e-con-boxed e-con e-parent\" data-id=\"5995fab\" data-element_type=\"container\" data-e-type=\"container\">\n\t\t\t\t\t<div class=\"e-con-inner\">\n\t\t<div class=\"elementor-element elementor-element-85e9d9e e-con-full e-flex e-con e-child\" data-id=\"85e9d9e\" data-element_type=\"container\" data-e-type=\"container\">\n\t\t\t\t<div class=\"elementor-element elementor-element-6cefa07 elementor-widget elementor-widget-image\" data-id=\"6cefa07\" data-element_type=\"widget\" data-e-type=\"widget\" data-widget_type=\"image.default\">\n\t\t\t\t\t\t\t\t\t\t\t\t\t\t\t<img fetchpriority=\"high\" decoding=\"async\" width=\"1024\" height=\"683\" src=\"https:\/\/inzynier.rzeszow.pl\/wp-content\/uploads\/2025\/12\/OKK-oplaty_za_egzamin-1-1024x683.png\" class=\"attachment-large size-large wp-image-975\" alt=\"\" srcset=\"https:\/\/inzynier.rzeszow.pl\/wp-content\/uploads\/2025\/12\/OKK-oplaty_za_egzamin-1-1024x683.png 1024w, https:\/\/inzynier.rzeszow.pl\/wp-content\/uploads\/2025\/12\/OKK-oplaty_za_egzamin-1-300x200.png 300w, https:\/\/inzynier.rzeszow.pl\/wp-content\/uploads\/2025\/12\/OKK-oplaty_za_egzamin-1-768x512.png 768w, https:\/\/inzynier.rzeszow.pl\/wp-content\/uploads\/2025\/12\/OKK-oplaty_za_egzamin-1.png 1200w\" sizes=\"(max-width: 1024px) 100vw, 1024px\" \/>\t\t\t\t\t\t\t\t\t\t\t\t\t\t\t<\/div>\n\t\t\t\t<\/div>\n\t\t<div class=\"elementor-element elementor-element-25bfddf e-con-full e-flex e-con e-child\" data-id=\"25bfddf\" data-element_type=\"container\" data-e-type=\"container\">\n\t\t\t\t<div class=\"elementor-element elementor-element-e34695f elementor-widget elementor-widget-text-editor\" data-id=\"e34695f\" data-element_type=\"widget\" data-e-type=\"widget\" data-widget_type=\"text-editor.default\">\n\t\t\t\t\t\t\t\t\t<p>Zgodnie z uchwa\u0142\u0105 nr PIIB\/KR\/0017\/2025 Krajowej Rady Polskiej Izby In\u017cynier\u00f3w Budownictwa z dnia 23 kwietnia 2025 r. w sprawie ustalenia wysoko\u015bci op\u0142at za post\u0119powanie kwalifikacyjne, ustala si\u0119:<\/p><p>&#8211; dla uprawnie\u0144 budowlanych, o kt\u00f3rych mowa w art. 14 ust. 3 pkt 1-4 nast\u0119puj\u0105c\u0105 wysoko\u015b\u0107 op\u0142at, o kt\u00f3rych mowa w art. 12 ust. 5a Pb:<br \/>1) z\u00a0tytu\u0142u kwalifikowania\u00a0<strong>1650 z\u0142,<\/strong><br \/>2) z\u00a0tytu\u0142u przeprowadzenia egzaminu\u00a0<strong>1650 z\u0142,<\/strong><br \/>3) z\u00a0tytu\u0142u ponownego przeprowadzenia cz\u0119\u015bci ustnej egzaminu\u00a0<strong>1050 z\u0142.<\/strong><\/p><p>&#8211; dla uprawnie\u0144 budowlanych, o kt\u00f3rych mowa w art. 14 ust. 3 pkt 5 i 6 0nast\u0119puj\u0105c\u0105 wysoko\u015b\u0107 op\u0142at, o kt\u00f3rych mowa w art. 12 ust. 5b Pb:<br \/>1) z\u00a0tytu\u0142u kwalifikowania\u00a0\u00a0<strong>2450 z\u0142,<\/strong><br \/>2) z\u00a0tytu\u0142u przeprowadzenia egzaminu\u00a0<strong>2450 z\u0142,<\/strong><br \/>3) z\u00a0tytu\u0142u ponownego przeprowadzenia cz\u0119\u015bci ustnej egzaminu\u00a0<strong>1500 z\u0142.<\/strong><\/p>\t\t\t\t\t\t\t\t<\/div>\n\t\t\t\t<\/div>\n\t\t\t\t\t<\/div>\n\t\t\t\t<\/div>\n\t\t<div class=\"elementor-element elementor-element-7c3f664 e-flex e-con-boxed e-con e-parent\" data-id=\"7c3f664\" data-element_type=\"container\" data-e-type=\"container\">\n\t\t\t\t\t<div class=\"e-con-inner\">\n\t\t\t\t<div class=\"elementor-element elementor-element-65e3711 elementor-widget elementor-widget-text-editor\" data-id=\"65e3711\" data-element_type=\"widget\" data-e-type=\"widget\" data-widget_type=\"text-editor.default\">\n\t\t\t\t\t\t\t\t\t<p>3) z\u00a0tytu\u0142u ponownego przeprowadzenia cz\u0119\u015bci ustnej egzaminu\u00a0<strong>1500 z\u0142.<\/strong><\/p><p><span style=\"text-decoration: underline;\"><a href=\"https:\/\/inzynier.rzeszow.pl\/wp-content\/uploads\/2026\/03\/Uchwala_PIIB.KR_.0017.2025-nowe_oplaty-1.pdf\" target=\"_blank\" rel=\"noopener\">Uchwa\u0142a nr PIIB\/KR\/0017\/2025 Krajowej Rady Polskiej Izby In\u017cynier\u00f3w Budownictwa z dnia 23 kwietnia 2025 r. w sprawie ustalenia wysoko\u015bci op\u0142at za post\u0119powanie kwalifikacyjne<\/a><\/span><\/p><p><strong>Wp\u0142at nale\u017cy dokona\u0107 na konto:<br \/><\/strong>od 1 stycznia 2024 r. nowy dedykowany tylko nadawaniu uprawnie\u0144 budowlanych numer konta bankowego:<\/p><p><span style=\"white-space-collapse: preserve;\"><b>Podkarpacka Okr\u0119gowa Izba In\u017cynier\u00f3w Budownictwa<br \/>ul. Krakowska 289, 35-213 Rzesz\u00f3w<br \/>Santander Bank Polska S.A.\u00a0 65 1500 1100 1211 0006 1956 0000<\/b><\/span><\/p>\t\t\t\t\t\t\t\t<\/div>\n\t\t\t\t\t<\/div>\n\t\t\t\t<\/div>\n\t\t<div class=\"elementor-element elementor-element-e85af34 e-flex e-con-boxed e-con e-parent\" data-id=\"e85af34\" data-element_type=\"container\" data-e-type=\"container\">\n\t\t\t\t\t<div class=\"e-con-inner\">\n\t\t<div class=\"elementor-element elementor-element-c55329e e-con-full e-flex e-con e-child\" data-id=\"c55329e\" data-element_type=\"container\" data-e-type=\"container\" data-settings=\"{&quot;background_background&quot;:&quot;classic&quot;}\">\n\t\t\t\t<div class=\"elementor-element elementor-element-72e5f3d elementor-widget elementor-widget-heading\" data-id=\"72e5f3d\" data-element_type=\"widget\" data-e-type=\"widget\" data-widget_type=\"heading.default\">\n\t\t\t\t\t<h2 class=\"elementor-heading-title elementor-size-default\">Dokonywanie wp\u0142at<\/h2>\t\t\t\t<\/div>\n\t\t\t\t<\/div>\n\t\t\t\t\t<\/div>\n\t\t\t\t<\/div>\n\t\t<div class=\"elementor-element elementor-element-73c4ca1 e-flex e-con-boxed e-con e-parent\" data-id=\"73c4ca1\" data-element_type=\"container\" data-e-type=\"container\">\n\t\t\t\t\t<div class=\"e-con-inner\">\n\t\t\t\t<div class=\"elementor-element elementor-element-ccf6802 elementor-widget elementor-widget-text-editor\" data-id=\"ccf6802\" data-element_type=\"widget\" data-e-type=\"widget\" data-widget_type=\"text-editor.default\">\n\t\t\t\t\t\t\t\t\t<p><strong>OPIS PRZELEWU:<br \/><\/strong>Tytu\u0142 przelewu op\u0142aty za egzamin musi umo\u017cliwia\u0107 identyfikacj\u0119 osoby, w imieniu kt\u00f3rej jest dokonywana, tj. musi w opisie zawiera\u0107: sformu\u0142owanie: post\u0119powanie kwalifikacyjne (lub egzamin), imi\u0119 i nazwisko osoby staraj\u0105cej si\u0119 o uprawnienia budowlane, specjalno\u015b\u0107 uprawnie\u0144 (w skr\u00f3cie).<br \/>np.:<strong><br \/>I RATA &#8211; KWALIFIKACJA- JAN KOWALSKI- Sanitarna<br \/>II RATA &#8211; EGZAMIN TESTOWY &#8211; JAN KOWALSKI &#8211; Konstrukcyjno- budowlana<br \/>II RATA &#8211; EGZAMIN USTNY- JAN KOWALSKI- Elektryczna<\/strong><\/p><p>Je\u017celi nie b\u0119dzie mo\u017cliwa jednoznaczna identyfikacja osoby, kt\u00f3rej nale\u017cy przypisa\u0107 wp\u0142at\u0119, nie b\u0119dzie ona przyjmowana.<br \/>Op\u0142at\u0119 nale\u017cy wnie\u015b\u0107 w nast\u0119puj\u0105cych terminach:<br \/>&#8211; z tytu\u0142u kwalifikowania &#8211; co najmniej w dniu z\u0142o\u017cenia wniosku o nadanie uprawnie\u0144 budowlanych,<br \/>&#8211; z tytu\u0142u przeprowadzenia egzaminu &#8211; co najmniej 14 dni przed terminem egzaminu.<br \/>Nie wniesienie op\u0142aty wed\u0142ug ww. warunk\u00f3w i terminie, uniemo\u017cliwi przeprowadzenie kwalifikacji oraz przyst\u0105pienie do egzaminu.<\/p>\t\t\t\t\t\t\t\t<\/div>\n\t\t\t\t\t<\/div>\n\t\t\t\t<\/div>\n\t\t\t\t<\/div>\n\t\t","protected":false},"excerpt":{"rendered":"<p>Op\u0142aty za egzamin na uprawnienia budowlane Strona g\u0142\u00f3wna \/ Op\u0142aty Zgodnie z uchwa\u0142\u0105 nr PIIB\/KR\/0017\/2025 Krajowej Rady Polskiej Izby In\u017cynier\u00f3w [&hellip;]<\/p>\n","protected":false},"author":1,"featured_media":0,"parent":0,"menu_order":0,"comment_status":"closed","ping_status":"closed","template":"","meta":{"site-sidebar-layout":"no-sidebar","site-content-layout":"","ast-site-content-layout":"full-width-container","site-content-style":"default","site-sidebar-style":"default","ast-global-header-display":"","ast-banner-title-visibility":"","ast-main-header-display":"","ast-hfb-above-header-display":"","ast-hfb-below-header-display":"","ast-hfb-mobile-header-display":"","site-post-title":"disabled","ast-breadcrumbs-content":"","ast-featured-img":"disabled","footer-sml-layout":"","ast-disable-related-posts":"","theme-transparent-header-meta":"","adv-header-id-meta":"","stick-header-meta":"","header-above-stick-meta":"","header-main-stick-meta":"","header-below-stick-meta":"","astra-migrate-meta-layouts":"default","ast-page-background-enabled":"default","ast-page-background-meta":{"desktop":{"background-color":"var(--ast-global-color-5)","background-image":"","background-repeat":"repeat","background-position":"center center","background-size":"auto","background-attachment":"scroll","background-type":"","background-media":"","overlay-type":"","overlay-color":"","overlay-opacity":"","overlay-gradient":""},"tablet":{"background-color":"","background-image":"","background-repeat":"repeat","background-position":"center center","background-size":"auto","background-attachment":"scroll","background-type":"","background-media":"","overlay-type":"","overlay-color":"","overlay-opacity":"","overlay-gradient":""},"mobile":{"background-color":"","background-image":"","background-repeat":"repeat","background-position":"center center","background-size":"auto","background-attachment":"scroll","background-type":"","background-media":"","overlay-type":"","overlay-color":"","overlay-opacity":"","overlay-gradient":""}},"ast-content-background-meta":{"desktop":{"background-color":"var(--ast-global-color-4)","background-image":"","background-repeat":"repeat","background-position":"center center","background-size":"auto","background-attachment":"scroll","background-type":"","background-media":"","overlay-type":"","overlay-color":"","overlay-opacity":"","overlay-gradient":""},"tablet":{"background-color":"var(--ast-global-color-4)","background-image":"","background-repeat":"repeat","background-position":"center center","background-size":"auto","background-attachment":"scroll","background-type":"","background-media":"","overlay-type":"","overlay-color":"","overlay-opacity":"","overlay-gradient":""},"mobile":{"background-color":"var(--ast-global-color-4)","background-image":"","background-repeat":"repeat","background-position":"center center","background-size":"auto","background-attachment":"scroll","background-type":"","background-media":"","overlay-type":"","overlay-color":"","overlay-opacity":"","overlay-gradient":""}},"footnotes":""},"class_list":["post-972","page","type-page","status-publish","hentry"],"yoast_head":"<!-- This site is optimized with the Yoast SEO plugin v27.5 - https:\/\/yoast.com\/product\/yoast-seo-wordpress\/ -->\n<title>Op\u0142aty - Podkarpacka Okregowa Izba Inzynierow Budownictwa<\/title>\n<meta name=\"description\" content=\"Sprawd\u017a aktualne op\u0142aty obowi\u0105zuj\u0105ce w PDK OIIB, w tym sk\u0142adki cz\u0142onkowskie oraz inne op\u0142aty zwi\u0105zane z dzia\u0142alno\u015bci\u0105 Izby In\u017cynier\u00f3w Budownictwa.\" \/>\n<meta name=\"robots\" content=\"index, follow, max-snippet:-1, max-image-preview:large, max-video-preview:-1\" \/>\n<link rel=\"canonical\" href=\"https:\/\/inzynier.rzeszow.pl\/index.php\/oplaty\/\" \/>\n<meta property=\"og:locale\" content=\"pl_PL\" \/>\n<meta property=\"og:type\" content=\"article\" \/>\n<meta property=\"og:title\" content=\"Op\u0142aty - Podkarpacka Okregowa Izba Inzynierow Budownictwa\" \/>\n<meta property=\"og:description\" content=\"Sprawd\u017a aktualne op\u0142aty obowi\u0105zuj\u0105ce w PDK OIIB, w tym sk\u0142adki cz\u0142onkowskie oraz inne op\u0142aty zwi\u0105zane z dzia\u0142alno\u015bci\u0105 Izby In\u017cynier\u00f3w Budownictwa.\" \/>\n<meta property=\"og:url\" content=\"https:\/\/inzynier.rzeszow.pl\/index.php\/oplaty\/\" \/>\n<meta property=\"og:site_name\" content=\"Podkarpacka Okregowa Izba Inzynierow Budownictwa\" \/>\n<meta property=\"article:modified_time\" content=\"2026-03-15T11:49:27+00:00\" \/>\n<meta property=\"og:image\" content=\"https:\/\/inzynier.rzeszow.pl\/wp-content\/uploads\/2025\/12\/OKK-oplaty_za_egzamin-1.png\" \/>\n\t<meta property=\"og:image:width\" content=\"1200\" \/>\n\t<meta property=\"og:image:height\" content=\"800\" \/>\n\t<meta property=\"og:image:type\" content=\"image\/png\" \/>\n<meta name=\"twitter:card\" content=\"summary_large_image\" \/>\n<meta name=\"twitter:label1\" content=\"Szacowany czas czytania\" \/>\n\t<meta name=\"twitter:data1\" content=\"2 minuty\" \/>\n<script type=\"application\/ld+json\" class=\"yoast-schema-graph\">{\"@context\":\"https:\\\/\\\/schema.org\",\"@graph\":[{\"@type\":\"WebPage\",\"@id\":\"https:\\\/\\\/inzynier.rzeszow.pl\\\/index.php\\\/oplaty\\\/\",\"url\":\"https:\\\/\\\/inzynier.rzeszow.pl\\\/index.php\\\/oplaty\\\/\",\"name\":\"Op\u0142aty - Podkarpacka Okregowa Izba Inzynierow Budownictwa\",\"isPartOf\":{\"@id\":\"https:\\\/\\\/inzynier.rzeszow.pl\\\/#website\"},\"primaryImageOfPage\":{\"@id\":\"https:\\\/\\\/inzynier.rzeszow.pl\\\/index.php\\\/oplaty\\\/#primaryimage\"},\"image\":{\"@id\":\"https:\\\/\\\/inzynier.rzeszow.pl\\\/index.php\\\/oplaty\\\/#primaryimage\"},\"thumbnailUrl\":\"https:\\\/\\\/inzynier.rzeszow.pl\\\/wp-content\\\/uploads\\\/2025\\\/12\\\/OKK-oplaty_za_egzamin-1-1024x683.png\",\"datePublished\":\"2025-12-23T09:20:33+00:00\",\"dateModified\":\"2026-03-15T11:49:27+00:00\",\"description\":\"Sprawd\u017a aktualne op\u0142aty obowi\u0105zuj\u0105ce w PDK OIIB, w tym sk\u0142adki cz\u0142onkowskie oraz inne op\u0142aty zwi\u0105zane z dzia\u0142alno\u015bci\u0105 Izby In\u017cynier\u00f3w Budownictwa.\",\"breadcrumb\":{\"@id\":\"https:\\\/\\\/inzynier.rzeszow.pl\\\/index.php\\\/oplaty\\\/#breadcrumb\"},\"inLanguage\":\"pl-PL\",\"potentialAction\":[{\"@type\":\"ReadAction\",\"target\":[\"https:\\\/\\\/inzynier.rzeszow.pl\\\/index.php\\\/oplaty\\\/\"]}]},{\"@type\":\"ImageObject\",\"inLanguage\":\"pl-PL\",\"@id\":\"https:\\\/\\\/inzynier.rzeszow.pl\\\/index.php\\\/oplaty\\\/#primaryimage\",\"url\":\"https:\\\/\\\/inzynier.rzeszow.pl\\\/wp-content\\\/uploads\\\/2025\\\/12\\\/OKK-oplaty_za_egzamin-1.png\",\"contentUrl\":\"https:\\\/\\\/inzynier.rzeszow.pl\\\/wp-content\\\/uploads\\\/2025\\\/12\\\/OKK-oplaty_za_egzamin-1.png\",\"width\":1200,\"height\":800},{\"@type\":\"BreadcrumbList\",\"@id\":\"https:\\\/\\\/inzynier.rzeszow.pl\\\/index.php\\\/oplaty\\\/#breadcrumb\",\"itemListElement\":[{\"@type\":\"ListItem\",\"position\":1,\"name\":\"Strona g\u0142\u00f3wna\",\"item\":\"https:\\\/\\\/inzynier.rzeszow.pl\\\/\"},{\"@type\":\"ListItem\",\"position\":2,\"name\":\"Op\u0142aty\"}]},{\"@type\":\"WebSite\",\"@id\":\"https:\\\/\\\/inzynier.rzeszow.pl\\\/#website\",\"url\":\"https:\\\/\\\/inzynier.rzeszow.pl\\\/\",\"name\":\"Podkarpacka Okregowa Izba Inzynierow Budownictwa\",\"description\":\"\",\"potentialAction\":[{\"@type\":\"SearchAction\",\"target\":{\"@type\":\"EntryPoint\",\"urlTemplate\":\"https:\\\/\\\/inzynier.rzeszow.pl\\\/?s={search_term_string}\"},\"query-input\":{\"@type\":\"PropertyValueSpecification\",\"valueRequired\":true,\"valueName\":\"search_term_string\"}}],\"inLanguage\":\"pl-PL\"}]}<\/script>\n<!-- \/ Yoast SEO plugin. -->","yoast_head_json":{"title":"Op\u0142aty - Podkarpacka Okregowa Izba Inzynierow Budownictwa","description":"Sprawd\u017a aktualne op\u0142aty obowi\u0105zuj\u0105ce w PDK OIIB, w tym sk\u0142adki cz\u0142onkowskie oraz inne op\u0142aty zwi\u0105zane z dzia\u0142alno\u015bci\u0105 Izby In\u017cynier\u00f3w Budownictwa.","robots":{"index":"index","follow":"follow","max-snippet":"max-snippet:-1","max-image-preview":"max-image-preview:large","max-video-preview":"max-video-preview:-1"},"canonical":"https:\/\/inzynier.rzeszow.pl\/index.php\/oplaty\/","og_locale":"pl_PL","og_type":"article","og_title":"Op\u0142aty - Podkarpacka Okregowa Izba Inzynierow Budownictwa","og_description":"Sprawd\u017a aktualne op\u0142aty obowi\u0105zuj\u0105ce w PDK OIIB, w tym sk\u0142adki cz\u0142onkowskie oraz inne op\u0142aty zwi\u0105zane z dzia\u0142alno\u015bci\u0105 Izby In\u017cynier\u00f3w Budownictwa.","og_url":"https:\/\/inzynier.rzeszow.pl\/index.php\/oplaty\/","og_site_name":"Podkarpacka Okregowa Izba Inzynierow Budownictwa","article_modified_time":"2026-03-15T11:49:27+00:00","og_image":[{"width":1200,"height":800,"url":"https:\/\/inzynier.rzeszow.pl\/wp-content\/uploads\/2025\/12\/OKK-oplaty_za_egzamin-1.png","type":"image\/png"}],"twitter_card":"summary_large_image","twitter_misc":{"Szacowany czas czytania":"2 minuty"},"schema":{"@context":"https:\/\/schema.org","@graph":[{"@type":"WebPage","@id":"https:\/\/inzynier.rzeszow.pl\/index.php\/oplaty\/","url":"https:\/\/inzynier.rzeszow.pl\/index.php\/oplaty\/","name":"Op\u0142aty - Podkarpacka Okregowa Izba Inzynierow Budownictwa","isPartOf":{"@id":"https:\/\/inzynier.rzeszow.pl\/#website"},"primaryImageOfPage":{"@id":"https:\/\/inzynier.rzeszow.pl\/index.php\/oplaty\/#primaryimage"},"image":{"@id":"https:\/\/inzynier.rzeszow.pl\/index.php\/oplaty\/#primaryimage"},"thumbnailUrl":"https:\/\/inzynier.rzeszow.pl\/wp-content\/uploads\/2025\/12\/OKK-oplaty_za_egzamin-1-1024x683.png","datePublished":"2025-12-23T09:20:33+00:00","dateModified":"2026-03-15T11:49:27+00:00","description":"Sprawd\u017a aktualne op\u0142aty obowi\u0105zuj\u0105ce w PDK OIIB, w tym sk\u0142adki cz\u0142onkowskie oraz inne op\u0142aty zwi\u0105zane z dzia\u0142alno\u015bci\u0105 Izby In\u017cynier\u00f3w Budownictwa.","breadcrumb":{"@id":"https:\/\/inzynier.rzeszow.pl\/index.php\/oplaty\/#breadcrumb"},"inLanguage":"pl-PL","potentialAction":[{"@type":"ReadAction","target":["https:\/\/inzynier.rzeszow.pl\/index.php\/oplaty\/"]}]},{"@type":"ImageObject","inLanguage":"pl-PL","@id":"https:\/\/inzynier.rzeszow.pl\/index.php\/oplaty\/#primaryimage","url":"https:\/\/inzynier.rzeszow.pl\/wp-content\/uploads\/2025\/12\/OKK-oplaty_za_egzamin-1.png","contentUrl":"https:\/\/inzynier.rzeszow.pl\/wp-content\/uploads\/2025\/12\/OKK-oplaty_za_egzamin-1.png","width":1200,"height":800},{"@type":"BreadcrumbList","@id":"https:\/\/inzynier.rzeszow.pl\/index.php\/oplaty\/#breadcrumb","itemListElement":[{"@type":"ListItem","position":1,"name":"Strona g\u0142\u00f3wna","item":"https:\/\/inzynier.rzeszow.pl\/"},{"@type":"ListItem","position":2,"name":"Op\u0142aty"}]},{"@type":"WebSite","@id":"https:\/\/inzynier.rzeszow.pl\/#website","url":"https:\/\/inzynier.rzeszow.pl\/","name":"Podkarpacka Okregowa Izba Inzynierow Budownictwa","description":"","potentialAction":[{"@type":"SearchAction","target":{"@type":"EntryPoint","urlTemplate":"https:\/\/inzynier.rzeszow.pl\/?s={search_term_string}"},"query-input":{"@type":"PropertyValueSpecification","valueRequired":true,"valueName":"search_term_string"}}],"inLanguage":"pl-PL"}]}},"rttpg_featured_image_url":null,"rttpg_author":{"display_name":"admin","author_link":"https:\/\/inzynier.rzeszow.pl\/index.php\/author\/kwojcik\/"},"rttpg_comment":0,"rttpg_category":null,"rttpg_excerpt":"Op\u0142aty za egzamin na uprawnienia budowlane Strona g\u0142\u00f3wna \/ Op\u0142aty Zgodnie z uchwa\u0142\u0105 nr PIIB\/KR\/0017\/2025 Krajowej Rady Polskiej Izby In\u017cynier\u00f3w [&hellip;]","_links":{"self":[{"href":"https:\/\/inzynier.rzeszow.pl\/index.php\/wp-json\/wp\/v2\/pages\/972","targetHints":{"allow":["GET"]}}],"collection":[{"href":"https:\/\/inzynier.rzeszow.pl\/index.php\/wp-json\/wp\/v2\/pages"}],"about":[{"href":"https:\/\/inzynier.rzeszow.pl\/index.php\/wp-json\/wp\/v2\/types\/page"}],"author":[{"embeddable":true,"href":"https:\/\/inzynier.rzeszow.pl\/index.php\/wp-json\/wp\/v2\/users\/1"}],"replies":[{"embeddable":true,"href":"https:\/\/inzynier.rzeszow.pl\/index.php\/wp-json\/wp\/v2\/comments?post=972"}],"version-history":[{"count":13,"href":"https:\/\/inzynier.rzeszow.pl\/index.php\/wp-json\/wp\/v2\/pages\/972\/revisions"}],"predecessor-version":[{"id":6573,"href":"https:\/\/inzynier.rzeszow.pl\/index.php\/wp-json\/wp\/v2\/pages\/972\/revisions\/6573"}],"wp:attachment":[{"href":"https:\/\/inzynier.rzeszow.pl\/index.php\/wp-json\/wp\/v2\/media?parent=972"}],"curies":[{"name":"wp","href":"https:\/\/api.w.org\/{rel}","templated":true}]}}