{"id":936,"date":"2025-12-23T08:31:19","date_gmt":"2025-12-23T08:31:19","guid":{"rendered":"https:\/\/migracja.inzynier.rzeszow.pl\/?page_id=936"},"modified":"2026-04-14T08:09:52","modified_gmt":"2026-04-14T07:09:52","slug":"o-egzaminach","status":"publish","type":"page","link":"https:\/\/inzynier.rzeszow.pl\/index.php\/o-egzaminach\/","title":{"rendered":"O Egzaminach"},"content":{"rendered":"\t\t<div data-elementor-type=\"wp-page\" data-elementor-id=\"936\" class=\"elementor elementor-936\" data-elementor-post-type=\"page\">\n\t\t\t\t<div class=\"elementor-element elementor-element-b661c2f e-flex e-con-boxed e-con e-parent\" data-id=\"b661c2f\" data-element_type=\"container\" data-e-type=\"container\">\n\t\t\t\t\t<div class=\"e-con-inner\">\n\t\t<div class=\"elementor-element elementor-element-4061b58 e-con-full e-flex e-con e-child\" data-id=\"4061b58\" data-element_type=\"container\" data-e-type=\"container\" data-settings=\"{&quot;background_background&quot;:&quot;classic&quot;}\">\n\t\t\t\t<div class=\"elementor-element elementor-element-93c8f8c elementor-widget elementor-widget-heading\" data-id=\"93c8f8c\" data-element_type=\"widget\" data-e-type=\"widget\" data-widget_type=\"heading.default\">\n\t\t\t\t\t<h1 class=\"elementor-heading-title elementor-size-default\">O Egzaminach<\/h1>\t\t\t\t<\/div>\n\t\t\t\t<\/div>\n\t\t\t\t<div class=\"elementor-element elementor-element-de25921 elementor-widget elementor-widget-text-editor\" data-id=\"de25921\" data-element_type=\"widget\" data-e-type=\"widget\" data-widget_type=\"text-editor.default\">\n\t\t\t\t\t\t\t\t\t<p><a href=\"https:\/\/pdk.auditmy.it\">Strona g\u0142\u00f3wna<\/a> \/ <a href=\"https:\/\/inzynier.rzeszow.pl\/index.php\/o-egzaminach\/\">O egzaminach<\/a><\/p>\t\t\t\t\t\t\t\t<\/div>\n\t\t<div class=\"elementor-element elementor-element-ec9c82b e-con-full e-flex e-con e-child\" data-id=\"ec9c82b\" data-element_type=\"container\" data-e-type=\"container\" data-settings=\"{&quot;background_background&quot;:&quot;classic&quot;}\">\n\t\t\t\t<div class=\"elementor-element elementor-element-8cde99e elementor-widget elementor-widget-heading\" data-id=\"8cde99e\" data-element_type=\"widget\" data-e-type=\"widget\" data-widget_type=\"heading.default\">\n\t\t\t\t\t<h2 class=\"elementor-heading-title elementor-size-default\">Informacja dla os\u00f3b posiadaj\u0105cych uprawnienia budowlane i wyst\u0119puj\u0105cych o nowe uprawnienia, dotycz\u0105ca zasad\u00a0 ograniczenia zakresu egzaminu.<\/h2>\t\t\t\t<\/div>\n\t\t\t\t<\/div>\n\t\t<div class=\"elementor-element elementor-element-79d92b0 e-con-full e-flex e-con e-child\" data-id=\"79d92b0\" data-element_type=\"container\" data-e-type=\"container\">\n\t\t\t\t<div class=\"elementor-element elementor-element-a2388b3 elementor-widget__width-inherit elementor-widget elementor-widget-text-editor\" data-id=\"a2388b3\" data-element_type=\"widget\" data-e-type=\"widget\" data-widget_type=\"text-editor.default\">\n\t\t\t\t\t\t\t\t\t<p>Konsekwencj\u0105 Art. 12 ust. 4d \u201ePrawa budowlanego&#8221;, kt\u00f3ry okre\u015bla, i\u017c \u201ePrzy ubieganiu si\u0119 o nadanie uprawnie\u0144 budowlanych w innej specjalno\u015bci lub w innym zakresie ni\u017c posiadane egzamin jest ograniczony wy\u0142\u0105cznie do zagadnie\u0144 nieobj\u0119tych zakresem egzaminu obowi\u0105zuj\u0105cym przy ubieganiu si\u0119 o ju\u017c posiadane uprawnienia budowlane&#8221;\u00a0jest tre\u015b\u0107 uchwalonego przez Izb\u0119 regulaminu\u00a0 post\u0119powania kwalifikacyjnego w sprawie nadawania uprawnie\u0144 budowlanych.<br \/>Dla os\u00f3b spe\u0142niaj\u0105cych warunek okre\u015blony w ustawie (tzw. \u201erozszerzenia&#8221;), \u00a0pytania przygotowuje si\u0119 indywidualnie, uwzgl\u0119dniaj\u0105c rodzaj i zakres posiadanych uprawnie\u0144 budowlanych.<br \/>Szczeg\u00f3lnym tego rezultatem jest mniejsza ilo\u015bci pyta\u0144, zar\u00f3wno przy egzaminie pisemnym, jak i ustnym, wynikaj\u0105ca z ograniczenia zagadnie\u0144 obj\u0119tych zakresem egzaminu.<br \/>Nale\u017cy w\u0142a\u015bciwie rozumie\u0107 warunek \u201erozszerzenia&#8221;. Obejmuje on dwa przypadki wyst\u0119puj\u0105ce w\u00a0obr\u0119bie tego samego rodzaju uprawnie\u0144 (osobno dla projektowania i osobno dla kierowania robotami budowlanymi):<br \/>Wniosek o uprawnienia w zakresie \u201ebez ogranicze\u0144&#8221; w przypadku posiadanych uprawnie\u0144 w tej samej specjalno\u015bci w \u201eograniczonym zakresie&#8221;<br \/>Wniosek o uprawnienia w innej specjalno\u015bci ni\u017c posiadane (niezale\u017cnie od zakresu ograniczonego lub bez ogranicze\u0144)<br \/>Okre\u015blony w ustawie warunek \u201erozszerzenia&#8221; nie dotyczy sytuacji ubiegania si\u0119 o uprawnienia do projektowania obiektu budowlanego w przypadku posiadania uprawnie\u0144 wy\u0142\u0105cznie do kierowania robotami budowlanymi i na odwr\u00f3t (nawet w ramach tej samej specjalno\u015bci).<br \/>Prawo do ograniczonego zakresu egzaminu nie przys\u0142uguje osobom, kt\u00f3re legitymuj\u0105\u00a0si\u0119 posiadaniem decyzji o stwierdzeniu posiadania przygotowania zawodowego do pe\u0142nienia samodzielnych funkcji technicznych w budownictwie (wydanych w trybie administracyjnym bez egzaminu do 31.12.1994 r.)<br \/>Konkretn\u0105 ilo\u015b\u0107 pyta\u0144 do egzaminu pisemnego i ustnego okre\u015bla SZCZEG\u00d3\u0141OWY PROGRAM EGZAMIN\u00d3W NA UPRAWNIENIA BUDOWLANE &#8211;\u00a0cz\u0119\u015b\u0107 I dost\u0119pny na stronach Izby.<\/p>\t\t\t\t\t\t\t\t<\/div>\n\t\t\t\t<\/div>\n\t\t<div class=\"elementor-element elementor-element-3d225fc e-con-full e-flex e-con e-child\" data-id=\"3d225fc\" data-element_type=\"container\" data-e-type=\"container\" data-settings=\"{&quot;background_background&quot;:&quot;classic&quot;}\">\n\t\t\t\t<div class=\"elementor-element elementor-element-380c5d4 elementor-widget elementor-widget-heading\" data-id=\"380c5d4\" data-element_type=\"widget\" data-e-type=\"widget\" data-widget_type=\"heading.default\">\n\t\t\t\t\t<h2 class=\"elementor-heading-title elementor-size-default\">Przyk\u0142ady warunk\u00f3w rozszerzenia<\/h2>\t\t\t\t<\/div>\n\t\t\t\t<\/div>\n\t\t<div class=\"elementor-element elementor-element-8008990 e-con-full e-flex e-con e-child\" data-id=\"8008990\" data-element_type=\"container\" data-e-type=\"container\">\n\t\t<div class=\"elementor-element elementor-element-4e4b0de e-con-full e-flex e-con e-child\" data-id=\"4e4b0de\" data-element_type=\"container\" data-e-type=\"container\" data-settings=\"{&quot;background_background&quot;:&quot;classic&quot;}\">\n\t\t\t\t<div class=\"elementor-element elementor-element-20da2bd elementor-widget elementor-widget-heading\" data-id=\"20da2bd\" data-element_type=\"widget\" data-e-type=\"widget\" data-widget_type=\"heading.default\">\n\t\t\t\t\t<h2 class=\"elementor-heading-title elementor-size-default\">Przyk\u0142ady spe\u0142niaj\u0105ce warunek \u201erozszerzenia\":<\/h2>\t\t\t\t<\/div>\n\t\t\t\t<div class=\"elementor-element elementor-element-8803c5c elementor-widget elementor-widget-text-editor\" data-id=\"8803c5c\" data-element_type=\"widget\" data-e-type=\"widget\" data-widget_type=\"text-editor.default\">\n\t\t\t\t\t\t\t\t\t<ol><li>Wnioskodawca posiada uprawnienia budowlane\u00a0do projektowania\u00a0w ograniczonym zakresie i\u00a0wyst\u0119puje o uprawnienia\u00a0do projektowania\u00a0bez ogranicze\u0144 w tej samej specjalno\u015bci.<\/li><li>Wnioskodawca posiada uprawnienia budowlane\u00a0do kierowania robotami budowlanymi\u00a0w\u00a0ograniczonym zakresie w specjalno\u015bci konstrukcyjno-budowlanej i\u00a0wyst\u0119puje o uprawnienia\u00a0do kierowania robotami budowlanymi\u00a0bez ogranicze\u0144 w\u00a0specjalno\u015bci in\u017cynieryjnej drogowej.<\/li><li>Wnioskodawca posiada uprawnienia budowlane\u00a0do projektowania i kierowania robotami budowlanymi\u00a0bez ogranicze\u0144 w specjalno\u015bci konstrukcyjno-budowlanej i\u00a0wyst\u0119puje o\u00a0uprawnienia\u00a0do kierowania\u00a0robotami budowlanymi\u00a0w ograniczonym zakresie w specjalno\u015bci instalacyjnej w zakresie sieci, instalacji i urz\u0105dze\u0144 cieplnych, wentylacyjnych, gazowych, wodoci\u0105gowych i kanalizacyjnych.<\/li><\/ol>\t\t\t\t\t\t\t\t<\/div>\n\t\t\t\t<\/div>\n\t\t<div class=\"elementor-element elementor-element-58c819e e-con-full e-flex e-con e-child\" data-id=\"58c819e\" data-element_type=\"container\" data-e-type=\"container\" data-settings=\"{&quot;background_background&quot;:&quot;classic&quot;}\">\n\t\t\t\t<div class=\"elementor-element elementor-element-3d09d7d elementor-widget elementor-widget-heading\" data-id=\"3d09d7d\" data-element_type=\"widget\" data-e-type=\"widget\" data-widget_type=\"heading.default\">\n\t\t\t\t\t<h2 class=\"elementor-heading-title elementor-size-default\">Przyk\u0142ady nie spe\u0142niaj\u0105ce warunek \u201erozszerzenia\":<\/h2>\t\t\t\t<\/div>\n\t\t\t\t<div class=\"elementor-element elementor-element-ecc6f31 elementor-widget elementor-widget-text-editor\" data-id=\"ecc6f31\" data-element_type=\"widget\" data-e-type=\"widget\" data-widget_type=\"text-editor.default\">\n\t\t\t\t\t\t\t\t\t<ol><li>Wnioskodawca posiada uprawnienia budowlane do projektowania w ograniczonym zakresie i wyst\u0119puje o uprawnienia do kierowania robotami budowlanymi bez ogranicze\u0144 w tej samej specjalno\u015bci.<\/li><li>Wnioskodawca posiada uprawnienia budowlane do kierowania robotami budowlanymi bez ogranicze\u0144 w specjalno\u015bci konstrukcyjno-budowlanej i wyst\u0119puje o uprawnienia do projektowania w specjalno\u015bci in\u017cynieryjnej drogowej w ograniczonym zakresie.<\/li><\/ol>\t\t\t\t\t\t\t\t<\/div>\n\t\t\t\t<\/div>\n\t\t\t\t<\/div>\n\t\t\t\t\t<\/div>\n\t\t\t\t<\/div>\n\t\t\t\t<\/div>\n\t\t","protected":false},"excerpt":{"rendered":"<p>O Egzaminach Strona g\u0142\u00f3wna \/ O egzaminach Informacja dla os\u00f3b posiadaj\u0105cych uprawnienia budowlane i wyst\u0119puj\u0105cych o nowe uprawnienia, dotycz\u0105ca zasad\u00a0 [&hellip;]<\/p>\n","protected":false},"author":1,"featured_media":0,"parent":0,"menu_order":0,"comment_status":"closed","ping_status":"closed","template":"","meta":{"site-sidebar-layout":"no-sidebar","site-content-layout":"","ast-site-content-layout":"full-width-container","site-content-style":"default","site-sidebar-style":"default","ast-global-header-display":"","ast-banner-title-visibility":"","ast-main-header-display":"","ast-hfb-above-header-display":"","ast-hfb-below-header-display":"","ast-hfb-mobile-header-display":"","site-post-title":"disabled","ast-breadcrumbs-content":"","ast-featured-img":"disabled","footer-sml-layout":"","ast-disable-related-posts":"","theme-transparent-header-meta":"","adv-header-id-meta":"","stick-header-meta":"","header-above-stick-meta":"","header-main-stick-meta":"","header-below-stick-meta":"","astra-migrate-meta-layouts":"default","ast-page-background-enabled":"default","ast-page-background-meta":{"desktop":{"background-color":"var(--ast-global-color-5)","background-image":"","background-repeat":"repeat","background-position":"center center","background-size":"auto","background-attachment":"scroll","background-type":"","background-media":"","overlay-type":"","overlay-color":"","overlay-opacity":"","overlay-gradient":""},"tablet":{"background-color":"","background-image":"","background-repeat":"repeat","background-position":"center center","background-size":"auto","background-attachment":"scroll","background-type":"","background-media":"","overlay-type":"","overlay-color":"","overlay-opacity":"","overlay-gradient":""},"mobile":{"background-color":"","background-image":"","background-repeat":"repeat","background-position":"center center","background-size":"auto","background-attachment":"scroll","background-type":"","background-media":"","overlay-type":"","overlay-color":"","overlay-opacity":"","overlay-gradient":""}},"ast-content-background-meta":{"desktop":{"background-color":"var(--ast-global-color-4)","background-image":"","background-repeat":"repeat","background-position":"center center","background-size":"auto","background-attachment":"scroll","background-type":"","background-media":"","overlay-type":"","overlay-color":"","overlay-opacity":"","overlay-gradient":""},"tablet":{"background-color":"var(--ast-global-color-4)","background-image":"","background-repeat":"repeat","background-position":"center center","background-size":"auto","background-attachment":"scroll","background-type":"","background-media":"","overlay-type":"","overlay-color":"","overlay-opacity":"","overlay-gradient":""},"mobile":{"background-color":"var(--ast-global-color-4)","background-image":"","background-repeat":"repeat","background-position":"center center","background-size":"auto","background-attachment":"scroll","background-type":"","background-media":"","overlay-type":"","overlay-color":"","overlay-opacity":"","overlay-gradient":""}},"footnotes":""},"class_list":["post-936","page","type-page","status-publish","hentry"],"yoast_head":"<!-- This site is optimized with the Yoast SEO plugin v27.5 - https:\/\/yoast.com\/product\/yoast-seo-wordpress\/ -->\n<title>O Egzaminach - Podkarpacka Okregowa Izba Inzynierow Budownictwa<\/title>\n<meta name=\"description\" content=\"Egzaminy na uprawnienia budowlane w PDK OIIB \u2013 informacje o zasadach, terminach i przebiegu egzamin\u00f3w dla in\u017cynier\u00f3w budownictwa.\" \/>\n<meta name=\"robots\" content=\"index, follow, max-snippet:-1, max-image-preview:large, max-video-preview:-1\" \/>\n<link rel=\"canonical\" href=\"https:\/\/inzynier.rzeszow.pl\/index.php\/o-egzaminach\/\" \/>\n<meta property=\"og:locale\" content=\"pl_PL\" \/>\n<meta property=\"og:type\" content=\"article\" \/>\n<meta property=\"og:title\" content=\"O Egzaminach - Podkarpacka Okregowa Izba Inzynierow Budownictwa\" \/>\n<meta property=\"og:description\" content=\"Egzaminy na uprawnienia budowlane w PDK OIIB \u2013 informacje o zasadach, terminach i przebiegu egzamin\u00f3w dla in\u017cynier\u00f3w budownictwa.\" \/>\n<meta property=\"og:url\" content=\"https:\/\/inzynier.rzeszow.pl\/index.php\/o-egzaminach\/\" \/>\n<meta property=\"og:site_name\" content=\"Podkarpacka Okregowa Izba Inzynierow Budownictwa\" \/>\n<meta property=\"article:modified_time\" content=\"2026-04-14T07:09:52+00:00\" \/>\n<meta name=\"twitter:card\" content=\"summary_large_image\" \/>\n<meta name=\"twitter:label1\" content=\"Szacowany czas czytania\" \/>\n\t<meta name=\"twitter:data1\" content=\"3 minuty\" \/>\n<script type=\"application\/ld+json\" class=\"yoast-schema-graph\">{\"@context\":\"https:\\\/\\\/schema.org\",\"@graph\":[{\"@type\":\"WebPage\",\"@id\":\"https:\\\/\\\/inzynier.rzeszow.pl\\\/index.php\\\/o-egzaminach\\\/\",\"url\":\"https:\\\/\\\/inzynier.rzeszow.pl\\\/index.php\\\/o-egzaminach\\\/\",\"name\":\"O Egzaminach - Podkarpacka Okregowa Izba Inzynierow Budownictwa\",\"isPartOf\":{\"@id\":\"https:\\\/\\\/inzynier.rzeszow.pl\\\/#website\"},\"datePublished\":\"2025-12-23T08:31:19+00:00\",\"dateModified\":\"2026-04-14T07:09:52+00:00\",\"description\":\"Egzaminy na uprawnienia budowlane w PDK OIIB \u2013 informacje o zasadach, terminach i przebiegu egzamin\u00f3w dla in\u017cynier\u00f3w budownictwa.\",\"breadcrumb\":{\"@id\":\"https:\\\/\\\/inzynier.rzeszow.pl\\\/index.php\\\/o-egzaminach\\\/#breadcrumb\"},\"inLanguage\":\"pl-PL\",\"potentialAction\":[{\"@type\":\"ReadAction\",\"target\":[\"https:\\\/\\\/inzynier.rzeszow.pl\\\/index.php\\\/o-egzaminach\\\/\"]}]},{\"@type\":\"BreadcrumbList\",\"@id\":\"https:\\\/\\\/inzynier.rzeszow.pl\\\/index.php\\\/o-egzaminach\\\/#breadcrumb\",\"itemListElement\":[{\"@type\":\"ListItem\",\"position\":1,\"name\":\"Strona g\u0142\u00f3wna\",\"item\":\"https:\\\/\\\/inzynier.rzeszow.pl\\\/\"},{\"@type\":\"ListItem\",\"position\":2,\"name\":\"O Egzaminach\"}]},{\"@type\":\"WebSite\",\"@id\":\"https:\\\/\\\/inzynier.rzeszow.pl\\\/#website\",\"url\":\"https:\\\/\\\/inzynier.rzeszow.pl\\\/\",\"name\":\"Podkarpacka Okregowa Izba Inzynierow Budownictwa\",\"description\":\"\",\"potentialAction\":[{\"@type\":\"SearchAction\",\"target\":{\"@type\":\"EntryPoint\",\"urlTemplate\":\"https:\\\/\\\/inzynier.rzeszow.pl\\\/?s={search_term_string}\"},\"query-input\":{\"@type\":\"PropertyValueSpecification\",\"valueRequired\":true,\"valueName\":\"search_term_string\"}}],\"inLanguage\":\"pl-PL\"}]}<\/script>\n<!-- \/ Yoast SEO plugin. -->","yoast_head_json":{"title":"O Egzaminach - Podkarpacka Okregowa Izba Inzynierow Budownictwa","description":"Egzaminy na uprawnienia budowlane w PDK OIIB \u2013 informacje o zasadach, terminach i przebiegu egzamin\u00f3w dla in\u017cynier\u00f3w budownictwa.","robots":{"index":"index","follow":"follow","max-snippet":"max-snippet:-1","max-image-preview":"max-image-preview:large","max-video-preview":"max-video-preview:-1"},"canonical":"https:\/\/inzynier.rzeszow.pl\/index.php\/o-egzaminach\/","og_locale":"pl_PL","og_type":"article","og_title":"O Egzaminach - Podkarpacka Okregowa Izba Inzynierow Budownictwa","og_description":"Egzaminy na uprawnienia budowlane w PDK OIIB \u2013 informacje o zasadach, terminach i przebiegu egzamin\u00f3w dla in\u017cynier\u00f3w budownictwa.","og_url":"https:\/\/inzynier.rzeszow.pl\/index.php\/o-egzaminach\/","og_site_name":"Podkarpacka Okregowa Izba Inzynierow Budownictwa","article_modified_time":"2026-04-14T07:09:52+00:00","twitter_card":"summary_large_image","twitter_misc":{"Szacowany czas czytania":"3 minuty"},"schema":{"@context":"https:\/\/schema.org","@graph":[{"@type":"WebPage","@id":"https:\/\/inzynier.rzeszow.pl\/index.php\/o-egzaminach\/","url":"https:\/\/inzynier.rzeszow.pl\/index.php\/o-egzaminach\/","name":"O Egzaminach - Podkarpacka Okregowa Izba Inzynierow Budownictwa","isPartOf":{"@id":"https:\/\/inzynier.rzeszow.pl\/#website"},"datePublished":"2025-12-23T08:31:19+00:00","dateModified":"2026-04-14T07:09:52+00:00","description":"Egzaminy na uprawnienia budowlane w PDK OIIB \u2013 informacje o zasadach, terminach i przebiegu egzamin\u00f3w dla in\u017cynier\u00f3w budownictwa.","breadcrumb":{"@id":"https:\/\/inzynier.rzeszow.pl\/index.php\/o-egzaminach\/#breadcrumb"},"inLanguage":"pl-PL","potentialAction":[{"@type":"ReadAction","target":["https:\/\/inzynier.rzeszow.pl\/index.php\/o-egzaminach\/"]}]},{"@type":"BreadcrumbList","@id":"https:\/\/inzynier.rzeszow.pl\/index.php\/o-egzaminach\/#breadcrumb","itemListElement":[{"@type":"ListItem","position":1,"name":"Strona g\u0142\u00f3wna","item":"https:\/\/inzynier.rzeszow.pl\/"},{"@type":"ListItem","position":2,"name":"O Egzaminach"}]},{"@type":"WebSite","@id":"https:\/\/inzynier.rzeszow.pl\/#website","url":"https:\/\/inzynier.rzeszow.pl\/","name":"Podkarpacka Okregowa Izba Inzynierow Budownictwa","description":"","potentialAction":[{"@type":"SearchAction","target":{"@type":"EntryPoint","urlTemplate":"https:\/\/inzynier.rzeszow.pl\/?s={search_term_string}"},"query-input":{"@type":"PropertyValueSpecification","valueRequired":true,"valueName":"search_term_string"}}],"inLanguage":"pl-PL"}]}},"rttpg_featured_image_url":null,"rttpg_author":{"display_name":"admin","author_link":"https:\/\/inzynier.rzeszow.pl\/index.php\/author\/kwojcik\/"},"rttpg_comment":0,"rttpg_category":null,"rttpg_excerpt":"O Egzaminach Strona g\u0142\u00f3wna \/ O egzaminach Informacja dla os\u00f3b posiadaj\u0105cych uprawnienia budowlane i wyst\u0119puj\u0105cych o nowe uprawnienia, dotycz\u0105ca zasad\u00a0 [&hellip;]","_links":{"self":[{"href":"https:\/\/inzynier.rzeszow.pl\/index.php\/wp-json\/wp\/v2\/pages\/936","targetHints":{"allow":["GET"]}}],"collection":[{"href":"https:\/\/inzynier.rzeszow.pl\/index.php\/wp-json\/wp\/v2\/pages"}],"about":[{"href":"https:\/\/inzynier.rzeszow.pl\/index.php\/wp-json\/wp\/v2\/types\/page"}],"author":[{"embeddable":true,"href":"https:\/\/inzynier.rzeszow.pl\/index.php\/wp-json\/wp\/v2\/users\/1"}],"replies":[{"embeddable":true,"href":"https:\/\/inzynier.rzeszow.pl\/index.php\/wp-json\/wp\/v2\/comments?post=936"}],"version-history":[{"count":23,"href":"https:\/\/inzynier.rzeszow.pl\/index.php\/wp-json\/wp\/v2\/pages\/936\/revisions"}],"predecessor-version":[{"id":8911,"href":"https:\/\/inzynier.rzeszow.pl\/index.php\/wp-json\/wp\/v2\/pages\/936\/revisions\/8911"}],"wp:attachment":[{"href":"https:\/\/inzynier.rzeszow.pl\/index.php\/wp-json\/wp\/v2\/media?parent=936"}],"curies":[{"name":"wp","href":"https:\/\/api.w.org\/{rel}","templated":true}]}}