{"id":913,"date":"2025-12-22T19:47:19","date_gmt":"2025-12-22T19:47:19","guid":{"rendered":"https:\/\/migracja.inzynier.rzeszow.pl\/?page_id=913"},"modified":"2026-03-15T11:40:26","modified_gmt":"2026-03-15T10:40:26","slug":"zaswiadczenia-elektroniczne","status":"publish","type":"page","link":"https:\/\/inzynier.rzeszow.pl\/index.php\/zaswiadczenia-elektroniczne\/","title":{"rendered":"Za\u015bwiadczenia elektroniczne"},"content":{"rendered":"\t\t<div data-elementor-type=\"wp-page\" data-elementor-id=\"913\" class=\"elementor elementor-913\" data-elementor-post-type=\"page\">\n\t\t\t\t<div class=\"elementor-element elementor-element-c6ddcf0 e-flex e-con-boxed e-con e-parent\" data-id=\"c6ddcf0\" data-element_type=\"container\" data-e-type=\"container\" data-settings=\"{&quot;background_background&quot;:&quot;classic&quot;}\">\n\t\t\t\t\t<div class=\"e-con-inner\">\n\t\t<div class=\"elementor-element elementor-element-f90288b e-con-full e-flex e-con e-child\" data-id=\"f90288b\" data-element_type=\"container\" data-e-type=\"container\" data-settings=\"{&quot;background_background&quot;:&quot;classic&quot;}\">\n\t\t\t\t<div class=\"elementor-element elementor-element-63fce6b elementor-widget elementor-widget-heading\" data-id=\"63fce6b\" data-element_type=\"widget\" data-e-type=\"widget\" data-widget_type=\"heading.default\">\n\t\t\t\t\t<h1 class=\"elementor-heading-title elementor-size-default\">Za\u015bwiadczenia elektroniczne<\/h1>\t\t\t\t<\/div>\n\t\t\t\t<\/div>\n\t\t\t\t\t<\/div>\n\t\t\t\t<\/div>\n\t\t<div class=\"elementor-element elementor-element-b79ae22 e-flex e-con-boxed e-con e-parent\" data-id=\"b79ae22\" data-element_type=\"container\" data-e-type=\"container\">\n\t\t\t\t\t<div class=\"e-con-inner\">\n\t\t\t\t<div class=\"elementor-element elementor-element-7249e99 elementor-widget elementor-widget-text-editor\" data-id=\"7249e99\" data-element_type=\"widget\" data-e-type=\"widget\" data-widget_type=\"text-editor.default\">\n\t\t\t\t\t\t\t\t\t<p><a href=\"https:\/\/inzynier.rzeszow.pl\">Strona g\u0142\u00f3wna <\/a>\/ <a href=\"https:\/\/inzynier.rzeszow.pl\/index.php\/czlonkostwo\/\">Cz\u0142onkostwo<\/a> \/ <a href=\"https:\/\/inzynier.rzeszow.pl\/index.php\/zaswiadczenia-elektroniczne\/\">Za\u015bwiadczenia elektroniczne<\/a><\/p>\t\t\t\t\t\t\t\t<\/div>\n\t\t\t\t\t<\/div>\n\t\t\t\t<\/div>\n\t\t<div class=\"elementor-element elementor-element-6412e21 e-flex e-con-boxed e-con e-parent\" data-id=\"6412e21\" data-element_type=\"container\" data-e-type=\"container\">\n\t\t\t\t\t<div class=\"e-con-inner\">\n\t\t\t\t<div class=\"elementor-element elementor-element-cb2e572 elementor-widget elementor-widget-heading\" data-id=\"cb2e572\" data-element_type=\"widget\" data-e-type=\"widget\" data-widget_type=\"heading.default\">\n\t\t\t\t\t<h2 class=\"elementor-heading-title elementor-size-default\">Za\u015bwiadczenia elektroniczne o przynale\u017cno\u015bci do Polskiej Izby In\u017cynier\u00f3w Budownictwa<\/h2>\t\t\t\t<\/div>\n\t\t\t\t<div class=\"elementor-element elementor-element-5c5571e elementor-widget elementor-widget-text-editor\" data-id=\"5c5571e\" data-element_type=\"widget\" data-e-type=\"widget\" data-widget_type=\"text-editor.default\">\n\t\t\t\t\t\t\t\t\t<p><span style=\"white-space-collapse: preserve;\">Informujemy, \u017ce na portalu PIIB dost\u0119pne s\u0105 za\u015bwiadczenia elektroniczne o cz\u0142onkostwie we w\u0142a\u015bciwej Okregowej Izbie Inzynier\u00f3w Budownictwa i posiadanym wymaganym ubezpieczeniu od odpowiedzialno\u015bci cywilnej BEZ ADRESU ZAMIESZKANIA.<br \/><br \/>W tym celu nale\u017cy po zalogowaniu si\u0119 na stronie internetowej PIIB, w zak\u0142adce za\u015bwiadczenia wybra\u0107 &#8222;Drukuj bez danych adresowych&#8221;. (UWAGA: nale\u017cy zezwoli\u0107 na wyskakiwanie okienek dla tej strony w przegl\u0105darce)<br \/><br \/>Polska Izba In\u017cynier\u00f3w Budownictwa na swojej stronie\u00a0internetowej udost\u0119pnia us\u0142ug\u0119 daj\u0105c\u0105 mo\u017cliwo\u015b\u0107 uzyskania przez cz\u0142onk\u00f3w oryginalnych za\u015bwiadcze\u0144 potwierdzaj\u0105cych cz\u0142onkostwo w Izbie w postaci elektronicznej (w portalu s\u0105 dost\u0119pne elektroniczne za\u015bwiadczenia, kt\u00f3rych wa\u017cno\u015b\u0107 rozpoczyna si\u0119 od 1 stycznia 2011 roku i p\u00f3\u017aniej. Za\u015bwiadczenia z wcze\u015bniejszym pocz\u0105tkiem okresu wa\u017cno\u015bci nie s\u0105 dost\u0119pne w serwisie).<\/span><\/p><p><span style=\"white-space-collapse: preserve;\">Za\u015bwiadczenia o cz\u0142onkostwie w Izbie w postaci elektronicznej s\u0105 tworzone (generowane) zgodnie z rytmem op\u0142acania sk\u0142adek przez cz\u0142onk\u00f3w i s\u0105 dost\u0119pne dla zalogowanych u\u017cytkownik\u00f3w (cz\u0142onk\u00f3w Izby) portalu PIIB.<br \/><br \/>Pobranie za\u015bwiadcze\u0144 o cz\u0142onkostwie mo\u017cliwe jest bezpo\u015brednio z portalu PIIB\u00a0www.piib.org.pl<br \/><br \/><b>Aktywacja konta, opr\u00f3cz podania dostarczonego has\u0142a tymczasowego, wymaga weryfikacji na podstawie numeru PESEL oraz adresu e-mail cz\u0142onka<\/b>.<\/span><\/p><p>Po zalogowaniu si\u0119, cz\u0142onek PIIB uzyskuje dost\u0119p do listy swoich za\u015bwiadcze\u0144, kt\u00f3re mo\u017ce zapisa\u0107 na dysku twardym swojego komputera lub na przeno\u015bnym elektronicznym no\u015bniku danych.<br \/><span style=\"white-space-collapse: preserve;\"><br \/><\/span><span style=\"white-space-collapse: preserve;\">Za\u015bwiadczenie o cz\u0142onkostwie w postaci elektronicznej ma posta\u0107 pliku PDF zgodnego ze wzorem tradycyjnego papierowego za\u015bwiadczenia i jest opatrzone bezpiecznym kwalifikowanym podpisem cyfrowym przewodnicz\u0105cego danej okr\u0119gowej izby lub innej upowa\u017cnionej osoby.\u00a0Fakt podpisania dokumentu jest symbolizowany przez ikonk\u0119 podpisu elektronicznego w lewym dolnym rogu pliku PDF.<br \/><br \/><b>Wz\u00f3r elektronicznego za\u015bwiadczenia cz\u0142onkostwa w Izbie.<\/b><br \/>Zgodnie art. 5 ust 2 ustawy z dnia 18 wrze\u015bnia 2001 r. o podpisie elektronicznym (Dz. U. 2001 Nr 130 poz. 1450) dane w postaci elektronicznej opatrzone bezpiecznym podpisem elektronicznym weryfikowanym przy pomocy wa\u017cnego kwalifikowanego certyfikatu s\u0105 r\u00f3wnowa\u017cne pod wzgl\u0119dem skutk\u00f3w prawnych dokumentom opatrzonym podpisami w\u0142asnor\u0119cznymi.<\/span><span style=\"white-space-collapse: preserve;\"><br \/><\/span><\/p>\t\t\t\t\t\t\t\t<\/div>\n\t\t\t\t<div class=\"elementor-element elementor-element-a4f0e66 elementor-widget elementor-widget-spacer\" data-id=\"a4f0e66\" data-element_type=\"widget\" data-e-type=\"widget\" data-widget_type=\"spacer.default\">\n\t\t\t\t\t\t\t<div class=\"elementor-spacer\">\n\t\t\t<div class=\"elementor-spacer-inner\"><\/div>\n\t\t<\/div>\n\t\t\t\t\t\t<\/div>\n\t\t\t\t\t<\/div>\n\t\t\t\t<\/div>\n\t\t\t\t<\/div>\n\t\t","protected":false},"excerpt":{"rendered":"<p>Za\u015bwiadczenia elektroniczne Strona g\u0142\u00f3wna \/ Cz\u0142onkostwo \/ Za\u015bwiadczenia elektroniczne Za\u015bwiadczenia elektroniczne o przynale\u017cno\u015bci do Polskiej Izby In\u017cynier\u00f3w Budownictwa Informujemy, \u017ce [&hellip;]<\/p>\n","protected":false},"author":1,"featured_media":0,"parent":0,"menu_order":0,"comment_status":"closed","ping_status":"closed","template":"","meta":{"site-sidebar-layout":"no-sidebar","site-content-layout":"","ast-site-content-layout":"full-width-container","site-content-style":"default","site-sidebar-style":"default","ast-global-header-display":"","ast-banner-title-visibility":"","ast-main-header-display":"","ast-hfb-above-header-display":"","ast-hfb-below-header-display":"","ast-hfb-mobile-header-display":"","site-post-title":"disabled","ast-breadcrumbs-content":"","ast-featured-img":"disabled","footer-sml-layout":"","ast-disable-related-posts":"","theme-transparent-header-meta":"","adv-header-id-meta":"","stick-header-meta":"","header-above-stick-meta":"","header-main-stick-meta":"","header-below-stick-meta":"","astra-migrate-meta-layouts":"default","ast-page-background-enabled":"default","ast-page-background-meta":{"desktop":{"background-color":"var(--ast-global-color-5)","background-image":"","background-repeat":"repeat","background-position":"center center","background-size":"auto","background-attachment":"scroll","background-type":"","background-media":"","overlay-type":"","overlay-color":"","overlay-opacity":"","overlay-gradient":""},"tablet":{"background-color":"","background-image":"","background-repeat":"repeat","background-position":"center center","background-size":"auto","background-attachment":"scroll","background-type":"","background-media":"","overlay-type":"","overlay-color":"","overlay-opacity":"","overlay-gradient":""},"mobile":{"background-color":"","background-image":"","background-repeat":"repeat","background-position":"center center","background-size":"auto","background-attachment":"scroll","background-type":"","background-media":"","overlay-type":"","overlay-color":"","overlay-opacity":"","overlay-gradient":""}},"ast-content-background-meta":{"desktop":{"background-color":"var(--ast-global-color-4)","background-image":"","background-repeat":"repeat","background-position":"center center","background-size":"auto","background-attachment":"scroll","background-type":"","background-media":"","overlay-type":"","overlay-color":"","overlay-opacity":"","overlay-gradient":""},"tablet":{"background-color":"var(--ast-global-color-4)","background-image":"","background-repeat":"repeat","background-position":"center center","background-size":"auto","background-attachment":"scroll","background-type":"","background-media":"","overlay-type":"","overlay-color":"","overlay-opacity":"","overlay-gradient":""},"mobile":{"background-color":"var(--ast-global-color-4)","background-image":"","background-repeat":"repeat","background-position":"center center","background-size":"auto","background-attachment":"scroll","background-type":"","background-media":"","overlay-type":"","overlay-color":"","overlay-opacity":"","overlay-gradient":""}},"footnotes":""},"class_list":["post-913","page","type-page","status-publish","hentry"],"yoast_head":"<!-- This site is optimized with the Yoast SEO plugin v27.5 - https:\/\/yoast.com\/product\/yoast-seo-wordpress\/ -->\n<title>Za\u015bwiadczenia elektroniczne - Podkarpacka Okregowa Izba Inzynierow Budownictwa<\/title>\n<meta name=\"description\" content=\"Za\u015bwiadczenia elektroniczne PDK OIIB \u2013 informacje o wydawaniu i pobieraniu dokument\u00f3w elektronicznych dla cz\u0142onk\u00f3w Izby.\" \/>\n<meta name=\"robots\" content=\"index, follow, max-snippet:-1, max-image-preview:large, max-video-preview:-1\" \/>\n<link rel=\"canonical\" href=\"https:\/\/inzynier.rzeszow.pl\/index.php\/zaswiadczenia-elektroniczne\/\" \/>\n<meta property=\"og:locale\" content=\"pl_PL\" \/>\n<meta property=\"og:type\" content=\"article\" \/>\n<meta property=\"og:title\" content=\"Za\u015bwiadczenia elektroniczne - Podkarpacka Okregowa Izba Inzynierow Budownictwa\" \/>\n<meta property=\"og:description\" content=\"Za\u015bwiadczenia elektroniczne PDK OIIB \u2013 informacje o wydawaniu i pobieraniu dokument\u00f3w elektronicznych dla cz\u0142onk\u00f3w Izby.\" \/>\n<meta property=\"og:url\" content=\"https:\/\/inzynier.rzeszow.pl\/index.php\/zaswiadczenia-elektroniczne\/\" \/>\n<meta property=\"og:site_name\" content=\"Podkarpacka Okregowa Izba Inzynierow Budownictwa\" \/>\n<meta property=\"article:modified_time\" content=\"2026-03-15T10:40:26+00:00\" \/>\n<meta name=\"twitter:card\" content=\"summary_large_image\" \/>\n<meta name=\"twitter:label1\" content=\"Szacowany czas czytania\" \/>\n\t<meta name=\"twitter:data1\" content=\"2 minuty\" \/>\n<script type=\"application\/ld+json\" class=\"yoast-schema-graph\">{\"@context\":\"https:\\\/\\\/schema.org\",\"@graph\":[{\"@type\":\"WebPage\",\"@id\":\"https:\\\/\\\/inzynier.rzeszow.pl\\\/index.php\\\/zaswiadczenia-elektroniczne\\\/\",\"url\":\"https:\\\/\\\/inzynier.rzeszow.pl\\\/index.php\\\/zaswiadczenia-elektroniczne\\\/\",\"name\":\"Za\u015bwiadczenia elektroniczne - Podkarpacka Okregowa Izba Inzynierow Budownictwa\",\"isPartOf\":{\"@id\":\"https:\\\/\\\/inzynier.rzeszow.pl\\\/#website\"},\"datePublished\":\"2025-12-22T19:47:19+00:00\",\"dateModified\":\"2026-03-15T10:40:26+00:00\",\"description\":\"Za\u015bwiadczenia elektroniczne PDK OIIB \u2013 informacje o wydawaniu i pobieraniu dokument\u00f3w elektronicznych dla cz\u0142onk\u00f3w Izby.\",\"breadcrumb\":{\"@id\":\"https:\\\/\\\/inzynier.rzeszow.pl\\\/index.php\\\/zaswiadczenia-elektroniczne\\\/#breadcrumb\"},\"inLanguage\":\"pl-PL\",\"potentialAction\":[{\"@type\":\"ReadAction\",\"target\":[\"https:\\\/\\\/inzynier.rzeszow.pl\\\/index.php\\\/zaswiadczenia-elektroniczne\\\/\"]}]},{\"@type\":\"BreadcrumbList\",\"@id\":\"https:\\\/\\\/inzynier.rzeszow.pl\\\/index.php\\\/zaswiadczenia-elektroniczne\\\/#breadcrumb\",\"itemListElement\":[{\"@type\":\"ListItem\",\"position\":1,\"name\":\"Strona g\u0142\u00f3wna\",\"item\":\"https:\\\/\\\/inzynier.rzeszow.pl\\\/\"},{\"@type\":\"ListItem\",\"position\":2,\"name\":\"Za\u015bwiadczenia elektroniczne\"}]},{\"@type\":\"WebSite\",\"@id\":\"https:\\\/\\\/inzynier.rzeszow.pl\\\/#website\",\"url\":\"https:\\\/\\\/inzynier.rzeszow.pl\\\/\",\"name\":\"Podkarpacka Okregowa Izba Inzynierow Budownictwa\",\"description\":\"\",\"potentialAction\":[{\"@type\":\"SearchAction\",\"target\":{\"@type\":\"EntryPoint\",\"urlTemplate\":\"https:\\\/\\\/inzynier.rzeszow.pl\\\/?s={search_term_string}\"},\"query-input\":{\"@type\":\"PropertyValueSpecification\",\"valueRequired\":true,\"valueName\":\"search_term_string\"}}],\"inLanguage\":\"pl-PL\"}]}<\/script>\n<!-- \/ Yoast SEO plugin. -->","yoast_head_json":{"title":"Za\u015bwiadczenia elektroniczne - Podkarpacka Okregowa Izba Inzynierow Budownictwa","description":"Za\u015bwiadczenia elektroniczne PDK OIIB \u2013 informacje o wydawaniu i pobieraniu dokument\u00f3w elektronicznych dla cz\u0142onk\u00f3w Izby.","robots":{"index":"index","follow":"follow","max-snippet":"max-snippet:-1","max-image-preview":"max-image-preview:large","max-video-preview":"max-video-preview:-1"},"canonical":"https:\/\/inzynier.rzeszow.pl\/index.php\/zaswiadczenia-elektroniczne\/","og_locale":"pl_PL","og_type":"article","og_title":"Za\u015bwiadczenia elektroniczne - Podkarpacka Okregowa Izba Inzynierow Budownictwa","og_description":"Za\u015bwiadczenia elektroniczne PDK OIIB \u2013 informacje o wydawaniu i pobieraniu dokument\u00f3w elektronicznych dla cz\u0142onk\u00f3w Izby.","og_url":"https:\/\/inzynier.rzeszow.pl\/index.php\/zaswiadczenia-elektroniczne\/","og_site_name":"Podkarpacka Okregowa Izba Inzynierow Budownictwa","article_modified_time":"2026-03-15T10:40:26+00:00","twitter_card":"summary_large_image","twitter_misc":{"Szacowany czas czytania":"2 minuty"},"schema":{"@context":"https:\/\/schema.org","@graph":[{"@type":"WebPage","@id":"https:\/\/inzynier.rzeszow.pl\/index.php\/zaswiadczenia-elektroniczne\/","url":"https:\/\/inzynier.rzeszow.pl\/index.php\/zaswiadczenia-elektroniczne\/","name":"Za\u015bwiadczenia elektroniczne - Podkarpacka Okregowa Izba Inzynierow Budownictwa","isPartOf":{"@id":"https:\/\/inzynier.rzeszow.pl\/#website"},"datePublished":"2025-12-22T19:47:19+00:00","dateModified":"2026-03-15T10:40:26+00:00","description":"Za\u015bwiadczenia elektroniczne PDK OIIB \u2013 informacje o wydawaniu i pobieraniu dokument\u00f3w elektronicznych dla cz\u0142onk\u00f3w Izby.","breadcrumb":{"@id":"https:\/\/inzynier.rzeszow.pl\/index.php\/zaswiadczenia-elektroniczne\/#breadcrumb"},"inLanguage":"pl-PL","potentialAction":[{"@type":"ReadAction","target":["https:\/\/inzynier.rzeszow.pl\/index.php\/zaswiadczenia-elektroniczne\/"]}]},{"@type":"BreadcrumbList","@id":"https:\/\/inzynier.rzeszow.pl\/index.php\/zaswiadczenia-elektroniczne\/#breadcrumb","itemListElement":[{"@type":"ListItem","position":1,"name":"Strona g\u0142\u00f3wna","item":"https:\/\/inzynier.rzeszow.pl\/"},{"@type":"ListItem","position":2,"name":"Za\u015bwiadczenia elektroniczne"}]},{"@type":"WebSite","@id":"https:\/\/inzynier.rzeszow.pl\/#website","url":"https:\/\/inzynier.rzeszow.pl\/","name":"Podkarpacka Okregowa Izba Inzynierow Budownictwa","description":"","potentialAction":[{"@type":"SearchAction","target":{"@type":"EntryPoint","urlTemplate":"https:\/\/inzynier.rzeszow.pl\/?s={search_term_string}"},"query-input":{"@type":"PropertyValueSpecification","valueRequired":true,"valueName":"search_term_string"}}],"inLanguage":"pl-PL"}]}},"rttpg_featured_image_url":null,"rttpg_author":{"display_name":"admin","author_link":"https:\/\/inzynier.rzeszow.pl\/index.php\/author\/kwojcik\/"},"rttpg_comment":0,"rttpg_category":null,"rttpg_excerpt":"Za\u015bwiadczenia elektroniczne Strona g\u0142\u00f3wna \/ Cz\u0142onkostwo \/ Za\u015bwiadczenia elektroniczne Za\u015bwiadczenia elektroniczne o przynale\u017cno\u015bci do Polskiej Izby In\u017cynier\u00f3w Budownictwa Informujemy, \u017ce [&hellip;]","_links":{"self":[{"href":"https:\/\/inzynier.rzeszow.pl\/index.php\/wp-json\/wp\/v2\/pages\/913","targetHints":{"allow":["GET"]}}],"collection":[{"href":"https:\/\/inzynier.rzeszow.pl\/index.php\/wp-json\/wp\/v2\/pages"}],"about":[{"href":"https:\/\/inzynier.rzeszow.pl\/index.php\/wp-json\/wp\/v2\/types\/page"}],"author":[{"embeddable":true,"href":"https:\/\/inzynier.rzeszow.pl\/index.php\/wp-json\/wp\/v2\/users\/1"}],"replies":[{"embeddable":true,"href":"https:\/\/inzynier.rzeszow.pl\/index.php\/wp-json\/wp\/v2\/comments?post=913"}],"version-history":[{"count":7,"href":"https:\/\/inzynier.rzeszow.pl\/index.php\/wp-json\/wp\/v2\/pages\/913\/revisions"}],"predecessor-version":[{"id":5086,"href":"https:\/\/inzynier.rzeszow.pl\/index.php\/wp-json\/wp\/v2\/pages\/913\/revisions\/5086"}],"wp:attachment":[{"href":"https:\/\/inzynier.rzeszow.pl\/index.php\/wp-json\/wp\/v2\/media?parent=913"}],"curies":[{"name":"wp","href":"https:\/\/api.w.org\/{rel}","templated":true}]}}