{"id":905,"date":"2025-12-22T19:42:32","date_gmt":"2025-12-22T19:42:32","guid":{"rendered":"https:\/\/migracja.inzynier.rzeszow.pl\/?page_id=905"},"modified":"2026-03-15T11:26:00","modified_gmt":"2026-03-15T10:26:00","slug":"uslugi-transgraniczne","status":"publish","type":"page","link":"https:\/\/inzynier.rzeszow.pl\/index.php\/uslugi-transgraniczne\/","title":{"rendered":"Us\u0142ugi transgraniczne"},"content":{"rendered":"\t\t<div data-elementor-type=\"wp-page\" data-elementor-id=\"905\" class=\"elementor elementor-905\" data-elementor-post-type=\"page\">\n\t\t\t\t<div class=\"elementor-element elementor-element-c6ddcf0 e-flex e-con-boxed e-con e-parent\" data-id=\"c6ddcf0\" data-element_type=\"container\" data-e-type=\"container\" data-settings=\"{&quot;background_background&quot;:&quot;classic&quot;}\">\n\t\t\t\t\t<div class=\"e-con-inner\">\n\t\t<div class=\"elementor-element elementor-element-f90288b e-con-full e-flex e-con e-child\" data-id=\"f90288b\" data-element_type=\"container\" data-e-type=\"container\" data-settings=\"{&quot;background_background&quot;:&quot;classic&quot;}\">\n\t\t\t\t<div class=\"elementor-element elementor-element-63fce6b elementor-widget elementor-widget-heading\" data-id=\"63fce6b\" data-element_type=\"widget\" data-e-type=\"widget\" data-widget_type=\"heading.default\">\n\t\t\t\t\t<h1 class=\"elementor-heading-title elementor-size-default\">Us\u0142ugi transgraniczne<\/h1>\t\t\t\t<\/div>\n\t\t\t\t<\/div>\n\t\t\t\t\t<\/div>\n\t\t\t\t<\/div>\n\t\t<div class=\"elementor-element elementor-element-b79ae22 e-flex e-con-boxed e-con e-parent\" data-id=\"b79ae22\" data-element_type=\"container\" data-e-type=\"container\">\n\t\t\t\t\t<div class=\"e-con-inner\">\n\t\t\t\t<div class=\"elementor-element elementor-element-7249e99 elementor-widget elementor-widget-text-editor\" data-id=\"7249e99\" data-element_type=\"widget\" data-e-type=\"widget\" data-widget_type=\"text-editor.default\">\n\t\t\t\t\t\t\t\t\t<p><a href=\"https:\/\/inzynier.rzeszow.pl\">Strona g\u0142\u00f3wna <\/a>\/ <a href=\"https:\/\/inzynier.rzeszow.pl\/index.php\/czlonkostwo\/\">Cz\u0142onkostwo<\/a> \/ <a href=\"https:\/\/inzynier.rzeszow.pl\/index.php\/uslugi-transgraniczne\/\">Us\u0142ugi transgraniczne<\/a><\/p>\t\t\t\t\t\t\t\t<\/div>\n\t\t\t\t\t<\/div>\n\t\t\t\t<\/div>\n\t\t<div class=\"elementor-element elementor-element-6168b24 e-flex e-con-boxed e-con e-parent\" data-id=\"6168b24\" data-element_type=\"container\" data-e-type=\"container\">\n\t\t\t\t\t<div class=\"e-con-inner\">\n\t\t\t\t<div class=\"elementor-element elementor-element-f823ad1 elementor-widget elementor-widget-heading\" data-id=\"f823ad1\" data-element_type=\"widget\" data-e-type=\"widget\" data-widget_type=\"heading.default\">\n\t\t\t\t\t<h2 class=\"elementor-heading-title elementor-size-default\">1. Uwagi og\u00f3lne<\/h2>\t\t\t\t<\/div>\n\t\t\t\t<div class=\"elementor-element elementor-element-d9b08e8 elementor-widget elementor-widget-text-editor\" data-id=\"d9b08e8\" data-element_type=\"widget\" data-e-type=\"widget\" data-widget_type=\"text-editor.default\">\n\t\t\t\t\t\t\t\t\t<p><span style=\"white-space-collapse: preserve;\">Us\u0142ugi, zgodnie z prawem wsp\u00f3lnotowym, s\u0105 to czynno\u015bci, kt\u00f3re maj\u0105 charakter czasowy i transgraniczny i jednocze\u015bnie nie s\u0105 obj\u0119te regulacjami dotycz\u0105cymi swobody przep\u0142ywu kapita\u0142u, towar\u00f3w i os\u00f3b. Zgodnie z art. 50 Traktatu ustanawiaj\u0105cego Wsp\u00f3lnot\u0119 Europejsk\u0105 &#8211; TWE, us\u0142ugi obejmuj\u0105 przede wszystkim dzia\u0142alno\u015b\u0107 o charakterze:\u2028 &#8211;\u00a0przemys\u0142owym,<br \/>&#8211;\u00a0dzia\u0142alno\u015b\u0107 handlow\u0105,<br \/>&#8211;\u00a0dzia\u0142alno\u015b\u0107 rzemie\u015blnicz\u0105,<br \/>&#8211;\u00a0wykonywanie wolnych zawod\u00f3w.<\/span><\/p><p>Wed\u0142ug og\u00f3lnej zasady, us\u0142uga polega na wytworzeniu nowego dobra, co zwi\u0105zane jest z potrzeb\u0105 posiadania\u00a0fachowej wiedzy i potencja\u0142u wykonawczego. Dotyczy to wi\u0119kszo\u015bci prac, kt\u00f3re mo\u017cna \u015bwiadczy\u0107 na podstawie um\u00f3w cywilnych, przede wszystkim um\u00f3w o dzie\u0142o.<br \/><br \/><b>Us\u0142uga \u015bwiadczona w ramach transgranicznego \u015bwiadczenia us\u0142ug,<\/b> z za\u0142o\u017cenia jednorazowa, musi by\u0107 ograniczona pod wzgl\u0119dem zakresu rzeczowego i czasu. Swoboda \u015bwiadczenia us\u0142ug\u00a0opiera si\u0119 na tymczasowo\u015bci. Oznacza to, \u017ce us\u0142ugodawca \u015bwiadczy us\u0142ug\u0119 w innym kraju UE przez okre\u015blony czas, a wi\u0119c dzia\u0142alno\u015b\u0107 ta nie ma charakteru ci\u0105g\u0142ego, ani sta\u0142ego. Us\u0142ugodawca posiadaj\u0105cy przedsi\u0119biorstwo za\u0142o\u017cone w jednym pa\u0144stwie cz\u0142onkowskim, mo\u017ce tymczasowo \u015bwiadczy\u0107 us\u0142ug\u0119 w innym kraju UE.<br \/><br \/>Zgodnie z art. 20a ust. 1 ustawy z dnia 15 grudnia 2000 r. o samorz\u0105dach zawodowych architekt\u00f3w, in\u017cynier\u00f3w budownictwa oraz urbanist\u00f3w (Dz. U. z 2001 r., Nr 5, poz. 42 z p\u00f3\u017an. zm.) dodanym przepisami ustawy z dnia 7 listopada 2008 r. o zmianie ustawy o samorz\u0105dach zawodowych architekt\u00f3w, in\u017cynier\u00f3w budownictwa oraz urbanist\u00f3w oraz ustawy &#8211; Prawo budowlane (Dz. U. Nr 210, poz. 1321):<br \/><br \/>Obywatel pa\u0144stwa cz\u0142onkowskiego posiadaj\u0105cy kwalifikacje zawodowe architekta, in\u017cyniera budownictwa lub urbanisty, kt\u00f3ry prowadzi zgodnie z prawem dzia\u0142alno\u015b\u0107 w zakresie tego zawodu w innym ni\u017c Rzeczpospolita Polska pa\u0144stwie cz\u0142onkowskim ma prawo do tymczasowego i okazjonalnego wykonywania zawodu odpowiednio architekta, in\u017cyniera budownictwa lub urbanisty na terytorium Rzeczypospolitej Polskiej, zwanego dalej \u201e\u015bwiadczeniem us\u0142ug transgranicznych&#8221;,<b>\u00a0bez konieczno\u015bci uznawania kwalifikacji zawodowych<\/b>.<br \/><br \/>Z tre\u015bci przywo\u0142anego art. 20 a ust. 1 wynika, \u017ce\u00a0us\u0142uga transgraniczna powinna by\u0107 wykonywana przej\u015bciowo i musi by\u0107 czasowo ograniczona. W orzecznictwie Europejskiego Trybuna\u0142u Sprawiedliwo\u015bci (ETS) wielokrotnie pojawia\u0142a si\u0119 jednak kwestia definicji tych poj\u0119\u0107. Z orzecznictwa wynika, \u017ce\u00a0ograniczenie czasowe uznane by\u0142oby za naruszenie swobody \u015bwiadczenia us\u0142ug. Ocena, jak d\u0142ugo mo\u017cna \u015bwiadczy\u0107 us\u0142ug\u0119, zale\u017cy od warunk\u00f3w funkcjonowania us\u0142ugodawcy i nie mo\u017cna zdefiniowa\u0107 og\u00f3lnych granic jej trwania.\u00a0<b>Us\u0142uga \u015bwiadczona w innym pa\u0144stwie nie mo\u017ce przewa\u017ca\u0107 nad dzia\u0142alno\u015bci\u0105 prowadzon\u0105 w pa\u0144stwie rejestracji.<\/b><br \/>\u2028\u2028<br \/><b>Us\u0142ugodawcy \u015bwiadcz\u0105cemu us\u0142ugi transgraniczne przys\u0142uguj\u0105 prawa,<\/b> kt\u00f3re nie mog\u0105 by\u0107 ograniczane przez pa\u0144stwa cz\u0142onkowskie. Na podstawie orzecznictwa<b> <\/b>Europejskiego Trybuna\u0142u Sprawiedliwo\u015bci zosta\u0142o ustalone, \u017ce:\u2028 &#8211; nie mo\u017cna \u017c\u0105da\u0107 od us\u0142ugodawcy za\u0142o\u017cenia siedziby na terenie pa\u0144stwa, gdzie ma by\u0107 \u015bwiadczona us\u0142uga,\u2028 &#8211;\u00a0zabroniony jest wym\u00f3g, aby personel kluczowy posiada\u0142 sta\u0142e miejsce zamieszkania na terenie pa\u0144stwa, gdzie \u015bwiadczona jest us\u0142uga,\u2028 &#8211;\u00a0nie mo\u017cna wymaga\u0107 od us\u0142ugodawcy, \u017ceby p\u0142aci\u0142 sk\u0142adki ubezpieczeniowe za swoich pracownik\u00f3w w kraju \u015bwiadczenia us\u0142ug, je\u015bli ma ju\u017c op\u0142acone sk\u0142adki \u2028 w pa\u0144stwie macierzystym,\u2028 &#8211;\u00a0niedozwolone jest \u017c\u0105danie uzyskania zezwolenia na \u015bwiadczenie niekt\u00f3rych us\u0142ug bez wzi\u0119cia pod uwag\u0119 r\u0119kojmi nale\u017cytego wykonania us\u0142ugi ju\u017c \u2028 zagwarantowanej w kraju macierzystym, gdzie us\u0142ugodawca ma siedzib\u0119,\u2028 &#8211;\u00a0pewne dodatkowe ograniczenia mog\u0105 dotyczy\u0107 us\u0142ug o szczeg\u00f3lnym charakterze, jak np. us\u0142ugi medyczne, jednak r\u00f3wnie\u017c wtedy pa\u0144stwo ma obowi\u0105zek \u2028 wzi\u0105\u0107 pod uwag\u0119, \u017ce us\u0142ugodawca daje gwarancje w\u0142a\u015bciwego wykonania us\u0142ugi w pa\u0144stwie swojej siedziby.<\/p>\t\t\t\t\t\t\t\t<\/div>\n\t\t\t\t\t<\/div>\n\t\t\t\t<\/div>\n\t\t<div class=\"elementor-element elementor-element-6dd76cc e-flex e-con-boxed e-con e-parent\" data-id=\"6dd76cc\" data-element_type=\"container\" data-e-type=\"container\">\n\t\t\t\t\t<div class=\"e-con-inner\">\n\t\t\t\t<div class=\"elementor-element elementor-element-931542a elementor-widget elementor-widget-heading\" data-id=\"931542a\" data-element_type=\"widget\" data-e-type=\"widget\" data-widget_type=\"heading.default\">\n\t\t\t\t\t<h2 class=\"elementor-heading-title elementor-size-default\">2. Dokumenty jakie powinien z\u0142o\u017cy\u0107 us\u0142ugodawca<\/h2>\t\t\t\t<\/div>\n\t\t\t\t<div class=\"elementor-element elementor-element-27c663b elementor-widget elementor-widget-text-editor\" data-id=\"27c663b\" data-element_type=\"widget\" data-e-type=\"widget\" data-widget_type=\"text-editor.default\">\n\t\t\t\t\t\t\t\t\t<p><span style=\"white-space-collapse: preserve;\">Przed rozpocz\u0119ciem \u015bwiadczenia us\u0142ug transgranicznych, po raz pierwszy na terytorium Rzeczypospolitej Polskiej, in\u017cynier budownictwa przedk\u0142ada w\u0142a\u015bciwej ze wzgl\u0119du na miejsce zamierzonego wykonywania czynno\u015bci okr\u0119gowej radzie izby <b>*tutaj hiper\u0142\u0105cze*<\/b> pisemne\u00a0o\u015bwiadczenie wraz z za\u0142\u0105cznikami o zamiarze \u015bwiadczenia us\u0142ugi transgranicznej na terytorium Rzeczypospolitej Polskiej.<br \/>In\u017cynier budownictwa zamierzaj\u0105cy \u015bwiadczy\u0107 us\u0142ugi transgraniczne <b>w\u00a0kolejnych latach<\/b>, przedk\u0142ada wskazane o\u015bwiadczenie\u00a0<b>ponownie raz w roku.<\/b><\/span><\/p><p>Powy\u017csze dokumenty winny by\u0107 przet\u0142umaczone przez t\u0142umacza przysi\u0119g\u0142ego na j\u0119zyk polski.<\/p><p>Przed dokonaniem wpisu Rada Podkarpackiej Okr\u0119gowej Izby In\u017cynier\u00f3w Budownictwa mo\u017ce zobowi\u0105za\u0107 wnioskodawc\u0119 do wzi\u0119cia udzia\u0142u w spotkaniu maj\u0105cym na celu sprawdzenie stopnia znajomo\u015bci j\u0119zyka polskiego, pozwalaj\u0105cym na pe\u0142nienie samodzielnej funkcji technicznej w budownictwie stosownie do z\u0142o\u017conego wniosku.<\/p><p>Krajowa Rada Polskiej Izby In\u017cynier\u00f3w Budownictwa w dniu 28 stycznia 2009 r. podj\u0119\u0142a Uchwa\u0142\u0119 Nr 3\/R\/09 w sprawie przyj\u0119cia wytycznych dotycz\u0105cych post\u0119powania w sprawie \u015bwiadczenia us\u0142ug transgranicznych.<\/p>\t\t\t\t\t\t\t\t<\/div>\n\t\t\t\t<div class=\"elementor-element elementor-element-2c7ec73 elementor-widget__width-inherit elementor-icon-list--layout-traditional elementor-list-item-link-full_width elementor-widget elementor-widget-icon-list\" data-id=\"2c7ec73\" data-element_type=\"widget\" data-e-type=\"widget\" data-widget_type=\"icon-list.default\">\n\t\t\t\t\t\t\t<ul class=\"elementor-icon-list-items\">\n\t\t\t\t\t\t\t<li class=\"elementor-icon-list-item\">\n\t\t\t\t\t\t\t\t\t\t\t<a href=\"https:\/\/www.piib.org.pl\/organy\/krajowa-rada\/ukr\/uchwaly-krajowej-rady-piib-2023-r-2\/5523-uchwala-nr-piib-kr-0056-2024-krajowej-rady-polskiej-izby-inzynierow-budownictwa-z-dnia-4-grudnia-2024-r-zmieniajaca-uchwale-w-sprawie-przyjecia-wytycznych-dotyczacych-postepowania-w-sprawie-swiadczenia-uslug-transgranicznych\" target=\"_blank\">\n\n\t\t\t\t\t\t\t\t\t\t\t\t<span class=\"elementor-icon-list-icon\">\n\t\t\t\t\t\t\t<svg aria-hidden=\"true\" class=\"e-font-icon-svg e-fas-arrow-circle-right\" viewBox=\"0 0 512 512\" xmlns=\"http:\/\/www.w3.org\/2000\/svg\"><path d=\"M256 8c137 0 248 111 248 248S393 504 256 504 8 393 8 256 119 8 256 8zm-28.9 143.6l75.5 72.4H120c-13.3 0-24 10.7-24 24v16c0 13.3 10.7 24 24 24h182.6l-75.5 72.4c-9.7 9.3-9.9 24.8-.4 34.3l11 10.9c9.4 9.4 24.6 9.4 33.9 0L404.3 273c9.4-9.4 9.4-24.6 0-33.9L271.6 106.3c-9.4-9.4-24.6-9.4-33.9 0l-11 10.9c-9.5 9.6-9.3 25.1.4 34.4z\"><\/path><\/svg>\t\t\t\t\t\t<\/span>\n\t\t\t\t\t\t\t\t\t\t<span class=\"elementor-icon-list-text\">Link do wytycznych<\/span>\n\t\t\t\t\t\t\t\t\t\t\t<\/a>\n\t\t\t\t\t\t\t\t\t<\/li>\n\t\t\t\t\t\t<\/ul>\n\t\t\t\t\t\t<\/div>\n\t\t\t\t\t<\/div>\n\t\t\t\t<\/div>\n\t\t<div class=\"elementor-element elementor-element-300b63a e-flex e-con-boxed e-con e-parent\" data-id=\"300b63a\" data-element_type=\"container\" data-e-type=\"container\">\n\t\t\t\t\t<div class=\"e-con-inner\">\n\t\t\t\t<div class=\"elementor-element elementor-element-9196f12 elementor-widget elementor-widget-heading\" data-id=\"9196f12\" data-element_type=\"widget\" data-e-type=\"widget\" data-widget_type=\"heading.default\">\n\t\t\t\t\t<h2 class=\"elementor-heading-title elementor-size-default\">3. Us\u0142ugi transgraniczne - dokumenty<\/h2>\t\t\t\t<\/div>\n\t\t\t\t<div class=\"elementor-element elementor-element-b745d42 elementor-widget elementor-widget-text-editor\" data-id=\"b745d42\" data-element_type=\"widget\" data-e-type=\"widget\" data-widget_type=\"text-editor.default\">\n\t\t\t\t\t\t\t\t\t<p>Informujemy, \u017ce na stronie internetowej Polskiej Izby In\u017cynier\u00f3w Budownictwa umieszczone zosta\u0142y dokumenty dotycz\u0105ce us\u0142ug transgranicznych na terenie Polski.<br \/>O\u015bwiadczenie w formie pliku:<\/p>\t\t\t\t\t\t\t\t<\/div>\n\t\t\t\t\t<\/div>\n\t\t\t\t<\/div>\n\t\t<div class=\"elementor-element elementor-element-b1ee75b e-flex e-con-boxed e-con e-parent\" data-id=\"b1ee75b\" data-element_type=\"container\" data-e-type=\"container\">\n\t\t\t\t\t<div class=\"e-con-inner\">\n\t\t\t\t<div class=\"elementor-element elementor-element-559930e elementor-widget__width-inherit elementor-icon-list--layout-traditional elementor-list-item-link-full_width elementor-widget elementor-widget-icon-list\" data-id=\"559930e\" data-element_type=\"widget\" data-e-type=\"widget\" data-widget_type=\"icon-list.default\">\n\t\t\t\t\t\t\t<ul class=\"elementor-icon-list-items\">\n\t\t\t\t\t\t\t<li class=\"elementor-icon-list-item\">\n\t\t\t\t\t\t\t\t\t\t\t<a href=\"https:\/\/www.piib.org.pl\/dla-czlonkow\/uslugi-transgraniczne\" target=\"_blank\">\n\n\t\t\t\t\t\t\t\t\t\t\t\t<span class=\"elementor-icon-list-icon\">\n\t\t\t\t\t\t\t<svg aria-hidden=\"true\" class=\"e-font-icon-svg e-fas-arrow-circle-right\" viewBox=\"0 0 512 512\" xmlns=\"http:\/\/www.w3.org\/2000\/svg\"><path d=\"M256 8c137 0 248 111 248 248S393 504 256 504 8 393 8 256 119 8 256 8zm-28.9 143.6l75.5 72.4H120c-13.3 0-24 10.7-24 24v16c0 13.3 10.7 24 24 24h182.6l-75.5 72.4c-9.7 9.3-9.9 24.8-.4 34.3l11 10.9c9.4 9.4 24.6 9.4 33.9 0L404.3 273c9.4-9.4 9.4-24.6 0-33.9L271.6 106.3c-9.4-9.4-24.6-9.4-33.9 0l-11 10.9c-9.5 9.6-9.3 25.1.4 34.4z\"><\/path><\/svg>\t\t\t\t\t\t<\/span>\n\t\t\t\t\t\t\t\t\t\t<span class=\"elementor-icon-list-text\">Wytyczne do pobrania<\/span>\n\t\t\t\t\t\t\t\t\t\t\t<\/a>\n\t\t\t\t\t\t\t\t\t<\/li>\n\t\t\t\t\t\t<\/ul>\n\t\t\t\t\t\t<\/div>\n\t\t\t\t<div class=\"elementor-element elementor-element-71f21dc elementor-button-info elementor-align-center elementor-widget elementor-widget-button\" data-id=\"71f21dc\" data-element_type=\"widget\" data-e-type=\"widget\" data-widget_type=\"button.default\">\n\t\t\t\t\t\t\t\t\t\t<a class=\"elementor-button elementor-button-link elementor-size-sm\" href=\"https:\/\/www.piib.org.pl\/dla-czlonkow\/uslugi-transgraniczne\" target=\"_blank\">\n\t\t\t\t\t\t<span class=\"elementor-button-content-wrapper\">\n\t\t\t\t\t\t\t\t\t<span class=\"elementor-button-text\">Osoby \u015bwiadcz\u0105ce us\u0142ugi transgraniczne<\/span>\n\t\t\t\t\t<\/span>\n\t\t\t\t\t<\/a>\n\t\t\t\t\t\t\t\t<\/div>\n\t\t\t\t\t<\/div>\n\t\t\t\t<\/div>\n\t\t\t\t<\/div>\n\t\t","protected":false},"excerpt":{"rendered":"<p>Us\u0142ugi transgraniczne Strona g\u0142\u00f3wna \/ Cz\u0142onkostwo \/ Us\u0142ugi transgraniczne 1. Uwagi og\u00f3lne Us\u0142ugi, zgodnie z prawem wsp\u00f3lnotowym, s\u0105 to czynno\u015bci, [&hellip;]<\/p>\n","protected":false},"author":1,"featured_media":0,"parent":0,"menu_order":0,"comment_status":"closed","ping_status":"closed","template":"","meta":{"site-sidebar-layout":"no-sidebar","site-content-layout":"","ast-site-content-layout":"full-width-container","site-content-style":"default","site-sidebar-style":"default","ast-global-header-display":"","ast-banner-title-visibility":"","ast-main-header-display":"","ast-hfb-above-header-display":"","ast-hfb-below-header-display":"","ast-hfb-mobile-header-display":"","site-post-title":"disabled","ast-breadcrumbs-content":"","ast-featured-img":"disabled","footer-sml-layout":"","ast-disable-related-posts":"","theme-transparent-header-meta":"","adv-header-id-meta":"","stick-header-meta":"","header-above-stick-meta":"","header-main-stick-meta":"","header-below-stick-meta":"","astra-migrate-meta-layouts":"default","ast-page-background-enabled":"default","ast-page-background-meta":{"desktop":{"background-color":"var(--ast-global-color-5)","background-image":"","background-repeat":"repeat","background-position":"center center","background-size":"auto","background-attachment":"scroll","background-type":"","background-media":"","overlay-type":"","overlay-color":"","overlay-opacity":"","overlay-gradient":""},"tablet":{"background-color":"","background-image":"","background-repeat":"repeat","background-position":"center center","background-size":"auto","background-attachment":"scroll","background-type":"","background-media":"","overlay-type":"","overlay-color":"","overlay-opacity":"","overlay-gradient":""},"mobile":{"background-color":"","background-image":"","background-repeat":"repeat","background-position":"center center","background-size":"auto","background-attachment":"scroll","background-type":"","background-media":"","overlay-type":"","overlay-color":"","overlay-opacity":"","overlay-gradient":""}},"ast-content-background-meta":{"desktop":{"background-color":"var(--ast-global-color-4)","background-image":"","background-repeat":"repeat","background-position":"center center","background-size":"auto","background-attachment":"scroll","background-type":"","background-media":"","overlay-type":"","overlay-color":"","overlay-opacity":"","overlay-gradient":""},"tablet":{"background-color":"var(--ast-global-color-4)","background-image":"","background-repeat":"repeat","background-position":"center center","background-size":"auto","background-attachment":"scroll","background-type":"","background-media":"","overlay-type":"","overlay-color":"","overlay-opacity":"","overlay-gradient":""},"mobile":{"background-color":"var(--ast-global-color-4)","background-image":"","background-repeat":"repeat","background-position":"center center","background-size":"auto","background-attachment":"scroll","background-type":"","background-media":"","overlay-type":"","overlay-color":"","overlay-opacity":"","overlay-gradient":""}},"footnotes":""},"class_list":["post-905","page","type-page","status-publish","hentry"],"yoast_head":"<!-- This site is optimized with the Yoast SEO plugin v27.5 - https:\/\/yoast.com\/product\/yoast-seo-wordpress\/ -->\n<title>Us\u0142ugi transgraniczne - Podkarpacka Okregowa Izba Inzynierow Budownictwa<\/title>\n<meta name=\"description\" content=\"Us\u0142ugi transgraniczne PDK OIIB \u2013 wsparcie dla cz\u0142onk\u00f3w w \u015bwiadczeniu us\u0142ug budowlanych i in\u017cynierskich za granic\u0105.\" \/>\n<meta name=\"robots\" content=\"index, follow, max-snippet:-1, max-image-preview:large, max-video-preview:-1\" \/>\n<link rel=\"canonical\" href=\"https:\/\/inzynier.rzeszow.pl\/index.php\/uslugi-transgraniczne\/\" \/>\n<meta property=\"og:locale\" content=\"pl_PL\" \/>\n<meta property=\"og:type\" content=\"article\" \/>\n<meta property=\"og:title\" content=\"Us\u0142ugi transgraniczne - Podkarpacka Okregowa Izba Inzynierow Budownictwa\" \/>\n<meta property=\"og:description\" content=\"Us\u0142ugi transgraniczne PDK OIIB \u2013 wsparcie dla cz\u0142onk\u00f3w w \u015bwiadczeniu us\u0142ug budowlanych i in\u017cynierskich za granic\u0105.\" \/>\n<meta property=\"og:url\" content=\"https:\/\/inzynier.rzeszow.pl\/index.php\/uslugi-transgraniczne\/\" \/>\n<meta property=\"og:site_name\" content=\"Podkarpacka Okregowa Izba Inzynierow Budownictwa\" \/>\n<meta property=\"article:modified_time\" content=\"2026-03-15T10:26:00+00:00\" \/>\n<meta name=\"twitter:card\" content=\"summary_large_image\" \/>\n<meta name=\"twitter:label1\" content=\"Szacowany czas czytania\" \/>\n\t<meta name=\"twitter:data1\" content=\"5 minut\" \/>\n<script type=\"application\/ld+json\" class=\"yoast-schema-graph\">{\"@context\":\"https:\\\/\\\/schema.org\",\"@graph\":[{\"@type\":\"WebPage\",\"@id\":\"https:\\\/\\\/inzynier.rzeszow.pl\\\/index.php\\\/uslugi-transgraniczne\\\/\",\"url\":\"https:\\\/\\\/inzynier.rzeszow.pl\\\/index.php\\\/uslugi-transgraniczne\\\/\",\"name\":\"Us\u0142ugi transgraniczne - Podkarpacka Okregowa Izba Inzynierow Budownictwa\",\"isPartOf\":{\"@id\":\"https:\\\/\\\/inzynier.rzeszow.pl\\\/#website\"},\"datePublished\":\"2025-12-22T19:42:32+00:00\",\"dateModified\":\"2026-03-15T10:26:00+00:00\",\"description\":\"Us\u0142ugi transgraniczne PDK OIIB \u2013 wsparcie dla cz\u0142onk\u00f3w w \u015bwiadczeniu us\u0142ug budowlanych i in\u017cynierskich za granic\u0105.\",\"breadcrumb\":{\"@id\":\"https:\\\/\\\/inzynier.rzeszow.pl\\\/index.php\\\/uslugi-transgraniczne\\\/#breadcrumb\"},\"inLanguage\":\"pl-PL\",\"potentialAction\":[{\"@type\":\"ReadAction\",\"target\":[\"https:\\\/\\\/inzynier.rzeszow.pl\\\/index.php\\\/uslugi-transgraniczne\\\/\"]}]},{\"@type\":\"BreadcrumbList\",\"@id\":\"https:\\\/\\\/inzynier.rzeszow.pl\\\/index.php\\\/uslugi-transgraniczne\\\/#breadcrumb\",\"itemListElement\":[{\"@type\":\"ListItem\",\"position\":1,\"name\":\"Strona g\u0142\u00f3wna\",\"item\":\"https:\\\/\\\/inzynier.rzeszow.pl\\\/\"},{\"@type\":\"ListItem\",\"position\":2,\"name\":\"Us\u0142ugi transgraniczne\"}]},{\"@type\":\"WebSite\",\"@id\":\"https:\\\/\\\/inzynier.rzeszow.pl\\\/#website\",\"url\":\"https:\\\/\\\/inzynier.rzeszow.pl\\\/\",\"name\":\"Podkarpacka Okregowa Izba Inzynierow Budownictwa\",\"description\":\"\",\"potentialAction\":[{\"@type\":\"SearchAction\",\"target\":{\"@type\":\"EntryPoint\",\"urlTemplate\":\"https:\\\/\\\/inzynier.rzeszow.pl\\\/?s={search_term_string}\"},\"query-input\":{\"@type\":\"PropertyValueSpecification\",\"valueRequired\":true,\"valueName\":\"search_term_string\"}}],\"inLanguage\":\"pl-PL\"}]}<\/script>\n<!-- \/ Yoast SEO plugin. -->","yoast_head_json":{"title":"Us\u0142ugi transgraniczne - Podkarpacka Okregowa Izba Inzynierow Budownictwa","description":"Us\u0142ugi transgraniczne PDK OIIB \u2013 wsparcie dla cz\u0142onk\u00f3w w \u015bwiadczeniu us\u0142ug budowlanych i in\u017cynierskich za granic\u0105.","robots":{"index":"index","follow":"follow","max-snippet":"max-snippet:-1","max-image-preview":"max-image-preview:large","max-video-preview":"max-video-preview:-1"},"canonical":"https:\/\/inzynier.rzeszow.pl\/index.php\/uslugi-transgraniczne\/","og_locale":"pl_PL","og_type":"article","og_title":"Us\u0142ugi transgraniczne - Podkarpacka Okregowa Izba Inzynierow Budownictwa","og_description":"Us\u0142ugi transgraniczne PDK OIIB \u2013 wsparcie dla cz\u0142onk\u00f3w w \u015bwiadczeniu us\u0142ug budowlanych i in\u017cynierskich za granic\u0105.","og_url":"https:\/\/inzynier.rzeszow.pl\/index.php\/uslugi-transgraniczne\/","og_site_name":"Podkarpacka Okregowa Izba Inzynierow Budownictwa","article_modified_time":"2026-03-15T10:26:00+00:00","twitter_card":"summary_large_image","twitter_misc":{"Szacowany czas czytania":"5 minut"},"schema":{"@context":"https:\/\/schema.org","@graph":[{"@type":"WebPage","@id":"https:\/\/inzynier.rzeszow.pl\/index.php\/uslugi-transgraniczne\/","url":"https:\/\/inzynier.rzeszow.pl\/index.php\/uslugi-transgraniczne\/","name":"Us\u0142ugi transgraniczne - Podkarpacka Okregowa Izba Inzynierow Budownictwa","isPartOf":{"@id":"https:\/\/inzynier.rzeszow.pl\/#website"},"datePublished":"2025-12-22T19:42:32+00:00","dateModified":"2026-03-15T10:26:00+00:00","description":"Us\u0142ugi transgraniczne PDK OIIB \u2013 wsparcie dla cz\u0142onk\u00f3w w \u015bwiadczeniu us\u0142ug budowlanych i in\u017cynierskich za granic\u0105.","breadcrumb":{"@id":"https:\/\/inzynier.rzeszow.pl\/index.php\/uslugi-transgraniczne\/#breadcrumb"},"inLanguage":"pl-PL","potentialAction":[{"@type":"ReadAction","target":["https:\/\/inzynier.rzeszow.pl\/index.php\/uslugi-transgraniczne\/"]}]},{"@type":"BreadcrumbList","@id":"https:\/\/inzynier.rzeszow.pl\/index.php\/uslugi-transgraniczne\/#breadcrumb","itemListElement":[{"@type":"ListItem","position":1,"name":"Strona g\u0142\u00f3wna","item":"https:\/\/inzynier.rzeszow.pl\/"},{"@type":"ListItem","position":2,"name":"Us\u0142ugi transgraniczne"}]},{"@type":"WebSite","@id":"https:\/\/inzynier.rzeszow.pl\/#website","url":"https:\/\/inzynier.rzeszow.pl\/","name":"Podkarpacka Okregowa Izba Inzynierow Budownictwa","description":"","potentialAction":[{"@type":"SearchAction","target":{"@type":"EntryPoint","urlTemplate":"https:\/\/inzynier.rzeszow.pl\/?s={search_term_string}"},"query-input":{"@type":"PropertyValueSpecification","valueRequired":true,"valueName":"search_term_string"}}],"inLanguage":"pl-PL"}]}},"rttpg_featured_image_url":null,"rttpg_author":{"display_name":"admin","author_link":"https:\/\/inzynier.rzeszow.pl\/index.php\/author\/kwojcik\/"},"rttpg_comment":0,"rttpg_category":null,"rttpg_excerpt":"Us\u0142ugi transgraniczne Strona g\u0142\u00f3wna \/ Cz\u0142onkostwo \/ Us\u0142ugi transgraniczne 1. Uwagi og\u00f3lne Us\u0142ugi, zgodnie z prawem wsp\u00f3lnotowym, s\u0105 to czynno\u015bci, [&hellip;]","_links":{"self":[{"href":"https:\/\/inzynier.rzeszow.pl\/index.php\/wp-json\/wp\/v2\/pages\/905","targetHints":{"allow":["GET"]}}],"collection":[{"href":"https:\/\/inzynier.rzeszow.pl\/index.php\/wp-json\/wp\/v2\/pages"}],"about":[{"href":"https:\/\/inzynier.rzeszow.pl\/index.php\/wp-json\/wp\/v2\/types\/page"}],"author":[{"embeddable":true,"href":"https:\/\/inzynier.rzeszow.pl\/index.php\/wp-json\/wp\/v2\/users\/1"}],"replies":[{"embeddable":true,"href":"https:\/\/inzynier.rzeszow.pl\/index.php\/wp-json\/wp\/v2\/comments?post=905"}],"version-history":[{"count":10,"href":"https:\/\/inzynier.rzeszow.pl\/index.php\/wp-json\/wp\/v2\/pages\/905\/revisions"}],"predecessor-version":[{"id":5083,"href":"https:\/\/inzynier.rzeszow.pl\/index.php\/wp-json\/wp\/v2\/pages\/905\/revisions\/5083"}],"wp:attachment":[{"href":"https:\/\/inzynier.rzeszow.pl\/index.php\/wp-json\/wp\/v2\/media?parent=905"}],"curies":[{"name":"wp","href":"https:\/\/api.w.org\/{rel}","templated":true}]}}