{"id":898,"date":"2025-12-22T19:33:04","date_gmt":"2025-12-22T19:33:04","guid":{"rendered":"https:\/\/migracja.inzynier.rzeszow.pl\/?page_id=898"},"modified":"2026-03-15T11:25:46","modified_gmt":"2026-03-15T10:25:46","slug":"uprawnienia-dla-inzynierow-seniorow","status":"publish","type":"page","link":"https:\/\/inzynier.rzeszow.pl\/index.php\/uprawnienia-dla-inzynierow-seniorow\/","title":{"rendered":"Uprawnienia dla in\u017cynier\u00f3w senior\u00f3w"},"content":{"rendered":"\t\t<div data-elementor-type=\"wp-page\" data-elementor-id=\"898\" class=\"elementor elementor-898\" data-elementor-post-type=\"page\">\n\t\t\t\t<div class=\"elementor-element elementor-element-c6ddcf0 e-flex e-con-boxed e-con e-parent\" data-id=\"c6ddcf0\" data-element_type=\"container\" data-e-type=\"container\" data-settings=\"{&quot;background_background&quot;:&quot;classic&quot;}\">\n\t\t\t\t\t<div class=\"e-con-inner\">\n\t\t<div class=\"elementor-element elementor-element-f90288b e-con-full e-flex e-con e-child\" data-id=\"f90288b\" data-element_type=\"container\" data-e-type=\"container\" data-settings=\"{&quot;background_background&quot;:&quot;classic&quot;}\">\n\t\t\t\t<div class=\"elementor-element elementor-element-63fce6b elementor-widget elementor-widget-heading\" data-id=\"63fce6b\" data-element_type=\"widget\" data-e-type=\"widget\" data-widget_type=\"heading.default\">\n\t\t\t\t\t<h1 class=\"elementor-heading-title elementor-size-default\">Nowe uprawnienia dla in\u017cynier\u00f3w senior\u00f3w - zmiany w Statucie PIIB<\/h1>\t\t\t\t<\/div>\n\t\t\t\t<\/div>\n\t\t\t\t\t<\/div>\n\t\t\t\t<\/div>\n\t\t<div class=\"elementor-element elementor-element-b79ae22 e-flex e-con-boxed e-con e-parent\" data-id=\"b79ae22\" data-element_type=\"container\" data-e-type=\"container\">\n\t\t\t\t\t<div class=\"e-con-inner\">\n\t\t\t\t<div class=\"elementor-element elementor-element-7249e99 elementor-widget elementor-widget-text-editor\" data-id=\"7249e99\" data-element_type=\"widget\" data-e-type=\"widget\" data-widget_type=\"text-editor.default\">\n\t\t\t\t\t\t\t\t\t<p><a href=\"https:\/\/inzynier.rzeszow.pl\">Strona g\u0142\u00f3wna <\/a>\/ <a href=\"https:\/\/inzynier.rzeszow.pl\/index.php\/czlonkostwo\/\">Cz\u0142onkostwo<\/a> \/ <a href=\"https:\/\/inzynier.rzeszow.pl\/index.php\/uprawnienia-dla-inzynierow-seniorow\/\">Nowe uprawnienia dla in\u017cynier\u00f3w senior\u00f3w &#8211; zmiany w Statucie PIIB<\/a><\/p>\t\t\t\t\t\t\t\t<\/div>\n\t\t\t\t\t<\/div>\n\t\t\t\t<\/div>\n\t\t<div class=\"elementor-element elementor-element-79bbd29 e-flex e-con-boxed e-con e-parent\" data-id=\"79bbd29\" data-element_type=\"container\" data-e-type=\"container\">\n\t\t\t\t\t<div class=\"e-con-inner\">\n\t\t\t\t<div class=\"elementor-element elementor-element-7efd0e3 elementor-widget elementor-widget-text-editor\" data-id=\"7efd0e3\" data-element_type=\"widget\" data-e-type=\"widget\" data-widget_type=\"text-editor.default\">\n\t\t\t\t\t\t\t\t\t<p>Podczas\u00a0<strong>XXIV Krajowego Zjazdu Sprawozdawczego Polskiej Izby In\u017cynier\u00f3w Budownictwa<\/strong>, kt\u00f3ry odby\u0142 si\u0119 w dniach\u00a0<strong>13-14 czerwca 2025 r.<\/strong>, podj\u0119to uchwa\u0142\u0119 o zmianach w Statucie dotycz\u0105cych statusu in\u017cyniera seniora.<\/p><p>Zgodnie z nowym\u00a0<strong>art. 4a Statutu<\/strong>, kt\u00f3ry wejdzie w \u017cycie\u00a0<strong>1 stycznia 2026 r.<\/strong>, cz\u0142onek samorz\u0105du zawodowego in\u017cynier\u00f3w budownictwa, kt\u00f3ry:<\/p><ul><li>posiada co najmniej\u00a0<strong>10-letni okres czynnego cz\u0142onkostwa<\/strong>\u00a0(potwierdzony op\u0142acaniem sk\u0142adek cz\u0142onkowskich),<\/li><li>uzyska\u0142\u00a0<strong>prawo do emerytury lub renty<\/strong>,<\/li><li><strong>zaprzesta\u0142 wykonywania samodzielnych funkcji technicznych w budownictwie<\/strong><\/li><\/ul><p>mo\u017ce,\u00a0<strong>na wniosek<\/strong>, zrezygnowa\u0107 z cz\u0142onkostwa w okr\u0119gowej izbie i na podstawie uchwa\u0142y okr\u0119gowej rady izby w\u0142a\u015bciwej miejscowo dla jego miejsca zamieszkania,\u00a0<strong>uzyska\u0107 wpis na list\u0119 in\u017cynier\u00f3w senior\u00f3w<\/strong>.<\/p>\t\t\t\t\t\t\t\t<\/div>\n\t\t<div class=\"elementor-element elementor-element-3937a73 e-con-full e-flex e-con e-child\" data-id=\"3937a73\" data-element_type=\"container\" data-e-type=\"container\" data-settings=\"{&quot;background_background&quot;:&quot;classic&quot;}\">\n\t\t\t\t<div class=\"elementor-element elementor-element-161d3f8 elementor-widget elementor-widget-heading\" data-id=\"161d3f8\" data-element_type=\"widget\" data-e-type=\"widget\" data-widget_type=\"heading.default\">\n\t\t\t\t\t<h2 class=\"elementor-heading-title elementor-size-default\">Prawa i obowi\u0105zki in\u017cyniera seniora<\/h2>\t\t\t\t<\/div>\n\t\t\t\t<\/div>\n\t\t\t\t<div class=\"elementor-element elementor-element-1acce1d elementor-widget elementor-widget-text-editor\" data-id=\"1acce1d\" data-element_type=\"widget\" data-e-type=\"widget\" data-widget_type=\"text-editor.default\">\n\t\t\t\t\t\t\t\t\t<p><strong>korzysta<\/strong>\u00a0z praw okre\u015blonych w \u00a7 16 ust. 1 pkt 3 Statutu (dzia\u0142alno\u015b\u0107 samopomocowa prowadzona przez okr\u0119gowe izby),<\/p><p><strong>zobowi\u0105zany jest<\/strong>, w szczeg\u00f3lno\u015bci, do wykonywania obowi\u0105zk\u00f3w okre\u015blonych w \u00a7 17 pkt 1-4 statutu, czyli do przestrzegania zasad etyki zawodowej, przestrzegania przepis\u00f3w oraz uchwa\u0142 organ\u00f3w samorz\u0105du zawodowego in\u017cynier\u00f3w budownictwa, a tak\u017ce wnoszenia sk\u0142adek cz\u0142onkowskich na zasadach przyj\u0119tych uchwa\u0142\u0105 Krajowego Zjazdu,<\/p><p><strong>op\u0142aca roczn\u0105 sk\u0142adk\u0119<\/strong>\u00a0w wysoko\u015bci\u00a0<strong>2% przeci\u0119tnego wynagrodzenia krajowego w sektorze przedsi\u0119biorstw<\/strong>\u00a0na okr\u0119gow\u0105 izb\u0119 oraz\u00a0<strong>0,5%<\/strong>\u00a0na PIIB,<\/p><p><strong>nie posiada<\/strong>\u00a0czynnego i biernego prawa wyborczego do organ\u00f3w samorz\u0105du zawodowego in\u017cynier\u00f3w budownictwa, prawa wykonywania samodzielnych funkcji technicznych w budownictwie ani ubezpieczenia OC w tym zakresie.<\/p>\t\t\t\t\t\t\t\t<\/div>\n\t\t<div class=\"elementor-element elementor-element-28bec29 e-con-full e-flex e-con e-child\" data-id=\"28bec29\" data-element_type=\"container\" data-e-type=\"container\" data-settings=\"{&quot;background_background&quot;:&quot;classic&quot;}\">\n\t\t\t\t<div class=\"elementor-element elementor-element-f29599a elementor-widget elementor-widget-heading\" data-id=\"f29599a\" data-element_type=\"widget\" data-e-type=\"widget\" data-widget_type=\"heading.default\">\n\t\t\t\t\t<h2 class=\"elementor-heading-title elementor-size-default\">Dodatkowe mo\u017cliwo\u015bci<\/h2>\t\t\t\t<\/div>\n\t\t\t\t<\/div>\n\t\t\t\t<div class=\"elementor-element elementor-element-7176f3f elementor-widget elementor-widget-text-editor\" data-id=\"7176f3f\" data-element_type=\"widget\" data-e-type=\"widget\" data-widget_type=\"text-editor.default\">\n\t\t\t\t\t\t\t\t\t<p>In\u017cynier senior mo\u017ce:<\/p><ul><li>uczestniczy\u0107 w bezp\u0142atnych szkoleniach online organizowanych przez Krajow\u0105 Izb\u0119 oraz ka\u017cd\u0105 z izb okr\u0119gowych na zasadach okre\u015blonych przez izb\u0119 organizuj\u0105c\u0105 szkolenie,<\/li><li>by\u0107 cz\u0142onkiem organ\u00f3w opiniodawczo-doradczych okr\u0119gowej izby, kt\u00f3rej jest cz\u0142onkiem oraz organ\u00f3w opiniodawczo-doradczych Krajowej Rady,<\/li><li>uczestniczy\u0107 na zaproszenie okr\u0119gowej rady, z g\u0142osem doradczym, w okr\u0119gowym zje\u017adzie okr\u0119gowej izby, kt\u00f3rej jest cz\u0142onkiem oraz uczestniczy\u0107 na zaproszenie Krajowej Rady, z g\u0142osem doradczym, w Krajowym Zje\u017adzie.<\/li><\/ul>\t\t\t\t\t\t\t\t<\/div>\n\t\t\t\t<div class=\"elementor-element elementor-element-139dd49 elementor-widget__width-inherit elementor-icon-list--layout-traditional elementor-list-item-link-full_width elementor-widget elementor-widget-icon-list\" data-id=\"139dd49\" data-element_type=\"widget\" data-e-type=\"widget\" data-widget_type=\"icon-list.default\">\n\t\t\t\t\t\t\t<ul class=\"elementor-icon-list-items\">\n\t\t\t\t\t\t\t<li class=\"elementor-icon-list-item\">\n\t\t\t\t\t\t\t\t\t\t\t<a href=\"https:\/\/www.piib.org.pl\/aktualnosci\/informacje-biezace\/5693-nowe-uprawnienia-dla-inzynierow-seniorow-zmiany-w-statucie-piib\" target=\"_blank\">\n\n\t\t\t\t\t\t\t\t\t\t\t\t<span class=\"elementor-icon-list-icon\">\n\t\t\t\t\t\t\t<svg aria-hidden=\"true\" class=\"e-font-icon-svg e-fas-arrow-circle-right\" viewBox=\"0 0 512 512\" xmlns=\"http:\/\/www.w3.org\/2000\/svg\"><path d=\"M256 8c137 0 248 111 248 248S393 504 256 504 8 393 8 256 119 8 256 8zm-28.9 143.6l75.5 72.4H120c-13.3 0-24 10.7-24 24v16c0 13.3 10.7 24 24 24h182.6l-75.5 72.4c-9.7 9.3-9.9 24.8-.4 34.3l11 10.9c9.4 9.4 24.6 9.4 33.9 0L404.3 273c9.4-9.4 9.4-24.6 0-33.9L271.6 106.3c-9.4-9.4-24.6-9.4-33.9 0l-11 10.9c-9.5 9.6-9.3 25.1.4 34.4z\"><\/path><\/svg>\t\t\t\t\t\t<\/span>\n\t\t\t\t\t\t\t\t\t\t<span class=\"elementor-icon-list-text\">\u017arod\u0142o: portal PIIB<\/span>\n\t\t\t\t\t\t\t\t\t\t\t<\/a>\n\t\t\t\t\t\t\t\t\t<\/li>\n\t\t\t\t\t\t<\/ul>\n\t\t\t\t\t\t<\/div>\n\t\t\t\t\t<\/div>\n\t\t\t\t<\/div>\n\t\t\t\t<\/div>\n\t\t","protected":false},"excerpt":{"rendered":"<p>Nowe uprawnienia dla in\u017cynier\u00f3w senior\u00f3w &#8211; zmiany w Statucie PIIB Strona g\u0142\u00f3wna \/ Cz\u0142onkostwo \/ Nowe uprawnienia dla in\u017cynier\u00f3w senior\u00f3w [&hellip;]<\/p>\n","protected":false},"author":1,"featured_media":0,"parent":0,"menu_order":0,"comment_status":"closed","ping_status":"closed","template":"","meta":{"site-sidebar-layout":"no-sidebar","site-content-layout":"","ast-site-content-layout":"full-width-container","site-content-style":"default","site-sidebar-style":"default","ast-global-header-display":"","ast-banner-title-visibility":"","ast-main-header-display":"","ast-hfb-above-header-display":"","ast-hfb-below-header-display":"","ast-hfb-mobile-header-display":"","site-post-title":"disabled","ast-breadcrumbs-content":"","ast-featured-img":"disabled","footer-sml-layout":"","ast-disable-related-posts":"","theme-transparent-header-meta":"","adv-header-id-meta":"","stick-header-meta":"","header-above-stick-meta":"","header-main-stick-meta":"","header-below-stick-meta":"","astra-migrate-meta-layouts":"default","ast-page-background-enabled":"default","ast-page-background-meta":{"desktop":{"background-color":"var(--ast-global-color-5)","background-image":"","background-repeat":"repeat","background-position":"center center","background-size":"auto","background-attachment":"scroll","background-type":"","background-media":"","overlay-type":"","overlay-color":"","overlay-opacity":"","overlay-gradient":""},"tablet":{"background-color":"","background-image":"","background-repeat":"repeat","background-position":"center center","background-size":"auto","background-attachment":"scroll","background-type":"","background-media":"","overlay-type":"","overlay-color":"","overlay-opacity":"","overlay-gradient":""},"mobile":{"background-color":"","background-image":"","background-repeat":"repeat","background-position":"center center","background-size":"auto","background-attachment":"scroll","background-type":"","background-media":"","overlay-type":"","overlay-color":"","overlay-opacity":"","overlay-gradient":""}},"ast-content-background-meta":{"desktop":{"background-color":"var(--ast-global-color-4)","background-image":"","background-repeat":"repeat","background-position":"center center","background-size":"auto","background-attachment":"scroll","background-type":"","background-media":"","overlay-type":"","overlay-color":"","overlay-opacity":"","overlay-gradient":""},"tablet":{"background-color":"var(--ast-global-color-4)","background-image":"","background-repeat":"repeat","background-position":"center center","background-size":"auto","background-attachment":"scroll","background-type":"","background-media":"","overlay-type":"","overlay-color":"","overlay-opacity":"","overlay-gradient":""},"mobile":{"background-color":"var(--ast-global-color-4)","background-image":"","background-repeat":"repeat","background-position":"center center","background-size":"auto","background-attachment":"scroll","background-type":"","background-media":"","overlay-type":"","overlay-color":"","overlay-opacity":"","overlay-gradient":""}},"footnotes":""},"class_list":["post-898","page","type-page","status-publish","hentry"],"yoast_head":"<!-- This site is optimized with the Yoast SEO plugin v27.5 - https:\/\/yoast.com\/product\/yoast-seo-wordpress\/ -->\n<title>Uprawnienia dla in\u017cynier\u00f3w senior\u00f3w - Podkarpacka Okregowa Izba Inzynierow Budownictwa<\/title>\n<meta name=\"description\" content=\"Uprawnienia dla in\u017cynier\u00f3w senior\u00f3w \u2013 informacje o mo\u017cliwo\u015bciach uzyskania uprawnie\u0144 budowlanych dla do\u015bwiadczonych in\u017cynier\u00f3w.\" \/>\n<meta name=\"robots\" content=\"index, follow, max-snippet:-1, max-image-preview:large, max-video-preview:-1\" \/>\n<link rel=\"canonical\" href=\"https:\/\/inzynier.rzeszow.pl\/index.php\/uprawnienia-dla-inzynierow-seniorow\/\" \/>\n<meta property=\"og:locale\" content=\"pl_PL\" \/>\n<meta property=\"og:type\" content=\"article\" \/>\n<meta property=\"og:title\" content=\"Uprawnienia dla in\u017cynier\u00f3w senior\u00f3w - Podkarpacka Okregowa Izba Inzynierow Budownictwa\" \/>\n<meta property=\"og:description\" content=\"Uprawnienia dla in\u017cynier\u00f3w senior\u00f3w \u2013 informacje o mo\u017cliwo\u015bciach uzyskania uprawnie\u0144 budowlanych dla do\u015bwiadczonych in\u017cynier\u00f3w.\" \/>\n<meta property=\"og:url\" content=\"https:\/\/inzynier.rzeszow.pl\/index.php\/uprawnienia-dla-inzynierow-seniorow\/\" \/>\n<meta property=\"og:site_name\" content=\"Podkarpacka Okregowa Izba Inzynierow Budownictwa\" \/>\n<meta property=\"article:modified_time\" content=\"2026-03-15T10:25:46+00:00\" \/>\n<meta name=\"twitter:card\" content=\"summary_large_image\" \/>\n<meta name=\"twitter:label1\" content=\"Szacowany czas czytania\" \/>\n\t<meta name=\"twitter:data1\" content=\"2 minuty\" \/>\n<script type=\"application\/ld+json\" class=\"yoast-schema-graph\">{\"@context\":\"https:\\\/\\\/schema.org\",\"@graph\":[{\"@type\":\"WebPage\",\"@id\":\"https:\\\/\\\/inzynier.rzeszow.pl\\\/index.php\\\/uprawnienia-dla-inzynierow-seniorow\\\/\",\"url\":\"https:\\\/\\\/inzynier.rzeszow.pl\\\/index.php\\\/uprawnienia-dla-inzynierow-seniorow\\\/\",\"name\":\"Uprawnienia dla in\u017cynier\u00f3w senior\u00f3w - Podkarpacka Okregowa Izba Inzynierow Budownictwa\",\"isPartOf\":{\"@id\":\"https:\\\/\\\/inzynier.rzeszow.pl\\\/#website\"},\"datePublished\":\"2025-12-22T19:33:04+00:00\",\"dateModified\":\"2026-03-15T10:25:46+00:00\",\"description\":\"Uprawnienia dla in\u017cynier\u00f3w senior\u00f3w \u2013 informacje o mo\u017cliwo\u015bciach uzyskania uprawnie\u0144 budowlanych dla do\u015bwiadczonych in\u017cynier\u00f3w.\",\"breadcrumb\":{\"@id\":\"https:\\\/\\\/inzynier.rzeszow.pl\\\/index.php\\\/uprawnienia-dla-inzynierow-seniorow\\\/#breadcrumb\"},\"inLanguage\":\"pl-PL\",\"potentialAction\":[{\"@type\":\"ReadAction\",\"target\":[\"https:\\\/\\\/inzynier.rzeszow.pl\\\/index.php\\\/uprawnienia-dla-inzynierow-seniorow\\\/\"]}]},{\"@type\":\"BreadcrumbList\",\"@id\":\"https:\\\/\\\/inzynier.rzeszow.pl\\\/index.php\\\/uprawnienia-dla-inzynierow-seniorow\\\/#breadcrumb\",\"itemListElement\":[{\"@type\":\"ListItem\",\"position\":1,\"name\":\"Strona g\u0142\u00f3wna\",\"item\":\"https:\\\/\\\/inzynier.rzeszow.pl\\\/\"},{\"@type\":\"ListItem\",\"position\":2,\"name\":\"Uprawnienia dla in\u017cynier\u00f3w senior\u00f3w\"}]},{\"@type\":\"WebSite\",\"@id\":\"https:\\\/\\\/inzynier.rzeszow.pl\\\/#website\",\"url\":\"https:\\\/\\\/inzynier.rzeszow.pl\\\/\",\"name\":\"Podkarpacka Okregowa Izba Inzynierow Budownictwa\",\"description\":\"\",\"potentialAction\":[{\"@type\":\"SearchAction\",\"target\":{\"@type\":\"EntryPoint\",\"urlTemplate\":\"https:\\\/\\\/inzynier.rzeszow.pl\\\/?s={search_term_string}\"},\"query-input\":{\"@type\":\"PropertyValueSpecification\",\"valueRequired\":true,\"valueName\":\"search_term_string\"}}],\"inLanguage\":\"pl-PL\"}]}<\/script>\n<!-- \/ Yoast SEO plugin. -->","yoast_head_json":{"title":"Uprawnienia dla in\u017cynier\u00f3w senior\u00f3w - Podkarpacka Okregowa Izba Inzynierow Budownictwa","description":"Uprawnienia dla in\u017cynier\u00f3w senior\u00f3w \u2013 informacje o mo\u017cliwo\u015bciach uzyskania uprawnie\u0144 budowlanych dla do\u015bwiadczonych in\u017cynier\u00f3w.","robots":{"index":"index","follow":"follow","max-snippet":"max-snippet:-1","max-image-preview":"max-image-preview:large","max-video-preview":"max-video-preview:-1"},"canonical":"https:\/\/inzynier.rzeszow.pl\/index.php\/uprawnienia-dla-inzynierow-seniorow\/","og_locale":"pl_PL","og_type":"article","og_title":"Uprawnienia dla in\u017cynier\u00f3w senior\u00f3w - Podkarpacka Okregowa Izba Inzynierow Budownictwa","og_description":"Uprawnienia dla in\u017cynier\u00f3w senior\u00f3w \u2013 informacje o mo\u017cliwo\u015bciach uzyskania uprawnie\u0144 budowlanych dla do\u015bwiadczonych in\u017cynier\u00f3w.","og_url":"https:\/\/inzynier.rzeszow.pl\/index.php\/uprawnienia-dla-inzynierow-seniorow\/","og_site_name":"Podkarpacka Okregowa Izba Inzynierow Budownictwa","article_modified_time":"2026-03-15T10:25:46+00:00","twitter_card":"summary_large_image","twitter_misc":{"Szacowany czas czytania":"2 minuty"},"schema":{"@context":"https:\/\/schema.org","@graph":[{"@type":"WebPage","@id":"https:\/\/inzynier.rzeszow.pl\/index.php\/uprawnienia-dla-inzynierow-seniorow\/","url":"https:\/\/inzynier.rzeszow.pl\/index.php\/uprawnienia-dla-inzynierow-seniorow\/","name":"Uprawnienia dla in\u017cynier\u00f3w senior\u00f3w - Podkarpacka Okregowa Izba Inzynierow Budownictwa","isPartOf":{"@id":"https:\/\/inzynier.rzeszow.pl\/#website"},"datePublished":"2025-12-22T19:33:04+00:00","dateModified":"2026-03-15T10:25:46+00:00","description":"Uprawnienia dla in\u017cynier\u00f3w senior\u00f3w \u2013 informacje o mo\u017cliwo\u015bciach uzyskania uprawnie\u0144 budowlanych dla do\u015bwiadczonych in\u017cynier\u00f3w.","breadcrumb":{"@id":"https:\/\/inzynier.rzeszow.pl\/index.php\/uprawnienia-dla-inzynierow-seniorow\/#breadcrumb"},"inLanguage":"pl-PL","potentialAction":[{"@type":"ReadAction","target":["https:\/\/inzynier.rzeszow.pl\/index.php\/uprawnienia-dla-inzynierow-seniorow\/"]}]},{"@type":"BreadcrumbList","@id":"https:\/\/inzynier.rzeszow.pl\/index.php\/uprawnienia-dla-inzynierow-seniorow\/#breadcrumb","itemListElement":[{"@type":"ListItem","position":1,"name":"Strona g\u0142\u00f3wna","item":"https:\/\/inzynier.rzeszow.pl\/"},{"@type":"ListItem","position":2,"name":"Uprawnienia dla in\u017cynier\u00f3w senior\u00f3w"}]},{"@type":"WebSite","@id":"https:\/\/inzynier.rzeszow.pl\/#website","url":"https:\/\/inzynier.rzeszow.pl\/","name":"Podkarpacka Okregowa Izba Inzynierow Budownictwa","description":"","potentialAction":[{"@type":"SearchAction","target":{"@type":"EntryPoint","urlTemplate":"https:\/\/inzynier.rzeszow.pl\/?s={search_term_string}"},"query-input":{"@type":"PropertyValueSpecification","valueRequired":true,"valueName":"search_term_string"}}],"inLanguage":"pl-PL"}]}},"rttpg_featured_image_url":null,"rttpg_author":{"display_name":"admin","author_link":"https:\/\/inzynier.rzeszow.pl\/index.php\/author\/kwojcik\/"},"rttpg_comment":0,"rttpg_category":null,"rttpg_excerpt":"Nowe uprawnienia dla in\u017cynier\u00f3w senior\u00f3w &#8211; zmiany w Statucie PIIB Strona g\u0142\u00f3wna \/ Cz\u0142onkostwo \/ Nowe uprawnienia dla in\u017cynier\u00f3w senior\u00f3w [&hellip;]","_links":{"self":[{"href":"https:\/\/inzynier.rzeszow.pl\/index.php\/wp-json\/wp\/v2\/pages\/898","targetHints":{"allow":["GET"]}}],"collection":[{"href":"https:\/\/inzynier.rzeszow.pl\/index.php\/wp-json\/wp\/v2\/pages"}],"about":[{"href":"https:\/\/inzynier.rzeszow.pl\/index.php\/wp-json\/wp\/v2\/types\/page"}],"author":[{"embeddable":true,"href":"https:\/\/inzynier.rzeszow.pl\/index.php\/wp-json\/wp\/v2\/users\/1"}],"replies":[{"embeddable":true,"href":"https:\/\/inzynier.rzeszow.pl\/index.php\/wp-json\/wp\/v2\/comments?post=898"}],"version-history":[{"count":7,"href":"https:\/\/inzynier.rzeszow.pl\/index.php\/wp-json\/wp\/v2\/pages\/898\/revisions"}],"predecessor-version":[{"id":5080,"href":"https:\/\/inzynier.rzeszow.pl\/index.php\/wp-json\/wp\/v2\/pages\/898\/revisions\/5080"}],"wp:attachment":[{"href":"https:\/\/inzynier.rzeszow.pl\/index.php\/wp-json\/wp\/v2\/media?parent=898"}],"curies":[{"name":"wp","href":"https:\/\/api.w.org\/{rel}","templated":true}]}}