{"id":887,"date":"2025-12-22T19:20:52","date_gmt":"2025-12-22T19:20:52","guid":{"rendered":"https:\/\/migracja.inzynier.rzeszow.pl\/?page_id=887"},"modified":"2026-03-15T11:12:34","modified_gmt":"2026-03-15T10:12:34","slug":"skladki","status":"publish","type":"page","link":"https:\/\/inzynier.rzeszow.pl\/index.php\/skladki\/","title":{"rendered":"Sk\u0142adki"},"content":{"rendered":"\t\t<div data-elementor-type=\"wp-page\" data-elementor-id=\"887\" class=\"elementor elementor-887\" data-elementor-post-type=\"page\">\n\t\t\t\t<div class=\"elementor-element elementor-element-c6ddcf0 e-flex e-con-boxed e-con e-parent\" data-id=\"c6ddcf0\" data-element_type=\"container\" data-e-type=\"container\" data-settings=\"{&quot;background_background&quot;:&quot;classic&quot;}\">\n\t\t\t\t\t<div class=\"e-con-inner\">\n\t\t<div class=\"elementor-element elementor-element-f90288b e-con-full e-flex e-con e-child\" data-id=\"f90288b\" data-element_type=\"container\" data-e-type=\"container\" data-settings=\"{&quot;background_background&quot;:&quot;classic&quot;}\">\n\t\t\t\t<div class=\"elementor-element elementor-element-63fce6b elementor-widget elementor-widget-heading\" data-id=\"63fce6b\" data-element_type=\"widget\" data-e-type=\"widget\" data-widget_type=\"heading.default\">\n\t\t\t\t\t<h1 class=\"elementor-heading-title elementor-size-default\">Sk\u0142adki cz\u0142onkowskie i op\u0142ata ubezpieczeniowa<\/h1>\t\t\t\t<\/div>\n\t\t\t\t<\/div>\n\t\t\t\t\t<\/div>\n\t\t\t\t<\/div>\n\t\t<div class=\"elementor-element elementor-element-b79ae22 e-flex e-con-boxed e-con e-parent\" data-id=\"b79ae22\" data-element_type=\"container\" data-e-type=\"container\">\n\t\t\t\t\t<div class=\"e-con-inner\">\n\t\t\t\t<div class=\"elementor-element elementor-element-7249e99 elementor-widget elementor-widget-text-editor\" data-id=\"7249e99\" data-element_type=\"widget\" data-e-type=\"widget\" data-widget_type=\"text-editor.default\">\n\t\t\t\t\t\t\t\t\t<p><a href=\"https:\/\/inzynier.rzeszow.pl\">Strona g\u0142\u00f3wna <\/a>\/ <a href=\"https:\/\/inzynier.rzeszow.pl\/index.php\/czlonkostwo\/\">Cz\u0142onkostwo<\/a> \/ <a href=\"https:\/\/inzynier.rzeszow.pl\/index.php\/skladki\/\">Sk\u0142adki<\/a><\/p>\t\t\t\t\t\t\t\t<\/div>\n\t\t\t\t\t<\/div>\n\t\t\t\t<\/div>\n\t\t<div class=\"elementor-element elementor-element-b0488a7 e-flex e-con-boxed e-con e-child\" data-id=\"b0488a7\" data-element_type=\"container\" data-e-type=\"container\">\n\t\t\t\t\t<div class=\"e-con-inner\">\n\t\t\t\t<div class=\"elementor-element elementor-element-81a4a87 elementor-widget elementor-widget-text-editor\" data-id=\"81a4a87\" data-element_type=\"widget\" data-e-type=\"widget\" data-widget_type=\"text-editor.default\">\n\t\t\t\t\t\t\t\t\t<p>Przypominamy, \u017ce ka\u017cdy cz\u0142onek Okr\u0119gowej Izby In\u017cynier\u00f3w Budownictwa, zgodnie z art. 41 pkt. 4 Ustawy z dnia 15 grudnia 2000 r. o\u00a0samorz\u0105dach zawodowych architekt\u00f3w oraz\u00a0in\u017cynier\u00f3w budownictwa, obowi\u0105zany jest do\u00a0<strong>regularnego i terminowego<\/strong>\u00a0op\u0142acania sk\u0142adek cz\u0142onkowskich. Zach\u0119camy naszych cz\u0142onk\u00f3w do pobrania na telefon\u00a0<a href=\"https:\/\/www.piib.org.pl\/dla-czlonkow\/aplikacje-piib\" target=\"_blank\" rel=\"noopener\">aplikacji PIIB<\/a>, kt\u00f3ra b\u0119dzie pomocna nie tylko w zakresie op\u0142at, ale jest to kompendium wiedzy o sprawach Izbowych.<\/p>\t\t\t\t\t\t\t\t<\/div>\n\t\t<div class=\"elementor-element elementor-element-a54540e e-con-full e-flex e-con e-child\" data-id=\"a54540e\" data-element_type=\"container\" data-e-type=\"container\" data-settings=\"{&quot;background_background&quot;:&quot;classic&quot;}\">\n\t\t\t\t<div class=\"elementor-element elementor-element-7987aa5 elementor-widget elementor-widget-heading\" data-id=\"7987aa5\" data-element_type=\"widget\" data-e-type=\"widget\" data-widget_type=\"heading.default\">\n\t\t\t\t\t<h2 class=\"elementor-heading-title elementor-size-default\">Komunikat o sk\u0142adkach cz\u0142onkowskich i op\u0142acie na obowi\u0105zkowe ubezpieczenie OC w roku 2026<\/h2>\t\t\t\t<\/div>\n\t\t\t\t<\/div>\n\t\t\t\t<div class=\"elementor-element elementor-element-a9a2cf4 elementor-widget elementor-widget-text-editor\" data-id=\"a9a2cf4\" data-element_type=\"widget\" data-e-type=\"widget\" data-widget_type=\"text-editor.default\">\n\t\t\t\t\t\t\t\t\t<p>Terminy p\u0142atno\u015bci i przydatne informacje dotycz\u0105ce sk\u0142adek cz\u0142onkowskich, obowi\u0105zkowego ubezpieczenia OC oraz spersonalizowanych blankiet\u00f3w op\u0142at.<\/p><p><strong>Sk\u0142adki cz\u0142onkowskie<\/strong><\/p><p>Zgodnie z aktualnymi Zasadami gospodarki finansowej Polskiej Izby In\u017cynier\u00f3w Budownictwa przyj\u0119tymi uchwa\u0142\u0105 Nr <a href=\"https:\/\/www.piib.org.pl\/organy\/krajowy-zjazd-delegatow\/ukz\/uchwaly-xxiii-krajowego-zjazdu-piib\/5425-uchwala-nr-piib-kz-0026-2024-xxiii-krajowego-zjazdu-polskiej-izby-inzynierow-budownictwa-z-dnia-14-czerwca-2024-r-zmieniajaca-uchwale-w-sprawie-ustalenia-zasad-gospodarki-finansowej-polskiej-izby-inzynierow-budownictwa\" target=\"_blank\" rel=\"noopener\">PIIB\/KZ\/0026\/2024<\/a> XXIII Krajowego Zjazdu z dnia 14 czerwca 2024\u00a0r. wysoko\u015b\u0107 rocznych sk\u0142adek cz\u0142onkowskich okre\u015blana jest w wysoko\u015bci 8% (sk\u0142adka na rzecz okr\u0119gowej izby) i 2% (sk\u0142adka na rzecz Krajowej Izby) przeci\u0119tnego wynagrodzenia krajowego w sektorze przedsi\u0119biorstw bez nagr\u00f3d z zysku w trzecim kwartale ubieg\u0142ego roku og\u0142aszanego w obwieszczeniu Prezesa G\u0142\u00f3wnego Urz\u0119du Statystycznego i jest wnoszona za ca\u0142y rok na\u00a0indywidualny dla ka\u017cdego cz\u0142onka rachunek bankowy Krajowej Izby, <strong>w\u00a0terminie do\u00a0dnia 15 grudnia 2025 r<\/strong>.<\/p><p>Zgodnie z \u00a711a ust. 1 i 2 aktualnych Zasad gospodarki finansowej PIIB Krajowa Rada corocznie wylicza, z\u00a0zaokr\u0105gleniem, w\u00a0d\u00f3\u0142 do\u00a0najbli\u017cszej liczby ca\u0142kowitej podzielnej przez 12, do\u00a0pe\u0142nych z\u0142otych, wysoko\u015b\u0107 sk\u0142adek obowi\u0105zuj\u0105cych od 1 stycznia nast\u0119pnego roku kalendarzowego i\u00a0og\u0142asza je na\u00a0stronie internetowej <a href=\"http:\/\/www.piib.org.pl\/\">www.piib.org.pl<\/a>. Krajowa Rada PIIB wyliczy\u0142a i w uchwale\u00a0<a href=\"https:\/\/www.piib.org.pl\/organy\/krajowa-rada\/ukr\/uchwaly-krajowej-rady-piib-2025-r\/5735-uchwala-nr-piib-kr-0038-2025-krajowej-rady-polskiej-izby-inzynierow-budownictwa-z-dnia-29-pazdziernika-2025-r-w-sprawie-wysokosci-skladek-czlonkowskich-i-oplat-na-rok-2026\" target=\"_blank\" rel=\"noopener\">PIIB\/KR\/0038\/2025<\/a> poda\u0142a nast\u0119puj\u0105c\u0105 wysoko\u015b\u0107 sk\u0142adek cz\u0142onkowskich:<br \/>&#8211; roczna sk\u0142adka cz\u0142onkowska\u00a0<strong>na rzecz okr\u0119gowej izby, w wysoko\u015bci 708 z\u0142 za rok<\/strong>;<br \/>&#8211; roczna sk\u0142adka cz\u0142onkowska<strong>\u00a0na rzecz Krajowej Izby, w wysoko\u015bci 168 z\u0142 za rok<\/strong> (sk\u0142adk\u0119 na izb\u0119 krajow\u0105 nale\u017cy op\u0142aca\u0107 \u0142\u0105cznie z op\u0142at\u0105 na ubezpieczenie OC);<\/p><p>Sk\u0142adki roczne wnosi si\u0119 jednorazowo <strong>bez mo\u017cliwo\u015bci p\u0142atno\u015bci w ratach<\/strong>.<\/p>\t\t\t\t\t\t\t\t<\/div>\n\t\t\t\t<div class=\"elementor-element elementor-element-ac4af0b elementor-widget__width-inherit elementor-icon-list--layout-traditional elementor-list-item-link-full_width elementor-widget elementor-widget-icon-list\" data-id=\"ac4af0b\" data-element_type=\"widget\" data-e-type=\"widget\" data-widget_type=\"icon-list.default\">\n\t\t\t\t\t\t\t<ul class=\"elementor-icon-list-items\">\n\t\t\t\t\t\t\t<li class=\"elementor-icon-list-item\">\n\t\t\t\t\t\t\t\t\t\t\t<a href=\"https:\/\/www.piib.org.pl\/aktualnosci\/komunikaty-dla-czlonkow\/5740-komunikat-o-skladkach-czlonkowskich-i-oplacie-na-obowiazkowe-ubezpieczenie-oc-w-roku-2026\" target=\"_blank\">\n\n\t\t\t\t\t\t\t\t\t\t\t\t<span class=\"elementor-icon-list-icon\">\n\t\t\t\t\t\t\t<svg aria-hidden=\"true\" class=\"e-font-icon-svg e-fas-arrow-circle-right\" viewBox=\"0 0 512 512\" xmlns=\"http:\/\/www.w3.org\/2000\/svg\"><path d=\"M256 8c137 0 248 111 248 248S393 504 256 504 8 393 8 256 119 8 256 8zm-28.9 143.6l75.5 72.4H120c-13.3 0-24 10.7-24 24v16c0 13.3 10.7 24 24 24h182.6l-75.5 72.4c-9.7 9.3-9.9 24.8-.4 34.3l11 10.9c9.4 9.4 24.6 9.4 33.9 0L404.3 273c9.4-9.4 9.4-24.6 0-33.9L271.6 106.3c-9.4-9.4-24.6-9.4-33.9 0l-11 10.9c-9.5 9.6-9.3 25.1.4 34.4z\"><\/path><\/svg>\t\t\t\t\t\t<\/span>\n\t\t\t\t\t\t\t\t\t\t<span class=\"elementor-icon-list-text\">Wi\u0119cej<\/span>\n\t\t\t\t\t\t\t\t\t\t\t<\/a>\n\t\t\t\t\t\t\t\t\t<\/li>\n\t\t\t\t\t\t<\/ul>\n\t\t\t\t\t\t<\/div>\n\t\t<div class=\"elementor-element elementor-element-1e3a6aa e-con-full e-flex e-con e-child\" data-id=\"1e3a6aa\" data-element_type=\"container\" data-e-type=\"container\" data-settings=\"{&quot;background_background&quot;:&quot;classic&quot;}\">\n\t\t\t\t<div class=\"elementor-element elementor-element-3fd1eef elementor-widget elementor-widget-heading\" data-id=\"3fd1eef\" data-element_type=\"widget\" data-e-type=\"widget\" data-widget_type=\"heading.default\">\n\t\t\t\t\t<h2 class=\"elementor-heading-title elementor-size-default\">Nowe uprawnienia dla in\u017cynier\u00f3w senior\u00f3w - zmiany w Statucie PIIB<\/h2>\t\t\t\t<\/div>\n\t\t\t\t<\/div>\n\t\t\t\t<div class=\"elementor-element elementor-element-cbbedf8 elementor-widget elementor-widget-text-editor\" data-id=\"cbbedf8\" data-element_type=\"widget\" data-e-type=\"widget\" data-widget_type=\"text-editor.default\">\n\t\t\t\t\t\t\t\t\t<p>Podczas\u00a0<strong>XXIV Krajowego Zjazdu Sprawozdawczego Polskiej Izby In\u017cynier\u00f3w Budownictwa<\/strong>, kt\u00f3ry odby\u0142 si\u0119 w dniach\u00a0<strong>13\u201314 czerwca 2025 r.<\/strong>, podj\u0119to uchwa\u0142\u0119 o zmianach w Statucie dotycz\u0105cych statusu in\u017cyniera seniora.<\/p><p>Zgodnie z nowym\u00a0<strong>art. 4a Statutu<\/strong>, kt\u00f3ry wejdzie w \u017cycie\u00a0<strong>1 stycznia 2026 r.<\/strong>, cz\u0142onek samorz\u0105du zawodowego in\u017cynier\u00f3w budownictwa, kt\u00f3ry:<br \/>&#8211; posiada co najmniej<strong>\u00a010-letni okres czynnego cz\u0142onkostwa<\/strong>\u00a0(potwierdzony op\u0142acaniem sk\u0142adek cz\u0142onkowskich),<br \/>&#8211; uzyska\u0142<strong>\u00a0prawo do emerytury lub renty<\/strong>,<br \/><strong>&#8211; zaprzesta\u0142 wykonywania samodzielnych funkcji technicznych w budownictwie<\/strong><\/p><p>mo\u017ce,\u00a0<strong>na wniosek<\/strong>, zrezygnowa\u0107 z cz\u0142onkostwa w okr\u0119gowej izbie i na podstawie uchwa\u0142y okr\u0119gowej rady izby w\u0142a\u015bciwej miejscowo dla jego miejsca zamieszkania,\u00a0<strong>uzyska\u0107 wpis na list\u0119 in\u017cynier\u00f3w senior\u00f3w<\/strong>.<\/p>\t\t\t\t\t\t\t\t<\/div>\n\t\t\t\t<div class=\"elementor-element elementor-element-b57ea08 elementor-widget__width-inherit elementor-icon-list--layout-traditional elementor-list-item-link-full_width elementor-widget elementor-widget-icon-list\" data-id=\"b57ea08\" data-element_type=\"widget\" data-e-type=\"widget\" data-widget_type=\"icon-list.default\">\n\t\t\t\t\t\t\t<ul class=\"elementor-icon-list-items\">\n\t\t\t\t\t\t\t<li class=\"elementor-icon-list-item\">\n\t\t\t\t\t\t\t\t\t\t\t<a href=\"https:\/\/www.piib.org.pl\/aktualnosci\/informacje-biezace\/5693-nowe-uprawnienia-dla-inzynierow-seniorow-zmiany-w-statucie-piib\" target=\"_blank\">\n\n\t\t\t\t\t\t\t\t\t\t\t\t<span class=\"elementor-icon-list-icon\">\n\t\t\t\t\t\t\t<svg aria-hidden=\"true\" class=\"e-font-icon-svg e-fas-arrow-circle-right\" viewBox=\"0 0 512 512\" xmlns=\"http:\/\/www.w3.org\/2000\/svg\"><path d=\"M256 8c137 0 248 111 248 248S393 504 256 504 8 393 8 256 119 8 256 8zm-28.9 143.6l75.5 72.4H120c-13.3 0-24 10.7-24 24v16c0 13.3 10.7 24 24 24h182.6l-75.5 72.4c-9.7 9.3-9.9 24.8-.4 34.3l11 10.9c9.4 9.4 24.6 9.4 33.9 0L404.3 273c9.4-9.4 9.4-24.6 0-33.9L271.6 106.3c-9.4-9.4-24.6-9.4-33.9 0l-11 10.9c-9.5 9.6-9.3 25.1.4 34.4z\"><\/path><\/svg>\t\t\t\t\t\t<\/span>\n\t\t\t\t\t\t\t\t\t\t<span class=\"elementor-icon-list-text\">Wi\u0119cej<\/span>\n\t\t\t\t\t\t\t\t\t\t\t<\/a>\n\t\t\t\t\t\t\t\t\t<\/li>\n\t\t\t\t\t\t<\/ul>\n\t\t\t\t\t\t<\/div>\n\t\t\t\t<div class=\"elementor-element elementor-element-c4e654b elementor-widget__width-inherit elementor-icon-list--layout-traditional elementor-list-item-link-full_width elementor-widget elementor-widget-icon-list\" data-id=\"c4e654b\" data-element_type=\"widget\" data-e-type=\"widget\" data-widget_type=\"icon-list.default\">\n\t\t\t\t\t\t\t<ul class=\"elementor-icon-list-items\">\n\t\t\t\t\t\t\t<li class=\"elementor-icon-list-item\">\n\t\t\t\t\t\t\t\t\t\t\t<a href=\"http:\/\/www.piib.org.pl\/index.php?option=com_wrapper&#038;Itemid=45\" target=\"_blank\">\n\n\t\t\t\t\t\t\t\t\t\t\t\t<span class=\"elementor-icon-list-icon\">\n\t\t\t\t\t\t\t<svg aria-hidden=\"true\" class=\"e-font-icon-svg e-fas-arrow-circle-right\" viewBox=\"0 0 512 512\" xmlns=\"http:\/\/www.w3.org\/2000\/svg\"><path d=\"M256 8c137 0 248 111 248 248S393 504 256 504 8 393 8 256 119 8 256 8zm-28.9 143.6l75.5 72.4H120c-13.3 0-24 10.7-24 24v16c0 13.3 10.7 24 24 24h182.6l-75.5 72.4c-9.7 9.3-9.9 24.8-.4 34.3l11 10.9c9.4 9.4 24.6 9.4 33.9 0L404.3 273c9.4-9.4 9.4-24.6 0-33.9L271.6 106.3c-9.4-9.4-24.6-9.4-33.9 0l-11 10.9c-9.5 9.6-9.3 25.1.4 34.4z\"><\/path><\/svg>\t\t\t\t\t\t<\/span>\n\t\t\t\t\t\t\t\t\t\t<span class=\"elementor-icon-list-text\">LISTA CZ\u0141ONK\u00d3W - INDYWIDUALNE NUMERY KONT<\/span>\n\t\t\t\t\t\t\t\t\t\t\t<\/a>\n\t\t\t\t\t\t\t\t\t<\/li>\n\t\t\t\t\t\t<\/ul>\n\t\t\t\t\t\t<\/div>\n\t\t\t\t<div class=\"elementor-element elementor-element-2dfe7fa elementor-widget elementor-widget-text-editor\" data-id=\"2dfe7fa\" data-element_type=\"widget\" data-e-type=\"widget\" data-widget_type=\"text-editor.default\">\n\t\t\t\t\t\t\t\t\t<p align=\"justify\">Za\u015bwiadczenie o posiadanych sk\u0142adkach i op\u0142aceniu ubezpieczenia OC, dost\u0119pne s\u0105 na stronie krajowej PIIB, dopiero po zaksi\u0119gowaniu p\u0142atno\u015bci w prawid\u0142owej wysoko\u015bci i na w\u0142a\u015bciwe konta. Za\u015bwiadczenie pojawia si\u0119 w panelu PIIB po z\u0142o\u017ceniu certyfikowanego podpisu elektronicznego przez Przewodnicz\u0105cego Okr\u0119gowej Rady w\u0142a\u015bciwej izby (w tym przypadku PDK OIIB).<\/p><p>Z\u0142o\u017cony podpis to warunek konieczny by m\u00f3c je pobra\u0107 przy pomocy spersonalizowanych parametr\u00f3w logowania tj. loginu (numer cz\u0142onkowski) oraz indywidulnie ustalonego przez Pa\u0144stwa has\u0142a.<\/p>\t\t\t\t\t\t\t\t<\/div>\n\t\t\t\t<div class=\"elementor-element elementor-element-02addd7 elementor-widget__width-inherit elementor-icon-list--layout-traditional elementor-list-item-link-full_width elementor-widget elementor-widget-icon-list\" data-id=\"02addd7\" data-element_type=\"widget\" data-e-type=\"widget\" data-widget_type=\"icon-list.default\">\n\t\t\t\t\t\t\t<ul class=\"elementor-icon-list-items\">\n\t\t\t\t\t\t\t<li class=\"elementor-icon-list-item\">\n\t\t\t\t\t\t\t\t\t\t\t<a href=\"https:\/\/inzynier.rzeszow.pl\/download\/czlonkostwo\/PDK-zasw-KKB.jpg\" target=\"_blank\">\n\n\t\t\t\t\t\t\t\t\t\t\t\t<span class=\"elementor-icon-list-icon\">\n\t\t\t\t\t\t\t<svg aria-hidden=\"true\" class=\"e-font-icon-svg e-fas-arrow-circle-right\" viewBox=\"0 0 512 512\" xmlns=\"http:\/\/www.w3.org\/2000\/svg\"><path d=\"M256 8c137 0 248 111 248 248S393 504 256 504 8 393 8 256 119 8 256 8zm-28.9 143.6l75.5 72.4H120c-13.3 0-24 10.7-24 24v16c0 13.3 10.7 24 24 24h182.6l-75.5 72.4c-9.7 9.3-9.9 24.8-.4 34.3l11 10.9c9.4 9.4 24.6 9.4 33.9 0L404.3 273c9.4-9.4 9.4-24.6 0-33.9L271.6 106.3c-9.4-9.4-24.6-9.4-33.9 0l-11 10.9c-9.5 9.6-9.3 25.1.4 34.4z\"><\/path><\/svg>\t\t\t\t\t\t<\/span>\n\t\t\t\t\t\t\t\t\t\t<span class=\"elementor-icon-list-text\">Wz\u00f3r<\/span>\n\t\t\t\t\t\t\t\t\t\t\t<\/a>\n\t\t\t\t\t\t\t\t\t<\/li>\n\t\t\t\t\t\t<\/ul>\n\t\t\t\t\t\t<\/div>\n\t\t\t\t\t<\/div>\n\t\t\t\t<\/div>\n\t\t\t\t<\/div>\n\t\t","protected":false},"excerpt":{"rendered":"<p>Sk\u0142adki cz\u0142onkowskie i op\u0142ata ubezpieczeniowa Strona g\u0142\u00f3wna \/ Cz\u0142onkostwo \/ Sk\u0142adki Przypominamy, \u017ce ka\u017cdy cz\u0142onek Okr\u0119gowej Izby In\u017cynier\u00f3w Budownictwa, zgodnie [&hellip;]<\/p>\n","protected":false},"author":1,"featured_media":0,"parent":0,"menu_order":0,"comment_status":"closed","ping_status":"closed","template":"","meta":{"site-sidebar-layout":"no-sidebar","site-content-layout":"","ast-site-content-layout":"full-width-container","site-content-style":"default","site-sidebar-style":"default","ast-global-header-display":"","ast-banner-title-visibility":"","ast-main-header-display":"","ast-hfb-above-header-display":"","ast-hfb-below-header-display":"","ast-hfb-mobile-header-display":"","site-post-title":"disabled","ast-breadcrumbs-content":"","ast-featured-img":"disabled","footer-sml-layout":"","ast-disable-related-posts":"","theme-transparent-header-meta":"","adv-header-id-meta":"","stick-header-meta":"","header-above-stick-meta":"","header-main-stick-meta":"","header-below-stick-meta":"","astra-migrate-meta-layouts":"default","ast-page-background-enabled":"default","ast-page-background-meta":{"desktop":{"background-color":"var(--ast-global-color-5)","background-image":"","background-repeat":"repeat","background-position":"center center","background-size":"auto","background-attachment":"scroll","background-type":"","background-media":"","overlay-type":"","overlay-color":"","overlay-opacity":"","overlay-gradient":""},"tablet":{"background-color":"","background-image":"","background-repeat":"repeat","background-position":"center center","background-size":"auto","background-attachment":"scroll","background-type":"","background-media":"","overlay-type":"","overlay-color":"","overlay-opacity":"","overlay-gradient":""},"mobile":{"background-color":"","background-image":"","background-repeat":"repeat","background-position":"center center","background-size":"auto","background-attachment":"scroll","background-type":"","background-media":"","overlay-type":"","overlay-color":"","overlay-opacity":"","overlay-gradient":""}},"ast-content-background-meta":{"desktop":{"background-color":"var(--ast-global-color-4)","background-image":"","background-repeat":"repeat","background-position":"center center","background-size":"auto","background-attachment":"scroll","background-type":"","background-media":"","overlay-type":"","overlay-color":"","overlay-opacity":"","overlay-gradient":""},"tablet":{"background-color":"var(--ast-global-color-4)","background-image":"","background-repeat":"repeat","background-position":"center center","background-size":"auto","background-attachment":"scroll","background-type":"","background-media":"","overlay-type":"","overlay-color":"","overlay-opacity":"","overlay-gradient":""},"mobile":{"background-color":"var(--ast-global-color-4)","background-image":"","background-repeat":"repeat","background-position":"center center","background-size":"auto","background-attachment":"scroll","background-type":"","background-media":"","overlay-type":"","overlay-color":"","overlay-opacity":"","overlay-gradient":""}},"footnotes":""},"class_list":["post-887","page","type-page","status-publish","hentry"],"yoast_head":"<!-- This site is optimized with the Yoast SEO plugin v27.5 - https:\/\/yoast.com\/product\/yoast-seo-wordpress\/ -->\n<title>Sk\u0142adki - Podkarpacka Okregowa Izba Inzynierow Budownictwa<\/title>\n<meta name=\"description\" content=\"Sk\u0142adki cz\u0142onkowskie PDK OIIB \u2013 informacje o wysoko\u015bci i zasadach op\u0142acania sk\u0142adek w Podkarpackiej Okr\u0119gowej Izbie In\u017cynier\u00f3w Budownictwa.\" \/>\n<meta name=\"robots\" content=\"index, follow, max-snippet:-1, max-image-preview:large, max-video-preview:-1\" \/>\n<link rel=\"canonical\" href=\"https:\/\/inzynier.rzeszow.pl\/index.php\/skladki\/\" \/>\n<meta property=\"og:locale\" content=\"pl_PL\" \/>\n<meta property=\"og:type\" content=\"article\" \/>\n<meta property=\"og:title\" content=\"Sk\u0142adki - Podkarpacka Okregowa Izba Inzynierow Budownictwa\" \/>\n<meta property=\"og:description\" content=\"Sk\u0142adki cz\u0142onkowskie PDK OIIB \u2013 informacje o wysoko\u015bci i zasadach op\u0142acania sk\u0142adek w Podkarpackiej Okr\u0119gowej Izbie In\u017cynier\u00f3w Budownictwa.\" \/>\n<meta property=\"og:url\" content=\"https:\/\/inzynier.rzeszow.pl\/index.php\/skladki\/\" \/>\n<meta property=\"og:site_name\" content=\"Podkarpacka Okregowa Izba Inzynierow Budownictwa\" \/>\n<meta property=\"article:modified_time\" content=\"2026-03-15T10:12:34+00:00\" \/>\n<meta name=\"twitter:card\" content=\"summary_large_image\" \/>\n<meta name=\"twitter:label1\" content=\"Szacowany czas czytania\" \/>\n\t<meta name=\"twitter:data1\" content=\"3 minuty\" \/>\n<script type=\"application\/ld+json\" class=\"yoast-schema-graph\">{\"@context\":\"https:\\\/\\\/schema.org\",\"@graph\":[{\"@type\":\"WebPage\",\"@id\":\"https:\\\/\\\/inzynier.rzeszow.pl\\\/index.php\\\/skladki\\\/\",\"url\":\"https:\\\/\\\/inzynier.rzeszow.pl\\\/index.php\\\/skladki\\\/\",\"name\":\"Sk\u0142adki - Podkarpacka Okregowa Izba Inzynierow Budownictwa\",\"isPartOf\":{\"@id\":\"https:\\\/\\\/inzynier.rzeszow.pl\\\/#website\"},\"datePublished\":\"2025-12-22T19:20:52+00:00\",\"dateModified\":\"2026-03-15T10:12:34+00:00\",\"description\":\"Sk\u0142adki cz\u0142onkowskie PDK OIIB \u2013 informacje o wysoko\u015bci i zasadach op\u0142acania sk\u0142adek w Podkarpackiej Okr\u0119gowej Izbie In\u017cynier\u00f3w Budownictwa.\",\"breadcrumb\":{\"@id\":\"https:\\\/\\\/inzynier.rzeszow.pl\\\/index.php\\\/skladki\\\/#breadcrumb\"},\"inLanguage\":\"pl-PL\",\"potentialAction\":[{\"@type\":\"ReadAction\",\"target\":[\"https:\\\/\\\/inzynier.rzeszow.pl\\\/index.php\\\/skladki\\\/\"]}]},{\"@type\":\"BreadcrumbList\",\"@id\":\"https:\\\/\\\/inzynier.rzeszow.pl\\\/index.php\\\/skladki\\\/#breadcrumb\",\"itemListElement\":[{\"@type\":\"ListItem\",\"position\":1,\"name\":\"Strona g\u0142\u00f3wna\",\"item\":\"https:\\\/\\\/inzynier.rzeszow.pl\\\/\"},{\"@type\":\"ListItem\",\"position\":2,\"name\":\"Sk\u0142adki\"}]},{\"@type\":\"WebSite\",\"@id\":\"https:\\\/\\\/inzynier.rzeszow.pl\\\/#website\",\"url\":\"https:\\\/\\\/inzynier.rzeszow.pl\\\/\",\"name\":\"Podkarpacka Okregowa Izba Inzynierow Budownictwa\",\"description\":\"\",\"potentialAction\":[{\"@type\":\"SearchAction\",\"target\":{\"@type\":\"EntryPoint\",\"urlTemplate\":\"https:\\\/\\\/inzynier.rzeszow.pl\\\/?s={search_term_string}\"},\"query-input\":{\"@type\":\"PropertyValueSpecification\",\"valueRequired\":true,\"valueName\":\"search_term_string\"}}],\"inLanguage\":\"pl-PL\"}]}<\/script>\n<!-- \/ Yoast SEO plugin. -->","yoast_head_json":{"title":"Sk\u0142adki - Podkarpacka Okregowa Izba Inzynierow Budownictwa","description":"Sk\u0142adki cz\u0142onkowskie PDK OIIB \u2013 informacje o wysoko\u015bci i zasadach op\u0142acania sk\u0142adek w Podkarpackiej Okr\u0119gowej Izbie In\u017cynier\u00f3w Budownictwa.","robots":{"index":"index","follow":"follow","max-snippet":"max-snippet:-1","max-image-preview":"max-image-preview:large","max-video-preview":"max-video-preview:-1"},"canonical":"https:\/\/inzynier.rzeszow.pl\/index.php\/skladki\/","og_locale":"pl_PL","og_type":"article","og_title":"Sk\u0142adki - Podkarpacka Okregowa Izba Inzynierow Budownictwa","og_description":"Sk\u0142adki cz\u0142onkowskie PDK OIIB \u2013 informacje o wysoko\u015bci i zasadach op\u0142acania sk\u0142adek w Podkarpackiej Okr\u0119gowej Izbie In\u017cynier\u00f3w Budownictwa.","og_url":"https:\/\/inzynier.rzeszow.pl\/index.php\/skladki\/","og_site_name":"Podkarpacka Okregowa Izba Inzynierow Budownictwa","article_modified_time":"2026-03-15T10:12:34+00:00","twitter_card":"summary_large_image","twitter_misc":{"Szacowany czas czytania":"3 minuty"},"schema":{"@context":"https:\/\/schema.org","@graph":[{"@type":"WebPage","@id":"https:\/\/inzynier.rzeszow.pl\/index.php\/skladki\/","url":"https:\/\/inzynier.rzeszow.pl\/index.php\/skladki\/","name":"Sk\u0142adki - Podkarpacka Okregowa Izba Inzynierow Budownictwa","isPartOf":{"@id":"https:\/\/inzynier.rzeszow.pl\/#website"},"datePublished":"2025-12-22T19:20:52+00:00","dateModified":"2026-03-15T10:12:34+00:00","description":"Sk\u0142adki cz\u0142onkowskie PDK OIIB \u2013 informacje o wysoko\u015bci i zasadach op\u0142acania sk\u0142adek w Podkarpackiej Okr\u0119gowej Izbie In\u017cynier\u00f3w Budownictwa.","breadcrumb":{"@id":"https:\/\/inzynier.rzeszow.pl\/index.php\/skladki\/#breadcrumb"},"inLanguage":"pl-PL","potentialAction":[{"@type":"ReadAction","target":["https:\/\/inzynier.rzeszow.pl\/index.php\/skladki\/"]}]},{"@type":"BreadcrumbList","@id":"https:\/\/inzynier.rzeszow.pl\/index.php\/skladki\/#breadcrumb","itemListElement":[{"@type":"ListItem","position":1,"name":"Strona g\u0142\u00f3wna","item":"https:\/\/inzynier.rzeszow.pl\/"},{"@type":"ListItem","position":2,"name":"Sk\u0142adki"}]},{"@type":"WebSite","@id":"https:\/\/inzynier.rzeszow.pl\/#website","url":"https:\/\/inzynier.rzeszow.pl\/","name":"Podkarpacka Okregowa Izba Inzynierow Budownictwa","description":"","potentialAction":[{"@type":"SearchAction","target":{"@type":"EntryPoint","urlTemplate":"https:\/\/inzynier.rzeszow.pl\/?s={search_term_string}"},"query-input":{"@type":"PropertyValueSpecification","valueRequired":true,"valueName":"search_term_string"}}],"inLanguage":"pl-PL"}]}},"rttpg_featured_image_url":null,"rttpg_author":{"display_name":"admin","author_link":"https:\/\/inzynier.rzeszow.pl\/index.php\/author\/kwojcik\/"},"rttpg_comment":0,"rttpg_category":null,"rttpg_excerpt":"Sk\u0142adki cz\u0142onkowskie i op\u0142ata ubezpieczeniowa Strona g\u0142\u00f3wna \/ Cz\u0142onkostwo \/ Sk\u0142adki Przypominamy, \u017ce ka\u017cdy cz\u0142onek Okr\u0119gowej Izby In\u017cynier\u00f3w Budownictwa, zgodnie [&hellip;]","_links":{"self":[{"href":"https:\/\/inzynier.rzeszow.pl\/index.php\/wp-json\/wp\/v2\/pages\/887","targetHints":{"allow":["GET"]}}],"collection":[{"href":"https:\/\/inzynier.rzeszow.pl\/index.php\/wp-json\/wp\/v2\/pages"}],"about":[{"href":"https:\/\/inzynier.rzeszow.pl\/index.php\/wp-json\/wp\/v2\/types\/page"}],"author":[{"embeddable":true,"href":"https:\/\/inzynier.rzeszow.pl\/index.php\/wp-json\/wp\/v2\/users\/1"}],"replies":[{"embeddable":true,"href":"https:\/\/inzynier.rzeszow.pl\/index.php\/wp-json\/wp\/v2\/comments?post=887"}],"version-history":[{"count":19,"href":"https:\/\/inzynier.rzeszow.pl\/index.php\/wp-json\/wp\/v2\/pages\/887\/revisions"}],"predecessor-version":[{"id":6354,"href":"https:\/\/inzynier.rzeszow.pl\/index.php\/wp-json\/wp\/v2\/pages\/887\/revisions\/6354"}],"wp:attachment":[{"href":"https:\/\/inzynier.rzeszow.pl\/index.php\/wp-json\/wp\/v2\/media?parent=887"}],"curies":[{"name":"wp","href":"https:\/\/api.w.org\/{rel}","templated":true}]}}