{"id":826,"date":"2025-12-22T17:53:32","date_gmt":"2025-12-22T17:53:32","guid":{"rendered":"https:\/\/migracja.inzynier.rzeszow.pl\/?page_id=826"},"modified":"2026-03-15T10:02:25","modified_gmt":"2026-03-15T09:02:25","slug":"porady-psychologiczne","status":"publish","type":"page","link":"https:\/\/inzynier.rzeszow.pl\/index.php\/porady-psychologiczne\/","title":{"rendered":"Porady psychologiczne"},"content":{"rendered":"\t\t<div data-elementor-type=\"wp-page\" data-elementor-id=\"826\" class=\"elementor elementor-826\" data-elementor-post-type=\"page\">\n\t\t\t\t<div class=\"elementor-element elementor-element-c6ddcf0 e-flex e-con-boxed e-con e-parent\" data-id=\"c6ddcf0\" data-element_type=\"container\" data-e-type=\"container\" data-settings=\"{&quot;background_background&quot;:&quot;classic&quot;}\">\n\t\t\t\t\t<div class=\"e-con-inner\">\n\t\t<div class=\"elementor-element elementor-element-f90288b e-con-full e-flex e-con e-child\" data-id=\"f90288b\" data-element_type=\"container\" data-e-type=\"container\" data-settings=\"{&quot;background_background&quot;:&quot;classic&quot;}\">\n\t\t\t\t<div class=\"elementor-element elementor-element-63fce6b elementor-widget elementor-widget-heading\" data-id=\"63fce6b\" data-element_type=\"widget\" data-e-type=\"widget\" data-widget_type=\"heading.default\">\n\t\t\t\t\t<h1 class=\"elementor-heading-title elementor-size-default\">Bezp\u0142atne porady psychologiczne dla czynnych cz\u0142onk\u00f3w PDK OIIB<\/h1>\t\t\t\t<\/div>\n\t\t\t\t<\/div>\n\t\t\t\t\t<\/div>\n\t\t\t\t<\/div>\n\t\t<div class=\"elementor-element elementor-element-b79ae22 e-flex e-con-boxed e-con e-parent\" data-id=\"b79ae22\" data-element_type=\"container\" data-e-type=\"container\">\n\t\t\t\t\t<div class=\"e-con-inner\">\n\t\t\t\t<div class=\"elementor-element elementor-element-7249e99 elementor-widget elementor-widget-text-editor\" data-id=\"7249e99\" data-element_type=\"widget\" data-e-type=\"widget\" data-widget_type=\"text-editor.default\">\n\t\t\t\t\t\t\t\t\t<p><a href=\"https:\/\/inzynier.rzeszow.pl\">Strona g\u0142\u00f3wna <\/a>\/ <a href=\"https:\/\/inzynier.rzeszow.pl\/index.php\/porady-psychologiczne\/\">Porady psychologiczne<\/a><\/p>\t\t\t\t\t\t\t\t<\/div>\n\t\t\t\t\t<\/div>\n\t\t\t\t<\/div>\n\t\t<div class=\"elementor-element elementor-element-2472637 e-flex e-con-boxed e-con e-parent\" data-id=\"2472637\" data-element_type=\"container\" data-e-type=\"container\">\n\t\t\t\t\t<div class=\"e-con-inner\">\n\t\t<div class=\"elementor-element elementor-element-06c4ff2 e-con-full e-flex e-con e-child\" data-id=\"06c4ff2\" data-element_type=\"container\" data-e-type=\"container\">\n\t\t\t\t<div class=\"elementor-element elementor-element-85b12a4 elementor-widget elementor-widget-image\" data-id=\"85b12a4\" data-element_type=\"widget\" data-e-type=\"widget\" data-widget_type=\"image.default\">\n\t\t\t\t\t\t\t\t\t\t\t\t\t\t\t<img fetchpriority=\"high\" decoding=\"async\" width=\"1024\" height=\"683\" src=\"https:\/\/inzynier.rzeszow.pl\/wp-content\/uploads\/2025\/12\/obraz_2025-12-22_194448338-1024x683.png\" class=\"attachment-large size-large wp-image-856\" alt=\"\" srcset=\"https:\/\/inzynier.rzeszow.pl\/wp-content\/uploads\/2025\/12\/obraz_2025-12-22_194448338-1024x683.png 1024w, https:\/\/inzynier.rzeszow.pl\/wp-content\/uploads\/2025\/12\/obraz_2025-12-22_194448338-300x200.png 300w, https:\/\/inzynier.rzeszow.pl\/wp-content\/uploads\/2025\/12\/obraz_2025-12-22_194448338-768x512.png 768w, https:\/\/inzynier.rzeszow.pl\/wp-content\/uploads\/2025\/12\/obraz_2025-12-22_194448338.png 1200w\" sizes=\"(max-width: 1024px) 100vw, 1024px\" \/>\t\t\t\t\t\t\t\t\t\t\t\t\t\t\t<\/div>\n\t\t\t\t<\/div>\n\t\t<div class=\"elementor-element elementor-element-6d4ae89 e-con-full e-flex e-con e-child\" data-id=\"6d4ae89\" data-element_type=\"container\" data-e-type=\"container\">\n\t\t\t\t<div class=\"elementor-element elementor-element-2a398c9 elementor-widget elementor-widget-text-editor\" data-id=\"2a398c9\" data-element_type=\"widget\" data-e-type=\"widget\" data-widget_type=\"text-editor.default\">\n\t\t\t\t\t\t\t\t\t<p>Z ogromn\u0105 trosk\u0105 o zdrowie naszych cz\u0142onk\u00f3w informujemy, \u017ce istnieje mo\u017cliwo\u015b\u0107 skorzystania z\u00a0<strong>pi\u0119ciu bezp\u0142atnych porad psychologicznych<\/strong>\u00a0dla in\u017cynier\u00f3w budownictwa znajduj\u0105cych si\u0119 w trudnej sytuacji \u017cyciowej lub zawodowej.<\/p><p><strong>Wsparcie kierujemy do os\u00f3b, kt\u00f3re:<\/strong><br \/>&#8211; do\u015bwiadczaj\u0105 przeci\u0105\u017cenia zawodowego, wypalenia lub silnego stresu,<br \/>&#8211; mierz\u0105 si\u0119 z problemami natury osobistej lub emocjonalnej,<br \/>&#8211; przechodz\u0105 przez trudne do\u015bwiadczenia, takie jak utrata bliskiej osoby, problemy rodzinne czy zdrowotne,<br \/>&#8211; chc\u0105 zadba\u0107 o swoj\u0105 r\u00f3wnowag\u0119 psychiczn\u0105 i lepiej radzi\u0107 sobie z codziennymi wyzwaniami. Porady psychologiczne s\u0105 realizowane w ramach wsp\u00f3\u0142pracy z do\u015bwiadczonymi specjalistami, w atmosferze pe\u0142nej zaufania i poufno\u015bci. Konsultacje maj\u0105 charakter indywidualny i s\u0105 dostosowane do potrzeb osoby zg\u0142aszaj\u0105cej si\u0119 po pomoc.<\/p>\t\t\t\t\t\t\t\t<\/div>\n\t\t\t\t<\/div>\n\t\t\t\t\t<\/div>\n\t\t\t\t<\/div>\n\t\t<div class=\"elementor-element elementor-element-accae65 e-flex e-con-boxed e-con e-parent\" data-id=\"accae65\" data-element_type=\"container\" data-e-type=\"container\">\n\t\t\t\t\t<div class=\"e-con-inner\">\n\t\t\t\t<div class=\"elementor-element elementor-element-0394818 elementor-widget elementor-widget-text-editor\" data-id=\"0394818\" data-element_type=\"widget\" data-e-type=\"widget\" data-widget_type=\"text-editor.default\">\n\t\t\t\t\t\t\t\t\t<p><strong>Miejsce realizacji \u015bwiadcze\u0144:<\/strong>\u00a0ANIMA, ul. Grabskiego 8\/8a w Rzeszowie,<br \/><strong>Liczba dost\u0119pnych spotka\u0144:<\/strong>\u00a05 bezp\u0142atnych sesji na osob\u0119.<br \/><strong>Rejestracja telefoniczna:<\/strong>\u00a0<a href=\"tel:178595113\">17 85 95 113<\/a>\u00a0oraz\u00a0<a href=\"tel:883382550\">883 382\u00a0550<\/a><\/p>\t\t\t\t\t\t\t\t<\/div>\n\t\t\t\t\t<\/div>\n\t\t\t\t<\/div>\n\t\t<div class=\"elementor-element elementor-element-6e14cdb e-flex e-con-boxed e-con e-parent\" data-id=\"6e14cdb\" data-element_type=\"container\" data-e-type=\"container\">\n\t\t\t\t\t<div class=\"e-con-inner\">\n\t\t<div class=\"elementor-element elementor-element-d475542 e-con-full e-flex e-con e-child\" data-id=\"d475542\" data-element_type=\"container\" data-e-type=\"container\">\n\t\t\t\t<div class=\"elementor-element elementor-element-8dd8826 elementor-widget elementor-widget-image\" data-id=\"8dd8826\" data-element_type=\"widget\" data-e-type=\"widget\" data-widget_type=\"image.default\">\n\t\t\t\t\t\t\t\t\t\t\t\t\t\t\t<img decoding=\"async\" width=\"1021\" height=\"824\" src=\"https:\/\/inzynier.rzeszow.pl\/wp-content\/uploads\/2025\/12\/obraz_2025-12-22_194807564.png\" class=\"attachment-large size-large wp-image-858\" alt=\"\" srcset=\"https:\/\/inzynier.rzeszow.pl\/wp-content\/uploads\/2025\/12\/obraz_2025-12-22_194807564.png 1021w, https:\/\/inzynier.rzeszow.pl\/wp-content\/uploads\/2025\/12\/obraz_2025-12-22_194807564-300x242.png 300w, https:\/\/inzynier.rzeszow.pl\/wp-content\/uploads\/2025\/12\/obraz_2025-12-22_194807564-768x620.png 768w\" sizes=\"(max-width: 1021px) 100vw, 1021px\" \/>\t\t\t\t\t\t\t\t\t\t\t\t\t\t\t<\/div>\n\t\t\t\t<\/div>\n\t\t<div class=\"elementor-element elementor-element-914dad9 e-con-full e-flex e-con e-child\" data-id=\"914dad9\" data-element_type=\"container\" data-e-type=\"container\">\n\t\t\t\t<div class=\"elementor-element elementor-element-ea40a1e elementor-widget elementor-widget-text-editor\" data-id=\"ea40a1e\" data-element_type=\"widget\" data-e-type=\"widget\" data-widget_type=\"text-editor.default\">\n\t\t\t\t\t\t\t\t\t<p>Weryfikacja cz\u0142onk\u00f3w PDK OIIB odbywa si\u0119 poprzez wy\u015bwietlenie \u201eLegitymacji in\u017cyniera budownictwa&#8221; dost\u0119pnej\u00a0<span style=\"text-decoration: underline;\"><strong><a href=\"https:\/\/www.piib.org.pl\/images\/stories\/aktualnosci\/2024-10\/Legitymacja-inzyniera-budownictwa-2024.pdf\" target=\"_blank\" rel=\"noopener\">w aplikacji mObywatel <\/a><\/strong><\/span><\/p><p><span style=\"text-decoration: underline;\"><strong><a href=\"https:\/\/www.youtube.com\/watch?v=XeGBxRPNTjk\" target=\"_blank\" rel=\"noopener\">Film instrukta\u017cowy aplikacji mObywatel <\/a><\/strong><\/span><\/p><p><strong><br \/>Przed wizyt\u0105 nale\u017cy obowi\u0105zkowo zapozna\u0107 si\u0119 z\u00a0<span style=\"text-decoration: underline;\"><a href=\"https:\/\/inzynier.rzeszow.pl\/download\/czlonkostwo\/Regulamin_korzystania_z_bezpatnej_pomocy_psychologicznej_25.pdf\" target=\"_blank\" rel=\"noopener\">Regulaminem korzystania z bezp\u0142atnej pomocy psychologicznej dla czynnych cz\u0142onk\u00f3w PDK OIIB <\/a><\/span><\/strong><\/p><p><strong><br \/>Dlaczego warto skorzysta\u0107?<\/strong><\/p><p>\u015arodowisko in\u017cynierskie wi\u0105\u017ce si\u0119 z du\u017c\u0105 odpowiedzialno\u015bci\u0105, presj\u0105 czasu oraz konieczno\u015bci\u0105 podejmowania decyzji pod presj\u0105. Cho\u0107 cz\u0119sto jeste\u015bmy przyzwyczajeni do rozwi\u0105zywania problem\u00f3w samodzielnie, nie zawsze musimy wszystko d\u017awiga\u0107 na w\u0142asnych barkach. Warto pozwoli\u0107 sobie na profesjonalne wsparcie &#8211; tak\u017ce w sferze psychicznej.<\/p>\t\t\t\t\t\t\t\t<\/div>\n\t\t\t\t<\/div>\n\t\t\t\t\t<\/div>\n\t\t\t\t<\/div>\n\t\t<div class=\"elementor-element elementor-element-31ec76e e-flex e-con-boxed e-con e-parent\" data-id=\"31ec76e\" data-element_type=\"container\" data-e-type=\"container\">\n\t\t\t\t\t<div class=\"e-con-inner\">\n\t\t\t\t<div class=\"elementor-element elementor-element-e978551 elementor-widget elementor-widget-text-editor\" data-id=\"e978551\" data-element_type=\"widget\" data-e-type=\"widget\" data-widget_type=\"text-editor.default\">\n\t\t\t\t\t\t\t\t\t<p><strong>Pomagamy, bo rozumiemy.<\/strong><\/p><p>Zach\u0119camy do skorzystania z tej mo\u017cliwo\u015bci &#8211; z trosk\u0105 o siebie i swoich bliskich. Przypominamy:\u00a0<strong>si\u0119gni\u0119cie po pomoc to nie oznaka s\u0142abo\u015bci, lecz dojrza\u0142o\u015bci i odwagi.<\/strong><\/p>\t\t\t\t\t\t\t\t<\/div>\n\t\t\t\t\t<\/div>\n\t\t\t\t<\/div>\n\t\t\t\t<\/div>\n\t\t","protected":false},"excerpt":{"rendered":"<p>Bezp\u0142atne porady psychologiczne dla czynnych cz\u0142onk\u00f3w PDK OIIB Strona g\u0142\u00f3wna \/ Porady psychologiczne Z ogromn\u0105 trosk\u0105 o zdrowie naszych cz\u0142onk\u00f3w [&hellip;]<\/p>\n","protected":false},"author":1,"featured_media":0,"parent":0,"menu_order":0,"comment_status":"closed","ping_status":"closed","template":"","meta":{"site-sidebar-layout":"no-sidebar","site-content-layout":"","ast-site-content-layout":"full-width-container","site-content-style":"default","site-sidebar-style":"default","ast-global-header-display":"","ast-banner-title-visibility":"","ast-main-header-display":"","ast-hfb-above-header-display":"","ast-hfb-below-header-display":"","ast-hfb-mobile-header-display":"","site-post-title":"disabled","ast-breadcrumbs-content":"","ast-featured-img":"disabled","footer-sml-layout":"","ast-disable-related-posts":"","theme-transparent-header-meta":"","adv-header-id-meta":"","stick-header-meta":"","header-above-stick-meta":"","header-main-stick-meta":"","header-below-stick-meta":"","astra-migrate-meta-layouts":"default","ast-page-background-enabled":"default","ast-page-background-meta":{"desktop":{"background-color":"var(--ast-global-color-5)","background-image":"","background-repeat":"repeat","background-position":"center center","background-size":"auto","background-attachment":"scroll","background-type":"","background-media":"","overlay-type":"","overlay-color":"","overlay-opacity":"","overlay-gradient":""},"tablet":{"background-color":"","background-image":"","background-repeat":"repeat","background-position":"center center","background-size":"auto","background-attachment":"scroll","background-type":"","background-media":"","overlay-type":"","overlay-color":"","overlay-opacity":"","overlay-gradient":""},"mobile":{"background-color":"","background-image":"","background-repeat":"repeat","background-position":"center center","background-size":"auto","background-attachment":"scroll","background-type":"","background-media":"","overlay-type":"","overlay-color":"","overlay-opacity":"","overlay-gradient":""}},"ast-content-background-meta":{"desktop":{"background-color":"var(--ast-global-color-4)","background-image":"","background-repeat":"repeat","background-position":"center center","background-size":"auto","background-attachment":"scroll","background-type":"","background-media":"","overlay-type":"","overlay-color":"","overlay-opacity":"","overlay-gradient":""},"tablet":{"background-color":"var(--ast-global-color-4)","background-image":"","background-repeat":"repeat","background-position":"center center","background-size":"auto","background-attachment":"scroll","background-type":"","background-media":"","overlay-type":"","overlay-color":"","overlay-opacity":"","overlay-gradient":""},"mobile":{"background-color":"var(--ast-global-color-4)","background-image":"","background-repeat":"repeat","background-position":"center center","background-size":"auto","background-attachment":"scroll","background-type":"","background-media":"","overlay-type":"","overlay-color":"","overlay-opacity":"","overlay-gradient":""}},"footnotes":""},"class_list":["post-826","page","type-page","status-publish","hentry"],"yoast_head":"<!-- This site is optimized with the Yoast SEO plugin v27.5 - https:\/\/yoast.com\/product\/yoast-seo-wordpress\/ -->\n<title>Porady psychologiczne - Podkarpacka Okregowa Izba Inzynierow Budownictwa<\/title>\n<meta name=\"description\" content=\"Porady psychologiczne dla cz\u0142onk\u00f3w PDK OIIB \u2013 wsparcie w zakresie zdrowia psychicznego i radzenia sobie ze stresem zawodowym.\" \/>\n<meta name=\"robots\" content=\"index, follow, max-snippet:-1, max-image-preview:large, max-video-preview:-1\" \/>\n<link rel=\"canonical\" href=\"https:\/\/inzynier.rzeszow.pl\/index.php\/porady-psychologiczne\/\" \/>\n<meta property=\"og:locale\" content=\"pl_PL\" \/>\n<meta property=\"og:type\" content=\"article\" \/>\n<meta property=\"og:title\" content=\"Porady psychologiczne - Podkarpacka Okregowa Izba Inzynierow Budownictwa\" \/>\n<meta property=\"og:description\" content=\"Porady psychologiczne dla cz\u0142onk\u00f3w PDK OIIB \u2013 wsparcie w zakresie zdrowia psychicznego i radzenia sobie ze stresem zawodowym.\" \/>\n<meta property=\"og:url\" content=\"https:\/\/inzynier.rzeszow.pl\/index.php\/porady-psychologiczne\/\" \/>\n<meta property=\"og:site_name\" content=\"Podkarpacka Okregowa Izba Inzynierow Budownictwa\" \/>\n<meta property=\"article:modified_time\" content=\"2026-03-15T09:02:25+00:00\" \/>\n<meta property=\"og:image\" content=\"https:\/\/migracja.inzynier.rzeszow.pl\/wp-content\/uploads\/2025\/12\/obraz_2025-12-22_194448338-1024x683.png\" \/>\n<meta name=\"twitter:card\" content=\"summary_large_image\" \/>\n<meta name=\"twitter:label1\" content=\"Szacowany czas czytania\" \/>\n\t<meta name=\"twitter:data1\" content=\"2 minuty\" \/>\n<script type=\"application\/ld+json\" class=\"yoast-schema-graph\">{\"@context\":\"https:\\\/\\\/schema.org\",\"@graph\":[{\"@type\":\"WebPage\",\"@id\":\"https:\\\/\\\/inzynier.rzeszow.pl\\\/index.php\\\/porady-psychologiczne\\\/\",\"url\":\"https:\\\/\\\/inzynier.rzeszow.pl\\\/index.php\\\/porady-psychologiczne\\\/\",\"name\":\"Porady psychologiczne - Podkarpacka Okregowa Izba Inzynierow Budownictwa\",\"isPartOf\":{\"@id\":\"https:\\\/\\\/inzynier.rzeszow.pl\\\/#website\"},\"primaryImageOfPage\":{\"@id\":\"https:\\\/\\\/inzynier.rzeszow.pl\\\/index.php\\\/porady-psychologiczne\\\/#primaryimage\"},\"image\":{\"@id\":\"https:\\\/\\\/inzynier.rzeszow.pl\\\/index.php\\\/porady-psychologiczne\\\/#primaryimage\"},\"thumbnailUrl\":\"https:\\\/\\\/migracja.inzynier.rzeszow.pl\\\/wp-content\\\/uploads\\\/2025\\\/12\\\/obraz_2025-12-22_194448338-1024x683.png\",\"datePublished\":\"2025-12-22T17:53:32+00:00\",\"dateModified\":\"2026-03-15T09:02:25+00:00\",\"description\":\"Porady psychologiczne dla cz\u0142onk\u00f3w PDK OIIB \u2013 wsparcie w zakresie zdrowia psychicznego i radzenia sobie ze stresem zawodowym.\",\"breadcrumb\":{\"@id\":\"https:\\\/\\\/inzynier.rzeszow.pl\\\/index.php\\\/porady-psychologiczne\\\/#breadcrumb\"},\"inLanguage\":\"pl-PL\",\"potentialAction\":[{\"@type\":\"ReadAction\",\"target\":[\"https:\\\/\\\/inzynier.rzeszow.pl\\\/index.php\\\/porady-psychologiczne\\\/\"]}]},{\"@type\":\"ImageObject\",\"inLanguage\":\"pl-PL\",\"@id\":\"https:\\\/\\\/inzynier.rzeszow.pl\\\/index.php\\\/porady-psychologiczne\\\/#primaryimage\",\"url\":\"https:\\\/\\\/migracja.inzynier.rzeszow.pl\\\/wp-content\\\/uploads\\\/2025\\\/12\\\/obraz_2025-12-22_194448338-1024x683.png\",\"contentUrl\":\"https:\\\/\\\/migracja.inzynier.rzeszow.pl\\\/wp-content\\\/uploads\\\/2025\\\/12\\\/obraz_2025-12-22_194448338-1024x683.png\"},{\"@type\":\"BreadcrumbList\",\"@id\":\"https:\\\/\\\/inzynier.rzeszow.pl\\\/index.php\\\/porady-psychologiczne\\\/#breadcrumb\",\"itemListElement\":[{\"@type\":\"ListItem\",\"position\":1,\"name\":\"Strona g\u0142\u00f3wna\",\"item\":\"https:\\\/\\\/inzynier.rzeszow.pl\\\/\"},{\"@type\":\"ListItem\",\"position\":2,\"name\":\"Porady psychologiczne\"}]},{\"@type\":\"WebSite\",\"@id\":\"https:\\\/\\\/inzynier.rzeszow.pl\\\/#website\",\"url\":\"https:\\\/\\\/inzynier.rzeszow.pl\\\/\",\"name\":\"Podkarpacka Okregowa Izba Inzynierow Budownictwa\",\"description\":\"\",\"potentialAction\":[{\"@type\":\"SearchAction\",\"target\":{\"@type\":\"EntryPoint\",\"urlTemplate\":\"https:\\\/\\\/inzynier.rzeszow.pl\\\/?s={search_term_string}\"},\"query-input\":{\"@type\":\"PropertyValueSpecification\",\"valueRequired\":true,\"valueName\":\"search_term_string\"}}],\"inLanguage\":\"pl-PL\"}]}<\/script>\n<!-- \/ Yoast SEO plugin. -->","yoast_head_json":{"title":"Porady psychologiczne - Podkarpacka Okregowa Izba Inzynierow Budownictwa","description":"Porady psychologiczne dla cz\u0142onk\u00f3w PDK OIIB \u2013 wsparcie w zakresie zdrowia psychicznego i radzenia sobie ze stresem zawodowym.","robots":{"index":"index","follow":"follow","max-snippet":"max-snippet:-1","max-image-preview":"max-image-preview:large","max-video-preview":"max-video-preview:-1"},"canonical":"https:\/\/inzynier.rzeszow.pl\/index.php\/porady-psychologiczne\/","og_locale":"pl_PL","og_type":"article","og_title":"Porady psychologiczne - Podkarpacka Okregowa Izba Inzynierow Budownictwa","og_description":"Porady psychologiczne dla cz\u0142onk\u00f3w PDK OIIB \u2013 wsparcie w zakresie zdrowia psychicznego i radzenia sobie ze stresem zawodowym.","og_url":"https:\/\/inzynier.rzeszow.pl\/index.php\/porady-psychologiczne\/","og_site_name":"Podkarpacka Okregowa Izba Inzynierow Budownictwa","article_modified_time":"2026-03-15T09:02:25+00:00","og_image":[{"url":"https:\/\/migracja.inzynier.rzeszow.pl\/wp-content\/uploads\/2025\/12\/obraz_2025-12-22_194448338-1024x683.png","type":"","width":"","height":""}],"twitter_card":"summary_large_image","twitter_misc":{"Szacowany czas czytania":"2 minuty"},"schema":{"@context":"https:\/\/schema.org","@graph":[{"@type":"WebPage","@id":"https:\/\/inzynier.rzeszow.pl\/index.php\/porady-psychologiczne\/","url":"https:\/\/inzynier.rzeszow.pl\/index.php\/porady-psychologiczne\/","name":"Porady psychologiczne - Podkarpacka Okregowa Izba Inzynierow Budownictwa","isPartOf":{"@id":"https:\/\/inzynier.rzeszow.pl\/#website"},"primaryImageOfPage":{"@id":"https:\/\/inzynier.rzeszow.pl\/index.php\/porady-psychologiczne\/#primaryimage"},"image":{"@id":"https:\/\/inzynier.rzeszow.pl\/index.php\/porady-psychologiczne\/#primaryimage"},"thumbnailUrl":"https:\/\/migracja.inzynier.rzeszow.pl\/wp-content\/uploads\/2025\/12\/obraz_2025-12-22_194448338-1024x683.png","datePublished":"2025-12-22T17:53:32+00:00","dateModified":"2026-03-15T09:02:25+00:00","description":"Porady psychologiczne dla cz\u0142onk\u00f3w PDK OIIB \u2013 wsparcie w zakresie zdrowia psychicznego i radzenia sobie ze stresem zawodowym.","breadcrumb":{"@id":"https:\/\/inzynier.rzeszow.pl\/index.php\/porady-psychologiczne\/#breadcrumb"},"inLanguage":"pl-PL","potentialAction":[{"@type":"ReadAction","target":["https:\/\/inzynier.rzeszow.pl\/index.php\/porady-psychologiczne\/"]}]},{"@type":"ImageObject","inLanguage":"pl-PL","@id":"https:\/\/inzynier.rzeszow.pl\/index.php\/porady-psychologiczne\/#primaryimage","url":"https:\/\/migracja.inzynier.rzeszow.pl\/wp-content\/uploads\/2025\/12\/obraz_2025-12-22_194448338-1024x683.png","contentUrl":"https:\/\/migracja.inzynier.rzeszow.pl\/wp-content\/uploads\/2025\/12\/obraz_2025-12-22_194448338-1024x683.png"},{"@type":"BreadcrumbList","@id":"https:\/\/inzynier.rzeszow.pl\/index.php\/porady-psychologiczne\/#breadcrumb","itemListElement":[{"@type":"ListItem","position":1,"name":"Strona g\u0142\u00f3wna","item":"https:\/\/inzynier.rzeszow.pl\/"},{"@type":"ListItem","position":2,"name":"Porady psychologiczne"}]},{"@type":"WebSite","@id":"https:\/\/inzynier.rzeszow.pl\/#website","url":"https:\/\/inzynier.rzeszow.pl\/","name":"Podkarpacka Okregowa Izba Inzynierow Budownictwa","description":"","potentialAction":[{"@type":"SearchAction","target":{"@type":"EntryPoint","urlTemplate":"https:\/\/inzynier.rzeszow.pl\/?s={search_term_string}"},"query-input":{"@type":"PropertyValueSpecification","valueRequired":true,"valueName":"search_term_string"}}],"inLanguage":"pl-PL"}]}},"rttpg_featured_image_url":null,"rttpg_author":{"display_name":"admin","author_link":"https:\/\/inzynier.rzeszow.pl\/index.php\/author\/kwojcik\/"},"rttpg_comment":0,"rttpg_category":null,"rttpg_excerpt":"Bezp\u0142atne porady psychologiczne dla czynnych cz\u0142onk\u00f3w PDK OIIB Strona g\u0142\u00f3wna \/ Porady psychologiczne Z ogromn\u0105 trosk\u0105 o zdrowie naszych cz\u0142onk\u00f3w [&hellip;]","_links":{"self":[{"href":"https:\/\/inzynier.rzeszow.pl\/index.php\/wp-json\/wp\/v2\/pages\/826","targetHints":{"allow":["GET"]}}],"collection":[{"href":"https:\/\/inzynier.rzeszow.pl\/index.php\/wp-json\/wp\/v2\/pages"}],"about":[{"href":"https:\/\/inzynier.rzeszow.pl\/index.php\/wp-json\/wp\/v2\/types\/page"}],"author":[{"embeddable":true,"href":"https:\/\/inzynier.rzeszow.pl\/index.php\/wp-json\/wp\/v2\/users\/1"}],"replies":[{"embeddable":true,"href":"https:\/\/inzynier.rzeszow.pl\/index.php\/wp-json\/wp\/v2\/comments?post=826"}],"version-history":[{"count":10,"href":"https:\/\/inzynier.rzeszow.pl\/index.php\/wp-json\/wp\/v2\/pages\/826\/revisions"}],"predecessor-version":[{"id":5129,"href":"https:\/\/inzynier.rzeszow.pl\/index.php\/wp-json\/wp\/v2\/pages\/826\/revisions\/5129"}],"wp:attachment":[{"href":"https:\/\/inzynier.rzeszow.pl\/index.php\/wp-json\/wp\/v2\/media?parent=826"}],"curies":[{"name":"wp","href":"https:\/\/api.w.org\/{rel}","templated":true}]}}