{"id":736,"date":"2025-12-22T12:17:01","date_gmt":"2025-12-22T12:17:01","guid":{"rendered":"https:\/\/migracja.inzynier.rzeszow.pl\/?page_id=736"},"modified":"2026-03-17T08:34:16","modified_gmt":"2026-03-17T07:34:16","slug":"dofinansowania","status":"publish","type":"page","link":"https:\/\/inzynier.rzeszow.pl\/index.php\/dofinansowania\/","title":{"rendered":"Dofinansowania"},"content":{"rendered":"\t\t<div data-elementor-type=\"wp-page\" data-elementor-id=\"736\" class=\"elementor elementor-736\" data-elementor-post-type=\"page\">\n\t\t\t\t<div class=\"elementor-element elementor-element-c6ddcf0 e-flex e-con-boxed e-con e-parent\" data-id=\"c6ddcf0\" data-element_type=\"container\" data-e-type=\"container\" data-settings=\"{&quot;background_background&quot;:&quot;classic&quot;}\">\n\t\t\t\t\t<div class=\"e-con-inner\">\n\t\t<div class=\"elementor-element elementor-element-f90288b e-con-full e-flex e-con e-child\" data-id=\"f90288b\" data-element_type=\"container\" data-e-type=\"container\" data-settings=\"{&quot;background_background&quot;:&quot;classic&quot;}\">\n\t\t\t\t<div class=\"elementor-element elementor-element-63fce6b elementor-widget elementor-widget-heading\" data-id=\"63fce6b\" data-element_type=\"widget\" data-e-type=\"widget\" data-widget_type=\"heading.default\">\n\t\t\t\t\t<h1 class=\"elementor-heading-title elementor-size-default\">Dofinansowania dla czynnych cz\u0142onk\u00f3w PDK OIIB<\/h1>\t\t\t\t<\/div>\n\t\t\t\t<\/div>\n\t\t\t\t\t<\/div>\n\t\t\t\t<\/div>\n\t\t<div class=\"elementor-element elementor-element-b79ae22 e-flex e-con-boxed e-con e-parent\" data-id=\"b79ae22\" data-element_type=\"container\" data-e-type=\"container\">\n\t\t\t\t\t<div class=\"e-con-inner\">\n\t\t\t\t<div class=\"elementor-element elementor-element-7249e99 elementor-widget elementor-widget-text-editor\" data-id=\"7249e99\" data-element_type=\"widget\" data-e-type=\"widget\" data-widget_type=\"text-editor.default\">\n\t\t\t\t\t\t\t\t\t<p><a href=\"https:\/\/inzynier.rzeszow.pl\">Strona g\u0142\u00f3wna <\/a>\/ <a href=\"https:\/\/inzynier.rzeszow.pl\/index.php\/doskonalenie-zawodowe\/\">Doskonalenie zawodowe<\/a> \/ <a href=\"https:\/\/inzynier.rzeszow.pl\/index.php\/dofinansowania\/\">Dofinansowania<\/a><\/p>\t\t\t\t\t\t\t\t<\/div>\n\t\t\t\t\t<\/div>\n\t\t\t\t<\/div>\n\t\t<div class=\"elementor-element elementor-element-8879c85 e-flex e-con-boxed e-con e-parent\" data-id=\"8879c85\" data-element_type=\"container\" data-e-type=\"container\">\n\t\t\t\t\t<div class=\"e-con-inner\">\n\t\t\t\t<div class=\"elementor-element elementor-element-2d79063 elementor-widget elementor-widget-text-editor\" data-id=\"2d79063\" data-element_type=\"widget\" data-e-type=\"widget\" data-widget_type=\"text-editor.default\">\n\t\t\t\t\t\t\t\t\t<p>Komisja Doskonalenia Zawodowego PDK OIIB informuje, \u017ce zgodnie z <a style=\"color: #1b2d5b; text-decoration: underline;\" href=\"https:\/\/inzynier.rzeszow.pl\/index.php\/regulamin\/\">Regulaminem wspierania doskonalenia zawodowego czynnych cz\u0142onk\u00f3w PDK OIIB<\/a>, <strong>ka\u017cdy czynny cz\u0142onek PDK OIIB mo\u017ce w ci\u0105gu roku kalendarzowego uzyska\u0107 dofinansowanie w wysoko\u015bci do 50% poniesionych koszt\u00f3w, jednak nie wi\u0119cej ni\u017c 700 z\u0142 rocznie<\/strong> do:<\/p><p><strong>1. UCZESTNICTWA W KURSACH J\u0118ZYK\u00d3W OBCYCH<\/strong><\/p><ul><li>wniosek nale\u017cy z\u0142o\u017cy\u0107 z minimum 14-dniowym wyprzedzeniem przed rozpocz\u0119ciem kursu,<\/li><li>kurs musi by\u0107 prowadzony przez szko\u0142\u0119 j\u0119zykow\u0105, w formie dogodnej dla cz\u0142onka (stacjonarnej lub zdalnej \u2013 online),<\/li><li>kurs powinien obejmowa\u0107 lekcje o czasie trwania co najmniej 45 minut, w \u0142\u0105cznym wymiarze:<ul><li>minimum 96 godzin \u2013 w skali roku szkolnego (kurs trwaj\u0105cy co najmniej 8 miesi\u0119cy),<\/li><li>minimum 48 godzin \u2013 w skali semestru p\u00f3\u0142rocznego (kurs trwaj\u0105cy co najmniej 4 miesi\u0105ce).<\/li><\/ul><\/li><\/ul><p><strong>2. ZAKUPU PROGRAM\u00d3W KOMPUTEROWYCH<\/strong><\/p><ul><li>indywidualny zakup technicznego oprogramowania komputerowego wspomagaj\u0105cego prac\u0119 in\u017cyniera,<\/li><li>dofinansowanie obejmuje r\u00f3wnie\u017c aktualizacje oraz nak\u0142adki oprogramowania,<\/li><li>dofinansowanie mo\u017ce zosta\u0107 przyznane nie cz\u0119\u015bciej ni\u017c raz na 2 lata.<\/li><\/ul><p><strong>3. ZAKUPU SKRYPT\u00d3W I PODR\u0118CZNIK\u00d3W<\/strong><\/p><ul><li>indywidualny zakup skrypt\u00f3w oraz podr\u0119cznik\u00f3w technicznych.<\/li><\/ul><p><strong>4. UDZIA\u0141U W WYCIECZKACH ORAZ TURNUSACH SANATORYJNYCH LUB REHABILITACYJNYCH<\/strong><\/p><ul><li>ka\u017cdemu cz\u0142onkowi przys\u0142uguje prawo do dofinansowania udzia\u0142u w wycieczkach oraz turnusach sanatoryjnych lub rehabilitacyjnych, organizowanych przez PDK OIIB w celu poratowania zdrowia,<\/li><li>dopuszcza si\u0119 udzia\u0142 osoby towarzysz\u0105cej, nieb\u0119d\u0105cej cz\u0142onkiem Izby,<\/li><li>odp\u0142atno\u015b\u0107 za udzia\u0142 osoby towarzysz\u0105cej wynosi 100% koszt\u00f3w wycieczki lub turnusu.<\/li><\/ul><p><strong>5. UDZIA\u0141U W SZKOLENIACH WIELODNIOWYCH ORGANIZOWANYCH PRZEZ INNE PODMIOTY<\/strong><\/p><ul><li>wnioski o dofinansowanie nale\u017cy z\u0142o\u017cy\u0107 nie p\u00f3\u017aniej ni\u017c 14 dni przed planowanym terminem rozpocz\u0119cia szkolenia,<\/li><li>dofinansowanie nie obejmuje koszt\u00f3w dojazdu, zakwaterowania ani wy\u017cywienia.<\/li><\/ul><p><strong>Podstaw\u0105 przyznania dofinansowania jest z\u0142o\u017cenie kompletnego wniosku.<\/strong><br \/>Szczeg\u00f3\u0142owe zasady przyznawania dofinansowania okre\u015bla <a style=\"color: #1b2d5b; text-decoration: underline;\" href=\"https:\/\/inzynier.rzeszow.pl\/index.php\/regulamin\/\">Regulamin wspierania doskonalenia zawodowego czynnych cz\u0142onk\u00f3w PDK OIIB.<\/a><\/p><p>Wyp\u0142ata dofinansowania nast\u0119puje (z wy\u0142\u0105czeniem dofinansowa\u0144 do zakupu programu, wycieczek oraz zakup\u00f3w skrypt\u00f3w i podr\u0119cznik\u00f3w) po odbyciu si\u0119 wydarzenia obj\u0119tego dofinansowaniem i po udokumentowaniu przez cz\u0142onka pe\u0142nej zap\u0142aty za jego udzia\u0142 w tym wydarzeniu. Szczeg\u00f3\u0142owe wymogi dokumentowania zap\u0142aty znajduj\u0105 si\u0119 na w\u0142a\u015bciwym druku wniosku.<\/p><p><strong>Dodatkowe dofinansowanie za systematyczne podnoszenie kwalifikacji<\/strong><br \/>PDK OIIB nagradza swoich cz\u0142onk\u00f3w za systematyczne podnoszenie kwalifikacji zawodowych poprzez dodatkowe dofinansowanie, uzale\u017cnione od liczby uzyskanych punkt\u00f3w szkoleniowych. Wysoko\u015b\u0107 dodatkowego dofinansowania wynosi:<\/p><ul><li><strong>200 z\u0142<\/strong> \u2013 za uzyskanie minimum 12 punkt\u00f3w szkoleniowych,<\/li><li><strong>300 z\u0142<\/strong> \u2013 za uzyskanie minimum 16 punkt\u00f3w szkoleniowych,<\/li><li><strong>400 z\u0142<\/strong> \u2013 za uzyskanie minimum 20 punkt\u00f3w szkoleniowych.<\/li><\/ul><p>W bie\u017c\u0105cym roku kalendarzowym obowi\u0105zuj\u0105 punkty uzyskane w roku poprzednim.<\/p><p><strong>Wnioski do pobrania:<\/strong><\/p><div class=\"elementor-element elementor-element-b81b606 e-flex e-con-boxed e-con e-parent e-lazyloaded\" data-id=\"b81b606\" data-element_type=\"container\" data-e-type=\"container\"><div class=\"e-con-inner\"><div class=\"elementor-element elementor-element-f12be70 elementor-widget__width-inherit elementor-icon-list--layout-traditional elementor-list-item-link-full_width elementor-widget elementor-widget-icon-list\" data-id=\"f12be70\" data-element_type=\"widget\" data-e-type=\"widget\" data-widget_type=\"icon-list.default\"><ul class=\"elementor-icon-list-items\"><li class=\"elementor-icon-list-item\"><a href=\"https:\/\/inzynier.rzeszow.pl\/wp-content\/uploads\/2026\/03\/wniosek-o-dofinansowanie-do-zakupu-programu.doc\" target=\"_blank\" rel=\"noopener\"><span class=\"elementor-icon-list-text\">wniosek o dofinansowanie do zakupu programu<\/span><\/a><\/li><li class=\"elementor-icon-list-item\"><a href=\"https:\/\/inzynier.rzeszow.pl\/wp-content\/uploads\/2026\/03\/wniosek-o-dofinansowanie-do-zakupu-skryptu-podrecznika.doc\" target=\"_blank\" rel=\"noopener\"><span class=\"elementor-icon-list-text\">wniosek o dofinansowanie do zakupu skryptu, podr\u0119cznika<\/span><\/a><\/li><li class=\"elementor-icon-list-item\"><a href=\"https:\/\/inzynier.rzeszow.pl\/wp-content\/uploads\/2026\/03\/wniosek-o-dofinansowanie-wycieczki-organizowanej-lub-wspolorganizowanej-przez-PDK-OIIB.doc\" target=\"_blank\" rel=\"noopener\"><span class=\"elementor-icon-list-text\">wniosek o dofinansowanie wycieczki (organizowanej lub wsp\u00f3\u0142organizowanej przez PDK OIIB)<\/span><\/a><\/li><li class=\"elementor-icon-list-item\"><a href=\"https:\/\/inzynier.rzeszow.pl\/wp-content\/uploads\/2026\/03\/wniosek-o-dofinansowanie-do-prenumeraty-czasopisma-technicznego.doc\" target=\"_blank\" rel=\"noopener\"><span class=\"elementor-icon-list-text\">wniosek o dofinansowanie do prenumeraty czasopisma technicznego<\/span><\/a><\/li><li class=\"elementor-icon-list-item\"><a href=\"https:\/\/inzynier.rzeszow.pl\/wp-content\/uploads\/2026\/03\/wniosek-o-dofinansowanie-do-szkolenia-organizowanego-przez-inne-podmioty.doc\" target=\"_blank\" rel=\"noopener\"><span class=\"elementor-icon-list-text\">wniosek o dofinansowanie do szkolenia organizowanego przez inne podmioty<\/span><\/a><\/li><li class=\"elementor-icon-list-item\"><a href=\"https:\/\/inzynier.rzeszow.pl\/wp-content\/uploads\/2026\/03\/wniosek-o-dofinansowanie-udzialu-w-turnusach-sanat.lub-rehabil.-dla-poratowania-zdrowia.doc\" target=\"_blank\" rel=\"noopener\"><span class=\"elementor-icon-list-text\">wniosek o dofinansowanie udzialu w turnusach sanatoryjnych lub rehabilitacyjnych dla poratowania zdrowia<\/span><\/a><\/li><\/ul><\/div><\/div><\/div><p>\u00a0<\/p>\t\t\t\t\t\t\t\t<\/div>\n\t\t\t\t\t<\/div>\n\t\t\t\t<\/div>\n\t\t\t\t<\/div>\n\t\t","protected":false},"excerpt":{"rendered":"<p>Dofinansowania dla czynnych cz\u0142onk\u00f3w PDK OIIB Strona g\u0142\u00f3wna \/ Doskonalenie zawodowe \/ Dofinansowania Komisja Doskonalenia Zawodowego PDK OIIB informuje, \u017ce [&hellip;]<\/p>\n","protected":false},"author":1,"featured_media":0,"parent":0,"menu_order":0,"comment_status":"closed","ping_status":"closed","template":"","meta":{"site-sidebar-layout":"no-sidebar","site-content-layout":"","ast-site-content-layout":"full-width-container","site-content-style":"default","site-sidebar-style":"default","ast-global-header-display":"","ast-banner-title-visibility":"","ast-main-header-display":"","ast-hfb-above-header-display":"","ast-hfb-below-header-display":"","ast-hfb-mobile-header-display":"","site-post-title":"disabled","ast-breadcrumbs-content":"","ast-featured-img":"disabled","footer-sml-layout":"","ast-disable-related-posts":"","theme-transparent-header-meta":"","adv-header-id-meta":"","stick-header-meta":"","header-above-stick-meta":"","header-main-stick-meta":"","header-below-stick-meta":"","astra-migrate-meta-layouts":"default","ast-page-background-enabled":"default","ast-page-background-meta":{"desktop":{"background-color":"var(--ast-global-color-5)","background-image":"","background-repeat":"repeat","background-position":"center center","background-size":"auto","background-attachment":"scroll","background-type":"","background-media":"","overlay-type":"","overlay-color":"","overlay-opacity":"","overlay-gradient":""},"tablet":{"background-color":"","background-image":"","background-repeat":"repeat","background-position":"center center","background-size":"auto","background-attachment":"scroll","background-type":"","background-media":"","overlay-type":"","overlay-color":"","overlay-opacity":"","overlay-gradient":""},"mobile":{"background-color":"","background-image":"","background-repeat":"repeat","background-position":"center center","background-size":"auto","background-attachment":"scroll","background-type":"","background-media":"","overlay-type":"","overlay-color":"","overlay-opacity":"","overlay-gradient":""}},"ast-content-background-meta":{"desktop":{"background-color":"var(--ast-global-color-4)","background-image":"","background-repeat":"repeat","background-position":"center center","background-size":"auto","background-attachment":"scroll","background-type":"","background-media":"","overlay-type":"","overlay-color":"","overlay-opacity":"","overlay-gradient":""},"tablet":{"background-color":"var(--ast-global-color-4)","background-image":"","background-repeat":"repeat","background-position":"center center","background-size":"auto","background-attachment":"scroll","background-type":"","background-media":"","overlay-type":"","overlay-color":"","overlay-opacity":"","overlay-gradient":""},"mobile":{"background-color":"var(--ast-global-color-4)","background-image":"","background-repeat":"repeat","background-position":"center center","background-size":"auto","background-attachment":"scroll","background-type":"","background-media":"","overlay-type":"","overlay-color":"","overlay-opacity":"","overlay-gradient":""}},"footnotes":""},"class_list":["post-736","page","type-page","status-publish","hentry"],"yoast_head":"<!-- This site is optimized with the Yoast SEO plugin v27.5 - https:\/\/yoast.com\/product\/yoast-seo-wordpress\/ -->\n<title>Dofinansowania - Podkarpacka Okregowa Izba Inzynierow Budownictwa<\/title>\n<meta name=\"description\" content=\"Skorzystaj z dofinansowa\u0144 dla cz\u0142onk\u00f3w Podkarpackiej Okr\u0119gowej Izby In\u017cynier\u00f3w Budownictwa. Pokrywamy cz\u0119\u015b\u0107 koszt\u00f3w kurs\u00f3w j\u0119zykowych, szkole\u0144, oprogramowania, podr\u0119cznik\u00f3w i wyjazd\u00f3w edukacyjnych dla in\u017cynier\u00f3w w Rzeszowie.\" \/>\n<meta name=\"robots\" content=\"index, follow, max-snippet:-1, max-image-preview:large, max-video-preview:-1\" \/>\n<link rel=\"canonical\" href=\"https:\/\/inzynier.rzeszow.pl\/index.php\/dofinansowania\/\" \/>\n<meta property=\"og:locale\" content=\"pl_PL\" \/>\n<meta property=\"og:type\" content=\"article\" \/>\n<meta property=\"og:title\" content=\"Dofinansowania - Podkarpacka Okregowa Izba Inzynierow Budownictwa\" \/>\n<meta property=\"og:description\" content=\"Skorzystaj z dofinansowa\u0144 dla cz\u0142onk\u00f3w Podkarpackiej Okr\u0119gowej Izby In\u017cynier\u00f3w Budownictwa. Pokrywamy cz\u0119\u015b\u0107 koszt\u00f3w kurs\u00f3w j\u0119zykowych, szkole\u0144, oprogramowania, podr\u0119cznik\u00f3w i wyjazd\u00f3w edukacyjnych dla in\u017cynier\u00f3w w Rzeszowie.\" \/>\n<meta property=\"og:url\" content=\"https:\/\/inzynier.rzeszow.pl\/index.php\/dofinansowania\/\" \/>\n<meta property=\"og:site_name\" content=\"Podkarpacka Okregowa Izba Inzynierow Budownictwa\" \/>\n<meta property=\"article:modified_time\" content=\"2026-03-17T07:34:16+00:00\" \/>\n<meta name=\"twitter:card\" content=\"summary_large_image\" \/>\n<meta name=\"twitter:label1\" content=\"Szacowany czas czytania\" \/>\n\t<meta name=\"twitter:data1\" content=\"3 minuty\" \/>\n<script type=\"application\/ld+json\" class=\"yoast-schema-graph\">{\"@context\":\"https:\\\/\\\/schema.org\",\"@graph\":[{\"@type\":\"WebPage\",\"@id\":\"https:\\\/\\\/inzynier.rzeszow.pl\\\/index.php\\\/dofinansowania\\\/\",\"url\":\"https:\\\/\\\/inzynier.rzeszow.pl\\\/index.php\\\/dofinansowania\\\/\",\"name\":\"Dofinansowania - Podkarpacka Okregowa Izba Inzynierow Budownictwa\",\"isPartOf\":{\"@id\":\"https:\\\/\\\/inzynier.rzeszow.pl\\\/#website\"},\"datePublished\":\"2025-12-22T12:17:01+00:00\",\"dateModified\":\"2026-03-17T07:34:16+00:00\",\"description\":\"Skorzystaj z dofinansowa\u0144 dla cz\u0142onk\u00f3w Podkarpackiej Okr\u0119gowej Izby In\u017cynier\u00f3w Budownictwa. Pokrywamy cz\u0119\u015b\u0107 koszt\u00f3w kurs\u00f3w j\u0119zykowych, szkole\u0144, oprogramowania, podr\u0119cznik\u00f3w i wyjazd\u00f3w edukacyjnych dla in\u017cynier\u00f3w w Rzeszowie.\",\"breadcrumb\":{\"@id\":\"https:\\\/\\\/inzynier.rzeszow.pl\\\/index.php\\\/dofinansowania\\\/#breadcrumb\"},\"inLanguage\":\"pl-PL\",\"potentialAction\":[{\"@type\":\"ReadAction\",\"target\":[\"https:\\\/\\\/inzynier.rzeszow.pl\\\/index.php\\\/dofinansowania\\\/\"]}]},{\"@type\":\"BreadcrumbList\",\"@id\":\"https:\\\/\\\/inzynier.rzeszow.pl\\\/index.php\\\/dofinansowania\\\/#breadcrumb\",\"itemListElement\":[{\"@type\":\"ListItem\",\"position\":1,\"name\":\"Strona g\u0142\u00f3wna\",\"item\":\"https:\\\/\\\/inzynier.rzeszow.pl\\\/\"},{\"@type\":\"ListItem\",\"position\":2,\"name\":\"Dofinansowania\"}]},{\"@type\":\"WebSite\",\"@id\":\"https:\\\/\\\/inzynier.rzeszow.pl\\\/#website\",\"url\":\"https:\\\/\\\/inzynier.rzeszow.pl\\\/\",\"name\":\"Podkarpacka Okregowa Izba Inzynierow Budownictwa\",\"description\":\"\",\"potentialAction\":[{\"@type\":\"SearchAction\",\"target\":{\"@type\":\"EntryPoint\",\"urlTemplate\":\"https:\\\/\\\/inzynier.rzeszow.pl\\\/?s={search_term_string}\"},\"query-input\":{\"@type\":\"PropertyValueSpecification\",\"valueRequired\":true,\"valueName\":\"search_term_string\"}}],\"inLanguage\":\"pl-PL\"}]}<\/script>\n<!-- \/ Yoast SEO plugin. -->","yoast_head_json":{"title":"Dofinansowania - Podkarpacka Okregowa Izba Inzynierow Budownictwa","description":"Skorzystaj z dofinansowa\u0144 dla cz\u0142onk\u00f3w Podkarpackiej Okr\u0119gowej Izby In\u017cynier\u00f3w Budownictwa. Pokrywamy cz\u0119\u015b\u0107 koszt\u00f3w kurs\u00f3w j\u0119zykowych, szkole\u0144, oprogramowania, podr\u0119cznik\u00f3w i wyjazd\u00f3w edukacyjnych dla in\u017cynier\u00f3w w Rzeszowie.","robots":{"index":"index","follow":"follow","max-snippet":"max-snippet:-1","max-image-preview":"max-image-preview:large","max-video-preview":"max-video-preview:-1"},"canonical":"https:\/\/inzynier.rzeszow.pl\/index.php\/dofinansowania\/","og_locale":"pl_PL","og_type":"article","og_title":"Dofinansowania - Podkarpacka Okregowa Izba Inzynierow Budownictwa","og_description":"Skorzystaj z dofinansowa\u0144 dla cz\u0142onk\u00f3w Podkarpackiej Okr\u0119gowej Izby In\u017cynier\u00f3w Budownictwa. Pokrywamy cz\u0119\u015b\u0107 koszt\u00f3w kurs\u00f3w j\u0119zykowych, szkole\u0144, oprogramowania, podr\u0119cznik\u00f3w i wyjazd\u00f3w edukacyjnych dla in\u017cynier\u00f3w w Rzeszowie.","og_url":"https:\/\/inzynier.rzeszow.pl\/index.php\/dofinansowania\/","og_site_name":"Podkarpacka Okregowa Izba Inzynierow Budownictwa","article_modified_time":"2026-03-17T07:34:16+00:00","twitter_card":"summary_large_image","twitter_misc":{"Szacowany czas czytania":"3 minuty"},"schema":{"@context":"https:\/\/schema.org","@graph":[{"@type":"WebPage","@id":"https:\/\/inzynier.rzeszow.pl\/index.php\/dofinansowania\/","url":"https:\/\/inzynier.rzeszow.pl\/index.php\/dofinansowania\/","name":"Dofinansowania - Podkarpacka Okregowa Izba Inzynierow Budownictwa","isPartOf":{"@id":"https:\/\/inzynier.rzeszow.pl\/#website"},"datePublished":"2025-12-22T12:17:01+00:00","dateModified":"2026-03-17T07:34:16+00:00","description":"Skorzystaj z dofinansowa\u0144 dla cz\u0142onk\u00f3w Podkarpackiej Okr\u0119gowej Izby In\u017cynier\u00f3w Budownictwa. Pokrywamy cz\u0119\u015b\u0107 koszt\u00f3w kurs\u00f3w j\u0119zykowych, szkole\u0144, oprogramowania, podr\u0119cznik\u00f3w i wyjazd\u00f3w edukacyjnych dla in\u017cynier\u00f3w w Rzeszowie.","breadcrumb":{"@id":"https:\/\/inzynier.rzeszow.pl\/index.php\/dofinansowania\/#breadcrumb"},"inLanguage":"pl-PL","potentialAction":[{"@type":"ReadAction","target":["https:\/\/inzynier.rzeszow.pl\/index.php\/dofinansowania\/"]}]},{"@type":"BreadcrumbList","@id":"https:\/\/inzynier.rzeszow.pl\/index.php\/dofinansowania\/#breadcrumb","itemListElement":[{"@type":"ListItem","position":1,"name":"Strona g\u0142\u00f3wna","item":"https:\/\/inzynier.rzeszow.pl\/"},{"@type":"ListItem","position":2,"name":"Dofinansowania"}]},{"@type":"WebSite","@id":"https:\/\/inzynier.rzeszow.pl\/#website","url":"https:\/\/inzynier.rzeszow.pl\/","name":"Podkarpacka Okregowa Izba Inzynierow Budownictwa","description":"","potentialAction":[{"@type":"SearchAction","target":{"@type":"EntryPoint","urlTemplate":"https:\/\/inzynier.rzeszow.pl\/?s={search_term_string}"},"query-input":{"@type":"PropertyValueSpecification","valueRequired":true,"valueName":"search_term_string"}}],"inLanguage":"pl-PL"}]}},"rttpg_featured_image_url":null,"rttpg_author":{"display_name":"admin","author_link":"https:\/\/inzynier.rzeszow.pl\/index.php\/author\/kwojcik\/"},"rttpg_comment":0,"rttpg_category":null,"rttpg_excerpt":"Dofinansowania dla czynnych cz\u0142onk\u00f3w PDK OIIB Strona g\u0142\u00f3wna \/ Doskonalenie zawodowe \/ Dofinansowania Komisja Doskonalenia Zawodowego PDK OIIB informuje, \u017ce [&hellip;]","_links":{"self":[{"href":"https:\/\/inzynier.rzeszow.pl\/index.php\/wp-json\/wp\/v2\/pages\/736","targetHints":{"allow":["GET"]}}],"collection":[{"href":"https:\/\/inzynier.rzeszow.pl\/index.php\/wp-json\/wp\/v2\/pages"}],"about":[{"href":"https:\/\/inzynier.rzeszow.pl\/index.php\/wp-json\/wp\/v2\/types\/page"}],"author":[{"embeddable":true,"href":"https:\/\/inzynier.rzeszow.pl\/index.php\/wp-json\/wp\/v2\/users\/1"}],"replies":[{"embeddable":true,"href":"https:\/\/inzynier.rzeszow.pl\/index.php\/wp-json\/wp\/v2\/comments?post=736"}],"version-history":[{"count":34,"href":"https:\/\/inzynier.rzeszow.pl\/index.php\/wp-json\/wp\/v2\/pages\/736\/revisions"}],"predecessor-version":[{"id":6948,"href":"https:\/\/inzynier.rzeszow.pl\/index.php\/wp-json\/wp\/v2\/pages\/736\/revisions\/6948"}],"wp:attachment":[{"href":"https:\/\/inzynier.rzeszow.pl\/index.php\/wp-json\/wp\/v2\/media?parent=736"}],"curies":[{"name":"wp","href":"https:\/\/api.w.org\/{rel}","templated":true}]}}