{"id":554,"date":"2025-12-21T16:50:22","date_gmt":"2025-12-21T16:50:22","guid":{"rendered":"https:\/\/migracja.inzynier.rzeszow.pl\/?page_id=554"},"modified":"2026-03-17T13:35:02","modified_gmt":"2026-03-17T12:35:02","slug":"konkursy","status":"publish","type":"page","link":"https:\/\/inzynier.rzeszow.pl\/index.php\/konkursy\/","title":{"rendered":"Konkursy"},"content":{"rendered":"\t\t<div data-elementor-type=\"wp-page\" data-elementor-id=\"554\" class=\"elementor elementor-554\" data-elementor-post-type=\"page\">\n\t\t\t\t<div class=\"elementor-element elementor-element-c6ddcf0 e-flex e-con-boxed e-con e-parent\" data-id=\"c6ddcf0\" data-element_type=\"container\" data-e-type=\"container\" data-settings=\"{&quot;background_background&quot;:&quot;classic&quot;}\">\n\t\t\t\t\t<div class=\"e-con-inner\">\n\t\t<div class=\"elementor-element elementor-element-f90288b e-con-full e-flex e-con e-child\" data-id=\"f90288b\" data-element_type=\"container\" data-e-type=\"container\" data-settings=\"{&quot;background_background&quot;:&quot;classic&quot;}\">\n\t\t\t\t<div class=\"elementor-element elementor-element-63fce6b elementor-widget elementor-widget-heading\" data-id=\"63fce6b\" data-element_type=\"widget\" data-e-type=\"widget\" data-widget_type=\"heading.default\">\n\t\t\t\t\t<h1 class=\"elementor-heading-title elementor-size-default\">Konkursy, Wydarzenia<\/h1>\t\t\t\t<\/div>\n\t\t\t\t<\/div>\n\t\t\t\t\t<\/div>\n\t\t\t\t<\/div>\n\t\t<div class=\"elementor-element elementor-element-b79ae22 e-flex e-con-boxed e-con e-parent\" data-id=\"b79ae22\" data-element_type=\"container\" data-e-type=\"container\">\n\t\t\t\t\t<div class=\"e-con-inner\">\n\t\t\t\t<div class=\"elementor-element elementor-element-7249e99 elementor-widget elementor-widget-text-editor\" data-id=\"7249e99\" data-element_type=\"widget\" data-e-type=\"widget\" data-widget_type=\"text-editor.default\">\n\t\t\t\t\t\t\t\t\t<p><a href=\"https:\/\/inzynier.rzeszow.pl\">Strona g\u0142\u00f3wna <\/a>\/ <a href=\"https:\/\/inzynier.rzeszow.pl\/index.php\/konkursy\/\">Konkursy, Wydarzenia<\/a><\/p>\t\t\t\t\t\t\t\t<\/div>\n\t\t\t\t\t<\/div>\n\t\t\t\t<\/div>\n\t\t<div class=\"elementor-element elementor-element-1e7d6a4 e-grid e-con-boxed e-con e-parent\" data-id=\"1e7d6a4\" data-element_type=\"container\" data-e-type=\"container\">\n\t\t\t\t\t<div class=\"e-con-inner\">\n\t\t<a class=\"elementor-element elementor-element-0694662 team-tile e-flex e-con-boxed e-con e-child\" data-id=\"0694662\" data-element_type=\"container\" data-e-type=\"container\" data-settings=\"{&quot;background_background&quot;:&quot;classic&quot;}\" href=\"https:\/\/inzynier.rzeszow.pl\/index.php\/targi-konferencje\/\">\n\t\t\t\t\t<div class=\"e-con-inner\">\n\t\t\t\t<div class=\"elementor-element elementor-element-36afb25 elementor-widget elementor-widget-heading\" data-id=\"36afb25\" data-element_type=\"widget\" data-e-type=\"widget\" data-widget_type=\"heading.default\">\n\t\t\t\t\t<h2 class=\"elementor-heading-title elementor-size-default\">Targi, Konferencje<\/h2>\t\t\t\t<\/div>\n\t\t\t\t\t<\/div>\n\t\t\t\t<\/a>\n\t\t<a class=\"elementor-element elementor-element-2d93657 team-tile e-con-full e-flex e-con e-child\" data-id=\"2d93657\" data-element_type=\"container\" data-e-type=\"container\" data-settings=\"{&quot;background_background&quot;:&quot;classic&quot;}\" href=\"https:\/\/inzynier.rzeszow.pl\/index.php\/wspolpraca-z-dziecmi-i-mlodzieza\/\">\n\t\t\t\t<div class=\"elementor-element elementor-element-72e4d15 elementor-widget elementor-widget-heading\" data-id=\"72e4d15\" data-element_type=\"widget\" data-e-type=\"widget\" data-widget_type=\"heading.default\">\n\t\t\t\t\t<h2 class=\"elementor-heading-title elementor-size-default\">Wsp\u00f3\u0142praca z dzie\u0107mi <\/br> i m\u0142odzie\u017c\u0105<\/h2>\t\t\t\t<\/div>\n\t\t\t\t<\/a>\n\t\t<a class=\"elementor-element elementor-element-1451e69 team-tile e-con-full e-flex e-con e-child\" data-id=\"1451e69\" data-element_type=\"container\" data-e-type=\"container\" data-settings=\"{&quot;background_background&quot;:&quot;classic&quot;}\" href=\"https:\/\/inzynier.rzeszow.pl\/index.php\/budowa-roku-podkarpacia\/\">\n\t\t\t\t<div class=\"elementor-element elementor-element-ef6fc8c elementor-widget elementor-widget-heading\" data-id=\"ef6fc8c\" data-element_type=\"widget\" data-e-type=\"widget\" data-widget_type=\"heading.default\">\n\t\t\t\t\t<h2 class=\"elementor-heading-title elementor-size-default\">Budowa Roku Podkarpacia <\/h2>\t\t\t\t<\/div>\n\t\t\t\t<\/a>\n\t\t<a class=\"elementor-element elementor-element-d24013c team-tile e-con-full e-flex e-con e-child\" data-id=\"d24013c\" data-element_type=\"container\" data-e-type=\"container\" data-settings=\"{&quot;background_background&quot;:&quot;classic&quot;}\" href=\"https:\/\/inzynier.rzeszow.pl\/index.php\/bal-z-okazji-dnia-budowlanych\/\">\n\t\t\t\t<div class=\"elementor-element elementor-element-61ef116 elementor-widget elementor-widget-heading\" data-id=\"61ef116\" data-element_type=\"widget\" data-e-type=\"widget\" data-widget_type=\"heading.default\">\n\t\t\t\t\t<h2 class=\"elementor-heading-title elementor-size-default\">Bal z okazji Dnia Budowlanych<\/h2>\t\t\t\t<\/div>\n\t\t\t\t<\/a>\n\t\t<a class=\"elementor-element elementor-element-f586c1a team-tile e-con-full e-flex e-con e-child\" data-id=\"f586c1a\" data-element_type=\"container\" data-e-type=\"container\" data-settings=\"{&quot;background_background&quot;:&quot;classic&quot;}\" href=\"https:\/\/inzynier.rzeszow.pl\/index.php\/ostatki-inzynierskie\/\">\n\t\t\t\t<div class=\"elementor-element elementor-element-ad1ab47 elementor-widget elementor-widget-heading\" data-id=\"ad1ab47\" data-element_type=\"widget\" data-e-type=\"widget\" data-widget_type=\"heading.default\">\n\t\t\t\t\t<h2 class=\"elementor-heading-title elementor-size-default\">Ostatki In\u017cynierskie<\/h2>\t\t\t\t<\/div>\n\t\t\t\t<\/a>\n\t\t<a class=\"elementor-element elementor-element-9e2c2a2 team-tile e-con-full e-flex e-con e-child\" data-id=\"9e2c2a2\" data-element_type=\"container\" data-e-type=\"container\" data-settings=\"{&quot;background_background&quot;:&quot;classic&quot;}\" href=\"https:\/\/inzynier.rzeszow.pl\/index.php\/konkursy-pdk-oiib\/\">\n\t\t\t\t<div class=\"elementor-element elementor-element-7bae448 elementor-widget elementor-widget-heading\" data-id=\"7bae448\" data-element_type=\"widget\" data-e-type=\"widget\" data-widget_type=\"heading.default\">\n\t\t\t\t\t<h2 class=\"elementor-heading-title elementor-size-default\">Zawody Sportowe<\/h2>\t\t\t\t<\/div>\n\t\t\t\t<\/a>\n\t\t<a class=\"elementor-element elementor-element-80b4908 team-tile e-con-full e-flex e-con e-child\" data-id=\"80b4908\" data-element_type=\"container\" data-e-type=\"container\" data-settings=\"{&quot;background_background&quot;:&quot;classic&quot;}\" href=\"https:\/\/inzynier.rzeszow.pl\/index.php\/piknik-rodzinny-nad-jeziorem-tarnobrzeskim\/\">\n\t\t\t\t<div class=\"elementor-element elementor-element-e21054d elementor-widget elementor-widget-heading\" data-id=\"e21054d\" data-element_type=\"widget\" data-e-type=\"widget\" data-widget_type=\"heading.default\">\n\t\t\t\t\t<h2 class=\"elementor-heading-title elementor-size-default\">Piknik Rodzinny nad Jeziorem Tarnobrzeskim<\/h2>\t\t\t\t<\/div>\n\t\t\t\t<\/a>\n\t\t<a class=\"elementor-element elementor-element-ab1d976 team-tile e-con-full e-flex e-con e-child\" data-id=\"ab1d976\" data-element_type=\"container\" data-e-type=\"container\" data-settings=\"{&quot;background_background&quot;:&quot;classic&quot;}\" href=\"https:\/\/inzynier.rzeszow.pl\/index.php\/piknik-rodzinny-zawodow-zaufania-publicznego\/\">\n\t\t\t\t<div class=\"elementor-element elementor-element-7471b43 elementor-widget elementor-widget-heading\" data-id=\"7471b43\" data-element_type=\"widget\" data-e-type=\"widget\" data-widget_type=\"heading.default\">\n\t\t\t\t\t<h2 class=\"elementor-heading-title elementor-size-default\">Piknik Rodzinny Zawod\u00f3w Zaufania Publicznego<\/h2>\t\t\t\t<\/div>\n\t\t\t\t<\/a>\n\t\t<a class=\"elementor-element elementor-element-2382cc5 team-tile e-flex e-con-boxed e-con e-child\" data-id=\"2382cc5\" data-element_type=\"container\" data-e-type=\"container\" data-settings=\"{&quot;background_background&quot;:&quot;classic&quot;}\" href=\"https:\/\/inzynier.rzeszow.pl\/index.php\/konkursy-okregowych-izb-imprezy-zewnetrzne\/\">\n\t\t\t\t\t<div class=\"e-con-inner\">\n\t\t\t\t<div class=\"elementor-element elementor-element-ae3766f elementor-widget elementor-widget-heading\" data-id=\"ae3766f\" data-element_type=\"widget\" data-e-type=\"widget\" data-widget_type=\"heading.default\">\n\t\t\t\t\t<h2 class=\"elementor-heading-title elementor-size-default\">\tKonkursy Okr\u0119gowych Izb, Imprezy Zewn\u0119trzne<\/h2>\t\t\t\t<\/div>\n\t\t\t\t\t<\/div>\n\t\t\t\t<\/a>\n\t\t<a class=\"elementor-element elementor-element-31e3292 team-tile e-con-full e-flex e-con e-child\" data-id=\"31e3292\" data-element_type=\"container\" data-e-type=\"container\" data-settings=\"{&quot;background_background&quot;:&quot;classic&quot;}\" href=\"https:\/\/inzynier.rzeszow.pl\/index.php\/kartka-swiateczna-wielkanocna\/\">\n\t\t\t\t<div class=\"elementor-element elementor-element-db91d52 elementor-widget elementor-widget-heading\" data-id=\"db91d52\" data-element_type=\"widget\" data-e-type=\"widget\" data-widget_type=\"heading.default\">\n\t\t\t\t\t<h2 class=\"elementor-heading-title elementor-size-default\">Kartka \u015bwi\u0105teczna Wielkanocna<\/h2>\t\t\t\t<\/div>\n\t\t\t\t<\/a>\n\t\t<a class=\"elementor-element elementor-element-c6e7f0f team-tile e-con-full e-flex e-con e-child\" data-id=\"c6e7f0f\" data-element_type=\"container\" data-e-type=\"container\" data-settings=\"{&quot;background_background&quot;:&quot;classic&quot;}\" href=\"https:\/\/inzynier.rzeszow.pl\/index.php\/kartka-swiateczna-bozonarodzeniowa-lub-noworoczna\/\">\n\t\t\t\t<div class=\"elementor-element elementor-element-4f24a8f elementor-widget elementor-widget-heading\" data-id=\"4f24a8f\" data-element_type=\"widget\" data-e-type=\"widget\" data-widget_type=\"heading.default\">\n\t\t\t\t\t<h2 class=\"elementor-heading-title elementor-size-default\">Kartka \u015bwi\u0105teczna Bo\u017conarodzeniowa lub Noworoczna<\/h2>\t\t\t\t<\/div>\n\t\t\t\t<\/a>\n\t\t<a class=\"elementor-element elementor-element-a231aee team-tile e-con-full e-flex e-con e-child\" data-id=\"a231aee\" data-element_type=\"container\" data-e-type=\"container\" data-settings=\"{&quot;background_background&quot;:&quot;classic&quot;}\" href=\"https:\/\/inzynier.rzeszow.pl\/index.php\/rysunkowy-dla-dzieci\/\">\n\t\t\t\t<div class=\"elementor-element elementor-element-00b622a elementor-widget elementor-widget-heading\" data-id=\"00b622a\" data-element_type=\"widget\" data-e-type=\"widget\" data-widget_type=\"heading.default\">\n\t\t\t\t\t<h2 class=\"elementor-heading-title elementor-size-default\">Rysunkowy dla dzieci<\/h2>\t\t\t\t<\/div>\n\t\t\t\t<\/a>\n\t\t<a class=\"elementor-element elementor-element-1bf1dca team-tile e-con-full e-flex e-con e-child\" data-id=\"1bf1dca\" data-element_type=\"container\" data-e-type=\"container\" data-settings=\"{&quot;background_background&quot;:&quot;classic&quot;}\" href=\"https:\/\/inzynier.rzeszow.pl\/index.php\/plastyczny-dla-mlodziezy\/\">\n\t\t\t\t<div class=\"elementor-element elementor-element-ebe477b elementor-widget elementor-widget-heading\" data-id=\"ebe477b\" data-element_type=\"widget\" data-e-type=\"widget\" data-widget_type=\"heading.default\">\n\t\t\t\t\t<h2 class=\"elementor-heading-title elementor-size-default\">Plastyczny dla m\u0142odzie\u017cy<\/h2>\t\t\t\t<\/div>\n\t\t\t\t<\/a>\n\t\t<a class=\"elementor-element elementor-element-f8d73de team-tile e-con-full e-flex e-con e-child\" data-id=\"f8d73de\" data-element_type=\"container\" data-e-type=\"container\" data-settings=\"{&quot;background_background&quot;:&quot;classic&quot;}\" href=\"https:\/\/inzynier.rzeszow.pl\/index.php\/fotograficzny-budownictwo-wokol-nas\/\">\n\t\t\t\t<div class=\"elementor-element elementor-element-83116d7 elementor-widget elementor-widget-heading\" data-id=\"83116d7\" data-element_type=\"widget\" data-e-type=\"widget\" data-widget_type=\"heading.default\">\n\t\t\t\t\t<h2 class=\"elementor-heading-title elementor-size-default\">Fotograficzny - Budownictwo wok\u00f3\u0142 nas<\/h2>\t\t\t\t<\/div>\n\t\t\t\t<\/a>\n\t\t\t\t\t<\/div>\n\t\t\t\t<\/div>\n\t\t\t\t<\/div>\n\t\t","protected":false},"excerpt":{"rendered":"<p>Konkursy, Wydarzenia Strona g\u0142\u00f3wna \/ Konkursy, Wydarzenia Targi, Konferencje Wsp\u00f3\u0142praca z dzie\u0107mi i m\u0142odzie\u017c\u0105 Budowa Roku Podkarpacia Bal z okazji [&hellip;]<\/p>\n","protected":false},"author":1,"featured_media":0,"parent":0,"menu_order":0,"comment_status":"closed","ping_status":"closed","template":"","meta":{"site-sidebar-layout":"no-sidebar","site-content-layout":"","ast-site-content-layout":"full-width-container","site-content-style":"default","site-sidebar-style":"default","ast-global-header-display":"","ast-banner-title-visibility":"","ast-main-header-display":"","ast-hfb-above-header-display":"","ast-hfb-below-header-display":"","ast-hfb-mobile-header-display":"","site-post-title":"disabled","ast-breadcrumbs-content":"","ast-featured-img":"disabled","footer-sml-layout":"","ast-disable-related-posts":"","theme-transparent-header-meta":"","adv-header-id-meta":"","stick-header-meta":"","header-above-stick-meta":"","header-main-stick-meta":"","header-below-stick-meta":"","astra-migrate-meta-layouts":"default","ast-page-background-enabled":"default","ast-page-background-meta":{"desktop":{"background-color":"var(--ast-global-color-5)","background-image":"","background-repeat":"repeat","background-position":"center center","background-size":"auto","background-attachment":"scroll","background-type":"","background-media":"","overlay-type":"","overlay-color":"","overlay-opacity":"","overlay-gradient":""},"tablet":{"background-color":"","background-image":"","background-repeat":"repeat","background-position":"center center","background-size":"auto","background-attachment":"scroll","background-type":"","background-media":"","overlay-type":"","overlay-color":"","overlay-opacity":"","overlay-gradient":""},"mobile":{"background-color":"","background-image":"","background-repeat":"repeat","background-position":"center center","background-size":"auto","background-attachment":"scroll","background-type":"","background-media":"","overlay-type":"","overlay-color":"","overlay-opacity":"","overlay-gradient":""}},"ast-content-background-meta":{"desktop":{"background-color":"var(--ast-global-color-4)","background-image":"","background-repeat":"repeat","background-position":"center center","background-size":"auto","background-attachment":"scroll","background-type":"","background-media":"","overlay-type":"","overlay-color":"","overlay-opacity":"","overlay-gradient":""},"tablet":{"background-color":"var(--ast-global-color-4)","background-image":"","background-repeat":"repeat","background-position":"center center","background-size":"auto","background-attachment":"scroll","background-type":"","background-media":"","overlay-type":"","overlay-color":"","overlay-opacity":"","overlay-gradient":""},"mobile":{"background-color":"var(--ast-global-color-4)","background-image":"","background-repeat":"repeat","background-position":"center center","background-size":"auto","background-attachment":"scroll","background-type":"","background-media":"","overlay-type":"","overlay-color":"","overlay-opacity":"","overlay-gradient":""}},"footnotes":""},"class_list":["post-554","page","type-page","status-publish","hentry"],"yoast_head":"<!-- This site is optimized with the Yoast SEO plugin v27.5 - https:\/\/yoast.com\/product\/yoast-seo-wordpress\/ -->\n<title>Konkursy - Podkarpacka Okregowa Izba Inzynierow Budownictwa<\/title>\n<meta name=\"description\" content=\"Konkursy PDK OIIB \u2013 informacje o konkursach organizowanych przez Podkarpack\u0105 Okr\u0119gow\u0105 Izb\u0119 In\u017cynier\u00f3w Budownictwa oraz inicjatywach bran\u017cowych.\" \/>\n<meta name=\"robots\" content=\"index, follow, max-snippet:-1, max-image-preview:large, max-video-preview:-1\" \/>\n<link rel=\"canonical\" href=\"https:\/\/inzynier.rzeszow.pl\/index.php\/konkursy\/\" \/>\n<meta property=\"og:locale\" content=\"pl_PL\" \/>\n<meta property=\"og:type\" content=\"article\" \/>\n<meta property=\"og:title\" content=\"Konkursy - Podkarpacka Okregowa Izba Inzynierow Budownictwa\" \/>\n<meta property=\"og:description\" content=\"Konkursy PDK OIIB \u2013 informacje o konkursach organizowanych przez Podkarpack\u0105 Okr\u0119gow\u0105 Izb\u0119 In\u017cynier\u00f3w Budownictwa oraz inicjatywach bran\u017cowych.\" \/>\n<meta property=\"og:url\" content=\"https:\/\/inzynier.rzeszow.pl\/index.php\/konkursy\/\" \/>\n<meta property=\"og:site_name\" content=\"Podkarpacka Okregowa Izba Inzynierow Budownictwa\" \/>\n<meta property=\"article:modified_time\" content=\"2026-03-17T12:35:02+00:00\" \/>\n<meta name=\"twitter:card\" content=\"summary_large_image\" \/>\n<meta name=\"twitter:label1\" content=\"Szacowany czas czytania\" \/>\n\t<meta name=\"twitter:data1\" content=\"1 minuta\" \/>\n<script type=\"application\/ld+json\" class=\"yoast-schema-graph\">{\"@context\":\"https:\\\/\\\/schema.org\",\"@graph\":[{\"@type\":\"WebPage\",\"@id\":\"https:\\\/\\\/inzynier.rzeszow.pl\\\/index.php\\\/konkursy\\\/\",\"url\":\"https:\\\/\\\/inzynier.rzeszow.pl\\\/index.php\\\/konkursy\\\/\",\"name\":\"Konkursy - Podkarpacka Okregowa Izba Inzynierow Budownictwa\",\"isPartOf\":{\"@id\":\"https:\\\/\\\/inzynier.rzeszow.pl\\\/#website\"},\"datePublished\":\"2025-12-21T16:50:22+00:00\",\"dateModified\":\"2026-03-17T12:35:02+00:00\",\"description\":\"Konkursy PDK OIIB \u2013 informacje o konkursach organizowanych przez Podkarpack\u0105 Okr\u0119gow\u0105 Izb\u0119 In\u017cynier\u00f3w Budownictwa oraz inicjatywach bran\u017cowych.\",\"breadcrumb\":{\"@id\":\"https:\\\/\\\/inzynier.rzeszow.pl\\\/index.php\\\/konkursy\\\/#breadcrumb\"},\"inLanguage\":\"pl-PL\",\"potentialAction\":[{\"@type\":\"ReadAction\",\"target\":[\"https:\\\/\\\/inzynier.rzeszow.pl\\\/index.php\\\/konkursy\\\/\"]}]},{\"@type\":\"BreadcrumbList\",\"@id\":\"https:\\\/\\\/inzynier.rzeszow.pl\\\/index.php\\\/konkursy\\\/#breadcrumb\",\"itemListElement\":[{\"@type\":\"ListItem\",\"position\":1,\"name\":\"Strona g\u0142\u00f3wna\",\"item\":\"https:\\\/\\\/inzynier.rzeszow.pl\\\/\"},{\"@type\":\"ListItem\",\"position\":2,\"name\":\"Konkursy\"}]},{\"@type\":\"WebSite\",\"@id\":\"https:\\\/\\\/inzynier.rzeszow.pl\\\/#website\",\"url\":\"https:\\\/\\\/inzynier.rzeszow.pl\\\/\",\"name\":\"Podkarpacka Okregowa Izba Inzynierow Budownictwa\",\"description\":\"\",\"potentialAction\":[{\"@type\":\"SearchAction\",\"target\":{\"@type\":\"EntryPoint\",\"urlTemplate\":\"https:\\\/\\\/inzynier.rzeszow.pl\\\/?s={search_term_string}\"},\"query-input\":{\"@type\":\"PropertyValueSpecification\",\"valueRequired\":true,\"valueName\":\"search_term_string\"}}],\"inLanguage\":\"pl-PL\"}]}<\/script>\n<!-- \/ Yoast SEO plugin. -->","yoast_head_json":{"title":"Konkursy - Podkarpacka Okregowa Izba Inzynierow Budownictwa","description":"Konkursy PDK OIIB \u2013 informacje o konkursach organizowanych przez Podkarpack\u0105 Okr\u0119gow\u0105 Izb\u0119 In\u017cynier\u00f3w Budownictwa oraz inicjatywach bran\u017cowych.","robots":{"index":"index","follow":"follow","max-snippet":"max-snippet:-1","max-image-preview":"max-image-preview:large","max-video-preview":"max-video-preview:-1"},"canonical":"https:\/\/inzynier.rzeszow.pl\/index.php\/konkursy\/","og_locale":"pl_PL","og_type":"article","og_title":"Konkursy - Podkarpacka Okregowa Izba Inzynierow Budownictwa","og_description":"Konkursy PDK OIIB \u2013 informacje o konkursach organizowanych przez Podkarpack\u0105 Okr\u0119gow\u0105 Izb\u0119 In\u017cynier\u00f3w Budownictwa oraz inicjatywach bran\u017cowych.","og_url":"https:\/\/inzynier.rzeszow.pl\/index.php\/konkursy\/","og_site_name":"Podkarpacka Okregowa Izba Inzynierow Budownictwa","article_modified_time":"2026-03-17T12:35:02+00:00","twitter_card":"summary_large_image","twitter_misc":{"Szacowany czas czytania":"1 minuta"},"schema":{"@context":"https:\/\/schema.org","@graph":[{"@type":"WebPage","@id":"https:\/\/inzynier.rzeszow.pl\/index.php\/konkursy\/","url":"https:\/\/inzynier.rzeszow.pl\/index.php\/konkursy\/","name":"Konkursy - Podkarpacka Okregowa Izba Inzynierow Budownictwa","isPartOf":{"@id":"https:\/\/inzynier.rzeszow.pl\/#website"},"datePublished":"2025-12-21T16:50:22+00:00","dateModified":"2026-03-17T12:35:02+00:00","description":"Konkursy PDK OIIB \u2013 informacje o konkursach organizowanych przez Podkarpack\u0105 Okr\u0119gow\u0105 Izb\u0119 In\u017cynier\u00f3w Budownictwa oraz inicjatywach bran\u017cowych.","breadcrumb":{"@id":"https:\/\/inzynier.rzeszow.pl\/index.php\/konkursy\/#breadcrumb"},"inLanguage":"pl-PL","potentialAction":[{"@type":"ReadAction","target":["https:\/\/inzynier.rzeszow.pl\/index.php\/konkursy\/"]}]},{"@type":"BreadcrumbList","@id":"https:\/\/inzynier.rzeszow.pl\/index.php\/konkursy\/#breadcrumb","itemListElement":[{"@type":"ListItem","position":1,"name":"Strona g\u0142\u00f3wna","item":"https:\/\/inzynier.rzeszow.pl\/"},{"@type":"ListItem","position":2,"name":"Konkursy"}]},{"@type":"WebSite","@id":"https:\/\/inzynier.rzeszow.pl\/#website","url":"https:\/\/inzynier.rzeszow.pl\/","name":"Podkarpacka Okregowa Izba Inzynierow Budownictwa","description":"","potentialAction":[{"@type":"SearchAction","target":{"@type":"EntryPoint","urlTemplate":"https:\/\/inzynier.rzeszow.pl\/?s={search_term_string}"},"query-input":{"@type":"PropertyValueSpecification","valueRequired":true,"valueName":"search_term_string"}}],"inLanguage":"pl-PL"}]}},"rttpg_featured_image_url":null,"rttpg_author":{"display_name":"admin","author_link":"https:\/\/inzynier.rzeszow.pl\/index.php\/author\/kwojcik\/"},"rttpg_comment":0,"rttpg_category":null,"rttpg_excerpt":"Konkursy, Wydarzenia Strona g\u0142\u00f3wna \/ Konkursy, Wydarzenia Targi, Konferencje Wsp\u00f3\u0142praca z dzie\u0107mi i m\u0142odzie\u017c\u0105 Budowa Roku Podkarpacia Bal z okazji [&hellip;]","_links":{"self":[{"href":"https:\/\/inzynier.rzeszow.pl\/index.php\/wp-json\/wp\/v2\/pages\/554","targetHints":{"allow":["GET"]}}],"collection":[{"href":"https:\/\/inzynier.rzeszow.pl\/index.php\/wp-json\/wp\/v2\/pages"}],"about":[{"href":"https:\/\/inzynier.rzeszow.pl\/index.php\/wp-json\/wp\/v2\/types\/page"}],"author":[{"embeddable":true,"href":"https:\/\/inzynier.rzeszow.pl\/index.php\/wp-json\/wp\/v2\/users\/1"}],"replies":[{"embeddable":true,"href":"https:\/\/inzynier.rzeszow.pl\/index.php\/wp-json\/wp\/v2\/comments?post=554"}],"version-history":[{"count":59,"href":"https:\/\/inzynier.rzeszow.pl\/index.php\/wp-json\/wp\/v2\/pages\/554\/revisions"}],"predecessor-version":[{"id":8016,"href":"https:\/\/inzynier.rzeszow.pl\/index.php\/wp-json\/wp\/v2\/pages\/554\/revisions\/8016"}],"wp:attachment":[{"href":"https:\/\/inzynier.rzeszow.pl\/index.php\/wp-json\/wp\/v2\/media?parent=554"}],"curies":[{"name":"wp","href":"https:\/\/api.w.org\/{rel}","templated":true}]}}