{"id":5428,"date":"2026-03-07T10:32:34","date_gmt":"2026-03-07T10:32:34","guid":{"rendered":"https:\/\/migracja.inzynier.rzeszow.pl\/?page_id=5428"},"modified":"2026-03-15T10:01:19","modified_gmt":"2026-03-15T09:01:19","slug":"piknik-rodzinny-zawodow-zaufania-publicznego","status":"publish","type":"page","link":"https:\/\/inzynier.rzeszow.pl\/index.php\/piknik-rodzinny-zawodow-zaufania-publicznego\/","title":{"rendered":"Piknik Rodzinny Zawod\u00f3w Zaufania Publicznego"},"content":{"rendered":"\t\t<div data-elementor-type=\"wp-page\" data-elementor-id=\"5428\" class=\"elementor elementor-5428\" data-elementor-post-type=\"page\">\n\t\t\t\t<div class=\"elementor-element elementor-element-c6ddcf0 e-flex e-con-boxed e-con e-parent\" data-id=\"c6ddcf0\" data-element_type=\"container\" data-e-type=\"container\" data-settings=\"{&quot;background_background&quot;:&quot;classic&quot;}\">\n\t\t\t\t\t<div class=\"e-con-inner\">\n\t\t<div class=\"elementor-element elementor-element-f90288b e-con-full e-flex e-con e-child\" data-id=\"f90288b\" data-element_type=\"container\" data-e-type=\"container\" data-settings=\"{&quot;background_background&quot;:&quot;classic&quot;}\">\n\t\t\t\t<div class=\"elementor-element elementor-element-63fce6b elementor-widget elementor-widget-heading\" data-id=\"63fce6b\" data-element_type=\"widget\" data-e-type=\"widget\" data-widget_type=\"heading.default\">\n\t\t\t\t\t<h1 class=\"elementor-heading-title elementor-size-default\">Piknik Rodzinny Zawod\u00f3w Zaufania Publicznego<\/h1>\t\t\t\t<\/div>\n\t\t\t\t<\/div>\n\t\t\t\t\t<\/div>\n\t\t\t\t<\/div>\n\t\t<div class=\"elementor-element elementor-element-b79ae22 e-flex e-con-boxed e-con e-parent\" data-id=\"b79ae22\" data-element_type=\"container\" data-e-type=\"container\">\n\t\t\t\t\t<div class=\"e-con-inner\">\n\t\t\t\t<div class=\"elementor-element elementor-element-7249e99 elementor-widget elementor-widget-text-editor\" data-id=\"7249e99\" data-element_type=\"widget\" data-e-type=\"widget\" data-widget_type=\"text-editor.default\">\n\t\t\t\t\t\t\t\t\t<p><a href=\"https:\/\/inzynier.rzeszow.pl\">Strona g\u0142\u00f3wna <\/a>\/ <a href=\"https:\/\/inzynier.rzeszow.pl\/index.php\/konkursy\/\">Konkursy, Wydarzenia<\/a> \/\u00a0<a href=\"https:\/\/inzynier.rzeszow.pl\/index.php\/piknik-rodzinny-zawodow-zaufania-publicznego\/\">Piknik Rodzinny Zawod\u00f3w Zaufania Publicznego<\/a><\/p>\t\t\t\t\t\t\t\t<\/div>\n\t\t\t\t\t<\/div>\n\t\t\t\t<\/div>\n\t\t<div class=\"elementor-element elementor-element-0c4e1b1 e-flex e-con-boxed e-con e-parent\" data-id=\"0c4e1b1\" data-element_type=\"container\" data-e-type=\"container\">\n\t\t\t\t\t<div class=\"e-con-inner\">\n\t\t\t\t<div class=\"elementor-element elementor-element-3870ac3 img_hover_animation_img_no_effect tpg-wrapper-align-left readmore-btn-only-text meta-visibility-show title_position_default title_hover_border_default title-default meta_position_default grid-hover-overlay-type-always tpg-el-box-border-enable tpg-border-bottom-disable elementor-widget elementor-widget-tpg-list-layout\" data-id=\"3870ac3\" data-element_type=\"widget\" data-e-type=\"widget\" data-widget_type=\"tpg-list-layout.default\">\n\t\t\t\t<div class=\"elementor-widget-container\">\n\t\t\t\t\t\n        <div class=\"rt-container-fluid rt-tpg-container tpg-el-main-wrapper list-layout1-main \"\n             data-sc-id=\"elementor\"\n             id=\"rt-tpg-container-212237754\"\n             data-layout=\"list-layout1\"\n             data-grid-style=\"tpg-even\"\n             data-el-settings=''\n             data-el-query=''\n             data-el-path=''\n        >\n\t\t\t            <div class='tpg-header-wrapper '>\n\t\t\t\t            <\/div>\n\n            <div data-title=\"Loading ...\" class=\"rt-row rt-content-loader list-layout1 tpg-even list-behaviour list-layout-wrapper\">\n\t\t\t\t\n<div class=\"rt-col-md-12 rt-col-sm-12 rt-col-xs-12 img_no_effect rt-list-item rt-grid-item\" data-id=\"9641\">\n\t<div class=\"rt-holder tpg-post-holder \">\n\t\t<div class=\"rt-detail rt-el-content-wrapper\">\n\t\t\t\t\t\t\t<div class=\"rt-img-holder tpg-el-image-wrap has-thumbnail\">\n\t\t\t\t\t<a data-id=\"9641\" href=\"https:\/\/inzynier.rzeszow.pl\/index.php\/2026\/04\/28\/i-piknik-rodzinny-zawodow-zaufania-publicznego-09-05-2026-r-2\/\" class=\"tpg-post-link\" target=\"_self\">                        <img fetchpriority=\"high\" decoding=\"async\" src=\"https:\/\/inzynier.rzeszow.pl\/wp-content\/uploads\/2026\/04\/plakat-piknik-rodzinny-768x1082.webp\"\n                             class=\"rt-img-responsive\"\n                             width=\"768\"\n                             height=\"1082\"\n                             alt=\"I Piknik Rodzinny Zawod\u00f3w Zaufania Publicznego &#8211; 09.05.2026 r.\">\n\t\t\t\t\t\t\n\t\t\t\t\t\t\t\n\t\t<\/a>\n\t\t        <div class=\"overlay grid-hover-content\"><\/div>\n\t\t\t\t\t\t<\/div>\n\t\t\t\n\t\t\t<div class=\"post-right-content\">\n\t\t\t\t<div class=\"entry-title-wrapper\"><h3 class=\"entry-title\"><a data-id=\"9641\" href=\"https:\/\/inzynier.rzeszow.pl\/index.php\/2026\/04\/28\/i-piknik-rodzinny-zawodow-zaufania-publicznego-09-05-2026-r-2\/\" class=\"tpg-post-link\" target=\"_self\">I Piknik Rodzinny Zawod\u00f3w Zaufania Publicznego &#8211; 09.05.2026 r.<\/a><\/h3><\/div>\n\t\t\t\t\t\t\t\t\t<div class=\"post-meta-tags rt-el-post-meta\">\n\t\t\t\t\t\t            <span class='date'>\n\t\t\t\t<i class='far fa-calendar-alt '><\/i>\t\t\t\t                    <a href=\"https:\/\/inzynier.rzeszow.pl\/index.php\/2026\/04\/28\/\">\n\t\t\t\t\t28 kwietnia, 2026\t\t\t\t<\/a>\n\t\t\t\t\t\t\t<\/span>\n\t\t\t\t\t\t\t\t<\/div>\n\t\t\t\t\n\t\t\t\t\t\t\t\t\t<div class=\"tpg-excerpt tpg-el-excerpt\">\n\t\t\t\t\t\t\t\t\t\t\t\t\t<div class=\"tpg-excerpt-inner\">\n\t\t\t\t\t\t\t\tOdliczamy dni do najbli\u017cszego wydarzenia. Zapraszamy na I Piknik Rodzinny Zawod\u00f3w Zaufania Publicznego \u2013 pierwsze takie wydarzenie w naszym mie\u015bcie !\nCzas: 9 maja 2026 r., godz. 14.00 \u2013 20.00\nMiejsce: Park Sybirak\u00f3w w Rzeszowie...\t\t\t\t\t\t\t<\/div>\n\t\t\t\t\t\t\t\t\t\t\t\t\t\t\t\t\t<\/div>\n\t\t\t\t\n\t\t\t\t        <div class=\"post-footer\">\n            <div class=\"post-footer\">\n                <div class=\"read-more\">\n\t\t\t\t\t<a data-id=\"9641\" href=\"https:\/\/inzynier.rzeszow.pl\/index.php\/2026\/04\/28\/i-piknik-rodzinny-zawodow-zaufania-publicznego-09-05-2026-r-2\/\" class=\"tpg-post-link\" target=\"_self\">Czytaj wi\u0119cej<\/a>                <\/div>\n            <\/div>\n        <\/div>\n\t\t\t\t\t<\/div>\n\t\t<\/div>\n\t<\/div>\n<\/div>\n\n<div class=\"rt-col-md-12 rt-col-sm-12 rt-col-xs-12 img_no_effect rt-list-item rt-grid-item\" data-id=\"8592\">\n\t<div class=\"rt-holder tpg-post-holder \">\n\t\t<div class=\"rt-detail rt-el-content-wrapper\">\n\t\t\t\t\t\t\t<div class=\"rt-img-holder tpg-el-image-wrap has-thumbnail\">\n\t\t\t\t\t<a data-id=\"8592\" href=\"https:\/\/inzynier.rzeszow.pl\/index.php\/2026\/04\/10\/i-piknik-rodzinny-zawodow-zaufania-publicznego-09-05-2026-r\/\" class=\"tpg-post-link\" target=\"_self\">                        <img decoding=\"async\" src=\"https:\/\/inzynier.rzeszow.pl\/wp-content\/uploads\/2026\/04\/news_piknik_rzeszow-768x512.webp\"\n                             class=\"rt-img-responsive\"\n                             width=\"768\"\n                             height=\"512\"\n                             alt=\"I Piknik Rodzinny Zawod\u00f3w Zaufania Publicznego &#8211; 09.05.2026 r.\">\n\t\t\t\t\t\t\n\t\t\t\t\t\t\t\n\t\t<\/a>\n\t\t        <div class=\"overlay grid-hover-content\"><\/div>\n\t\t\t\t\t\t<\/div>\n\t\t\t\n\t\t\t<div class=\"post-right-content\">\n\t\t\t\t<div class=\"entry-title-wrapper\"><h3 class=\"entry-title\"><a data-id=\"8592\" href=\"https:\/\/inzynier.rzeszow.pl\/index.php\/2026\/04\/10\/i-piknik-rodzinny-zawodow-zaufania-publicznego-09-05-2026-r\/\" class=\"tpg-post-link\" target=\"_self\">I Piknik Rodzinny Zawod\u00f3w Zaufania Publicznego &#8211; 09.05.2026 r.<\/a><\/h3><\/div>\n\t\t\t\t\t\t\t\t\t<div class=\"post-meta-tags rt-el-post-meta\">\n\t\t\t\t\t\t            <span class='date'>\n\t\t\t\t<i class='far fa-calendar-alt '><\/i>\t\t\t\t                    <a href=\"https:\/\/inzynier.rzeszow.pl\/index.php\/2026\/04\/10\/\">\n\t\t\t\t\t10 kwietnia, 2026\t\t\t\t<\/a>\n\t\t\t\t\t\t\t<\/span>\n\t\t\t\t\t\t\t\t<\/div>\n\t\t\t\t\n\t\t\t\t\t\t\t\t\t<div class=\"tpg-excerpt tpg-el-excerpt\">\n\t\t\t\t\t\t\t\t\t\t\t\t\t<div class=\"tpg-excerpt-inner\">\n\t\t\t\t\t\t\t\tPodkarpacka Okr\u0119gowa Izba In\u017cynier\u00f3w Budownictwa wraz z:\u00a0Okr\u0119gow\u0105 Rad\u0105 Adwokack\u0105 w Rzeszowie\u00a0Okr\u0119gow\u0105 Izb\u0105 Radc\u00f3w Prawnych w Rzeszowie\u00a0Okr\u0119gow\u0105 Izb\u0105 Lekarsk\u0105 w Rzeszowie\u00a0Izb\u0105...\t\t\t\t\t\t\t<\/div>\n\t\t\t\t\t\t\t\t\t\t\t\t\t\t\t\t\t<\/div>\n\t\t\t\t\n\t\t\t\t        <div class=\"post-footer\">\n            <div class=\"post-footer\">\n                <div class=\"read-more\">\n\t\t\t\t\t<a data-id=\"8592\" href=\"https:\/\/inzynier.rzeszow.pl\/index.php\/2026\/04\/10\/i-piknik-rodzinny-zawodow-zaufania-publicznego-09-05-2026-r\/\" class=\"tpg-post-link\" target=\"_self\">Czytaj wi\u0119cej<\/a>                <\/div>\n            <\/div>\n        <\/div>\n\t\t\t\t\t<\/div>\n\t\t<\/div>\n\t<\/div>\n<\/div>\n\n<div class=\"rt-col-md-12 rt-col-sm-12 rt-col-xs-12 img_no_effect rt-list-item rt-grid-item\" data-id=\"4066\">\n\t<div class=\"rt-holder tpg-post-holder \">\n\t\t<div class=\"rt-detail rt-el-content-wrapper\">\n\t\t\t\t\t\t\t<div class=\"rt-img-holder tpg-el-image-wrap has-thumbnail\">\n\t\t\t\t\t<a data-id=\"4066\" href=\"https:\/\/inzynier.rzeszow.pl\/index.php\/2026\/02\/14\/i-piknik-rodzinny-zawodow-zaufania-publicznego-09-05-2026-r-park-sybirakow-rzeszow\/\" class=\"tpg-post-link\" target=\"_self\">                        <img decoding=\"async\" src=\"https:\/\/inzynier.rzeszow.pl\/wp-content\/uploads\/2026\/02\/obraz_2026-02-17_085208619-768x576.webp\"\n                             class=\"rt-img-responsive\"\n                             width=\"768\"\n                             height=\"576\"\n                             alt=\"I Piknik Rodzinny Zawod\u00f3w Zaufania Publicznego &#8211; 09.05.2026 r., Park Sybirak\u00f3w, Rzesz\u00f3w\">\n\t\t\t\t\t\t\n\t\t\t\t\t\t\t\n\t\t<\/a>\n\t\t        <div class=\"overlay grid-hover-content\"><\/div>\n\t\t\t\t\t\t<\/div>\n\t\t\t\n\t\t\t<div class=\"post-right-content\">\n\t\t\t\t<div class=\"entry-title-wrapper\"><h3 class=\"entry-title\"><a data-id=\"4066\" href=\"https:\/\/inzynier.rzeszow.pl\/index.php\/2026\/02\/14\/i-piknik-rodzinny-zawodow-zaufania-publicznego-09-05-2026-r-park-sybirakow-rzeszow\/\" class=\"tpg-post-link\" target=\"_self\">I Piknik Rodzinny Zawod\u00f3w Zaufania Publicznego &#8211; 09.05.2026 r., Park Sybirak\u00f3w, Rzesz\u00f3w<\/a><\/h3><\/div>\n\t\t\t\t\t\t\t\t\t<div class=\"post-meta-tags rt-el-post-meta\">\n\t\t\t\t\t\t            <span class='date'>\n\t\t\t\t<i class='far fa-calendar-alt '><\/i>\t\t\t\t                    <a href=\"https:\/\/inzynier.rzeszow.pl\/index.php\/2026\/02\/14\/\">\n\t\t\t\t\t14 lutego, 2026\t\t\t\t<\/a>\n\t\t\t\t\t\t\t<\/span>\n\t\t\t\t\t\t\t\t<\/div>\n\t\t\t\t\n\t\t\t\t\t\t\t\t\t<div class=\"tpg-excerpt tpg-el-excerpt\">\n\t\t\t\t\t\t\t\t\t\t\t\t\t<div class=\"tpg-excerpt-inner\">\n\t\t\t\t\t\t\t\tJu\u017c 9 maja 2026 r. w Parku Sybirak\u00f3w w Rzeszowie odb\u0119dzie si\u0119 I Piknik Rodzinny Zawod\u00f3w Zaufania Publicznego! To wyj\u0105tkowe wydarzenie ma na celu integracj\u0119 przedstawicieli zawod\u00f3w zaufania publicznego oraz promocj\u0119 ich dzia\u0142alno\u015bci w przyjaznej atmosferze. W spotkaniu, kt\u00f3re mia\u0142o miejsce 12 lutego, uczestniczyli przedstawiciele r\u00f3\u017cnych instytucji, kt\u00f3rzy wsp\u00f3lnie ustalili cele pikniku. Czeka nas wiele atrakcji, kt\u00f3re po\u0142\u0105cz\u0105 edukacj\u0119 z rekreacj\u0105, a tak\u017ce mo\u017cliwo\u015b\u0107 budowania wzajemnego zaufania...\t\t\t\t\t\t\t<\/div>\n\t\t\t\t\t\t\t\t\t\t\t\t\t\t\t\t\t<\/div>\n\t\t\t\t\n\t\t\t\t        <div class=\"post-footer\">\n            <div class=\"post-footer\">\n                <div class=\"read-more\">\n\t\t\t\t\t<a data-id=\"4066\" href=\"https:\/\/inzynier.rzeszow.pl\/index.php\/2026\/02\/14\/i-piknik-rodzinny-zawodow-zaufania-publicznego-09-05-2026-r-park-sybirakow-rzeszow\/\" class=\"tpg-post-link\" target=\"_self\">Czytaj wi\u0119cej<\/a>                <\/div>\n            <\/div>\n        <\/div>\n\t\t\t\t\t<\/div>\n\t\t<\/div>\n\t<\/div>\n<\/div>\n            <\/div>\n\n\t\t\t\n        <\/div>\n\t\t\t\t\t\t<\/div>\n\t\t\t\t<\/div>\n\t\t\t\t\t<\/div>\n\t\t\t\t<\/div>\n\t\t\t\t<\/div>\n\t\t","protected":false},"excerpt":{"rendered":"<p>Piknik Rodzinny Zawod\u00f3w Zaufania Publicznego Strona g\u0142\u00f3wna \/ Konkursy, Wydarzenia \/\u00a0Piknik Rodzinny Zawod\u00f3w Zaufania Publicznego I Piknik Rodzinny Zawod\u00f3w Zaufania [&hellip;]<\/p>\n","protected":false},"author":1,"featured_media":0,"parent":0,"menu_order":0,"comment_status":"closed","ping_status":"closed","template":"","meta":{"site-sidebar-layout":"no-sidebar","site-content-layout":"","ast-site-content-layout":"full-width-container","site-content-style":"default","site-sidebar-style":"default","ast-global-header-display":"","ast-banner-title-visibility":"","ast-main-header-display":"","ast-hfb-above-header-display":"","ast-hfb-below-header-display":"","ast-hfb-mobile-header-display":"","site-post-title":"disabled","ast-breadcrumbs-content":"","ast-featured-img":"disabled","footer-sml-layout":"","ast-disable-related-posts":"","theme-transparent-header-meta":"","adv-header-id-meta":"","stick-header-meta":"","header-above-stick-meta":"","header-main-stick-meta":"","header-below-stick-meta":"","astra-migrate-meta-layouts":"default","ast-page-background-enabled":"default","ast-page-background-meta":{"desktop":{"background-color":"var(--ast-global-color-5)","background-image":"","background-repeat":"repeat","background-position":"center center","background-size":"auto","background-attachment":"scroll","background-type":"","background-media":"","overlay-type":"","overlay-color":"","overlay-opacity":"","overlay-gradient":""},"tablet":{"background-color":"","background-image":"","background-repeat":"repeat","background-position":"center center","background-size":"auto","background-attachment":"scroll","background-type":"","background-media":"","overlay-type":"","overlay-color":"","overlay-opacity":"","overlay-gradient":""},"mobile":{"background-color":"","background-image":"","background-repeat":"repeat","background-position":"center center","background-size":"auto","background-attachment":"scroll","background-type":"","background-media":"","overlay-type":"","overlay-color":"","overlay-opacity":"","overlay-gradient":""}},"ast-content-background-meta":{"desktop":{"background-color":"var(--ast-global-color-4)","background-image":"","background-repeat":"repeat","background-position":"center center","background-size":"auto","background-attachment":"scroll","background-type":"","background-media":"","overlay-type":"","overlay-color":"","overlay-opacity":"","overlay-gradient":""},"tablet":{"background-color":"var(--ast-global-color-4)","background-image":"","background-repeat":"repeat","background-position":"center center","background-size":"auto","background-attachment":"scroll","background-type":"","background-media":"","overlay-type":"","overlay-color":"","overlay-opacity":"","overlay-gradient":""},"mobile":{"background-color":"var(--ast-global-color-4)","background-image":"","background-repeat":"repeat","background-position":"center center","background-size":"auto","background-attachment":"scroll","background-type":"","background-media":"","overlay-type":"","overlay-color":"","overlay-opacity":"","overlay-gradient":""}},"footnotes":""},"class_list":["post-5428","page","type-page","status-publish","hentry"],"yoast_head":"<!-- This site is optimized with the Yoast SEO plugin v27.5 - https:\/\/yoast.com\/product\/yoast-seo-wordpress\/ -->\n<title>Piknik Rodzinny Zawod\u00f3w Zaufania Publicznego - Podkarpacka Okregowa Izba Inzynierow Budownictwa<\/title>\n<meta name=\"description\" content=\"Piknik rodzinny zawod\u00f3w zaufania publicznego \u2013 wydarzenie integruj\u0105ce przedstawicieli r\u00f3\u017cnych \u015brodowisk zawodowych.\" \/>\n<meta name=\"robots\" content=\"index, follow, max-snippet:-1, max-image-preview:large, max-video-preview:-1\" \/>\n<link rel=\"canonical\" href=\"https:\/\/inzynier.rzeszow.pl\/index.php\/piknik-rodzinny-zawodow-zaufania-publicznego\/\" \/>\n<meta property=\"og:locale\" content=\"pl_PL\" \/>\n<meta property=\"og:type\" content=\"article\" \/>\n<meta property=\"og:title\" content=\"Piknik Rodzinny Zawod\u00f3w Zaufania Publicznego - Podkarpacka Okregowa Izba Inzynierow Budownictwa\" \/>\n<meta property=\"og:description\" content=\"Piknik rodzinny zawod\u00f3w zaufania publicznego \u2013 wydarzenie integruj\u0105ce przedstawicieli r\u00f3\u017cnych \u015brodowisk zawodowych.\" \/>\n<meta property=\"og:url\" content=\"https:\/\/inzynier.rzeszow.pl\/index.php\/piknik-rodzinny-zawodow-zaufania-publicznego\/\" \/>\n<meta property=\"og:site_name\" content=\"Podkarpacka Okregowa Izba Inzynierow Budownictwa\" \/>\n<meta property=\"article:modified_time\" content=\"2026-03-15T09:01:19+00:00\" \/>\n<meta property=\"og:image\" content=\"https:\/\/migracja.inzynier.rzeszow.pl\/wp-content\/uploads\/2026\/02\/obraz_2026-02-17_085208619-768x576.png\" \/>\n<meta name=\"twitter:card\" content=\"summary_large_image\" \/>\n<meta name=\"twitter:label1\" content=\"Szacowany czas czytania\" \/>\n\t<meta name=\"twitter:data1\" content=\"1 minuta\" \/>\n<script type=\"application\/ld+json\" class=\"yoast-schema-graph\">{\"@context\":\"https:\\\/\\\/schema.org\",\"@graph\":[{\"@type\":\"WebPage\",\"@id\":\"https:\\\/\\\/inzynier.rzeszow.pl\\\/index.php\\\/piknik-rodzinny-zawodow-zaufania-publicznego\\\/\",\"url\":\"https:\\\/\\\/inzynier.rzeszow.pl\\\/index.php\\\/piknik-rodzinny-zawodow-zaufania-publicznego\\\/\",\"name\":\"Piknik Rodzinny Zawod\u00f3w Zaufania Publicznego - Podkarpacka Okregowa Izba Inzynierow Budownictwa\",\"isPartOf\":{\"@id\":\"https:\\\/\\\/inzynier.rzeszow.pl\\\/#website\"},\"primaryImageOfPage\":{\"@id\":\"https:\\\/\\\/inzynier.rzeszow.pl\\\/index.php\\\/piknik-rodzinny-zawodow-zaufania-publicznego\\\/#primaryimage\"},\"image\":{\"@id\":\"https:\\\/\\\/inzynier.rzeszow.pl\\\/index.php\\\/piknik-rodzinny-zawodow-zaufania-publicznego\\\/#primaryimage\"},\"thumbnailUrl\":\"https:\\\/\\\/migracja.inzynier.rzeszow.pl\\\/wp-content\\\/uploads\\\/2026\\\/02\\\/obraz_2026-02-17_085208619-768x576.png\",\"datePublished\":\"2026-03-07T10:32:34+00:00\",\"dateModified\":\"2026-03-15T09:01:19+00:00\",\"description\":\"Piknik rodzinny zawod\u00f3w zaufania publicznego \u2013 wydarzenie integruj\u0105ce przedstawicieli r\u00f3\u017cnych \u015brodowisk zawodowych.\",\"breadcrumb\":{\"@id\":\"https:\\\/\\\/inzynier.rzeszow.pl\\\/index.php\\\/piknik-rodzinny-zawodow-zaufania-publicznego\\\/#breadcrumb\"},\"inLanguage\":\"pl-PL\",\"potentialAction\":[{\"@type\":\"ReadAction\",\"target\":[\"https:\\\/\\\/inzynier.rzeszow.pl\\\/index.php\\\/piknik-rodzinny-zawodow-zaufania-publicznego\\\/\"]}]},{\"@type\":\"ImageObject\",\"inLanguage\":\"pl-PL\",\"@id\":\"https:\\\/\\\/inzynier.rzeszow.pl\\\/index.php\\\/piknik-rodzinny-zawodow-zaufania-publicznego\\\/#primaryimage\",\"url\":\"https:\\\/\\\/migracja.inzynier.rzeszow.pl\\\/wp-content\\\/uploads\\\/2026\\\/02\\\/obraz_2026-02-17_085208619-768x576.png\",\"contentUrl\":\"https:\\\/\\\/migracja.inzynier.rzeszow.pl\\\/wp-content\\\/uploads\\\/2026\\\/02\\\/obraz_2026-02-17_085208619-768x576.png\"},{\"@type\":\"BreadcrumbList\",\"@id\":\"https:\\\/\\\/inzynier.rzeszow.pl\\\/index.php\\\/piknik-rodzinny-zawodow-zaufania-publicznego\\\/#breadcrumb\",\"itemListElement\":[{\"@type\":\"ListItem\",\"position\":1,\"name\":\"Strona g\u0142\u00f3wna\",\"item\":\"https:\\\/\\\/inzynier.rzeszow.pl\\\/\"},{\"@type\":\"ListItem\",\"position\":2,\"name\":\"Piknik Rodzinny Zawod\u00f3w Zaufania Publicznego\"}]},{\"@type\":\"WebSite\",\"@id\":\"https:\\\/\\\/inzynier.rzeszow.pl\\\/#website\",\"url\":\"https:\\\/\\\/inzynier.rzeszow.pl\\\/\",\"name\":\"Podkarpacka Okregowa Izba Inzynierow Budownictwa\",\"description\":\"\",\"potentialAction\":[{\"@type\":\"SearchAction\",\"target\":{\"@type\":\"EntryPoint\",\"urlTemplate\":\"https:\\\/\\\/inzynier.rzeszow.pl\\\/?s={search_term_string}\"},\"query-input\":{\"@type\":\"PropertyValueSpecification\",\"valueRequired\":true,\"valueName\":\"search_term_string\"}}],\"inLanguage\":\"pl-PL\"}]}<\/script>\n<!-- \/ Yoast SEO plugin. -->","yoast_head_json":{"title":"Piknik Rodzinny Zawod\u00f3w Zaufania Publicznego - Podkarpacka Okregowa Izba Inzynierow Budownictwa","description":"Piknik rodzinny zawod\u00f3w zaufania publicznego \u2013 wydarzenie integruj\u0105ce przedstawicieli r\u00f3\u017cnych \u015brodowisk zawodowych.","robots":{"index":"index","follow":"follow","max-snippet":"max-snippet:-1","max-image-preview":"max-image-preview:large","max-video-preview":"max-video-preview:-1"},"canonical":"https:\/\/inzynier.rzeszow.pl\/index.php\/piknik-rodzinny-zawodow-zaufania-publicznego\/","og_locale":"pl_PL","og_type":"article","og_title":"Piknik Rodzinny Zawod\u00f3w Zaufania Publicznego - Podkarpacka Okregowa Izba Inzynierow Budownictwa","og_description":"Piknik rodzinny zawod\u00f3w zaufania publicznego \u2013 wydarzenie integruj\u0105ce przedstawicieli r\u00f3\u017cnych \u015brodowisk zawodowych.","og_url":"https:\/\/inzynier.rzeszow.pl\/index.php\/piknik-rodzinny-zawodow-zaufania-publicznego\/","og_site_name":"Podkarpacka Okregowa Izba Inzynierow Budownictwa","article_modified_time":"2026-03-15T09:01:19+00:00","og_image":[{"url":"https:\/\/migracja.inzynier.rzeszow.pl\/wp-content\/uploads\/2026\/02\/obraz_2026-02-17_085208619-768x576.png","type":"","width":"","height":""}],"twitter_card":"summary_large_image","twitter_misc":{"Szacowany czas czytania":"1 minuta"},"schema":{"@context":"https:\/\/schema.org","@graph":[{"@type":"WebPage","@id":"https:\/\/inzynier.rzeszow.pl\/index.php\/piknik-rodzinny-zawodow-zaufania-publicznego\/","url":"https:\/\/inzynier.rzeszow.pl\/index.php\/piknik-rodzinny-zawodow-zaufania-publicznego\/","name":"Piknik Rodzinny Zawod\u00f3w Zaufania Publicznego - Podkarpacka Okregowa Izba Inzynierow Budownictwa","isPartOf":{"@id":"https:\/\/inzynier.rzeszow.pl\/#website"},"primaryImageOfPage":{"@id":"https:\/\/inzynier.rzeszow.pl\/index.php\/piknik-rodzinny-zawodow-zaufania-publicznego\/#primaryimage"},"image":{"@id":"https:\/\/inzynier.rzeszow.pl\/index.php\/piknik-rodzinny-zawodow-zaufania-publicznego\/#primaryimage"},"thumbnailUrl":"https:\/\/migracja.inzynier.rzeszow.pl\/wp-content\/uploads\/2026\/02\/obraz_2026-02-17_085208619-768x576.png","datePublished":"2026-03-07T10:32:34+00:00","dateModified":"2026-03-15T09:01:19+00:00","description":"Piknik rodzinny zawod\u00f3w zaufania publicznego \u2013 wydarzenie integruj\u0105ce przedstawicieli r\u00f3\u017cnych \u015brodowisk zawodowych.","breadcrumb":{"@id":"https:\/\/inzynier.rzeszow.pl\/index.php\/piknik-rodzinny-zawodow-zaufania-publicznego\/#breadcrumb"},"inLanguage":"pl-PL","potentialAction":[{"@type":"ReadAction","target":["https:\/\/inzynier.rzeszow.pl\/index.php\/piknik-rodzinny-zawodow-zaufania-publicznego\/"]}]},{"@type":"ImageObject","inLanguage":"pl-PL","@id":"https:\/\/inzynier.rzeszow.pl\/index.php\/piknik-rodzinny-zawodow-zaufania-publicznego\/#primaryimage","url":"https:\/\/migracja.inzynier.rzeszow.pl\/wp-content\/uploads\/2026\/02\/obraz_2026-02-17_085208619-768x576.png","contentUrl":"https:\/\/migracja.inzynier.rzeszow.pl\/wp-content\/uploads\/2026\/02\/obraz_2026-02-17_085208619-768x576.png"},{"@type":"BreadcrumbList","@id":"https:\/\/inzynier.rzeszow.pl\/index.php\/piknik-rodzinny-zawodow-zaufania-publicznego\/#breadcrumb","itemListElement":[{"@type":"ListItem","position":1,"name":"Strona g\u0142\u00f3wna","item":"https:\/\/inzynier.rzeszow.pl\/"},{"@type":"ListItem","position":2,"name":"Piknik Rodzinny Zawod\u00f3w Zaufania Publicznego"}]},{"@type":"WebSite","@id":"https:\/\/inzynier.rzeszow.pl\/#website","url":"https:\/\/inzynier.rzeszow.pl\/","name":"Podkarpacka Okregowa Izba Inzynierow Budownictwa","description":"","potentialAction":[{"@type":"SearchAction","target":{"@type":"EntryPoint","urlTemplate":"https:\/\/inzynier.rzeszow.pl\/?s={search_term_string}"},"query-input":{"@type":"PropertyValueSpecification","valueRequired":true,"valueName":"search_term_string"}}],"inLanguage":"pl-PL"}]}},"rttpg_featured_image_url":null,"rttpg_author":{"display_name":"admin","author_link":"https:\/\/inzynier.rzeszow.pl\/index.php\/author\/kwojcik\/"},"rttpg_comment":0,"rttpg_category":"","rttpg_excerpt":"Piknik Rodzinny Zawod\u00f3w Zaufania Publicznego Strona g\u0142\u00f3wna \/ Konkursy, Wydarzenia \/\u00a0Piknik Rodzinny Zawod\u00f3w Zaufania Publicznego I Piknik Rodzinny Zawod\u00f3w Zaufania [&hellip;]","_links":{"self":[{"href":"https:\/\/inzynier.rzeszow.pl\/index.php\/wp-json\/wp\/v2\/pages\/5428","targetHints":{"allow":["GET"]}}],"collection":[{"href":"https:\/\/inzynier.rzeszow.pl\/index.php\/wp-json\/wp\/v2\/pages"}],"about":[{"href":"https:\/\/inzynier.rzeszow.pl\/index.php\/wp-json\/wp\/v2\/types\/page"}],"author":[{"embeddable":true,"href":"https:\/\/inzynier.rzeszow.pl\/index.php\/wp-json\/wp\/v2\/users\/1"}],"replies":[{"embeddable":true,"href":"https:\/\/inzynier.rzeszow.pl\/index.php\/wp-json\/wp\/v2\/comments?post=5428"}],"version-history":[{"count":13,"href":"https:\/\/inzynier.rzeszow.pl\/index.php\/wp-json\/wp\/v2\/pages\/5428\/revisions"}],"predecessor-version":[{"id":6455,"href":"https:\/\/inzynier.rzeszow.pl\/index.php\/wp-json\/wp\/v2\/pages\/5428\/revisions\/6455"}],"wp:attachment":[{"href":"https:\/\/inzynier.rzeszow.pl\/index.php\/wp-json\/wp\/v2\/media?parent=5428"}],"curies":[{"name":"wp","href":"https:\/\/api.w.org\/{rel}","templated":true}]}}