{"id":541,"date":"2025-12-21T16:37:39","date_gmt":"2025-12-21T16:37:39","guid":{"rendered":"https:\/\/migracja.inzynier.rzeszow.pl\/?page_id=541"},"modified":"2026-03-17T08:31:40","modified_gmt":"2026-03-17T07:31:40","slug":"samopomoc","status":"publish","type":"page","link":"https:\/\/inzynier.rzeszow.pl\/index.php\/samopomoc\/","title":{"rendered":"Samopomoc"},"content":{"rendered":"\t\t<div data-elementor-type=\"wp-page\" data-elementor-id=\"541\" class=\"elementor elementor-541\" data-elementor-post-type=\"page\">\n\t\t\t\t<div class=\"elementor-element elementor-element-c6ddcf0 e-flex e-con-boxed e-con e-parent\" data-id=\"c6ddcf0\" data-element_type=\"container\" data-e-type=\"container\" data-settings=\"{&quot;background_background&quot;:&quot;classic&quot;}\">\n\t\t\t\t\t<div class=\"e-con-inner\">\n\t\t<div class=\"elementor-element elementor-element-f90288b e-con-full e-flex e-con e-child\" data-id=\"f90288b\" data-element_type=\"container\" data-e-type=\"container\" data-settings=\"{&quot;background_background&quot;:&quot;classic&quot;}\">\n\t\t\t\t<div class=\"elementor-element elementor-element-63fce6b elementor-widget elementor-widget-heading\" data-id=\"63fce6b\" data-element_type=\"widget\" data-e-type=\"widget\" data-widget_type=\"heading.default\">\n\t\t\t\t\t<h1 class=\"elementor-heading-title elementor-size-default\">Samopomoc kole\u017ce\u0144ska - bezzwrotna zapomoga<\/h1>\t\t\t\t<\/div>\n\t\t\t\t<\/div>\n\t\t\t\t\t<\/div>\n\t\t\t\t<\/div>\n\t\t<div class=\"elementor-element elementor-element-b79ae22 e-flex e-con-boxed e-con e-parent\" data-id=\"b79ae22\" data-element_type=\"container\" data-e-type=\"container\">\n\t\t\t\t\t<div class=\"e-con-inner\">\n\t\t\t\t<div class=\"elementor-element elementor-element-7249e99 elementor-widget elementor-widget-text-editor\" data-id=\"7249e99\" data-element_type=\"widget\" data-e-type=\"widget\" data-widget_type=\"text-editor.default\">\n\t\t\t\t\t\t\t\t\t<p><a href=\"https:\/\/inzynier.rzeszow.pl\">Strona g\u0142\u00f3wna <\/a>\/ <a href=\"https:\/\/inzynier.rzeszow.pl\/index.php\/samopomoc\/\">Samopomoc<\/a><\/p>\t\t\t\t\t\t\t\t<\/div>\n\t\t\t\t\t<\/div>\n\t\t\t\t<\/div>\n\t\t<div class=\"elementor-element elementor-element-faaaf08 e-flex e-con-boxed e-con e-parent\" data-id=\"faaaf08\" data-element_type=\"container\" data-e-type=\"container\">\n\t\t\t\t\t<div class=\"e-con-inner\">\n\t\t\t\t<div class=\"elementor-element elementor-element-73e9639 elementor-widget elementor-widget-text-editor\" data-id=\"73e9639\" data-element_type=\"widget\" data-e-type=\"widget\" data-widget_type=\"text-editor.default\">\n\t\t\t\t\t\t\t\t\t<h3>Zesp\u00f3\u0142 Samopomocy Kole\u017ce\u0144skiej<\/h3><p>W sk\u0142adzie organ\u00f3w pozastatutowych PDK OIIB znajduje si\u0119 m.in. Zesp\u00f3\u0142\u00a0Samopomocy Kole\u017ce\u0144skiej, kt\u00f3ry rozpatruje wnioski o przyznanie zapomogi sk\u0142adane przez cz\u0142onk\u00f3w PDK OIIB, in\u017cynier\u00f3w senior\u00f3w lub ich rodziny, znajduj\u0105ce si\u0119 w trudnej sytuacji \u017cyciowej spowodowanej \u015bmierci\u0105 cz\u0142onka Izby lub in\u017cyniera seniora albo innymi zdarzeniami losowymi. Zesp\u00f3\u0142 mo\u017ce przyzna\u0107 zapomog\u0119 tej samej osobie nie cz\u0119\u015bciej ni\u017c raz na 2 lata, a zapomog\u0119 w zwi\u0105zku ze zgonem cz\u0142onka PDK OIIB lub in\u017cyniera seniora wy\u0142\u0105cznie jeden raz.<\/p><p>Przy ubieganiu si\u0119 o przyznanie bezzwrotnej zapomogi do sk\u0142adanego wniosku nale\u017cy za\u0142\u0105czy\u0107:<\/p><ol><li><strong>dokumenty potwierdzaj\u0105ce zaistnia\u0142e zdarzenie losowe<\/strong>\u00a0(kserokopie np. za\u015bwiadcze\u0144 lekarskich potwierdzaj\u0105cych chorob\u0119, zabiegi, zakup lekarstw, pobyt w szpitalu lub sanatorium);<\/li><li><strong>dokumenty potwierdzaj\u0105ce dochody przypadaj\u0105ce na cz\u0142onka najbli\u017cszej rodziny<\/strong>\u00a0(za\u015bwiadczenie z Urz\u0119du Skarbowego o dochodach za rok ubieg\u0142y zar\u00f3wno wnioskodawcy, jak i cz\u0142onk\u00f3w jego rodziny pozostaj\u0105cych we wsp\u00f3lnym gospodarstwie domowym);<\/li><li><strong>dokumenty potwierdzaj\u0105ce liczb\u0119 cz\u0142onk\u00f3w rodziny<\/strong>\u00a0(np. za\u015bwiadczenia dzieci\u00a0ze szk\u00f3\u0142 b\u0105d\u017a uczelni, a w przypadku os\u00f3b bezrobotnych &#8211; za\u015bwiadczenie\u00a0z Urz\u0119du Pracy).<\/li><\/ol><p>Dodatkowo prosimy o podanie numeru PESEL, NIP oraz wskazanie Urz\u0119du Skarbowego w\u0142a\u015bciwego dla wnioskodawcy (szczeg\u00f3lnie istotne jest to w przypadku \u015bmierci cz\u0142onka Izby).<br \/>Prosimy r\u00f3wnie\u017c o podanie\u00a0<strong>numeru\u00a0rachunku bankowego,<\/strong> aby usprawni\u0107 wyp\u0142at\u0119\u00a0przyznanej zapomogi.\u00a0<\/p><p>W celu u\u0142atwienia z\u0142o\u017cenia dokument\u00f3w zapraszamy do skorzystania z elektronicznej wersji druku wniosku o przyznanie zapomogi &#8211; <a href=\"https:\/\/inzynier.rzeszow.pl\/wp-content\/uploads\/2026\/03\/Wniosek-o-przyznanie-zapomogi_.doc\"><strong>DO POBRANIA &gt;&gt;<\/strong><\/a><\/p><p>\u00a0<\/p><p><em>Za\u0142\u0105cznik nr 1 do uchwa\u0142y nr PDK\/OR\/0003\/2026.<\/em><\/p><h3 style=\"text-align: center;\">Regulamin<br \/>przyznawania bezzwrotnej zapomogi cz\u0142onkom<br \/>Podkarpackiej Okr\u0119gowej Izby In\u017cynier\u00f3w Budownictwa<\/h3><h4>\u00a71<\/h4><ol><li>Regulamin okre\u015bla zasady przyznawania bezzwrotnej zapomogi cz\u0142onkom PDK OIIB oraz in\u017cynierom seniorom.<\/li><li>Regulamin opracowano na podstawie \u00a7 16 i 18 Statutu samorz\u0105du zawodowego in\u017cynier\u00f3w budownictwa.<\/li><\/ol><h4>\u00a72<\/h4><p>Ilekro\u0107 w regulaminie jest mowa o:<\/p><ul><li><strong>Zespole<\/strong> &#8211; nale\u017cy przez to rozumie\u0107 Zesp\u00f3\u0142 Samopomocy Kole\u017ce\u0144skiej PDK OIIB,<\/li><li><strong>PIIB<\/strong> &#8211; nale\u017cy przez to rozumie\u0107 Polsk\u0105 Izb\u0119 In\u017cynier\u00f3w Budownictwa,<\/li><li><strong>PDK OIIB<\/strong> &#8211; nale\u017cy przez to rozumie\u0107 Podkarpack\u0105 Okr\u0119gow\u0105 Izb\u0119 In\u017cynier\u00f3w Budownictwa,<\/li><li><strong>Okr\u0119gowej Radzie<\/strong> &#8211; nale\u017cy przez to rozumie\u0107 Okr\u0119gow\u0105 Rad\u0119 Podkarpackiej Okr\u0119gowej Izby In\u017cynier\u00f3w Budownictwa.<\/li><\/ul><h4>\u00a73<\/h4><ol><li>Zesp\u00f3\u0142 rozstrzyga o przyznaniu bezzwrotnej zapomogi osobie uprawnionej w zwi\u0105zku ze \u201ezdarzeniem losowym&#8221;, na podstawie pisemnego wniosku i do\u0142\u0105czonej dokumentacji wymaganej przez Zesp\u00f3\u0142 w rozumieniu \u00a7 5.<\/li><li>\u201eZdarzeniem losowym&#8221; jest niedaj\u0105ca si\u0119 przewidzie\u0107, ni\u017cej wyszczeg\u00f3lniona sytuacja cz\u0142onka PDK OIIB lub in\u017cyniera seniora, lub jego najbli\u017cszej rodziny, znacz\u0105co pogarszaj\u0105c\u0105 status materialny cz\u0142onka PDK OIIB lub in\u017cyniera seniora, lub pozostaj\u0105cych z nim we wsp\u00f3lnym gospodarstwie domowym najbli\u017cszej rodziny, a to:<ul><li>\u015bmier\u0107 cz\u0142onka PDK OIIB,<\/li><li>\u015bmier\u0107 in\u017cyniera seniora,<\/li><li>inwalidztwo trwa\u0142e lub czasowe,<\/li><li>wypadki komunikacyjne,<\/li><li>utrata pracy z przyczyny innej ni\u017c wskazanej w art. 52 Kodeksu pracy,<\/li><li>kl\u0119ski \u017cywio\u0142owe jak: po\u017car, pow\u00f3d\u017a, huragan,<\/li><li>choroba, w tym pobyt w szpitalu,<\/li><li>inne zdarzenie losowe nie uj\u0119te wy\u017cej, kt\u00f3re opisze wnioskodawca, a kt\u00f3re Zesp\u00f3\u0142 zakwalifikuje jako \u201ezdarzenie losowe\u201d.<\/li><\/ul><\/li><li>Zesp\u00f3\u0142 mo\u017ce przyzna\u0107 zapomog\u0119 tej samej osobie nie cz\u0119\u015bciej ni\u017c raz na 2 lata, a zapomog\u0119 w zwi\u0105zku ze zgonem cz\u0142onka PDK OIIB lub in\u017cyniera seniora wy\u0142\u0105cznie jeden raz.<\/li><\/ol><h4>\u00a74<\/h4><ol><li>Osob\u0105 uprawnion\u0105 do wyst\u0105pienia z pisemnym wnioskiem do Zespo\u0142u o przyznanie zapomogi jest:<ul><li>czynny cz\u0142onek PDK OIIB op\u0142acaj\u0105cy na bie\u017c\u0105co sk\u0142adki cz\u0142onkowskie, maj\u0105cy w dacie z\u0142o\u017cenia wniosku sta\u017c cz\u0142onkowski minimum 1 rok, kt\u00f3rego dotyczy \u201ezdarzenie losowe&#8221;,<\/li><li>cz\u0142onek najbli\u017cszej rodziny zmar\u0142ego cz\u0142onka PDK OIIB, kt\u00f3ry pozostawa\u0142 z nim we wsp\u00f3lnym gospodarstwie domowym, tj. wsp\u00f3\u0142ma\u0142\u017conek, a w dalszej kolejno\u015bci dzieci,<\/li><li>in\u017cynier senior op\u0142acaj\u0105cy na bie\u017c\u0105co sk\u0142adki cz\u0142onkowskie, maj\u0105cy w dacie z\u0142o\u017cenia wniosku status seniora minimum 1 rok, kt\u00f3rego dotyczy \u201ezdarzenie losowe&#8221;,<\/li><li>cz\u0142onek najbli\u017cszej rodziny in\u017cyniera seniora, kt\u00f3ry pozostawa\u0142 z nim we wsp\u00f3lnym gospodarstwie domowym, tj. wsp\u00f3\u0142ma\u0142\u017conek, a w dalszej kolejno\u015bci dzieci.<\/li><\/ul><\/li><li>W przypadku zgonu cz\u0142onka Izby lub in\u017cyniera seniora zapomoga mo\u017ce zosta\u0107 przyznana cz\u0142onkowi najbli\u017cszej rodziny nawet w przypadku nie op\u0142acenia sk\u0142adek przez okres nie d\u0142u\u017cszy ni\u017c 6 miesi\u0119cy przed dat\u0105 \u015bmierci, je\u017celi \u015bmier\u0107 poprzedzi\u0142a przewlek\u0142a choroba.<\/li><li>Udokumentowanie &#8222;zdarzenia losowego&#8221; oraz sytuacji finansowej sk\u0142adaj\u0105cego wniosek ci\u0105\u017cy na osobie uprawnionej, przy czym Zesp\u00f3\u0142 mo\u017ce przyj\u0105\u0107 indywidualny tryb dzia\u0142ania sprawdzaj\u0105cego.<\/li><\/ol><h4>\u00a75<\/h4><ol><li>Wysoko\u015b\u0107 zapomogi uzale\u017cniona jest od dochodu brutto na cz\u0142onka najbli\u017cszej rodziny pozostaj\u0105cej z cz\u0142onkiem PDK OIIB lub in\u017cynierem seniorem we wsp\u00f3lnym gospodarstwie domowym, okre\u015blonego na podstawie dokument\u00f3w stwierdzaj\u0105cych \u0142\u0105czne dochody cz\u0142onka PDK OIIB lub in\u017cyniera seniora i wsp\u00f3\u0142ma\u0142\u017conka oraz dzieci pozostaj\u0105cych na ich wy\u0142\u0105cznym utrzymaniu, z okresu ostatniego roku. Doch\u00f3d na jednego cz\u0142onka rodziny mo\u017cna udokumentowa\u0107 wiarygodnymi dokumentami tj.: za\u015bwiadczeniem z Urz\u0119du Skarbowego o dochodach (za rok ubieg\u0142y) wnioskodawcy i jego rodziny w jednym gospodarstwie domowym, ewentualnie kopie zeznania rocznego: za rok ubieg\u0142y, za\u015bwiadczenia ZUS, KRUS, Urz\u0119du Pracy, Zak\u0142adu Pracy.<\/li><li>Przez doch\u00f3d brutto jw. rozumie si\u0119, zgodny z ordynacj\u0105 podatkow\u0105, przych\u00f3d finansowy rodziny minus koszty uzyskania przychodu, bez odlicze\u0144 od dochod\u00f3w.<\/li><li>Przy podejmowaniu decyzji Zesp\u00f3\u0142 powinien uwzgl\u0119dni\u0107 kolejno\u015b\u0107 z\u0142o\u017cenia wniosku.<\/li><li>W przypadku stwierdzenia przez Zesp\u00f3\u0142, i\u017c przed\u0142o\u017cone dokumenty nie s\u0105 wiarygodne, Zesp\u00f3\u0142 odmawia przyznania zapomogi, zawiadamiaj\u0105c o tym Wnioskodawc\u0119.<\/li><li>Odwo\u0142ania wnioskodawcy od decyzji Zespo\u0142u dotycz\u0105ce wysoko\u015bci przyznanej kwoty zapomogi czy odmowie przyznania zapomogi rozpatruje Okr\u0119gowa Rada.<\/li><\/ol><h4>\u00a76<\/h4><ol><li>Wniosek o zapomog\u0119 wraz z wymaganymi, w rozumieniu \u00a75, dokumentami nale\u017cy sk\u0142ada\u0107 na adres biura PDK OIIB.<\/li><li>Wyst\u0105pienie do PDK OIIB z wnioskiem o przyznanie bezzwrotnej zapomogi musi nast\u0105pi\u0107 nie p\u00f3\u017aniej ni\u017c 2 lata od momentu wyst\u0105pienia zdarzenia losowego, pod rygorem odmowy przyznania zapomogi.<\/li><li>Wysoko\u015b\u0107 mo\u017cliwych do przyznania zapom\u00f3g ustala si\u0119 jak ni\u017cej:<br \/><ol type=\"a\"><li>W przypadku \u015bmierci cz\u0142onka Izby (bez wzgl\u0119du na doch\u00f3d) &#8211; w wysoko\u015bci 3500 z\u0142,<\/li><li>Przy innych zdarzeniach losowych cz\u0142onka Izby &#8211; do 4200 z\u0142, przy czym Zesp\u00f3\u0142 przy ustaleniu kwoty zapomogi uwzgl\u0119dnia wszystkie czynniki maj\u0105ce wp\u0142yw na jej wysoko\u015b\u0107:<p>&#8211; przy dochodach wnioskodawcy przekraczaj\u0105cych aktualn\u0105 \u015bredni\u0105 krajow\u0105 na jednego cz\u0142onka gospodarstwa domowego Wnioskodawcy &#8211; zapomoga nie przys\u0142uguje.<\/p><\/li><li>W przypadku \u015bmierci in\u017cyniera seniora &#8211; proporcjonalnie wysoko\u015b\u0107 zapomogi ustala si\u0119 w wysoko\u015bci 25% limitu ustalonego \u00a76, punkcie 3a, tj. 875 z\u0142.<\/li><li>Przy innych zdarzeniach losowych in\u017cyniera seniora &#8211; proporcjonalnie wysoko\u015b\u0107 zapomogi ustala si\u0119 w wysoko\u015bci do 25% limitu ustalonego w \u00a76, punkcie 3b, tj. 1050 z\u0142.<\/li><li>Przez s\u0142owa \u201e\u015brednia krajowa&#8221; rozumie si\u0119 kwot\u0119 przeci\u0119tnego wynagrodzenia krajowego w sektorze przedsi\u0119biorstw bez nagr\u00f3d z zysku w trzecim kwartale ubieg\u0142ego roku og\u0142oszonego w obwieszczeniu Prezesa G\u0142\u00f3wnego Urz\u0119du Statystycznego brutto.<\/li><\/ol><\/li><li>Integraln\u0105 cz\u0119\u015bci\u0105 ka\u017cdego wniosku dotycz\u0105cego przyznania zapomogi jest \u201eKarta informacyjna&#8221;, kt\u00f3rej wz\u00f3r stanowi za\u0142\u0105cznik nr 1 do regulaminu. Kart\u0119 informacyjn\u0105 wype\u0142niaj\u0105 pracownicy biura oraz cz\u0142onkowie Zespo\u0142u na posiedzeniu.<\/li><li>Wielko\u015b\u0107 \u015brodk\u00f3w finansowych, kt\u00f3re Zesp\u00f3\u0142 mo\u017ce rozdysponowa\u0107 przyznaj\u0105c bezzwrotne zapomogi wyznacza uchwalony bud\u017cet PDK OIIB. \u015arodki te mog\u0105 by\u0107 zwi\u0119kszone w trakcie roku bud\u017cetowego o ewentualne celowe darowizny oraz zapisy os\u00f3b prawnych lub fizycznych.<\/li><li>Organem uprawnionym do interpretacji niniejszego regulaminu jest Okr\u0119gowa Rada.<\/li><li>Nadz\u00f3r nad realizacj\u0105 postanowie\u0144 niniejszego regulaminu sprawuje Okr\u0119gowa Rada.<\/li><\/ol><p><em>Za\u0142\u0105cznik Nr 1 Karta informacyjna do Regulaminu przyznawania bezzwrotnej zapomogi cz\u0142onkom PDK OIIB<\/em><\/p>\t\t\t\t\t\t\t\t<\/div>\n\t\t\t\t\t<\/div>\n\t\t\t\t<\/div>\n\t\t\t\t<\/div>\n\t\t","protected":false},"excerpt":{"rendered":"<p>Samopomoc kole\u017ce\u0144ska &#8211; bezzwrotna zapomoga Strona g\u0142\u00f3wna \/ Samopomoc Zesp\u00f3\u0142 Samopomocy Kole\u017ce\u0144skiej W sk\u0142adzie organ\u00f3w pozastatutowych PDK OIIB znajduje si\u0119 [&hellip;]<\/p>\n","protected":false},"author":1,"featured_media":0,"parent":0,"menu_order":0,"comment_status":"closed","ping_status":"closed","template":"","meta":{"site-sidebar-layout":"no-sidebar","site-content-layout":"","ast-site-content-layout":"full-width-container","site-content-style":"default","site-sidebar-style":"default","ast-global-header-display":"","ast-banner-title-visibility":"","ast-main-header-display":"","ast-hfb-above-header-display":"","ast-hfb-below-header-display":"","ast-hfb-mobile-header-display":"","site-post-title":"disabled","ast-breadcrumbs-content":"","ast-featured-img":"disabled","footer-sml-layout":"","ast-disable-related-posts":"","theme-transparent-header-meta":"","adv-header-id-meta":"","stick-header-meta":"","header-above-stick-meta":"","header-main-stick-meta":"","header-below-stick-meta":"","astra-migrate-meta-layouts":"default","ast-page-background-enabled":"default","ast-page-background-meta":{"desktop":{"background-color":"var(--ast-global-color-5)","background-image":"","background-repeat":"repeat","background-position":"center center","background-size":"auto","background-attachment":"scroll","background-type":"","background-media":"","overlay-type":"","overlay-color":"","overlay-opacity":"","overlay-gradient":""},"tablet":{"background-color":"","background-image":"","background-repeat":"repeat","background-position":"center center","background-size":"auto","background-attachment":"scroll","background-type":"","background-media":"","overlay-type":"","overlay-color":"","overlay-opacity":"","overlay-gradient":""},"mobile":{"background-color":"","background-image":"","background-repeat":"repeat","background-position":"center center","background-size":"auto","background-attachment":"scroll","background-type":"","background-media":"","overlay-type":"","overlay-color":"","overlay-opacity":"","overlay-gradient":""}},"ast-content-background-meta":{"desktop":{"background-color":"var(--ast-global-color-4)","background-image":"","background-repeat":"repeat","background-position":"center center","background-size":"auto","background-attachment":"scroll","background-type":"","background-media":"","overlay-type":"","overlay-color":"","overlay-opacity":"","overlay-gradient":""},"tablet":{"background-color":"var(--ast-global-color-4)","background-image":"","background-repeat":"repeat","background-position":"center center","background-size":"auto","background-attachment":"scroll","background-type":"","background-media":"","overlay-type":"","overlay-color":"","overlay-opacity":"","overlay-gradient":""},"mobile":{"background-color":"var(--ast-global-color-4)","background-image":"","background-repeat":"repeat","background-position":"center center","background-size":"auto","background-attachment":"scroll","background-type":"","background-media":"","overlay-type":"","overlay-color":"","overlay-opacity":"","overlay-gradient":""}},"footnotes":""},"class_list":["post-541","page","type-page","status-publish","hentry"],"yoast_head":"<!-- This site is optimized with the Yoast SEO plugin v27.5 - https:\/\/yoast.com\/product\/yoast-seo-wordpress\/ -->\n<title>Samopomoc - Podkarpacka Okregowa Izba Inzynierow Budownictwa<\/title>\n<meta name=\"description\" content=\"rogram samopomocy PDK OIIB \u2013 wsparcie dla cz\u0142onk\u00f3w Podkarpackiej Okr\u0119gowej Izby In\u017cynier\u00f3w Budownictwa w trudnych sytuacjach \u017cyciowych.\" \/>\n<meta name=\"robots\" content=\"index, follow, max-snippet:-1, max-image-preview:large, max-video-preview:-1\" \/>\n<link rel=\"canonical\" href=\"https:\/\/inzynier.rzeszow.pl\/index.php\/samopomoc\/\" \/>\n<meta property=\"og:locale\" content=\"pl_PL\" \/>\n<meta property=\"og:type\" content=\"article\" \/>\n<meta property=\"og:title\" content=\"Samopomoc - Podkarpacka Okregowa Izba Inzynierow Budownictwa\" \/>\n<meta property=\"og:description\" content=\"rogram samopomocy PDK OIIB \u2013 wsparcie dla cz\u0142onk\u00f3w Podkarpackiej Okr\u0119gowej Izby In\u017cynier\u00f3w Budownictwa w trudnych sytuacjach \u017cyciowych.\" \/>\n<meta property=\"og:url\" content=\"https:\/\/inzynier.rzeszow.pl\/index.php\/samopomoc\/\" \/>\n<meta property=\"og:site_name\" content=\"Podkarpacka Okregowa Izba Inzynierow Budownictwa\" \/>\n<meta property=\"article:modified_time\" content=\"2026-03-17T07:31:40+00:00\" \/>\n<meta name=\"twitter:card\" content=\"summary_large_image\" \/>\n<meta name=\"twitter:label1\" content=\"Szacowany czas czytania\" \/>\n\t<meta name=\"twitter:data1\" content=\"7 minut\" \/>\n<script type=\"application\/ld+json\" class=\"yoast-schema-graph\">{\"@context\":\"https:\\\/\\\/schema.org\",\"@graph\":[{\"@type\":\"WebPage\",\"@id\":\"https:\\\/\\\/inzynier.rzeszow.pl\\\/index.php\\\/samopomoc\\\/\",\"url\":\"https:\\\/\\\/inzynier.rzeszow.pl\\\/index.php\\\/samopomoc\\\/\",\"name\":\"Samopomoc - Podkarpacka Okregowa Izba Inzynierow Budownictwa\",\"isPartOf\":{\"@id\":\"https:\\\/\\\/inzynier.rzeszow.pl\\\/#website\"},\"datePublished\":\"2025-12-21T16:37:39+00:00\",\"dateModified\":\"2026-03-17T07:31:40+00:00\",\"description\":\"rogram samopomocy PDK OIIB \u2013 wsparcie dla cz\u0142onk\u00f3w Podkarpackiej Okr\u0119gowej Izby In\u017cynier\u00f3w Budownictwa w trudnych sytuacjach \u017cyciowych.\",\"breadcrumb\":{\"@id\":\"https:\\\/\\\/inzynier.rzeszow.pl\\\/index.php\\\/samopomoc\\\/#breadcrumb\"},\"inLanguage\":\"pl-PL\",\"potentialAction\":[{\"@type\":\"ReadAction\",\"target\":[\"https:\\\/\\\/inzynier.rzeszow.pl\\\/index.php\\\/samopomoc\\\/\"]}]},{\"@type\":\"BreadcrumbList\",\"@id\":\"https:\\\/\\\/inzynier.rzeszow.pl\\\/index.php\\\/samopomoc\\\/#breadcrumb\",\"itemListElement\":[{\"@type\":\"ListItem\",\"position\":1,\"name\":\"Strona g\u0142\u00f3wna\",\"item\":\"https:\\\/\\\/inzynier.rzeszow.pl\\\/\"},{\"@type\":\"ListItem\",\"position\":2,\"name\":\"Samopomoc\"}]},{\"@type\":\"WebSite\",\"@id\":\"https:\\\/\\\/inzynier.rzeszow.pl\\\/#website\",\"url\":\"https:\\\/\\\/inzynier.rzeszow.pl\\\/\",\"name\":\"Podkarpacka Okregowa Izba Inzynierow Budownictwa\",\"description\":\"\",\"potentialAction\":[{\"@type\":\"SearchAction\",\"target\":{\"@type\":\"EntryPoint\",\"urlTemplate\":\"https:\\\/\\\/inzynier.rzeszow.pl\\\/?s={search_term_string}\"},\"query-input\":{\"@type\":\"PropertyValueSpecification\",\"valueRequired\":true,\"valueName\":\"search_term_string\"}}],\"inLanguage\":\"pl-PL\"}]}<\/script>\n<!-- \/ Yoast SEO plugin. -->","yoast_head_json":{"title":"Samopomoc - Podkarpacka Okregowa Izba Inzynierow Budownictwa","description":"rogram samopomocy PDK OIIB \u2013 wsparcie dla cz\u0142onk\u00f3w Podkarpackiej Okr\u0119gowej Izby In\u017cynier\u00f3w Budownictwa w trudnych sytuacjach \u017cyciowych.","robots":{"index":"index","follow":"follow","max-snippet":"max-snippet:-1","max-image-preview":"max-image-preview:large","max-video-preview":"max-video-preview:-1"},"canonical":"https:\/\/inzynier.rzeszow.pl\/index.php\/samopomoc\/","og_locale":"pl_PL","og_type":"article","og_title":"Samopomoc - Podkarpacka Okregowa Izba Inzynierow Budownictwa","og_description":"rogram samopomocy PDK OIIB \u2013 wsparcie dla cz\u0142onk\u00f3w Podkarpackiej Okr\u0119gowej Izby In\u017cynier\u00f3w Budownictwa w trudnych sytuacjach \u017cyciowych.","og_url":"https:\/\/inzynier.rzeszow.pl\/index.php\/samopomoc\/","og_site_name":"Podkarpacka Okregowa Izba Inzynierow Budownictwa","article_modified_time":"2026-03-17T07:31:40+00:00","twitter_card":"summary_large_image","twitter_misc":{"Szacowany czas czytania":"7 minut"},"schema":{"@context":"https:\/\/schema.org","@graph":[{"@type":"WebPage","@id":"https:\/\/inzynier.rzeszow.pl\/index.php\/samopomoc\/","url":"https:\/\/inzynier.rzeszow.pl\/index.php\/samopomoc\/","name":"Samopomoc - Podkarpacka Okregowa Izba Inzynierow Budownictwa","isPartOf":{"@id":"https:\/\/inzynier.rzeszow.pl\/#website"},"datePublished":"2025-12-21T16:37:39+00:00","dateModified":"2026-03-17T07:31:40+00:00","description":"rogram samopomocy PDK OIIB \u2013 wsparcie dla cz\u0142onk\u00f3w Podkarpackiej Okr\u0119gowej Izby In\u017cynier\u00f3w Budownictwa w trudnych sytuacjach \u017cyciowych.","breadcrumb":{"@id":"https:\/\/inzynier.rzeszow.pl\/index.php\/samopomoc\/#breadcrumb"},"inLanguage":"pl-PL","potentialAction":[{"@type":"ReadAction","target":["https:\/\/inzynier.rzeszow.pl\/index.php\/samopomoc\/"]}]},{"@type":"BreadcrumbList","@id":"https:\/\/inzynier.rzeszow.pl\/index.php\/samopomoc\/#breadcrumb","itemListElement":[{"@type":"ListItem","position":1,"name":"Strona g\u0142\u00f3wna","item":"https:\/\/inzynier.rzeszow.pl\/"},{"@type":"ListItem","position":2,"name":"Samopomoc"}]},{"@type":"WebSite","@id":"https:\/\/inzynier.rzeszow.pl\/#website","url":"https:\/\/inzynier.rzeszow.pl\/","name":"Podkarpacka Okregowa Izba Inzynierow Budownictwa","description":"","potentialAction":[{"@type":"SearchAction","target":{"@type":"EntryPoint","urlTemplate":"https:\/\/inzynier.rzeszow.pl\/?s={search_term_string}"},"query-input":{"@type":"PropertyValueSpecification","valueRequired":true,"valueName":"search_term_string"}}],"inLanguage":"pl-PL"}]}},"rttpg_featured_image_url":null,"rttpg_author":{"display_name":"admin","author_link":"https:\/\/inzynier.rzeszow.pl\/index.php\/author\/kwojcik\/"},"rttpg_comment":0,"rttpg_category":null,"rttpg_excerpt":"Samopomoc kole\u017ce\u0144ska &#8211; bezzwrotna zapomoga Strona g\u0142\u00f3wna \/ Samopomoc Zesp\u00f3\u0142 Samopomocy Kole\u017ce\u0144skiej W sk\u0142adzie organ\u00f3w pozastatutowych PDK OIIB znajduje si\u0119 [&hellip;]","_links":{"self":[{"href":"https:\/\/inzynier.rzeszow.pl\/index.php\/wp-json\/wp\/v2\/pages\/541","targetHints":{"allow":["GET"]}}],"collection":[{"href":"https:\/\/inzynier.rzeszow.pl\/index.php\/wp-json\/wp\/v2\/pages"}],"about":[{"href":"https:\/\/inzynier.rzeszow.pl\/index.php\/wp-json\/wp\/v2\/types\/page"}],"author":[{"embeddable":true,"href":"https:\/\/inzynier.rzeszow.pl\/index.php\/wp-json\/wp\/v2\/users\/1"}],"replies":[{"embeddable":true,"href":"https:\/\/inzynier.rzeszow.pl\/index.php\/wp-json\/wp\/v2\/comments?post=541"}],"version-history":[{"count":31,"href":"https:\/\/inzynier.rzeszow.pl\/index.php\/wp-json\/wp\/v2\/pages\/541\/revisions"}],"predecessor-version":[{"id":6939,"href":"https:\/\/inzynier.rzeszow.pl\/index.php\/wp-json\/wp\/v2\/pages\/541\/revisions\/6939"}],"wp:attachment":[{"href":"https:\/\/inzynier.rzeszow.pl\/index.php\/wp-json\/wp\/v2\/media?parent=541"}],"curies":[{"name":"wp","href":"https:\/\/api.w.org\/{rel}","templated":true}]}}