{"id":3915,"date":"2026-02-05T12:54:58","date_gmt":"2026-02-05T12:54:58","guid":{"rendered":"https:\/\/migracja.inzynier.rzeszow.pl\/?page_id=3915"},"modified":"2026-03-18T13:46:02","modified_gmt":"2026-03-18T12:46:02","slug":"instrukcja-zapisu-na-szkolenia-on-line","status":"publish","type":"page","link":"https:\/\/inzynier.rzeszow.pl\/index.php\/instrukcja-zapisu-na-szkolenia-on-line\/","title":{"rendered":"Instrukcja zapisu na szkolenia on-line"},"content":{"rendered":"\t\t<div data-elementor-type=\"wp-page\" data-elementor-id=\"3915\" class=\"elementor elementor-3915\" data-elementor-post-type=\"page\">\n\t\t\t\t<div class=\"elementor-element elementor-element-c6ddcf0 e-flex e-con-boxed e-con e-parent\" data-id=\"c6ddcf0\" data-element_type=\"container\" data-e-type=\"container\" data-settings=\"{&quot;background_background&quot;:&quot;classic&quot;}\">\n\t\t\t\t\t<div class=\"e-con-inner\">\n\t\t<div class=\"elementor-element elementor-element-f90288b e-con-full e-flex e-con e-child\" data-id=\"f90288b\" data-element_type=\"container\" data-e-type=\"container\" data-settings=\"{&quot;background_background&quot;:&quot;classic&quot;}\">\n\t\t\t\t<div class=\"elementor-element elementor-element-63fce6b elementor-widget elementor-widget-heading\" data-id=\"63fce6b\" data-element_type=\"widget\" data-e-type=\"widget\" data-widget_type=\"heading.default\">\n\t\t\t\t\t<h1 class=\"elementor-heading-title elementor-size-default\">Instrukcja zapisu na szkolenia on-line<\/h1>\t\t\t\t<\/div>\n\t\t\t\t<\/div>\n\t\t\t\t\t<\/div>\n\t\t\t\t<\/div>\n\t\t<div class=\"elementor-element elementor-element-c25135d e-flex e-con-boxed e-con e-parent\" data-id=\"c25135d\" data-element_type=\"container\" data-e-type=\"container\">\n\t\t\t\t\t<div class=\"e-con-inner\">\n\t\t\t\t<div class=\"elementor-element elementor-element-69301e0 elementor-widget elementor-widget-text-editor\" data-id=\"69301e0\" data-element_type=\"widget\" data-e-type=\"widget\" data-widget_type=\"text-editor.default\">\n\t\t\t\t\t\t\t\t\t<p><strong>Jak wzi\u0105\u0107 udzia\u0142 w szkoleniu on-line:<\/strong><br \/>1. Poprzez podany w og\u0142oszeniu link\u00a0<a href=\"https:\/\/www.piib.org.pl\/\" target=\"_blank\" rel=\"noopener\">https:\/\/www.piib.org.pl\/<\/a>\u00a0nale\u017cy przej\u015b\u0107 na stron\u0119 Polskiej Izby In\u017cynier\u00f3w Budownictwa.<\/p><p>2. Ch\u0119\u0107 uczestnictwa nale\u017cy wyrazi\u0107 poprzez bezpo\u015brednie logowanie za pomoc\u0105 swojego indywidualnego numeru cz\u0142onkowskiego, b\u0119d\u0105cego jednocze\u015bnie loginem oraz has\u0142a ustalonego przez Pa\u0144stwa po pierwszorazowym logowaniu.<\/p>\t\t\t\t\t\t\t\t<\/div>\n\t\t\t\t\t<\/div>\n\t\t\t\t<\/div>\n\t\t<div class=\"elementor-element elementor-element-e382325 e-flex e-con-boxed e-con e-parent\" data-id=\"e382325\" data-element_type=\"container\" data-e-type=\"container\">\n\t\t\t\t\t<div class=\"e-con-inner\">\n\t\t\t\t<div class=\"elementor-element elementor-element-a7a8f83 elementor-widget elementor-widget-image\" data-id=\"a7a8f83\" data-element_type=\"widget\" data-e-type=\"widget\" data-widget_type=\"image.default\">\n\t\t\t\t\t\t\t\t\t\t\t\t\t\t\t<img fetchpriority=\"high\" decoding=\"async\" width=\"408\" height=\"553\" src=\"https:\/\/inzynier.rzeszow.pl\/wp-content\/uploads\/2026\/03\/logowanie-PIIB.webp\" class=\"attachment-large size-large wp-image-7281\" alt=\"\" srcset=\"https:\/\/inzynier.rzeszow.pl\/wp-content\/uploads\/2026\/03\/logowanie-PIIB.webp 408w, https:\/\/inzynier.rzeszow.pl\/wp-content\/uploads\/2026\/03\/logowanie-PIIB-221x300.jpg 221w\" sizes=\"(max-width: 408px) 100vw, 408px\" \/>\t\t\t\t\t\t\t\t\t\t\t\t\t\t\t<\/div>\n\t\t\t\t\t<\/div>\n\t\t\t\t<\/div>\n\t\t<div class=\"elementor-element elementor-element-18cf04e e-flex e-con-boxed e-con e-parent\" data-id=\"18cf04e\" data-element_type=\"container\" data-e-type=\"container\">\n\t\t\t\t\t<div class=\"e-con-inner\">\n\t\t\t\t<div class=\"elementor-element elementor-element-279f5cd elementor-widget elementor-widget-text-editor\" data-id=\"279f5cd\" data-element_type=\"widget\" data-e-type=\"widget\" data-widget_type=\"text-editor.default\">\n\t\t\t\t\t\t\t\t\t<p>3. Po zalogowaniu nale\u017cy otworzy\u0107 zak\u0142adk\u0119 Szkolenia ON-LINE i zapisa\u0107 si\u0119 na wybrane szkolenie.<\/p>\t\t\t\t\t\t\t\t<\/div>\n\t\t\t\t\t<\/div>\n\t\t\t\t<\/div>\n\t\t<div class=\"elementor-element elementor-element-51d83f1 e-flex e-con-boxed e-con e-parent\" data-id=\"51d83f1\" data-element_type=\"container\" data-e-type=\"container\">\n\t\t\t\t\t<div class=\"e-con-inner\">\n\t\t\t\t<div class=\"elementor-element elementor-element-0872527 elementor-widget__width-initial elementor-widget elementor-widget-image\" data-id=\"0872527\" data-element_type=\"widget\" data-e-type=\"widget\" data-widget_type=\"image.default\">\n\t\t\t\t\t\t\t\t\t\t\t\t\t\t\t<img decoding=\"async\" width=\"1024\" height=\"451\" src=\"https:\/\/inzynier.rzeszow.pl\/wp-content\/uploads\/2026\/03\/zapis-na-szkolenia-1024x451.webp\" class=\"attachment-large size-large wp-image-7282\" alt=\"\" srcset=\"https:\/\/inzynier.rzeszow.pl\/wp-content\/uploads\/2026\/03\/zapis-na-szkolenia-1024x451.webp 1024w, https:\/\/inzynier.rzeszow.pl\/wp-content\/uploads\/2026\/03\/zapis-na-szkolenia-300x132.png 300w, https:\/\/inzynier.rzeszow.pl\/wp-content\/uploads\/2026\/03\/zapis-na-szkolenia-768x339.webp 768w, https:\/\/inzynier.rzeszow.pl\/wp-content\/uploads\/2026\/03\/zapis-na-szkolenia.webp 1200w\" sizes=\"(max-width: 1024px) 100vw, 1024px\" \/>\t\t\t\t\t\t\t\t\t\t\t\t\t\t\t<\/div>\n\t\t\t\t\t<\/div>\n\t\t\t\t<\/div>\n\t\t<div class=\"elementor-element elementor-element-d55ca7f e-flex e-con-boxed e-con e-parent\" data-id=\"d55ca7f\" data-element_type=\"container\" data-e-type=\"container\">\n\t\t\t\t\t<div class=\"e-con-inner\">\n\t\t\t\t<div class=\"elementor-element elementor-element-198d47a elementor-widget elementor-widget-text-editor\" data-id=\"198d47a\" data-element_type=\"widget\" data-e-type=\"widget\" data-widget_type=\"text-editor.default\">\n\t\t\t\t\t\t\t\t\t<p>4. Wszyscy cz\u0142onkowie po zapisaniu si\u0119 poprzez link na stronie Polskiej Izby In\u017cynier\u00f3w Budownictwa otrzymaj\u0105 wiadomo\u015b\u0107 e-mail, kt\u00f3ra umo\u017cliwi uczestnictwo w szkoleniu.<\/p><p>5. W trakcie szkole\u0144 on-line istnieje mo\u017cliwo\u015b\u0107 zadawania pyta\u0144 na czacie &#8211; forma pisemna.<\/p><p>6. Za\u015bwiadczenia o udziale w szkoleniach oraz materia\u0142y szkoleniowe z przeprowadzonych szkole\u0144 on-line zamieszczone zostan\u0105 do pobrania na Portalu Polskiej Izby In\u017cynier\u00f3w Budownictwa i dost\u0119pne b\u0119d\u0105 po zalogowaniu.<\/p><p>7. Poprzez platform\u0119 PIIB cz\u0142onkowie naszej Izby mog\u0105 uczestniczy\u0107 we wszystkich szkoleniach, kt\u00f3re s\u0105 dost\u0119pne w harmonogramie szkole\u0144.<\/p>\t\t\t\t\t\t\t\t<\/div>\n\t\t\t\t\t<\/div>\n\t\t\t\t<\/div>\n\t\t\t\t<\/div>\n\t\t","protected":false},"excerpt":{"rendered":"<p>Instrukcja zapisu na szkolenia on-line Jak wzi\u0105\u0107 udzia\u0142 w szkoleniu on-line:1. Poprzez podany w og\u0142oszeniu link\u00a0https:\/\/www.piib.org.pl\/\u00a0nale\u017cy przej\u015b\u0107 na stron\u0119 Polskiej [&hellip;]<\/p>\n","protected":false},"author":1,"featured_media":0,"parent":0,"menu_order":0,"comment_status":"closed","ping_status":"closed","template":"","meta":{"site-sidebar-layout":"no-sidebar","site-content-layout":"","ast-site-content-layout":"full-width-container","site-content-style":"default","site-sidebar-style":"default","ast-global-header-display":"","ast-banner-title-visibility":"","ast-main-header-display":"","ast-hfb-above-header-display":"","ast-hfb-below-header-display":"","ast-hfb-mobile-header-display":"","site-post-title":"disabled","ast-breadcrumbs-content":"","ast-featured-img":"disabled","footer-sml-layout":"","ast-disable-related-posts":"","theme-transparent-header-meta":"","adv-header-id-meta":"","stick-header-meta":"","header-above-stick-meta":"","header-main-stick-meta":"","header-below-stick-meta":"","astra-migrate-meta-layouts":"default","ast-page-background-enabled":"default","ast-page-background-meta":{"desktop":{"background-color":"var(--ast-global-color-5)","background-image":"","background-repeat":"repeat","background-position":"center center","background-size":"auto","background-attachment":"scroll","background-type":"","background-media":"","overlay-type":"","overlay-color":"","overlay-opacity":"","overlay-gradient":""},"tablet":{"background-color":"","background-image":"","background-repeat":"repeat","background-position":"center center","background-size":"auto","background-attachment":"scroll","background-type":"","background-media":"","overlay-type":"","overlay-color":"","overlay-opacity":"","overlay-gradient":""},"mobile":{"background-color":"","background-image":"","background-repeat":"repeat","background-position":"center center","background-size":"auto","background-attachment":"scroll","background-type":"","background-media":"","overlay-type":"","overlay-color":"","overlay-opacity":"","overlay-gradient":""}},"ast-content-background-meta":{"desktop":{"background-color":"var(--ast-global-color-4)","background-image":"","background-repeat":"repeat","background-position":"center center","background-size":"auto","background-attachment":"scroll","background-type":"","background-media":"","overlay-type":"","overlay-color":"","overlay-opacity":"","overlay-gradient":""},"tablet":{"background-color":"var(--ast-global-color-4)","background-image":"","background-repeat":"repeat","background-position":"center center","background-size":"auto","background-attachment":"scroll","background-type":"","background-media":"","overlay-type":"","overlay-color":"","overlay-opacity":"","overlay-gradient":""},"mobile":{"background-color":"var(--ast-global-color-4)","background-image":"","background-repeat":"repeat","background-position":"center center","background-size":"auto","background-attachment":"scroll","background-type":"","background-media":"","overlay-type":"","overlay-color":"","overlay-opacity":"","overlay-gradient":""}},"footnotes":""},"class_list":["post-3915","page","type-page","status-publish","hentry"],"yoast_head":"<!-- This site is optimized with the Yoast SEO plugin v27.5 - https:\/\/yoast.com\/product\/yoast-seo-wordpress\/ -->\n<title>Instrukcja zapisu na szkolenia on-line - Podkarpacka Okregowa Izba Inzynierow Budownictwa<\/title>\n<meta name=\"description\" content=\"Instrukcja zapisu na szkolenia online PDK OIIB \u2013 krok po kroku dowiedz si\u0119, jak zapisa\u0107 si\u0119 na szkolenie internetowe organizowane przez Izb\u0119 In\u017cynier\u00f3w Budownictwa.\" \/>\n<meta name=\"robots\" content=\"index, follow, max-snippet:-1, max-image-preview:large, max-video-preview:-1\" \/>\n<link rel=\"canonical\" href=\"https:\/\/inzynier.rzeszow.pl\/index.php\/instrukcja-zapisu-na-szkolenia-on-line\/\" \/>\n<meta property=\"og:locale\" content=\"pl_PL\" \/>\n<meta property=\"og:type\" content=\"article\" \/>\n<meta property=\"og:title\" content=\"Instrukcja zapisu na szkolenia on-line - Podkarpacka Okregowa Izba Inzynierow Budownictwa\" \/>\n<meta property=\"og:description\" content=\"Instrukcja zapisu na szkolenia online PDK OIIB \u2013 krok po kroku dowiedz si\u0119, jak zapisa\u0107 si\u0119 na szkolenie internetowe organizowane przez Izb\u0119 In\u017cynier\u00f3w Budownictwa.\" \/>\n<meta property=\"og:url\" content=\"https:\/\/inzynier.rzeszow.pl\/index.php\/instrukcja-zapisu-na-szkolenia-on-line\/\" \/>\n<meta property=\"og:site_name\" content=\"Podkarpacka Okregowa Izba Inzynierow Budownictwa\" \/>\n<meta property=\"article:modified_time\" content=\"2026-03-18T12:46:02+00:00\" \/>\n<meta property=\"og:image\" content=\"https:\/\/inzynier.rzeszow.pl\/wp-content\/uploads\/2026\/03\/logowanie-PIIB.webp\" \/>\n\t<meta property=\"og:image:width\" content=\"408\" \/>\n\t<meta property=\"og:image:height\" content=\"553\" \/>\n\t<meta property=\"og:image:type\" content=\"image\/webp\" \/>\n<meta name=\"twitter:card\" content=\"summary_large_image\" \/>\n<meta name=\"twitter:label1\" content=\"Szacowany czas czytania\" \/>\n\t<meta name=\"twitter:data1\" content=\"1 minuta\" \/>\n<script type=\"application\/ld+json\" class=\"yoast-schema-graph\">{\"@context\":\"https:\\\/\\\/schema.org\",\"@graph\":[{\"@type\":\"WebPage\",\"@id\":\"https:\\\/\\\/inzynier.rzeszow.pl\\\/index.php\\\/instrukcja-zapisu-na-szkolenia-on-line\\\/\",\"url\":\"https:\\\/\\\/inzynier.rzeszow.pl\\\/index.php\\\/instrukcja-zapisu-na-szkolenia-on-line\\\/\",\"name\":\"Instrukcja zapisu na szkolenia on-line - Podkarpacka Okregowa Izba Inzynierow Budownictwa\",\"isPartOf\":{\"@id\":\"https:\\\/\\\/inzynier.rzeszow.pl\\\/#website\"},\"primaryImageOfPage\":{\"@id\":\"https:\\\/\\\/inzynier.rzeszow.pl\\\/index.php\\\/instrukcja-zapisu-na-szkolenia-on-line\\\/#primaryimage\"},\"image\":{\"@id\":\"https:\\\/\\\/inzynier.rzeszow.pl\\\/index.php\\\/instrukcja-zapisu-na-szkolenia-on-line\\\/#primaryimage\"},\"thumbnailUrl\":\"https:\\\/\\\/inzynier.rzeszow.pl\\\/wp-content\\\/uploads\\\/2026\\\/03\\\/logowanie-PIIB.webp\",\"datePublished\":\"2026-02-05T12:54:58+00:00\",\"dateModified\":\"2026-03-18T12:46:02+00:00\",\"description\":\"Instrukcja zapisu na szkolenia online PDK OIIB \u2013 krok po kroku dowiedz si\u0119, jak zapisa\u0107 si\u0119 na szkolenie internetowe organizowane przez Izb\u0119 In\u017cynier\u00f3w Budownictwa.\",\"breadcrumb\":{\"@id\":\"https:\\\/\\\/inzynier.rzeszow.pl\\\/index.php\\\/instrukcja-zapisu-na-szkolenia-on-line\\\/#breadcrumb\"},\"inLanguage\":\"pl-PL\",\"potentialAction\":[{\"@type\":\"ReadAction\",\"target\":[\"https:\\\/\\\/inzynier.rzeszow.pl\\\/index.php\\\/instrukcja-zapisu-na-szkolenia-on-line\\\/\"]}]},{\"@type\":\"ImageObject\",\"inLanguage\":\"pl-PL\",\"@id\":\"https:\\\/\\\/inzynier.rzeszow.pl\\\/index.php\\\/instrukcja-zapisu-na-szkolenia-on-line\\\/#primaryimage\",\"url\":\"https:\\\/\\\/inzynier.rzeszow.pl\\\/wp-content\\\/uploads\\\/2026\\\/03\\\/logowanie-PIIB.webp\",\"contentUrl\":\"https:\\\/\\\/inzynier.rzeszow.pl\\\/wp-content\\\/uploads\\\/2026\\\/03\\\/logowanie-PIIB.webp\",\"width\":408,\"height\":553},{\"@type\":\"BreadcrumbList\",\"@id\":\"https:\\\/\\\/inzynier.rzeszow.pl\\\/index.php\\\/instrukcja-zapisu-na-szkolenia-on-line\\\/#breadcrumb\",\"itemListElement\":[{\"@type\":\"ListItem\",\"position\":1,\"name\":\"Strona g\u0142\u00f3wna\",\"item\":\"https:\\\/\\\/inzynier.rzeszow.pl\\\/\"},{\"@type\":\"ListItem\",\"position\":2,\"name\":\"Instrukcja zapisu na szkolenia on-line\"}]},{\"@type\":\"WebSite\",\"@id\":\"https:\\\/\\\/inzynier.rzeszow.pl\\\/#website\",\"url\":\"https:\\\/\\\/inzynier.rzeszow.pl\\\/\",\"name\":\"Podkarpacka Okregowa Izba Inzynierow Budownictwa\",\"description\":\"\",\"potentialAction\":[{\"@type\":\"SearchAction\",\"target\":{\"@type\":\"EntryPoint\",\"urlTemplate\":\"https:\\\/\\\/inzynier.rzeszow.pl\\\/?s={search_term_string}\"},\"query-input\":{\"@type\":\"PropertyValueSpecification\",\"valueRequired\":true,\"valueName\":\"search_term_string\"}}],\"inLanguage\":\"pl-PL\"}]}<\/script>\n<!-- \/ Yoast SEO plugin. -->","yoast_head_json":{"title":"Instrukcja zapisu na szkolenia on-line - Podkarpacka Okregowa Izba Inzynierow Budownictwa","description":"Instrukcja zapisu na szkolenia online PDK OIIB \u2013 krok po kroku dowiedz si\u0119, jak zapisa\u0107 si\u0119 na szkolenie internetowe organizowane przez Izb\u0119 In\u017cynier\u00f3w Budownictwa.","robots":{"index":"index","follow":"follow","max-snippet":"max-snippet:-1","max-image-preview":"max-image-preview:large","max-video-preview":"max-video-preview:-1"},"canonical":"https:\/\/inzynier.rzeszow.pl\/index.php\/instrukcja-zapisu-na-szkolenia-on-line\/","og_locale":"pl_PL","og_type":"article","og_title":"Instrukcja zapisu na szkolenia on-line - Podkarpacka Okregowa Izba Inzynierow Budownictwa","og_description":"Instrukcja zapisu na szkolenia online PDK OIIB \u2013 krok po kroku dowiedz si\u0119, jak zapisa\u0107 si\u0119 na szkolenie internetowe organizowane przez Izb\u0119 In\u017cynier\u00f3w Budownictwa.","og_url":"https:\/\/inzynier.rzeszow.pl\/index.php\/instrukcja-zapisu-na-szkolenia-on-line\/","og_site_name":"Podkarpacka Okregowa Izba Inzynierow Budownictwa","article_modified_time":"2026-03-18T12:46:02+00:00","og_image":[{"width":408,"height":553,"url":"https:\/\/inzynier.rzeszow.pl\/wp-content\/uploads\/2026\/03\/logowanie-PIIB.webp","type":"image\/webp"}],"twitter_card":"summary_large_image","twitter_misc":{"Szacowany czas czytania":"1 minuta"},"schema":{"@context":"https:\/\/schema.org","@graph":[{"@type":"WebPage","@id":"https:\/\/inzynier.rzeszow.pl\/index.php\/instrukcja-zapisu-na-szkolenia-on-line\/","url":"https:\/\/inzynier.rzeszow.pl\/index.php\/instrukcja-zapisu-na-szkolenia-on-line\/","name":"Instrukcja zapisu na szkolenia on-line - Podkarpacka Okregowa Izba Inzynierow Budownictwa","isPartOf":{"@id":"https:\/\/inzynier.rzeszow.pl\/#website"},"primaryImageOfPage":{"@id":"https:\/\/inzynier.rzeszow.pl\/index.php\/instrukcja-zapisu-na-szkolenia-on-line\/#primaryimage"},"image":{"@id":"https:\/\/inzynier.rzeszow.pl\/index.php\/instrukcja-zapisu-na-szkolenia-on-line\/#primaryimage"},"thumbnailUrl":"https:\/\/inzynier.rzeszow.pl\/wp-content\/uploads\/2026\/03\/logowanie-PIIB.webp","datePublished":"2026-02-05T12:54:58+00:00","dateModified":"2026-03-18T12:46:02+00:00","description":"Instrukcja zapisu na szkolenia online PDK OIIB \u2013 krok po kroku dowiedz si\u0119, jak zapisa\u0107 si\u0119 na szkolenie internetowe organizowane przez Izb\u0119 In\u017cynier\u00f3w Budownictwa.","breadcrumb":{"@id":"https:\/\/inzynier.rzeszow.pl\/index.php\/instrukcja-zapisu-na-szkolenia-on-line\/#breadcrumb"},"inLanguage":"pl-PL","potentialAction":[{"@type":"ReadAction","target":["https:\/\/inzynier.rzeszow.pl\/index.php\/instrukcja-zapisu-na-szkolenia-on-line\/"]}]},{"@type":"ImageObject","inLanguage":"pl-PL","@id":"https:\/\/inzynier.rzeszow.pl\/index.php\/instrukcja-zapisu-na-szkolenia-on-line\/#primaryimage","url":"https:\/\/inzynier.rzeszow.pl\/wp-content\/uploads\/2026\/03\/logowanie-PIIB.webp","contentUrl":"https:\/\/inzynier.rzeszow.pl\/wp-content\/uploads\/2026\/03\/logowanie-PIIB.webp","width":408,"height":553},{"@type":"BreadcrumbList","@id":"https:\/\/inzynier.rzeszow.pl\/index.php\/instrukcja-zapisu-na-szkolenia-on-line\/#breadcrumb","itemListElement":[{"@type":"ListItem","position":1,"name":"Strona g\u0142\u00f3wna","item":"https:\/\/inzynier.rzeszow.pl\/"},{"@type":"ListItem","position":2,"name":"Instrukcja zapisu na szkolenia on-line"}]},{"@type":"WebSite","@id":"https:\/\/inzynier.rzeszow.pl\/#website","url":"https:\/\/inzynier.rzeszow.pl\/","name":"Podkarpacka Okregowa Izba Inzynierow Budownictwa","description":"","potentialAction":[{"@type":"SearchAction","target":{"@type":"EntryPoint","urlTemplate":"https:\/\/inzynier.rzeszow.pl\/?s={search_term_string}"},"query-input":{"@type":"PropertyValueSpecification","valueRequired":true,"valueName":"search_term_string"}}],"inLanguage":"pl-PL"}]}},"rttpg_featured_image_url":null,"rttpg_author":{"display_name":"admin","author_link":"https:\/\/inzynier.rzeszow.pl\/index.php\/author\/kwojcik\/"},"rttpg_comment":0,"rttpg_category":null,"rttpg_excerpt":"Instrukcja zapisu na szkolenia on-line Jak wzi\u0105\u0107 udzia\u0142 w szkoleniu on-line:1. Poprzez podany w og\u0142oszeniu link\u00a0https:\/\/www.piib.org.pl\/\u00a0nale\u017cy przej\u015b\u0107 na stron\u0119 Polskiej [&hellip;]","_links":{"self":[{"href":"https:\/\/inzynier.rzeszow.pl\/index.php\/wp-json\/wp\/v2\/pages\/3915","targetHints":{"allow":["GET"]}}],"collection":[{"href":"https:\/\/inzynier.rzeszow.pl\/index.php\/wp-json\/wp\/v2\/pages"}],"about":[{"href":"https:\/\/inzynier.rzeszow.pl\/index.php\/wp-json\/wp\/v2\/types\/page"}],"author":[{"embeddable":true,"href":"https:\/\/inzynier.rzeszow.pl\/index.php\/wp-json\/wp\/v2\/users\/1"}],"replies":[{"embeddable":true,"href":"https:\/\/inzynier.rzeszow.pl\/index.php\/wp-json\/wp\/v2\/comments?post=3915"}],"version-history":[{"count":16,"href":"https:\/\/inzynier.rzeszow.pl\/index.php\/wp-json\/wp\/v2\/pages\/3915\/revisions"}],"predecessor-version":[{"id":7285,"href":"https:\/\/inzynier.rzeszow.pl\/index.php\/wp-json\/wp\/v2\/pages\/3915\/revisions\/7285"}],"wp:attachment":[{"href":"https:\/\/inzynier.rzeszow.pl\/index.php\/wp-json\/wp\/v2\/media?parent=3915"}],"curies":[{"name":"wp","href":"https:\/\/api.w.org\/{rel}","templated":true}]}}