{"id":3756,"date":"2026-02-04T10:49:39","date_gmt":"2026-02-04T10:49:39","guid":{"rendered":"https:\/\/migracja.inzynier.rzeszow.pl\/?page_id=3756"},"modified":"2026-03-15T10:05:55","modified_gmt":"2026-03-15T09:05:55","slug":"regulamin-konkursu-pt-kartka-swiateczna-wielkanocna-2026","status":"publish","type":"page","link":"https:\/\/inzynier.rzeszow.pl\/index.php\/regulamin-konkursu-pt-kartka-swiateczna-wielkanocna-2026\/","title":{"rendered":"Regulamin konkursu pt. Kartka \u015bwi\u0105teczna Wielkanocna &#8211; 2026"},"content":{"rendered":"\t\t<div data-elementor-type=\"wp-page\" data-elementor-id=\"3756\" class=\"elementor elementor-3756\" data-elementor-post-type=\"page\">\n\t\t\t\t<div class=\"elementor-element elementor-element-c6ddcf0 e-flex e-con-boxed e-con e-parent\" data-id=\"c6ddcf0\" data-element_type=\"container\" data-e-type=\"container\" data-settings=\"{&quot;background_background&quot;:&quot;classic&quot;}\">\n\t\t\t\t\t<div class=\"e-con-inner\">\n\t\t<div class=\"elementor-element elementor-element-f90288b e-con-full e-flex e-con e-child\" data-id=\"f90288b\" data-element_type=\"container\" data-e-type=\"container\" data-settings=\"{&quot;background_background&quot;:&quot;classic&quot;}\">\n\t\t\t\t<div class=\"elementor-element elementor-element-63fce6b elementor-widget elementor-widget-heading\" data-id=\"63fce6b\" data-element_type=\"widget\" data-e-type=\"widget\" data-widget_type=\"heading.default\">\n\t\t\t\t\t<h1 class=\"elementor-heading-title elementor-size-default\">Regulamin konkursu pt. Kartka \u015bwi\u0105teczna Wielkanocna - 2026<\/h1>\t\t\t\t<\/div>\n\t\t\t\t<\/div>\n\t\t\t\t\t<\/div>\n\t\t\t\t<\/div>\n\t\t<div class=\"elementor-element elementor-element-cda907a e-flex e-con-boxed e-con e-parent\" data-id=\"cda907a\" data-element_type=\"container\" data-e-type=\"container\">\n\t\t\t\t\t<div class=\"e-con-inner\">\n\t\t\t\t<div class=\"elementor-element elementor-element-b0c00d5 elementor-widget elementor-widget-text-editor\" data-id=\"b0c00d5\" data-element_type=\"widget\" data-e-type=\"widget\" data-widget_type=\"text-editor.default\">\n\t\t\t\t\t\t\t\t\t<p><strong>1. Organizator i czas trwania Konkursu<br \/><\/strong><br \/>1.1. Organizatorem konkursu, zwanego dalej (\u201eKonkursem&#8221;) jest Podkarpacka Okr\u0119gowa Izba In\u017cynier\u00f3w Budownictwa, ul. Krakowska 289, 35-213 Rzesz\u00f3w, NIP 813-32-98-468, zwana dalej (\u201eOrganizatorem&#8221;).<br \/>1.2. Konkurs odbywa\u0107 si\u0119 b\u0119dzie w okresie od dnia 02.02.2026 r. do dnia 13.03.2026 r.<br \/>1.3. Konkurs odbywa\u0107 si\u0119 b\u0119dzie zgodnie z jego regulaminem. Niniejszy regulamin stanowi jedyny prawnie wi\u0105\u017c\u0105cy dokument reguluj\u0105cy zasady i warunki na jakich Konkurs zostanie przeprowadzony. Wszelkie inne materia\u0142y informacyjne maj\u0105 jedynie charakter pomocniczy i nie mog\u0105 stanowi\u0107 jakiejkolwiek podstawy do z\u0142o\u017cenia reklamacji lub sk\u0142adania roszcze\u0144 przez Uczestnik\u00f3w Konkursu.<br \/>1.4. Niniejszy Konkurs nie stanowi gry losowej w rozumieniu art. 2 ust. 1 pkt.10 ustawy z dnia 19 listopada 2009 r. o grach hazardowych (Dz.U. z 2025 r., poz. 595).<\/p><p><strong>2. Warunki uczestnictwa w Konkursie<br \/><\/strong><br \/>2.1. Uczestnikiem Konkursu mog\u0105 by\u0107 dzieci b\u0105d\u017a wnuki cz\u0142onk\u00f3w Organizatora oraz pracownik\u00f3w Organizatora, zwane dalej (\u201eUczestnikami&#8221;) w wieku od 3 do 12 lat.<br \/>2.2. W konkursie nie mog\u0105 bra\u0107 udzia\u0142u dzieci b\u0105d\u017a wnuki cz\u0142onk\u00f3w Kapitu\u0142y Konkursowej.<\/p><p><strong>3. Zasady przeprowadzenia Konkursu<\/strong><br \/><br \/>3.1. Rodzic\/Dziadek\/Babcia &#8211; zwany dalej Opiekunem dziecka bior\u0105cego udzia\u0142 w konkursie, powinien w nieprzekraczalnym terminie do dnia 13.03.2026 r. przekaza\u0107 Organizatorowi orygina\u0142 pracy. Zg\u0142oszenie powinno zawiera\u0107 jeden rysunek w formacie maksymalnie A4 o tematyce \u015bwi\u0105tecznej, malowany farbami, kredkami, flamastrami. W zg\u0142oszeniu nale\u017cy na pierwszej stronie poda\u0107 imi\u0119 i wiek autora, na odwrocie nazwisko autora, adres oraz email i nr telefonu Opiekuna. Dla autora najciekawszej pracy przewidziano nagrod\u0119 rzeczow\u0105.<br \/>3.2. Opiekun dziecka bior\u0105cego udzia\u0142 w konkursie mo\u017ce przekazywa\u0107 prace osobi\u015bcie lub za po\u015brednictwem poczty na adres Organizatora. O dacie zg\u0142oszenia decyduje data stempla pocztowego.<br \/>3.3. Ka\u017cdy uczestnik ma prawo nades\u0142a\u0107 wy\u0142\u0105cznie jedno zg\u0142oszenie. W przypadku nades\u0142ania przez Uczestnika wi\u0119kszej ilo\u015bci zg\u0142osze\u0144, Organizator b\u0119dzie rozpatrywa\u0142 wy\u0142\u0105cznie zg\u0142oszenie, kt\u00f3re dotar\u0142o do niego jako pierwsze.<br \/>3.4. Wyboru najlepszego dzie\u0142a dokona Kapitu\u0142a Konkursowa (\u201eKapitu\u0142a&#8221;).<br \/>3.5. W trakcie obrad Kapitu\u0142a dokona wed\u0142ug swojego uznania wyboru jednego najlepszego jej zdaniem rysunku i przyzna jej autorowi nagrod\u0119, o kt\u00f3rej mowa w pkt 4.1.<br \/>3.6. Opiekunowie wyra\u017caj\u0105 zgod\u0119 w imieniu nieletnich uczestnik\u00f3w konkursu na przetwarzanie danych osobowych obecnie i w przysz\u0142o\u015bci przez Podkarpack\u0105 Okr\u0119gow\u0105 Izb\u0119 In\u017cynier\u00f3w Budownictwa (PDK OIIB) w Rzeszowie w zwi\u0105zku z uczestnictwem w konkursie. Administratorem danych osobowych jest Podkarpacka Okr\u0119gowa Izba In\u017cynier\u00f3w Budownictwa w Rzeszowie, ul. Krakowska 289, 35 &#8211; 213 Rzesz\u00f3w, kontakt do administratora danych osobowych: iod@inzynier.rzeszow.pl. Opiekunom w imieniu nieletnich uczestnik\u00f3w konkursu, przys\u0142uguje prawo dost\u0119pu do przetwarzanych danych osobowych, ich poprawiania, usuwania, prawo do skargi oraz sprzeciwu do ich przetwarzania.<\/p><p><strong>4. Nagroda<br \/><\/strong><br \/>4.1. Wygran\u0105 w Konkursie jest nagroda rzeczowa (niespodzianka).<br \/>4.2. Nagroda nie stanowi dochodu Uczestnika z tytu\u0142u umowy o prac\u0119 zawartej z Organizatorem lub jakiejkolwiek innej umowy zawartej pomi\u0119dzy Organizatorem i Uczestnikiem oraz stanowi doch\u00f3d Uczestnika niezwi\u0105zany ze \u015bwiadczon\u0105 na rzecz Organizatora prac\u0105.<\/p><p><strong>5. Odbi\u00f3r nagrody<\/strong><br \/><br \/>5.1. Uczestnicy Konkursu zostan\u0105 poinformowani o jego wynikach poprzez wiadomo\u015b\u0107 email do Rodzic\u00f3w\/Dziadk\u00f3w.<br \/>5.2. Nagroda, o kt\u00f3rej mowa w pkt 4.1. zostanie wys\u0142ana zwyci\u0119zcy poczt\u0105.<br \/>5.3. Wygrana nagroda nie podlega wymianie i nie przys\u0142uguje za ni\u0105 ekwiwalent pieni\u0119\u017cny.<\/p><p><strong>6. Prawa autorskie i prawo korzystania<br \/><\/strong><br \/>6.1. Opiekun o\u015bwiadcza, \u017ce przys\u0142uguje mu pe\u0142nia praw autorskich maj\u0105tkowych i osobistych (w rozumieniu ustawy o prawie autorskim i prawach pokrewnych) do przedstawionej pracy.<br \/>6.2. Opiekun o\u015bwiadcza i ponosi wszelk\u0105 odpowiedzialno\u015b\u0107 za to, \u017ce korzystanie przez Organizatora z pracy nades\u0142anej do Konkursu nie b\u0119dzie narusza\u0142o praw, a w szczeg\u00f3lno\u015bci praw autorskich os\u00f3b trzecich.<br \/>6.3. Organizator zastrzega sobie prawo korzystania i publikacji prac nades\u0142anych przez Uczestnik\u00f3w Konkursu bez \u017cadnych ogranicze\u0144 czasowych i terytorialnych na wszelkich polach eksploatacji wymienionych w art. 50 ustawy o prawie autorskim i prawach pokrewnych bez odr\u0119bnego wynagrodzenia.<br \/>6.4. Z uwagi na fakt, \u017ce w Konkursie bior\u0105 udzia\u0142 wy\u0142\u0105cznie prace wykonane osobi\u015bcie przez Uczestnik\u00f3w, Organizator nie ponosi jakiejkolwiek odpowiedzialno\u015bci z tytu\u0142u naruszenia praw autorskich nale\u017c\u0105cych do innej osoby ni\u017c Uczestnik, w wyniku umieszczenia nale\u017c\u0105cego do nich utworu w projekcie dzie\u0142a nades\u0142anym przez Uczestnika.<br \/>6.5. Opiekun zwolni Organizatora z wszelkich roszcze\u0144 os\u00f3b trzecich w przypadku, gdy podstaw\u0105 tych roszcze\u0144 b\u0119d\u0105 prawa os\u00f3b trzecich do nades\u0142anych prac lub jego elementu.<\/p><p><strong>7. Postanowienia ko\u0144cowe<br \/><\/strong><br \/>7.1. Niniejszy regulamin jest dost\u0119pny w siedzibie Organizatora i na stronie internetowej Podkarpackiej Okr\u0119gowej Izby In\u017cynier\u00f3w Budownictwa.<br \/>7.2. Bior\u0105c udzia\u0142 w Konkursie Opiekun potwierdza, \u017ce wyra\u017ca zgod\u0119 na zasady zawarte w niniejszym Regulaminie.<br \/>7.3. Wszelkie, przewidziane prawem obci\u0105\u017cenia publicznoprawne zwi\u0105zane z udzia\u0142em w Konkursie ponosi Uczestnik.<br \/>7.4. W sprawach nieuregulowanych w niniejszym regulaminie zastosowanie maj\u0105 odpowiednie przepisy Kodeksu cywilnego, a w szczeg\u00f3lno\u015bci dotycz\u0105ce przyrzeczenia publicznego, a tak\u017ce ustawy o prawie autorskim i prawach pokrewnych.<br \/>7.5. Wszelkie spory wynikaj\u0105ce z Konkursu b\u0119d\u0105 rozpatrywane przez s\u0105d w\u0142a\u015bciwy dla siedziby Organizatora.<\/p>\t\t\t\t\t\t\t\t<\/div>\n\t\t\t\t\t<\/div>\n\t\t\t\t<\/div>\n\t\t\t\t<\/div>\n\t\t","protected":false},"excerpt":{"rendered":"<p>Regulamin konkursu pt. Kartka \u015bwi\u0105teczna Wielkanocna &#8211; 2026 1. Organizator i czas trwania Konkursu1.1. Organizatorem konkursu, zwanego dalej (\u201eKonkursem&#8221;) jest [&hellip;]<\/p>\n","protected":false},"author":1,"featured_media":0,"parent":0,"menu_order":0,"comment_status":"closed","ping_status":"closed","template":"","meta":{"site-sidebar-layout":"no-sidebar","site-content-layout":"","ast-site-content-layout":"full-width-container","site-content-style":"default","site-sidebar-style":"default","ast-global-header-display":"","ast-banner-title-visibility":"","ast-main-header-display":"","ast-hfb-above-header-display":"","ast-hfb-below-header-display":"","ast-hfb-mobile-header-display":"","site-post-title":"disabled","ast-breadcrumbs-content":"","ast-featured-img":"disabled","footer-sml-layout":"","ast-disable-related-posts":"","theme-transparent-header-meta":"","adv-header-id-meta":"","stick-header-meta":"","header-above-stick-meta":"","header-main-stick-meta":"","header-below-stick-meta":"","astra-migrate-meta-layouts":"default","ast-page-background-enabled":"default","ast-page-background-meta":{"desktop":{"background-color":"var(--ast-global-color-5)","background-image":"","background-repeat":"repeat","background-position":"center center","background-size":"auto","background-attachment":"scroll","background-type":"","background-media":"","overlay-type":"","overlay-color":"","overlay-opacity":"","overlay-gradient":""},"tablet":{"background-color":"","background-image":"","background-repeat":"repeat","background-position":"center center","background-size":"auto","background-attachment":"scroll","background-type":"","background-media":"","overlay-type":"","overlay-color":"","overlay-opacity":"","overlay-gradient":""},"mobile":{"background-color":"","background-image":"","background-repeat":"repeat","background-position":"center center","background-size":"auto","background-attachment":"scroll","background-type":"","background-media":"","overlay-type":"","overlay-color":"","overlay-opacity":"","overlay-gradient":""}},"ast-content-background-meta":{"desktop":{"background-color":"var(--ast-global-color-4)","background-image":"","background-repeat":"repeat","background-position":"center center","background-size":"auto","background-attachment":"scroll","background-type":"","background-media":"","overlay-type":"","overlay-color":"","overlay-opacity":"","overlay-gradient":""},"tablet":{"background-color":"var(--ast-global-color-4)","background-image":"","background-repeat":"repeat","background-position":"center center","background-size":"auto","background-attachment":"scroll","background-type":"","background-media":"","overlay-type":"","overlay-color":"","overlay-opacity":"","overlay-gradient":""},"mobile":{"background-color":"var(--ast-global-color-4)","background-image":"","background-repeat":"repeat","background-position":"center center","background-size":"auto","background-attachment":"scroll","background-type":"","background-media":"","overlay-type":"","overlay-color":"","overlay-opacity":"","overlay-gradient":""}},"footnotes":""},"class_list":["post-3756","page","type-page","status-publish","hentry"],"yoast_head":"<!-- This site is optimized with the Yoast SEO plugin v27.5 - https:\/\/yoast.com\/product\/yoast-seo-wordpress\/ -->\n<title>Regulamin konkursu pt. Kartka \u015bwi\u0105teczna Wielkanocna - 2026 - Podkarpacka Okregowa Izba Inzynierow Budownictwa<\/title>\n<meta name=\"description\" content=\"Regulamin konkursu pt. Kartka \u015awi\u0105teczna Wielkanocna 2026 organizowanego przez PDK OIIB dla dzieci i m\u0142odzie\u017cy.\" \/>\n<meta name=\"robots\" content=\"index, follow, max-snippet:-1, max-image-preview:large, max-video-preview:-1\" \/>\n<link rel=\"canonical\" href=\"https:\/\/inzynier.rzeszow.pl\/index.php\/regulamin-konkursu-pt-kartka-swiateczna-wielkanocna-2026\/\" \/>\n<meta property=\"og:locale\" content=\"pl_PL\" \/>\n<meta property=\"og:type\" content=\"article\" \/>\n<meta property=\"og:title\" content=\"Regulamin konkursu pt. Kartka \u015bwi\u0105teczna Wielkanocna - 2026 - Podkarpacka Okregowa Izba Inzynierow Budownictwa\" \/>\n<meta property=\"og:description\" content=\"Regulamin konkursu pt. Kartka \u015awi\u0105teczna Wielkanocna 2026 organizowanego przez PDK OIIB dla dzieci i m\u0142odzie\u017cy.\" \/>\n<meta property=\"og:url\" content=\"https:\/\/inzynier.rzeszow.pl\/index.php\/regulamin-konkursu-pt-kartka-swiateczna-wielkanocna-2026\/\" \/>\n<meta property=\"og:site_name\" content=\"Podkarpacka Okregowa Izba Inzynierow Budownictwa\" \/>\n<meta property=\"article:modified_time\" content=\"2026-03-15T09:05:55+00:00\" \/>\n<meta name=\"twitter:card\" content=\"summary_large_image\" \/>\n<meta name=\"twitter:label1\" content=\"Szacowany czas czytania\" \/>\n\t<meta name=\"twitter:data1\" content=\"5 minut\" \/>\n<script type=\"application\/ld+json\" class=\"yoast-schema-graph\">{\"@context\":\"https:\\\/\\\/schema.org\",\"@graph\":[{\"@type\":\"WebPage\",\"@id\":\"https:\\\/\\\/inzynier.rzeszow.pl\\\/index.php\\\/regulamin-konkursu-pt-kartka-swiateczna-wielkanocna-2026\\\/\",\"url\":\"https:\\\/\\\/inzynier.rzeszow.pl\\\/index.php\\\/regulamin-konkursu-pt-kartka-swiateczna-wielkanocna-2026\\\/\",\"name\":\"Regulamin konkursu pt. Kartka \u015bwi\u0105teczna Wielkanocna - 2026 - Podkarpacka Okregowa Izba Inzynierow Budownictwa\",\"isPartOf\":{\"@id\":\"https:\\\/\\\/inzynier.rzeszow.pl\\\/#website\"},\"datePublished\":\"2026-02-04T10:49:39+00:00\",\"dateModified\":\"2026-03-15T09:05:55+00:00\",\"description\":\"Regulamin konkursu pt. Kartka \u015awi\u0105teczna Wielkanocna 2026 organizowanego przez PDK OIIB dla dzieci i m\u0142odzie\u017cy.\",\"breadcrumb\":{\"@id\":\"https:\\\/\\\/inzynier.rzeszow.pl\\\/index.php\\\/regulamin-konkursu-pt-kartka-swiateczna-wielkanocna-2026\\\/#breadcrumb\"},\"inLanguage\":\"pl-PL\",\"potentialAction\":[{\"@type\":\"ReadAction\",\"target\":[\"https:\\\/\\\/inzynier.rzeszow.pl\\\/index.php\\\/regulamin-konkursu-pt-kartka-swiateczna-wielkanocna-2026\\\/\"]}]},{\"@type\":\"BreadcrumbList\",\"@id\":\"https:\\\/\\\/inzynier.rzeszow.pl\\\/index.php\\\/regulamin-konkursu-pt-kartka-swiateczna-wielkanocna-2026\\\/#breadcrumb\",\"itemListElement\":[{\"@type\":\"ListItem\",\"position\":1,\"name\":\"Strona g\u0142\u00f3wna\",\"item\":\"https:\\\/\\\/inzynier.rzeszow.pl\\\/\"},{\"@type\":\"ListItem\",\"position\":2,\"name\":\"Regulamin konkursu pt. Kartka \u015bwi\u0105teczna Wielkanocna &#8211; 2026\"}]},{\"@type\":\"WebSite\",\"@id\":\"https:\\\/\\\/inzynier.rzeszow.pl\\\/#website\",\"url\":\"https:\\\/\\\/inzynier.rzeszow.pl\\\/\",\"name\":\"Podkarpacka Okregowa Izba Inzynierow Budownictwa\",\"description\":\"\",\"potentialAction\":[{\"@type\":\"SearchAction\",\"target\":{\"@type\":\"EntryPoint\",\"urlTemplate\":\"https:\\\/\\\/inzynier.rzeszow.pl\\\/?s={search_term_string}\"},\"query-input\":{\"@type\":\"PropertyValueSpecification\",\"valueRequired\":true,\"valueName\":\"search_term_string\"}}],\"inLanguage\":\"pl-PL\"}]}<\/script>\n<!-- \/ Yoast SEO plugin. -->","yoast_head_json":{"title":"Regulamin konkursu pt. Kartka \u015bwi\u0105teczna Wielkanocna - 2026 - Podkarpacka Okregowa Izba Inzynierow Budownictwa","description":"Regulamin konkursu pt. Kartka \u015awi\u0105teczna Wielkanocna 2026 organizowanego przez PDK OIIB dla dzieci i m\u0142odzie\u017cy.","robots":{"index":"index","follow":"follow","max-snippet":"max-snippet:-1","max-image-preview":"max-image-preview:large","max-video-preview":"max-video-preview:-1"},"canonical":"https:\/\/inzynier.rzeszow.pl\/index.php\/regulamin-konkursu-pt-kartka-swiateczna-wielkanocna-2026\/","og_locale":"pl_PL","og_type":"article","og_title":"Regulamin konkursu pt. Kartka \u015bwi\u0105teczna Wielkanocna - 2026 - Podkarpacka Okregowa Izba Inzynierow Budownictwa","og_description":"Regulamin konkursu pt. Kartka \u015awi\u0105teczna Wielkanocna 2026 organizowanego przez PDK OIIB dla dzieci i m\u0142odzie\u017cy.","og_url":"https:\/\/inzynier.rzeszow.pl\/index.php\/regulamin-konkursu-pt-kartka-swiateczna-wielkanocna-2026\/","og_site_name":"Podkarpacka Okregowa Izba Inzynierow Budownictwa","article_modified_time":"2026-03-15T09:05:55+00:00","twitter_card":"summary_large_image","twitter_misc":{"Szacowany czas czytania":"5 minut"},"schema":{"@context":"https:\/\/schema.org","@graph":[{"@type":"WebPage","@id":"https:\/\/inzynier.rzeszow.pl\/index.php\/regulamin-konkursu-pt-kartka-swiateczna-wielkanocna-2026\/","url":"https:\/\/inzynier.rzeszow.pl\/index.php\/regulamin-konkursu-pt-kartka-swiateczna-wielkanocna-2026\/","name":"Regulamin konkursu pt. Kartka \u015bwi\u0105teczna Wielkanocna - 2026 - Podkarpacka Okregowa Izba Inzynierow Budownictwa","isPartOf":{"@id":"https:\/\/inzynier.rzeszow.pl\/#website"},"datePublished":"2026-02-04T10:49:39+00:00","dateModified":"2026-03-15T09:05:55+00:00","description":"Regulamin konkursu pt. Kartka \u015awi\u0105teczna Wielkanocna 2026 organizowanego przez PDK OIIB dla dzieci i m\u0142odzie\u017cy.","breadcrumb":{"@id":"https:\/\/inzynier.rzeszow.pl\/index.php\/regulamin-konkursu-pt-kartka-swiateczna-wielkanocna-2026\/#breadcrumb"},"inLanguage":"pl-PL","potentialAction":[{"@type":"ReadAction","target":["https:\/\/inzynier.rzeszow.pl\/index.php\/regulamin-konkursu-pt-kartka-swiateczna-wielkanocna-2026\/"]}]},{"@type":"BreadcrumbList","@id":"https:\/\/inzynier.rzeszow.pl\/index.php\/regulamin-konkursu-pt-kartka-swiateczna-wielkanocna-2026\/#breadcrumb","itemListElement":[{"@type":"ListItem","position":1,"name":"Strona g\u0142\u00f3wna","item":"https:\/\/inzynier.rzeszow.pl\/"},{"@type":"ListItem","position":2,"name":"Regulamin konkursu pt. Kartka \u015bwi\u0105teczna Wielkanocna &#8211; 2026"}]},{"@type":"WebSite","@id":"https:\/\/inzynier.rzeszow.pl\/#website","url":"https:\/\/inzynier.rzeszow.pl\/","name":"Podkarpacka Okregowa Izba Inzynierow Budownictwa","description":"","potentialAction":[{"@type":"SearchAction","target":{"@type":"EntryPoint","urlTemplate":"https:\/\/inzynier.rzeszow.pl\/?s={search_term_string}"},"query-input":{"@type":"PropertyValueSpecification","valueRequired":true,"valueName":"search_term_string"}}],"inLanguage":"pl-PL"}]}},"rttpg_featured_image_url":null,"rttpg_author":{"display_name":"admin","author_link":"https:\/\/inzynier.rzeszow.pl\/index.php\/author\/kwojcik\/"},"rttpg_comment":0,"rttpg_category":null,"rttpg_excerpt":"Regulamin konkursu pt. Kartka \u015bwi\u0105teczna Wielkanocna &#8211; 2026 1. Organizator i czas trwania Konkursu1.1. Organizatorem konkursu, zwanego dalej (\u201eKonkursem&#8221;) jest [&hellip;]","_links":{"self":[{"href":"https:\/\/inzynier.rzeszow.pl\/index.php\/wp-json\/wp\/v2\/pages\/3756","targetHints":{"allow":["GET"]}}],"collection":[{"href":"https:\/\/inzynier.rzeszow.pl\/index.php\/wp-json\/wp\/v2\/pages"}],"about":[{"href":"https:\/\/inzynier.rzeszow.pl\/index.php\/wp-json\/wp\/v2\/types\/page"}],"author":[{"embeddable":true,"href":"https:\/\/inzynier.rzeszow.pl\/index.php\/wp-json\/wp\/v2\/users\/1"}],"replies":[{"embeddable":true,"href":"https:\/\/inzynier.rzeszow.pl\/index.php\/wp-json\/wp\/v2\/comments?post=3756"}],"version-history":[{"count":4,"href":"https:\/\/inzynier.rzeszow.pl\/index.php\/wp-json\/wp\/v2\/pages\/3756\/revisions"}],"predecessor-version":[{"id":3760,"href":"https:\/\/inzynier.rzeszow.pl\/index.php\/wp-json\/wp\/v2\/pages\/3756\/revisions\/3760"}],"wp:attachment":[{"href":"https:\/\/inzynier.rzeszow.pl\/index.php\/wp-json\/wp\/v2\/media?parent=3756"}],"curies":[{"name":"wp","href":"https:\/\/api.w.org\/{rel}","templated":true}]}}