{"id":2157,"date":"2026-01-09T09:25:03","date_gmt":"2026-01-09T09:25:03","guid":{"rendered":"https:\/\/migracja.inzynier.rzeszow.pl\/?page_id=2157"},"modified":"2026-03-15T11:27:48","modified_gmt":"2026-03-15T10:27:48","slug":"wspolpraca-z-stowarzyszeniami-naukowo-technicznymi","status":"publish","type":"page","link":"https:\/\/inzynier.rzeszow.pl\/index.php\/wspolpraca-z-stowarzyszeniami-naukowo-technicznymi\/","title":{"rendered":"Wsp\u00f3\u0142praca z Stowarzyszeniami Naukowo &#8211; Technicznymi"},"content":{"rendered":"\t\t<div data-elementor-type=\"wp-page\" data-elementor-id=\"2157\" class=\"elementor elementor-2157\" data-elementor-post-type=\"page\">\n\t\t\t\t<div class=\"elementor-element elementor-element-c6ddcf0 e-flex e-con-boxed e-con e-parent\" data-id=\"c6ddcf0\" data-element_type=\"container\" data-e-type=\"container\" data-settings=\"{&quot;background_background&quot;:&quot;classic&quot;}\">\n\t\t\t\t\t<div class=\"e-con-inner\">\n\t\t<div class=\"elementor-element elementor-element-f90288b e-con-full e-flex e-con e-child\" data-id=\"f90288b\" data-element_type=\"container\" data-e-type=\"container\" data-settings=\"{&quot;background_background&quot;:&quot;classic&quot;}\">\n\t\t\t\t<div class=\"elementor-element elementor-element-63fce6b elementor-widget elementor-widget-heading\" data-id=\"63fce6b\" data-element_type=\"widget\" data-e-type=\"widget\" data-widget_type=\"heading.default\">\n\t\t\t\t\t<h1 class=\"elementor-heading-title elementor-size-default\">Wsp\u00f3\u0142praca z Stowarzyszeniami Naukowo - Technicznymi<\/h1>\t\t\t\t<\/div>\n\t\t\t\t<\/div>\n\t\t\t\t\t<\/div>\n\t\t\t\t<\/div>\n\t\t<div class=\"elementor-element elementor-element-b79ae22 e-flex e-con-boxed e-con e-parent\" data-id=\"b79ae22\" data-element_type=\"container\" data-e-type=\"container\">\n\t\t\t\t\t<div class=\"e-con-inner\">\n\t\t\t\t<div class=\"elementor-element elementor-element-7249e99 elementor-widget elementor-widget-text-editor\" data-id=\"7249e99\" data-element_type=\"widget\" data-e-type=\"widget\" data-widget_type=\"text-editor.default\">\n\t\t\t\t\t\t\t\t\t<p><a href=\"https:\/\/inzynier.rzeszow.pl\">Strona g\u0142\u00f3wna <\/a>\/ <a href=\"https:\/\/inzynier.rzeszow.pl\/index.php\/wspolpraca-z-stowarzyszeniami-naukowo-technicznymi\/\">Wsp\u00f3\u0142praca z Stowarzyszeniami Naukowo &#8211; Technicznymi<\/a><\/p>\t\t\t\t\t\t\t\t<\/div>\n\t\t\t\t\t<\/div>\n\t\t\t\t<\/div>\n\t\t<div class=\"elementor-element elementor-element-76cb630 e-flex e-con-boxed e-con e-parent\" data-id=\"76cb630\" data-element_type=\"container\" data-e-type=\"container\">\n\t\t\t\t\t<div class=\"e-con-inner\">\n\t\t\t\t<div class=\"elementor-element elementor-element-e1603cd elementor-widget elementor-widget-text-editor\" data-id=\"e1603cd\" data-element_type=\"widget\" data-e-type=\"widget\" data-widget_type=\"text-editor.default\">\n\t\t\t\t\t\t\t\t\t<p>Opr\u00f3cz szkole\u0144, o kt\u00f3rych informujemy na bie\u017c\u0105co, stowarzyszenia naukowo &#8211; techniczne organizuj\u0105 szereg warto\u015bciowych i ciekawych szkole\u0144. Do os\u00f3b zainteresowanych otrzymaniem informacji zapraszamy do kontaktu bezpo\u015bredniego z w\u0142a\u015bciwym stowarzyszeniem oraz podanie swoich danych personalnych z aktualnym adresem do korespondencji.<\/p>\t\t\t\t\t\t\t\t<\/div>\n\t\t\t\t\t<\/div>\n\t\t\t\t<\/div>\n\t\t<div class=\"elementor-element elementor-element-1d1aed8 e-flex e-con-boxed e-con e-parent\" data-id=\"1d1aed8\" data-element_type=\"container\" data-e-type=\"container\">\n\t\t\t\t\t<div class=\"e-con-inner\">\n\t\t\t\t<div class=\"elementor-element elementor-element-734676a elementor-widget elementor-widget-tablepress-table\" data-id=\"734676a\" data-element_type=\"widget\" data-e-type=\"widget\" data-widget_type=\"tablepress-table.default\">\n\t\t\t\t\t\n<table id=\"tablepress-5\" class=\"tablepress tablepress-id-5\">\n<thead>\n<tr class=\"row-1\">\n\t<th class=\"column-1\">Nazwa instytucji<\/th><th class=\"column-2\">Adres<\/th><th class=\"column-3\">Telefon<\/th><th class=\"column-4\">Strona WWW i E-mail<\/th>\n<\/tr>\n<\/thead>\n<tbody class=\"row-striping row-hover\">\n<tr class=\"row-2\">\n\t<td class=\"column-1\">PZITS O\/Rzesz\u00f3w<\/td><td class=\"column-2\">ul. Kopernika 1,<br \/>\n35-069 Rzesz\u00f3w<\/td><td class=\"column-3\">17-853-42-49<\/td><td class=\"column-4\">www.pzits.rzeszow.pl<br \/>\npziits@poczta.onet.pl<\/td>\n<\/tr>\n<tr class=\"row-3\">\n\t<td class=\"column-1\">SITK O\/Rzesz\u00f3w<\/td><td class=\"column-2\">ul. Kopernika 1,<br \/>\n35-069 Rzesz\u00f3w<\/td><td class=\"column-3\">17-852-05-57<\/td><td class=\"column-4\">https:\/\/sitk.rzeszow.pl\/<br \/>\nrzeszow@sitk.org.pl<\/td>\n<\/tr>\n<tr class=\"row-4\">\n\t<td class=\"column-1\">PZITB O\/Rzesz\u00f3w<\/td><td class=\"column-2\">ul. PCK 2,<br \/>\n35-060 Rzesz\u00f3w<\/td><td class=\"column-3\">17-852 13 89<\/td><td class=\"column-4\">www.pzitb.rzeszow.pl<br \/>\nrzeszow.pzitb@gmail.com<\/td>\n<\/tr>\n<tr class=\"row-5\">\n\t<td class=\"column-1\">SITWIM O\/Rzesz\u00f3w<\/td><td class=\"column-2\">ul. Kopernika 1,<br \/>\r\n35-069 Rzesz\u00f3w<\/td><td class=\"column-3\">17-85-37-400<\/td><td class=\"column-4\">rzeszow@pzmiuw.pl<\/td>\n<\/tr>\n<tr class=\"row-6\">\n\t<td class=\"column-1\">SEP O\/Przemy\u015bl<\/td><td class=\"column-2\">ul. Sportowa 3,<br \/>\n37-700 Przemy\u015bl<\/td><td class=\"column-3\">16-676-30-06<br \/>\n16-376-30-05<\/td><td class=\"column-4\">www.sep.przemysl.pl<br \/>\nsep.przemysl@gmail.com<\/td>\n<\/tr>\n<tr class=\"row-7\">\n\t<td class=\"column-1\">SEP O\/Rzesz\u00f3w<\/td><td class=\"column-2\">ul. Kopernika 1,<br \/>\r\n35-069 Rzesz\u00f3w<\/td><td class=\"column-3\">17-853-47-22<br \/>\n17-850-75-60<\/td><td class=\"column-4\">www.seprzeszow.pl<br \/>\nzarzad@seprzeszow.pl<\/td>\n<\/tr>\n<tr class=\"row-8\">\n\t<td class=\"column-1\">SEP O\/Tarnobrzeg<\/td><td class=\"column-2\">ul. Targowa 4a, I pi\u0119tro,<br \/>\n39-400 Tarnobrzeg<\/td><td class=\"column-3\">15-823-53-75<\/td><td class=\"column-4\">www.septarnobrzeg.pl<br \/>\nseptbg@o2.pl<\/td>\n<\/tr>\n<tr class=\"row-9\">\n\t<td class=\"column-1\">Zwi\u0105zek Mostowc\u00f3w RP<br \/>\nOddzia\u0142 Rzeszowsko-Lubelski<\/td><td class=\"column-2\">ul. Wincentego Pola 2,<br \/>\n35-959 Rzesz\u00f3w<\/td><td class=\"column-3\">17-85-44-511<\/td><td class=\"column-4\">www.orl.zmrp.pl<br \/>\nhttps:\/\/zmrp.pl\/oddzialy-zwiazku<br \/>\norl@zmrp.pl<\/td>\n<\/tr>\n<\/tbody>\n<\/table>\n<!-- #tablepress-5 from cache -->\t\t\t\t<\/div>\n\t\t\t\t\t<\/div>\n\t\t\t\t<\/div>\n\t\t\t\t<\/div>\n\t\t","protected":false},"excerpt":{"rendered":"<p>Wsp\u00f3\u0142praca z Stowarzyszeniami Naukowo &#8211; Technicznymi Strona g\u0142\u00f3wna \/ Wsp\u00f3\u0142praca z Stowarzyszeniami Naukowo &#8211; Technicznymi Opr\u00f3cz szkole\u0144, o kt\u00f3rych informujemy [&hellip;]<\/p>\n","protected":false},"author":1,"featured_media":0,"parent":0,"menu_order":0,"comment_status":"closed","ping_status":"closed","template":"","meta":{"site-sidebar-layout":"no-sidebar","site-content-layout":"","ast-site-content-layout":"full-width-container","site-content-style":"default","site-sidebar-style":"default","ast-global-header-display":"","ast-banner-title-visibility":"","ast-main-header-display":"","ast-hfb-above-header-display":"","ast-hfb-below-header-display":"","ast-hfb-mobile-header-display":"","site-post-title":"disabled","ast-breadcrumbs-content":"","ast-featured-img":"disabled","footer-sml-layout":"","ast-disable-related-posts":"","theme-transparent-header-meta":"","adv-header-id-meta":"","stick-header-meta":"","header-above-stick-meta":"","header-main-stick-meta":"","header-below-stick-meta":"","astra-migrate-meta-layouts":"default","ast-page-background-enabled":"default","ast-page-background-meta":{"desktop":{"background-color":"var(--ast-global-color-5)","background-image":"","background-repeat":"repeat","background-position":"center center","background-size":"auto","background-attachment":"scroll","background-type":"","background-media":"","overlay-type":"","overlay-color":"","overlay-opacity":"","overlay-gradient":""},"tablet":{"background-color":"","background-image":"","background-repeat":"repeat","background-position":"center center","background-size":"auto","background-attachment":"scroll","background-type":"","background-media":"","overlay-type":"","overlay-color":"","overlay-opacity":"","overlay-gradient":""},"mobile":{"background-color":"","background-image":"","background-repeat":"repeat","background-position":"center center","background-size":"auto","background-attachment":"scroll","background-type":"","background-media":"","overlay-type":"","overlay-color":"","overlay-opacity":"","overlay-gradient":""}},"ast-content-background-meta":{"desktop":{"background-color":"var(--ast-global-color-4)","background-image":"","background-repeat":"repeat","background-position":"center center","background-size":"auto","background-attachment":"scroll","background-type":"","background-media":"","overlay-type":"","overlay-color":"","overlay-opacity":"","overlay-gradient":""},"tablet":{"background-color":"var(--ast-global-color-4)","background-image":"","background-repeat":"repeat","background-position":"center center","background-size":"auto","background-attachment":"scroll","background-type":"","background-media":"","overlay-type":"","overlay-color":"","overlay-opacity":"","overlay-gradient":""},"mobile":{"background-color":"var(--ast-global-color-4)","background-image":"","background-repeat":"repeat","background-position":"center center","background-size":"auto","background-attachment":"scroll","background-type":"","background-media":"","overlay-type":"","overlay-color":"","overlay-opacity":"","overlay-gradient":""}},"footnotes":""},"class_list":["post-2157","page","type-page","status-publish","hentry"],"yoast_head":"<!-- This site is optimized with the Yoast SEO plugin v27.5 - https:\/\/yoast.com\/product\/yoast-seo-wordpress\/ -->\n<title>Wsp\u00f3\u0142praca z Stowarzyszeniami Naukowo - Technicznymi - Podkarpacka Okregowa Izba Inzynierow Budownictwa<\/title>\n<meta name=\"description\" content=\"Wsp\u00f3\u0142praca PDK OIIB ze stowarzyszeniami naukowo-technicznymi \u2013 wsp\u00f3lne inicjatywy i projekty dla rozwoju bran\u017cy budowlanej.\" \/>\n<meta name=\"robots\" content=\"index, follow, max-snippet:-1, max-image-preview:large, max-video-preview:-1\" \/>\n<link rel=\"canonical\" href=\"https:\/\/inzynier.rzeszow.pl\/index.php\/wspolpraca-z-stowarzyszeniami-naukowo-technicznymi\/\" \/>\n<meta property=\"og:locale\" content=\"pl_PL\" \/>\n<meta property=\"og:type\" content=\"article\" \/>\n<meta property=\"og:title\" content=\"Wsp\u00f3\u0142praca z Stowarzyszeniami Naukowo - Technicznymi - Podkarpacka Okregowa Izba Inzynierow Budownictwa\" \/>\n<meta property=\"og:description\" content=\"Wsp\u00f3\u0142praca PDK OIIB ze stowarzyszeniami naukowo-technicznymi \u2013 wsp\u00f3lne inicjatywy i projekty dla rozwoju bran\u017cy budowlanej.\" \/>\n<meta property=\"og:url\" content=\"https:\/\/inzynier.rzeszow.pl\/index.php\/wspolpraca-z-stowarzyszeniami-naukowo-technicznymi\/\" \/>\n<meta property=\"og:site_name\" content=\"Podkarpacka Okregowa Izba Inzynierow Budownictwa\" \/>\n<meta property=\"article:modified_time\" content=\"2026-03-15T10:27:48+00:00\" \/>\n<meta name=\"twitter:card\" content=\"summary_large_image\" \/>\n<meta name=\"twitter:label1\" content=\"Szacowany czas czytania\" \/>\n\t<meta name=\"twitter:data1\" content=\"1 minuta\" \/>\n<script type=\"application\/ld+json\" class=\"yoast-schema-graph\">{\"@context\":\"https:\\\/\\\/schema.org\",\"@graph\":[{\"@type\":\"WebPage\",\"@id\":\"https:\\\/\\\/inzynier.rzeszow.pl\\\/index.php\\\/wspolpraca-z-stowarzyszeniami-naukowo-technicznymi\\\/\",\"url\":\"https:\\\/\\\/inzynier.rzeszow.pl\\\/index.php\\\/wspolpraca-z-stowarzyszeniami-naukowo-technicznymi\\\/\",\"name\":\"Wsp\u00f3\u0142praca z Stowarzyszeniami Naukowo - Technicznymi - Podkarpacka Okregowa Izba Inzynierow Budownictwa\",\"isPartOf\":{\"@id\":\"https:\\\/\\\/inzynier.rzeszow.pl\\\/#website\"},\"datePublished\":\"2026-01-09T09:25:03+00:00\",\"dateModified\":\"2026-03-15T10:27:48+00:00\",\"description\":\"Wsp\u00f3\u0142praca PDK OIIB ze stowarzyszeniami naukowo-technicznymi \u2013 wsp\u00f3lne inicjatywy i projekty dla rozwoju bran\u017cy budowlanej.\",\"breadcrumb\":{\"@id\":\"https:\\\/\\\/inzynier.rzeszow.pl\\\/index.php\\\/wspolpraca-z-stowarzyszeniami-naukowo-technicznymi\\\/#breadcrumb\"},\"inLanguage\":\"pl-PL\",\"potentialAction\":[{\"@type\":\"ReadAction\",\"target\":[\"https:\\\/\\\/inzynier.rzeszow.pl\\\/index.php\\\/wspolpraca-z-stowarzyszeniami-naukowo-technicznymi\\\/\"]}]},{\"@type\":\"BreadcrumbList\",\"@id\":\"https:\\\/\\\/inzynier.rzeszow.pl\\\/index.php\\\/wspolpraca-z-stowarzyszeniami-naukowo-technicznymi\\\/#breadcrumb\",\"itemListElement\":[{\"@type\":\"ListItem\",\"position\":1,\"name\":\"Strona g\u0142\u00f3wna\",\"item\":\"https:\\\/\\\/inzynier.rzeszow.pl\\\/\"},{\"@type\":\"ListItem\",\"position\":2,\"name\":\"Wsp\u00f3\u0142praca z Stowarzyszeniami Naukowo &#8211; Technicznymi\"}]},{\"@type\":\"WebSite\",\"@id\":\"https:\\\/\\\/inzynier.rzeszow.pl\\\/#website\",\"url\":\"https:\\\/\\\/inzynier.rzeszow.pl\\\/\",\"name\":\"Podkarpacka Okregowa Izba Inzynierow Budownictwa\",\"description\":\"\",\"potentialAction\":[{\"@type\":\"SearchAction\",\"target\":{\"@type\":\"EntryPoint\",\"urlTemplate\":\"https:\\\/\\\/inzynier.rzeszow.pl\\\/?s={search_term_string}\"},\"query-input\":{\"@type\":\"PropertyValueSpecification\",\"valueRequired\":true,\"valueName\":\"search_term_string\"}}],\"inLanguage\":\"pl-PL\"}]}<\/script>\n<!-- \/ Yoast SEO plugin. -->","yoast_head_json":{"title":"Wsp\u00f3\u0142praca z Stowarzyszeniami Naukowo - Technicznymi - Podkarpacka Okregowa Izba Inzynierow Budownictwa","description":"Wsp\u00f3\u0142praca PDK OIIB ze stowarzyszeniami naukowo-technicznymi \u2013 wsp\u00f3lne inicjatywy i projekty dla rozwoju bran\u017cy budowlanej.","robots":{"index":"index","follow":"follow","max-snippet":"max-snippet:-1","max-image-preview":"max-image-preview:large","max-video-preview":"max-video-preview:-1"},"canonical":"https:\/\/inzynier.rzeszow.pl\/index.php\/wspolpraca-z-stowarzyszeniami-naukowo-technicznymi\/","og_locale":"pl_PL","og_type":"article","og_title":"Wsp\u00f3\u0142praca z Stowarzyszeniami Naukowo - Technicznymi - Podkarpacka Okregowa Izba Inzynierow Budownictwa","og_description":"Wsp\u00f3\u0142praca PDK OIIB ze stowarzyszeniami naukowo-technicznymi \u2013 wsp\u00f3lne inicjatywy i projekty dla rozwoju bran\u017cy budowlanej.","og_url":"https:\/\/inzynier.rzeszow.pl\/index.php\/wspolpraca-z-stowarzyszeniami-naukowo-technicznymi\/","og_site_name":"Podkarpacka Okregowa Izba Inzynierow Budownictwa","article_modified_time":"2026-03-15T10:27:48+00:00","twitter_card":"summary_large_image","twitter_misc":{"Szacowany czas czytania":"1 minuta"},"schema":{"@context":"https:\/\/schema.org","@graph":[{"@type":"WebPage","@id":"https:\/\/inzynier.rzeszow.pl\/index.php\/wspolpraca-z-stowarzyszeniami-naukowo-technicznymi\/","url":"https:\/\/inzynier.rzeszow.pl\/index.php\/wspolpraca-z-stowarzyszeniami-naukowo-technicznymi\/","name":"Wsp\u00f3\u0142praca z Stowarzyszeniami Naukowo - Technicznymi - Podkarpacka Okregowa Izba Inzynierow Budownictwa","isPartOf":{"@id":"https:\/\/inzynier.rzeszow.pl\/#website"},"datePublished":"2026-01-09T09:25:03+00:00","dateModified":"2026-03-15T10:27:48+00:00","description":"Wsp\u00f3\u0142praca PDK OIIB ze stowarzyszeniami naukowo-technicznymi \u2013 wsp\u00f3lne inicjatywy i projekty dla rozwoju bran\u017cy budowlanej.","breadcrumb":{"@id":"https:\/\/inzynier.rzeszow.pl\/index.php\/wspolpraca-z-stowarzyszeniami-naukowo-technicznymi\/#breadcrumb"},"inLanguage":"pl-PL","potentialAction":[{"@type":"ReadAction","target":["https:\/\/inzynier.rzeszow.pl\/index.php\/wspolpraca-z-stowarzyszeniami-naukowo-technicznymi\/"]}]},{"@type":"BreadcrumbList","@id":"https:\/\/inzynier.rzeszow.pl\/index.php\/wspolpraca-z-stowarzyszeniami-naukowo-technicznymi\/#breadcrumb","itemListElement":[{"@type":"ListItem","position":1,"name":"Strona g\u0142\u00f3wna","item":"https:\/\/inzynier.rzeszow.pl\/"},{"@type":"ListItem","position":2,"name":"Wsp\u00f3\u0142praca z Stowarzyszeniami Naukowo &#8211; Technicznymi"}]},{"@type":"WebSite","@id":"https:\/\/inzynier.rzeszow.pl\/#website","url":"https:\/\/inzynier.rzeszow.pl\/","name":"Podkarpacka Okregowa Izba Inzynierow Budownictwa","description":"","potentialAction":[{"@type":"SearchAction","target":{"@type":"EntryPoint","urlTemplate":"https:\/\/inzynier.rzeszow.pl\/?s={search_term_string}"},"query-input":{"@type":"PropertyValueSpecification","valueRequired":true,"valueName":"search_term_string"}}],"inLanguage":"pl-PL"}]}},"rttpg_featured_image_url":null,"rttpg_author":{"display_name":"admin","author_link":"https:\/\/inzynier.rzeszow.pl\/index.php\/author\/kwojcik\/"},"rttpg_comment":0,"rttpg_category":null,"rttpg_excerpt":"Wsp\u00f3\u0142praca z Stowarzyszeniami Naukowo &#8211; Technicznymi Strona g\u0142\u00f3wna \/ Wsp\u00f3\u0142praca z Stowarzyszeniami Naukowo &#8211; Technicznymi Opr\u00f3cz szkole\u0144, o kt\u00f3rych informujemy [&hellip;]","_links":{"self":[{"href":"https:\/\/inzynier.rzeszow.pl\/index.php\/wp-json\/wp\/v2\/pages\/2157","targetHints":{"allow":["GET"]}}],"collection":[{"href":"https:\/\/inzynier.rzeszow.pl\/index.php\/wp-json\/wp\/v2\/pages"}],"about":[{"href":"https:\/\/inzynier.rzeszow.pl\/index.php\/wp-json\/wp\/v2\/types\/page"}],"author":[{"embeddable":true,"href":"https:\/\/inzynier.rzeszow.pl\/index.php\/wp-json\/wp\/v2\/users\/1"}],"replies":[{"embeddable":true,"href":"https:\/\/inzynier.rzeszow.pl\/index.php\/wp-json\/wp\/v2\/comments?post=2157"}],"version-history":[{"count":19,"href":"https:\/\/inzynier.rzeszow.pl\/index.php\/wp-json\/wp\/v2\/pages\/2157\/revisions"}],"predecessor-version":[{"id":5244,"href":"https:\/\/inzynier.rzeszow.pl\/index.php\/wp-json\/wp\/v2\/pages\/2157\/revisions\/5244"}],"wp:attachment":[{"href":"https:\/\/inzynier.rzeszow.pl\/index.php\/wp-json\/wp\/v2\/media?parent=2157"}],"curies":[{"name":"wp","href":"https:\/\/api.w.org\/{rel}","templated":true}]}}