{"id":2011,"date":"2025-12-29T16:45:24","date_gmt":"2025-12-29T16:45:24","guid":{"rendered":"https:\/\/migracja.inzynier.rzeszow.pl\/?page_id=2011"},"modified":"2026-03-15T11:14:35","modified_gmt":"2026-03-15T10:14:35","slug":"strzelectwo","status":"publish","type":"page","link":"https:\/\/inzynier.rzeszow.pl\/index.php\/strzelectwo\/","title":{"rendered":"Strzelectwo"},"content":{"rendered":"\t\t<div data-elementor-type=\"wp-page\" data-elementor-id=\"2011\" class=\"elementor elementor-2011\" data-elementor-post-type=\"page\">\n\t\t\t\t<div class=\"elementor-element elementor-element-c6ddcf0 e-flex e-con-boxed e-con e-parent\" data-id=\"c6ddcf0\" data-element_type=\"container\" data-e-type=\"container\" data-settings=\"{&quot;background_background&quot;:&quot;classic&quot;}\">\n\t\t\t\t\t<div class=\"e-con-inner\">\n\t\t<div class=\"elementor-element elementor-element-f90288b e-con-full e-flex e-con e-child\" data-id=\"f90288b\" data-element_type=\"container\" data-e-type=\"container\" data-settings=\"{&quot;background_background&quot;:&quot;classic&quot;}\">\n\t\t\t\t<div class=\"elementor-element elementor-element-63fce6b elementor-widget elementor-widget-heading\" data-id=\"63fce6b\" data-element_type=\"widget\" data-e-type=\"widget\" data-widget_type=\"heading.default\">\n\t\t\t\t\t<h1 class=\"elementor-heading-title elementor-size-default\">Strzelectwo<\/h1>\t\t\t\t<\/div>\n\t\t\t\t<\/div>\n\t\t\t\t\t<\/div>\n\t\t\t\t<\/div>\n\t\t<div class=\"elementor-element elementor-element-b79ae22 e-flex e-con-boxed e-con e-parent\" data-id=\"b79ae22\" data-element_type=\"container\" data-e-type=\"container\">\n\t\t\t\t\t<div class=\"e-con-inner\">\n\t\t\t\t<div class=\"elementor-element elementor-element-7249e99 elementor-widget elementor-widget-text-editor\" data-id=\"7249e99\" data-element_type=\"widget\" data-e-type=\"widget\" data-widget_type=\"text-editor.default\">\n\t\t\t\t\t\t\t\t\t<p><a href=\"https:\/\/inzynier.rzeszow.pl\/\">Strona g\u0142\u00f3wna <\/a><a href=\"https:\/\/inzynier.rzeszow.pl\">\/ <\/a><a href=\"https:\/\/inzynier.rzeszow.pl\/index.php\/konkursy\/\">Konkursy, Wydarzenia<\/a><a href=\"https:\/\/inzynier.rzeszow.pl\">\u00a0<\/a> \/ <a href=\"https:\/\/inzynier.rzeszow.pl\/index.php\/konkursy-okregowych-izb-imprezy-zewnetrzne\/\">Konkursy Okr\u0119gowych Izb, Imprezy Zewn\u0119trzne<\/a> \/ <a href=\"https:\/\/inzynier.rzeszow.pl\/index.php\/strzelectwo\/\">Strzelectwo<\/a><\/p>\t\t\t\t\t\t\t\t<\/div>\n\t\t\t\t\t<\/div>\n\t\t\t\t<\/div>\n\t\t<div class=\"elementor-element elementor-element-0c4e1b1 e-flex e-con-boxed e-con e-parent\" data-id=\"0c4e1b1\" data-element_type=\"container\" data-e-type=\"container\">\n\t\t\t\t\t<div class=\"e-con-inner\">\n\t\t\t\t<div class=\"elementor-element elementor-element-3870ac3 img_hover_animation_img_no_effect tpg-wrapper-align-left readmore-btn-only-text meta-visibility-show title_position_default title_hover_border_default title-default meta_position_default grid-hover-overlay-type-always tpg-el-box-border-enable tpg-border-bottom-disable elementor-widget elementor-widget-tpg-list-layout\" data-id=\"3870ac3\" data-element_type=\"widget\" data-e-type=\"widget\" data-widget_type=\"tpg-list-layout.default\">\n\t\t\t\t<div class=\"elementor-widget-container\">\n\t\t\t\t\t\n        <div class=\"rt-container-fluid rt-tpg-container tpg-el-main-wrapper list-layout1-main \"\n             data-sc-id=\"elementor\"\n             id=\"rt-tpg-container-3997836483\"\n             data-layout=\"list-layout1\"\n             data-grid-style=\"tpg-even\"\n             data-el-settings=''\n             data-el-query=''\n             data-el-path=''\n        >\n\t\t\t            <div class='tpg-header-wrapper '>\n\t\t\t\t            <\/div>\n\n            <div data-title=\"Loading ...\" class=\"rt-row rt-content-loader list-layout1 tpg-even list-behaviour list-layout-wrapper\">\n\t\t\t\t\n<div class=\"rt-col-md-12 rt-col-sm-12 rt-col-xs-12 img_no_effect rt-list-item rt-grid-item\" data-id=\"1744\">\n\t<div class=\"rt-holder tpg-post-holder \">\n\t\t<div class=\"rt-detail rt-el-content-wrapper\">\n\t\t\t\t\t\t\t<div class=\"rt-img-holder tpg-el-image-wrap has-thumbnail\">\n\t\t\t\t\t<a data-id=\"1744\" href=\"https:\/\/inzynier.rzeszow.pl\/index.php\/2025\/10\/01\/xii-ogolnopolskie-mistrzostwa-w-strzelectwie-sportowym-o-puchar-przewodniczacego-rady-malopolskiej-oiib-08-09-2025-r\/\" class=\"tpg-post-link\" target=\"_self\">                        <img fetchpriority=\"high\" decoding=\"async\" src=\"https:\/\/inzynier.rzeszow.pl\/wp-content\/uploads\/2025\/12\/2025-09-23_strzelanie_malop_1-768x576.jpeg\"\n                             class=\"rt-img-responsive\"\n                             width=\"768\"\n                             height=\"576\"\n                             alt=\"XII Og\u00f3lnopolskie Mistrzostwa w Strzelectwie Sportowym o Puchar Przewodnicz\u0105cego Rady Ma\u0142opolskiej OIIB &#8211; 08.09.2025 r.\">\n\t\t\t\t\t\t\n\t\t\t\t\t\t\t\n\t\t<\/a>\n\t\t        <div class=\"overlay grid-hover-content\"><\/div>\n\t\t\t\t\t\t<\/div>\n\t\t\t\n\t\t\t<div class=\"post-right-content\">\n\t\t\t\t<div class=\"entry-title-wrapper\"><h3 class=\"entry-title\"><a data-id=\"1744\" href=\"https:\/\/inzynier.rzeszow.pl\/index.php\/2025\/10\/01\/xii-ogolnopolskie-mistrzostwa-w-strzelectwie-sportowym-o-puchar-przewodniczacego-rady-malopolskiej-oiib-08-09-2025-r\/\" class=\"tpg-post-link\" target=\"_self\">XII Og\u00f3lnopolskie Mistrzostwa w Strzelectwie Sportowym o Puchar Przewodnicz\u0105cego Rady Ma\u0142opolskiej OIIB &#8211; 08.09.2025 r.<\/a><\/h3><\/div>\n\t\t\t\t\t\t\t\t\t<div class=\"post-meta-tags rt-el-post-meta\">\n\t\t\t\t\t\t            <span class='date'>\n\t\t\t\t<i class='far fa-calendar-alt '><\/i>\t\t\t\t                    <a href=\"https:\/\/inzynier.rzeszow.pl\/index.php\/2025\/10\/01\/\">\n\t\t\t\t\t1 pa\u017adziernika, 2025\t\t\t\t<\/a>\n\t\t\t\t\t\t\t<\/span>\n\t\t\t\t\t\t\t\t<\/div>\n\t\t\t\t\n\t\t\t\t\t\t\t\t\t<div class=\"tpg-excerpt tpg-el-excerpt\">\n\t\t\t\t\t\t\t\t\t\t\t\t\t<div class=\"tpg-excerpt-inner\">\n\t\t\t\t\t\t\t\tXII Og\u00f3lnopolskie Mistrzostwa w Strzelectwie Sportowym o Puchar Przewodnicz\u0105cego Rady Ma\u0142opolskiej OIIB odby\u0142y si\u0119 8 wrze\u015bnia 2025 r. Zawody zgromadzi\u0142y uczestnik\u00f3w z ca\u0142ej Polski, oferuj\u0105c emocjonuj\u0105c\u0105 rywalizacj\u0119 i integracj\u0119 \u015brodowiska in\u017cynierskiego. Relacja z mistrzostw prezentuje wyniki oraz najwa\u017cniejsze momenty sportowych zmaga\u0144...\t\t\t\t\t\t\t<\/div>\n\t\t\t\t\t\t\t\t\t\t\t\t\t\t\t\t\t<\/div>\n\t\t\t\t\n\t\t\t\t        <div class=\"post-footer\">\n            <div class=\"post-footer\">\n                <div class=\"read-more\">\n\t\t\t\t\t<a data-id=\"1744\" href=\"https:\/\/inzynier.rzeszow.pl\/index.php\/2025\/10\/01\/xii-ogolnopolskie-mistrzostwa-w-strzelectwie-sportowym-o-puchar-przewodniczacego-rady-malopolskiej-oiib-08-09-2025-r\/\" class=\"tpg-post-link\" target=\"_self\">Czytaj wi\u0119cej<\/a>                <\/div>\n            <\/div>\n        <\/div>\n\t\t\t\t\t<\/div>\n\t\t<\/div>\n\t<\/div>\n<\/div>\n            <\/div>\n\n\t\t\t\n        <\/div>\n\t\t\t\t\t\t<\/div>\n\t\t\t\t<\/div>\n\t\t\t\t\t<\/div>\n\t\t\t\t<\/div>\n\t\t\t\t<\/div>\n\t\t","protected":false},"excerpt":{"rendered":"<p>Strzelectwo Strona g\u0142\u00f3wna \/ Konkursy, Wydarzenia\u00a0 \/ Konkursy Okr\u0119gowych Izb, Imprezy Zewn\u0119trzne \/ Strzelectwo XII Og\u00f3lnopolskie Mistrzostwa w Strzelectwie Sportowym [&hellip;]<\/p>\n","protected":false},"author":1,"featured_media":0,"parent":0,"menu_order":0,"comment_status":"closed","ping_status":"closed","template":"","meta":{"site-sidebar-layout":"no-sidebar","site-content-layout":"","ast-site-content-layout":"full-width-container","site-content-style":"default","site-sidebar-style":"default","ast-global-header-display":"","ast-banner-title-visibility":"","ast-main-header-display":"","ast-hfb-above-header-display":"","ast-hfb-below-header-display":"","ast-hfb-mobile-header-display":"","site-post-title":"disabled","ast-breadcrumbs-content":"","ast-featured-img":"disabled","footer-sml-layout":"","ast-disable-related-posts":"","theme-transparent-header-meta":"","adv-header-id-meta":"","stick-header-meta":"","header-above-stick-meta":"","header-main-stick-meta":"","header-below-stick-meta":"","astra-migrate-meta-layouts":"default","ast-page-background-enabled":"default","ast-page-background-meta":{"desktop":{"background-color":"var(--ast-global-color-5)","background-image":"","background-repeat":"repeat","background-position":"center center","background-size":"auto","background-attachment":"scroll","background-type":"","background-media":"","overlay-type":"","overlay-color":"","overlay-opacity":"","overlay-gradient":""},"tablet":{"background-color":"","background-image":"","background-repeat":"repeat","background-position":"center center","background-size":"auto","background-attachment":"scroll","background-type":"","background-media":"","overlay-type":"","overlay-color":"","overlay-opacity":"","overlay-gradient":""},"mobile":{"background-color":"","background-image":"","background-repeat":"repeat","background-position":"center center","background-size":"auto","background-attachment":"scroll","background-type":"","background-media":"","overlay-type":"","overlay-color":"","overlay-opacity":"","overlay-gradient":""}},"ast-content-background-meta":{"desktop":{"background-color":"var(--ast-global-color-4)","background-image":"","background-repeat":"repeat","background-position":"center center","background-size":"auto","background-attachment":"scroll","background-type":"","background-media":"","overlay-type":"","overlay-color":"","overlay-opacity":"","overlay-gradient":""},"tablet":{"background-color":"var(--ast-global-color-4)","background-image":"","background-repeat":"repeat","background-position":"center center","background-size":"auto","background-attachment":"scroll","background-type":"","background-media":"","overlay-type":"","overlay-color":"","overlay-opacity":"","overlay-gradient":""},"mobile":{"background-color":"var(--ast-global-color-4)","background-image":"","background-repeat":"repeat","background-position":"center center","background-size":"auto","background-attachment":"scroll","background-type":"","background-media":"","overlay-type":"","overlay-color":"","overlay-opacity":"","overlay-gradient":""}},"footnotes":""},"class_list":["post-2011","page","type-page","status-publish","hentry"],"yoast_head":"<!-- This site is optimized with the Yoast SEO plugin v27.5 - https:\/\/yoast.com\/product\/yoast-seo-wordpress\/ -->\n<title>Strzelectwo - Podkarpacka Okregowa Izba Inzynierow Budownictwa<\/title>\n<meta name=\"description\" content=\"Zawody strzeleckie PDK OIIB \u2013 wydarzenie sportowe organizowane dla cz\u0142onk\u00f3w Podkarpackiej Okr\u0119gowej Izby In\u017cynier\u00f3w Budownictwa.\" \/>\n<meta name=\"robots\" content=\"index, follow, max-snippet:-1, max-image-preview:large, max-video-preview:-1\" \/>\n<link rel=\"canonical\" href=\"https:\/\/inzynier.rzeszow.pl\/index.php\/strzelectwo\/\" \/>\n<meta property=\"og:locale\" content=\"pl_PL\" \/>\n<meta property=\"og:type\" content=\"article\" \/>\n<meta property=\"og:title\" content=\"Strzelectwo - Podkarpacka Okregowa Izba Inzynierow Budownictwa\" \/>\n<meta property=\"og:description\" content=\"Zawody strzeleckie PDK OIIB \u2013 wydarzenie sportowe organizowane dla cz\u0142onk\u00f3w Podkarpackiej Okr\u0119gowej Izby In\u017cynier\u00f3w Budownictwa.\" \/>\n<meta property=\"og:url\" content=\"https:\/\/inzynier.rzeszow.pl\/index.php\/strzelectwo\/\" \/>\n<meta property=\"og:site_name\" content=\"Podkarpacka Okregowa Izba Inzynierow Budownictwa\" \/>\n<meta property=\"article:modified_time\" content=\"2026-03-15T10:14:35+00:00\" \/>\n<meta property=\"og:image\" content=\"https:\/\/migracja.inzynier.rzeszow.pl\/wp-content\/uploads\/2025\/12\/2025-09-23_strzelanie_malop_1-768x576.jpeg\" \/>\n<meta name=\"twitter:card\" content=\"summary_large_image\" \/>\n<meta name=\"twitter:label1\" content=\"Szacowany czas czytania\" \/>\n\t<meta name=\"twitter:data1\" content=\"1 minuta\" \/>\n<script type=\"application\/ld+json\" class=\"yoast-schema-graph\">{\"@context\":\"https:\\\/\\\/schema.org\",\"@graph\":[{\"@type\":\"WebPage\",\"@id\":\"https:\\\/\\\/inzynier.rzeszow.pl\\\/index.php\\\/strzelectwo\\\/\",\"url\":\"https:\\\/\\\/inzynier.rzeszow.pl\\\/index.php\\\/strzelectwo\\\/\",\"name\":\"Strzelectwo - Podkarpacka Okregowa Izba Inzynierow Budownictwa\",\"isPartOf\":{\"@id\":\"https:\\\/\\\/inzynier.rzeszow.pl\\\/#website\"},\"primaryImageOfPage\":{\"@id\":\"https:\\\/\\\/inzynier.rzeszow.pl\\\/index.php\\\/strzelectwo\\\/#primaryimage\"},\"image\":{\"@id\":\"https:\\\/\\\/inzynier.rzeszow.pl\\\/index.php\\\/strzelectwo\\\/#primaryimage\"},\"thumbnailUrl\":\"https:\\\/\\\/migracja.inzynier.rzeszow.pl\\\/wp-content\\\/uploads\\\/2025\\\/12\\\/2025-09-23_strzelanie_malop_1-768x576.jpeg\",\"datePublished\":\"2025-12-29T16:45:24+00:00\",\"dateModified\":\"2026-03-15T10:14:35+00:00\",\"description\":\"Zawody strzeleckie PDK OIIB \u2013 wydarzenie sportowe organizowane dla cz\u0142onk\u00f3w Podkarpackiej Okr\u0119gowej Izby In\u017cynier\u00f3w Budownictwa.\",\"breadcrumb\":{\"@id\":\"https:\\\/\\\/inzynier.rzeszow.pl\\\/index.php\\\/strzelectwo\\\/#breadcrumb\"},\"inLanguage\":\"pl-PL\",\"potentialAction\":[{\"@type\":\"ReadAction\",\"target\":[\"https:\\\/\\\/inzynier.rzeszow.pl\\\/index.php\\\/strzelectwo\\\/\"]}]},{\"@type\":\"ImageObject\",\"inLanguage\":\"pl-PL\",\"@id\":\"https:\\\/\\\/inzynier.rzeszow.pl\\\/index.php\\\/strzelectwo\\\/#primaryimage\",\"url\":\"https:\\\/\\\/migracja.inzynier.rzeszow.pl\\\/wp-content\\\/uploads\\\/2025\\\/12\\\/2025-09-23_strzelanie_malop_1-768x576.jpeg\",\"contentUrl\":\"https:\\\/\\\/migracja.inzynier.rzeszow.pl\\\/wp-content\\\/uploads\\\/2025\\\/12\\\/2025-09-23_strzelanie_malop_1-768x576.jpeg\"},{\"@type\":\"BreadcrumbList\",\"@id\":\"https:\\\/\\\/inzynier.rzeszow.pl\\\/index.php\\\/strzelectwo\\\/#breadcrumb\",\"itemListElement\":[{\"@type\":\"ListItem\",\"position\":1,\"name\":\"Strona g\u0142\u00f3wna\",\"item\":\"https:\\\/\\\/inzynier.rzeszow.pl\\\/\"},{\"@type\":\"ListItem\",\"position\":2,\"name\":\"Strzelectwo\"}]},{\"@type\":\"WebSite\",\"@id\":\"https:\\\/\\\/inzynier.rzeszow.pl\\\/#website\",\"url\":\"https:\\\/\\\/inzynier.rzeszow.pl\\\/\",\"name\":\"Podkarpacka Okregowa Izba Inzynierow Budownictwa\",\"description\":\"\",\"potentialAction\":[{\"@type\":\"SearchAction\",\"target\":{\"@type\":\"EntryPoint\",\"urlTemplate\":\"https:\\\/\\\/inzynier.rzeszow.pl\\\/?s={search_term_string}\"},\"query-input\":{\"@type\":\"PropertyValueSpecification\",\"valueRequired\":true,\"valueName\":\"search_term_string\"}}],\"inLanguage\":\"pl-PL\"}]}<\/script>\n<!-- \/ Yoast SEO plugin. -->","yoast_head_json":{"title":"Strzelectwo - Podkarpacka Okregowa Izba Inzynierow Budownictwa","description":"Zawody strzeleckie PDK OIIB \u2013 wydarzenie sportowe organizowane dla cz\u0142onk\u00f3w Podkarpackiej Okr\u0119gowej Izby In\u017cynier\u00f3w Budownictwa.","robots":{"index":"index","follow":"follow","max-snippet":"max-snippet:-1","max-image-preview":"max-image-preview:large","max-video-preview":"max-video-preview:-1"},"canonical":"https:\/\/inzynier.rzeszow.pl\/index.php\/strzelectwo\/","og_locale":"pl_PL","og_type":"article","og_title":"Strzelectwo - Podkarpacka Okregowa Izba Inzynierow Budownictwa","og_description":"Zawody strzeleckie PDK OIIB \u2013 wydarzenie sportowe organizowane dla cz\u0142onk\u00f3w Podkarpackiej Okr\u0119gowej Izby In\u017cynier\u00f3w Budownictwa.","og_url":"https:\/\/inzynier.rzeszow.pl\/index.php\/strzelectwo\/","og_site_name":"Podkarpacka Okregowa Izba Inzynierow Budownictwa","article_modified_time":"2026-03-15T10:14:35+00:00","og_image":[{"url":"https:\/\/migracja.inzynier.rzeszow.pl\/wp-content\/uploads\/2025\/12\/2025-09-23_strzelanie_malop_1-768x576.jpeg","type":"","width":"","height":""}],"twitter_card":"summary_large_image","twitter_misc":{"Szacowany czas czytania":"1 minuta"},"schema":{"@context":"https:\/\/schema.org","@graph":[{"@type":"WebPage","@id":"https:\/\/inzynier.rzeszow.pl\/index.php\/strzelectwo\/","url":"https:\/\/inzynier.rzeszow.pl\/index.php\/strzelectwo\/","name":"Strzelectwo - Podkarpacka Okregowa Izba Inzynierow Budownictwa","isPartOf":{"@id":"https:\/\/inzynier.rzeszow.pl\/#website"},"primaryImageOfPage":{"@id":"https:\/\/inzynier.rzeszow.pl\/index.php\/strzelectwo\/#primaryimage"},"image":{"@id":"https:\/\/inzynier.rzeszow.pl\/index.php\/strzelectwo\/#primaryimage"},"thumbnailUrl":"https:\/\/migracja.inzynier.rzeszow.pl\/wp-content\/uploads\/2025\/12\/2025-09-23_strzelanie_malop_1-768x576.jpeg","datePublished":"2025-12-29T16:45:24+00:00","dateModified":"2026-03-15T10:14:35+00:00","description":"Zawody strzeleckie PDK OIIB \u2013 wydarzenie sportowe organizowane dla cz\u0142onk\u00f3w Podkarpackiej Okr\u0119gowej Izby In\u017cynier\u00f3w Budownictwa.","breadcrumb":{"@id":"https:\/\/inzynier.rzeszow.pl\/index.php\/strzelectwo\/#breadcrumb"},"inLanguage":"pl-PL","potentialAction":[{"@type":"ReadAction","target":["https:\/\/inzynier.rzeszow.pl\/index.php\/strzelectwo\/"]}]},{"@type":"ImageObject","inLanguage":"pl-PL","@id":"https:\/\/inzynier.rzeszow.pl\/index.php\/strzelectwo\/#primaryimage","url":"https:\/\/migracja.inzynier.rzeszow.pl\/wp-content\/uploads\/2025\/12\/2025-09-23_strzelanie_malop_1-768x576.jpeg","contentUrl":"https:\/\/migracja.inzynier.rzeszow.pl\/wp-content\/uploads\/2025\/12\/2025-09-23_strzelanie_malop_1-768x576.jpeg"},{"@type":"BreadcrumbList","@id":"https:\/\/inzynier.rzeszow.pl\/index.php\/strzelectwo\/#breadcrumb","itemListElement":[{"@type":"ListItem","position":1,"name":"Strona g\u0142\u00f3wna","item":"https:\/\/inzynier.rzeszow.pl\/"},{"@type":"ListItem","position":2,"name":"Strzelectwo"}]},{"@type":"WebSite","@id":"https:\/\/inzynier.rzeszow.pl\/#website","url":"https:\/\/inzynier.rzeszow.pl\/","name":"Podkarpacka Okregowa Izba Inzynierow Budownictwa","description":"","potentialAction":[{"@type":"SearchAction","target":{"@type":"EntryPoint","urlTemplate":"https:\/\/inzynier.rzeszow.pl\/?s={search_term_string}"},"query-input":{"@type":"PropertyValueSpecification","valueRequired":true,"valueName":"search_term_string"}}],"inLanguage":"pl-PL"}]}},"rttpg_featured_image_url":null,"rttpg_author":{"display_name":"admin","author_link":"https:\/\/inzynier.rzeszow.pl\/index.php\/author\/kwojcik\/"},"rttpg_comment":0,"rttpg_category":"","rttpg_excerpt":"Strzelectwo Strona g\u0142\u00f3wna \/ Konkursy, Wydarzenia\u00a0 \/ Konkursy Okr\u0119gowych Izb, Imprezy Zewn\u0119trzne \/ Strzelectwo XII Og\u00f3lnopolskie Mistrzostwa w Strzelectwie Sportowym [&hellip;]","_links":{"self":[{"href":"https:\/\/inzynier.rzeszow.pl\/index.php\/wp-json\/wp\/v2\/pages\/2011","targetHints":{"allow":["GET"]}}],"collection":[{"href":"https:\/\/inzynier.rzeszow.pl\/index.php\/wp-json\/wp\/v2\/pages"}],"about":[{"href":"https:\/\/inzynier.rzeszow.pl\/index.php\/wp-json\/wp\/v2\/types\/page"}],"author":[{"embeddable":true,"href":"https:\/\/inzynier.rzeszow.pl\/index.php\/wp-json\/wp\/v2\/users\/1"}],"replies":[{"embeddable":true,"href":"https:\/\/inzynier.rzeszow.pl\/index.php\/wp-json\/wp\/v2\/comments?post=2011"}],"version-history":[{"count":16,"href":"https:\/\/inzynier.rzeszow.pl\/index.php\/wp-json\/wp\/v2\/pages\/2011\/revisions"}],"predecessor-version":[{"id":6028,"href":"https:\/\/inzynier.rzeszow.pl\/index.php\/wp-json\/wp\/v2\/pages\/2011\/revisions\/6028"}],"wp:attachment":[{"href":"https:\/\/inzynier.rzeszow.pl\/index.php\/wp-json\/wp\/v2\/media?parent=2011"}],"curies":[{"name":"wp","href":"https:\/\/api.w.org\/{rel}","templated":true}]}}