{"id":1173,"date":"2025-12-23T18:31:01","date_gmt":"2025-12-23T18:31:01","guid":{"rendered":"https:\/\/migracja.inzynier.rzeszow.pl\/?page_id=1173"},"modified":"2026-03-15T11:38:41","modified_gmt":"2026-03-15T10:38:41","slug":"wydawnictwa-polskiej-izby-inzynierow-budownictwa","status":"publish","type":"page","link":"https:\/\/inzynier.rzeszow.pl\/index.php\/wydawnictwa-polskiej-izby-inzynierow-budownictwa\/","title":{"rendered":"Wydawnictwa Polskiej Izby In\u017cynier\u00f3w Budownictwa"},"content":{"rendered":"\t\t<div data-elementor-type=\"wp-page\" data-elementor-id=\"1173\" class=\"elementor elementor-1173\" data-elementor-post-type=\"page\">\n\t\t\t\t<div class=\"elementor-element elementor-element-c6ddcf0 e-flex e-con-boxed e-con e-parent\" data-id=\"c6ddcf0\" data-element_type=\"container\" data-e-type=\"container\" data-settings=\"{&quot;background_background&quot;:&quot;classic&quot;}\">\n\t\t\t\t\t<div class=\"e-con-inner\">\n\t\t<div class=\"elementor-element elementor-element-f90288b e-con-full e-flex e-con e-child\" data-id=\"f90288b\" data-element_type=\"container\" data-e-type=\"container\" data-settings=\"{&quot;background_background&quot;:&quot;classic&quot;}\">\n\t\t\t\t<div class=\"elementor-element elementor-element-63fce6b elementor-widget elementor-widget-heading\" data-id=\"63fce6b\" data-element_type=\"widget\" data-e-type=\"widget\" data-widget_type=\"heading.default\">\n\t\t\t\t\t<h1 class=\"elementor-heading-title elementor-size-default\">Wydawnictwa Polskiej Izby In\u017cynier\u00f3w Budownictwa<\/h1>\t\t\t\t<\/div>\n\t\t\t\t<\/div>\n\t\t\t\t\t<\/div>\n\t\t\t\t<\/div>\n\t\t<div class=\"elementor-element elementor-element-b79ae22 e-flex e-con-boxed e-con e-parent\" data-id=\"b79ae22\" data-element_type=\"container\" data-e-type=\"container\">\n\t\t\t\t\t<div class=\"e-con-inner\">\n\t\t\t\t<div class=\"elementor-element elementor-element-7249e99 elementor-widget elementor-widget-text-editor\" data-id=\"7249e99\" data-element_type=\"widget\" data-e-type=\"widget\" data-widget_type=\"text-editor.default\">\n\t\t\t\t\t\t\t\t\t<p><a href=\"https:\/\/inzynier.rzeszow.pl\">Strona g\u0142\u00f3wna <\/a>\/ <a href=\"https:\/\/inzynier.rzeszow.pl\/index.php\/wydawnictwa-izby\/\">Wydawnictwa Izby<\/a> \/ <a href=\"https:\/\/inzynier.rzeszow.pl\/index.php\/wydawnictwa-polskiej-izby-inzynierow-budownictwa\/\">Wydawnictwa Polskiej Izby In\u017cynier\u00f3w Budownictwa<\/a><\/p>\t\t\t\t\t\t\t\t<\/div>\n\t\t\t\t\t<\/div>\n\t\t\t\t<\/div>\n\t\t<div class=\"elementor-element elementor-element-2f64ec3 e-flex e-con-boxed e-con e-parent\" data-id=\"2f64ec3\" data-element_type=\"container\" data-e-type=\"container\">\n\t\t\t\t\t<div class=\"e-con-inner\">\n\t\t<div class=\"elementor-element elementor-element-364cf3a e-con-full e-flex e-con e-child\" data-id=\"364cf3a\" data-element_type=\"container\" data-e-type=\"container\" data-settings=\"{&quot;background_background&quot;:&quot;classic&quot;}\">\n\t\t\t\t<div class=\"elementor-element elementor-element-708f72d elementor-widget elementor-widget-heading\" data-id=\"708f72d\" data-element_type=\"widget\" data-e-type=\"widget\" data-widget_type=\"heading.default\">\n\t\t\t\t\t<h1 class=\"elementor-heading-title elementor-size-default\">In\u017cynier Budownictwa<\/h1>\t\t\t\t<\/div>\n\t\t\t\t<\/div>\n\t\t<div class=\"elementor-element elementor-element-f1ef536 e-con-full e-flex e-con e-child\" data-id=\"f1ef536\" data-element_type=\"container\" data-e-type=\"container\">\n\t\t<div class=\"elementor-element elementor-element-5e8b57b e-con-full e-flex e-con e-child\" data-id=\"5e8b57b\" data-element_type=\"container\" data-e-type=\"container\">\n\t\t\t\t<div class=\"elementor-element elementor-element-1b7b236 elementor-widget elementor-widget-image\" data-id=\"1b7b236\" data-element_type=\"widget\" data-e-type=\"widget\" data-widget_type=\"image.default\">\n\t\t\t\t\t\t\t\t\t\t\t\t\t\t\t<img fetchpriority=\"high\" decoding=\"async\" width=\"600\" height=\"823\" src=\"https:\/\/inzynier.rzeszow.pl\/wp-content\/uploads\/2025\/12\/477_IB12_2022_600x823-1.jpg\" class=\"attachment-large size-large wp-image-1175\" alt=\"\" srcset=\"https:\/\/inzynier.rzeszow.pl\/wp-content\/uploads\/2025\/12\/477_IB12_2022_600x823-1.jpg 600w, https:\/\/inzynier.rzeszow.pl\/wp-content\/uploads\/2025\/12\/477_IB12_2022_600x823-1-219x300.jpg 219w\" sizes=\"(max-width: 600px) 100vw, 600px\" \/>\t\t\t\t\t\t\t\t\t\t\t\t\t\t\t<\/div>\n\t\t\t\t<\/div>\n\t\t<div class=\"elementor-element elementor-element-0d0f3e9 e-con-full e-flex e-con e-child\" data-id=\"0d0f3e9\" data-element_type=\"container\" data-e-type=\"container\">\n\t\t\t\t<div class=\"elementor-element elementor-element-dc50999 elementor-widget elementor-widget-text-editor\" data-id=\"dc50999\" data-element_type=\"widget\" data-e-type=\"widget\" data-widget_type=\"text-editor.default\">\n\t\t\t\t\t\t\t\t\t<p>Od pierwszej chwili powstania samorz\u0105du zawodowego powsta\u0142a idea stworzenia pisma Polskiej Izby In\u017cynier\u00f3w Budownictwa. Wydawnictwo Polskiej Izby In\u017cynier\u00f3w Budownictwa Sp. z o.o. rozpocz\u0119\u0142o swoj\u0105 dzia\u0142alno\u015b\u0107 w roku 2004 jako sp\u00f3\u0142ka, kt\u00f3rej w\u0142a\u015bcicielami s\u0105 stowarzyszenia skupiaj\u0105ce w swoich szeregach budowla\u0144c\u00f3w:<\/p><ul><li>Polskiej Izby In\u017cynier\u00f3w Budownictwa<\/li><li>Polskiego Zwi\u0105zku In\u017cynier\u00f3w i Technik\u00f3w Budownictwa<\/li><li>Stowarzyszenia Elektryk\u00f3w Polskich<\/li><li>Polskiego Zrzeszenia In\u017cynier\u00f3w i Technik\u00f3w Sanitarnych<\/li><li>Stowarzyszenia In\u017cynier\u00f3w i Technik\u00f3w Komunikacji RP<\/li><li>Zwi\u0105zku Mostowc\u00f3w RP<\/li><li>Stowarzyszenia In\u017cynier\u00f3w i Technik\u00f3w Przemys\u0142u Naftowego i Gazowniczego<\/li><li>Stowarzyszenia In\u017cynier\u00f3w i Technik\u00f3w Wodnych i Melioracyjnych<\/li><li>Polskiego Komitetu Geotechniki<\/li><li>Stowarzyszenia In\u017cynier\u00f3w i Technik\u00f3w Przemys\u0142u Materia\u0142\u00f3w Budowlanych.<\/li><\/ul><p>Od pocz\u0105tku istnienia Wydawnictwo Polskiej Izby In\u017cynier\u00f3w Budownictwa wydaje miesi\u0119cznik \u201eIn\u017cynier Budownictwa&#8221;, kt\u00f3ry dociera do wszystkich in\u017cynier\u00f3w i technik\u00f3w wykonuj\u0105cych samodzielne funkcje techniczne w budownictwie<\/p>\t\t\t\t\t\t\t\t<\/div>\n\t\t<div class=\"elementor-element elementor-element-d82c9c1 e-con-full e-flex e-con e-child\" data-id=\"d82c9c1\" data-element_type=\"container\" data-e-type=\"container\">\n\t\t\t\t<div class=\"elementor-element elementor-element-bb5b6b7 elementor-widget__width-inherit elementor-icon-list--layout-traditional elementor-list-item-link-full_width elementor-widget elementor-widget-icon-list\" data-id=\"bb5b6b7\" data-element_type=\"widget\" data-e-type=\"widget\" data-widget_type=\"icon-list.default\">\n\t\t\t\t\t\t\t<ul class=\"elementor-icon-list-items\">\n\t\t\t\t\t\t\t<li class=\"elementor-icon-list-item\">\n\t\t\t\t\t\t\t\t\t\t\t<a href=\"https:\/\/www.piib.org.pl\/inzynier-budownictwa\" target=\"_blank\">\n\n\t\t\t\t\t\t\t\t\t\t\t\t<span class=\"elementor-icon-list-icon\">\n\t\t\t\t\t\t\t<svg aria-hidden=\"true\" class=\"e-font-icon-svg e-fas-arrow-circle-right\" viewBox=\"0 0 512 512\" xmlns=\"http:\/\/www.w3.org\/2000\/svg\"><path d=\"M256 8c137 0 248 111 248 248S393 504 256 504 8 393 8 256 119 8 256 8zm-28.9 143.6l75.5 72.4H120c-13.3 0-24 10.7-24 24v16c0 13.3 10.7 24 24 24h182.6l-75.5 72.4c-9.7 9.3-9.9 24.8-.4 34.3l11 10.9c9.4 9.4 24.6 9.4 33.9 0L404.3 273c9.4-9.4 9.4-24.6 0-33.9L271.6 106.3c-9.4-9.4-24.6-9.4-33.9 0l-11 10.9c-9.5 9.6-9.3 25.1.4 34.4z\"><\/path><\/svg>\t\t\t\t\t\t<\/span>\n\t\t\t\t\t\t\t\t\t\t<span class=\"elementor-icon-list-text\">Zgromadzone archiwalne wydania In\u017cyniera Budownictwa<\/span>\n\t\t\t\t\t\t\t\t\t\t\t<\/a>\n\t\t\t\t\t\t\t\t\t<\/li>\n\t\t\t\t\t\t<\/ul>\n\t\t\t\t\t\t<\/div>\n\t\t\t\t<div class=\"elementor-element elementor-element-24436a8 elementor-widget elementor-widget-text-editor\" data-id=\"24436a8\" data-element_type=\"widget\" data-e-type=\"widget\" data-widget_type=\"text-editor.default\">\n\t\t\t\t\t\t\t\t\t<p>Cz\u0142onkowie PIIB maj\u0105 dost\u0119p do najnowszych i archiwalnych wyda\u0144 czasopisma poprzez\u00a0<a href=\"https:\/\/portal.piib.org.pl\/login\"><span style=\"color: #721f4b;\"><strong>portal cz\u0142onkowski PIIB<\/strong><\/span><\/a>.<\/p>\t\t\t\t\t\t\t\t<\/div>\n\t\t\t\t<\/div>\n\t\t\t\t<\/div>\n\t\t\t\t<\/div>\n\t\t\t\t\t<\/div>\n\t\t\t\t<\/div>\n\t\t<div class=\"elementor-element elementor-element-eeee3f5 e-flex e-con-boxed e-con e-parent\" data-id=\"eeee3f5\" data-element_type=\"container\" data-e-type=\"container\">\n\t\t\t\t\t<div class=\"e-con-inner\">\n\t\t<div class=\"elementor-element elementor-element-4865018 e-con-full e-flex e-con e-child\" data-id=\"4865018\" data-element_type=\"container\" data-e-type=\"container\">\n\t\t<div class=\"elementor-element elementor-element-19b9d57 e-con-full e-flex e-con e-child\" data-id=\"19b9d57\" data-element_type=\"container\" data-e-type=\"container\" data-settings=\"{&quot;background_background&quot;:&quot;classic&quot;}\">\n\t\t\t\t<div class=\"elementor-element elementor-element-4b50943 elementor-widget elementor-widget-heading\" data-id=\"4b50943\" data-element_type=\"widget\" data-e-type=\"widget\" data-widget_type=\"heading.default\">\n\t\t\t\t\t<h1 class=\"elementor-heading-title elementor-size-default\">WYDAWNICTWA POLSKIEJ IZBY IN\u017bYNIER\u00d3W BUDOWNICTWA<\/h1>\t\t\t\t<\/div>\n\t\t\t\t<\/div>\n\t\t\t\t<\/div>\n\t\t<div class=\"elementor-element elementor-element-cab4a13 e-con-full e-flex e-con e-child\" data-id=\"cab4a13\" data-element_type=\"container\" data-e-type=\"container\">\n\t\t<div class=\"elementor-element elementor-element-4b22f19 e-con-full e-flex e-con e-child\" data-id=\"4b22f19\" data-element_type=\"container\" data-e-type=\"container\">\n\t\t\t\t<div class=\"elementor-element elementor-element-9ef91c3 elementor-widget elementor-widget-image\" data-id=\"9ef91c3\" data-element_type=\"widget\" data-e-type=\"widget\" data-widget_type=\"image.default\">\n\t\t\t\t\t\t\t\t\t\t\t\t\t\t\t<img decoding=\"async\" width=\"940\" height=\"788\" src=\"https:\/\/inzynier.rzeszow.pl\/wp-content\/uploads\/2025\/12\/przew_proj_25-1.jpg\" class=\"attachment-large size-large wp-image-1177\" alt=\"\" srcset=\"https:\/\/inzynier.rzeszow.pl\/wp-content\/uploads\/2025\/12\/przew_proj_25-1.jpg 940w, https:\/\/inzynier.rzeszow.pl\/wp-content\/uploads\/2025\/12\/przew_proj_25-1-300x251.jpg 300w, https:\/\/inzynier.rzeszow.pl\/wp-content\/uploads\/2025\/12\/przew_proj_25-1-768x644.jpg 768w\" sizes=\"(max-width: 940px) 100vw, 940px\" \/>\t\t\t\t\t\t\t\t\t\t\t\t\t\t\t<\/div>\n\t\t\t\t<\/div>\n\t\t<div class=\"elementor-element elementor-element-8a3534b e-con-full e-flex e-con e-child\" data-id=\"8a3534b\" data-element_type=\"container\" data-e-type=\"container\">\n\t\t\t\t<div class=\"elementor-element elementor-element-40798aa elementor-widget elementor-widget-text-editor\" data-id=\"40798aa\" data-element_type=\"widget\" data-e-type=\"widget\" data-widget_type=\"text-editor.default\">\n\t\t\t\t\t\t\t\t\t<p><strong>Przewodnik Projektanta<\/strong>\u00a0to publikacja b\u0119d\u0105ca zbiorem informacji pomocnych przy projektowaniu obiekt\u00f3w budowlanych i instalacji. Skierowana jest do szerokiego grona os\u00f3b, kt\u00f3re chc\u0105 poszerzy\u0107 swoj\u0105 wiedz\u0119 o procesie projektowania ze szczeg\u00f3lnym uwzgl\u0119dnieniem specyfiki materia\u0142\u00f3w budowlanych, wyko\u0144czeniowych i instalacyjnych. Przedstawiona jest r\u00f3wnie\u017c tematyka zwi\u0105zana z obowi\u0105zuj\u0105cymi regulacjami prawnymi i procedurami z zakresu wykonywania dzia\u0142a\u0144 projektowych w procesie inwestycyjnym.<\/p><p><strong>Dla cz\u0142onk\u00f3w PIIB publikacja Przewodnik Projektanta jest bezp\u0142atna<\/strong>. Osoby, kt\u00f3re s\u0105 zainteresowane otrzymaniem \u201ePrzewodnika Projektanta&#8221; proszone s\u0105 o\u00a0<strong>wype\u0142nienie formularza zg\u0142oszeniowego<\/strong>\u00a0dost\u0119pnego na stronie\u00a0<span style=\"color: #721f4b;\"><a style=\"color: #721f4b;\" href=\"http:\/\/www.izbudujemy.pl\/formularze\/przewodnikprojektanta\/\" target=\"_blank\" rel=\"noopener\">www.izbudujemy.pl\/formularze\/przewodnikprojektanta\/<\/a><\/span><\/p>\t\t\t\t\t\t\t\t<\/div>\n\t\t\t\t<\/div>\n\t\t\t\t<\/div>\n\t\t\t\t\t<\/div>\n\t\t\t\t<\/div>\n\t\t\t\t<\/div>\n\t\t","protected":false},"excerpt":{"rendered":"<p>Wydawnictwa Polskiej Izby In\u017cynier\u00f3w Budownictwa Strona g\u0142\u00f3wna \/ Wydawnictwa Izby \/ Wydawnictwa Polskiej Izby In\u017cynier\u00f3w Budownictwa In\u017cynier Budownictwa Od pierwszej [&hellip;]<\/p>\n","protected":false},"author":1,"featured_media":0,"parent":0,"menu_order":0,"comment_status":"closed","ping_status":"closed","template":"","meta":{"site-sidebar-layout":"no-sidebar","site-content-layout":"","ast-site-content-layout":"full-width-container","site-content-style":"default","site-sidebar-style":"default","ast-global-header-display":"","ast-banner-title-visibility":"","ast-main-header-display":"","ast-hfb-above-header-display":"","ast-hfb-below-header-display":"","ast-hfb-mobile-header-display":"","site-post-title":"disabled","ast-breadcrumbs-content":"","ast-featured-img":"disabled","footer-sml-layout":"","ast-disable-related-posts":"","theme-transparent-header-meta":"","adv-header-id-meta":"","stick-header-meta":"","header-above-stick-meta":"","header-main-stick-meta":"","header-below-stick-meta":"","astra-migrate-meta-layouts":"default","ast-page-background-enabled":"default","ast-page-background-meta":{"desktop":{"background-color":"var(--ast-global-color-5)","background-image":"","background-repeat":"repeat","background-position":"center center","background-size":"auto","background-attachment":"scroll","background-type":"","background-media":"","overlay-type":"","overlay-color":"","overlay-opacity":"","overlay-gradient":""},"tablet":{"background-color":"","background-image":"","background-repeat":"repeat","background-position":"center center","background-size":"auto","background-attachment":"scroll","background-type":"","background-media":"","overlay-type":"","overlay-color":"","overlay-opacity":"","overlay-gradient":""},"mobile":{"background-color":"","background-image":"","background-repeat":"repeat","background-position":"center center","background-size":"auto","background-attachment":"scroll","background-type":"","background-media":"","overlay-type":"","overlay-color":"","overlay-opacity":"","overlay-gradient":""}},"ast-content-background-meta":{"desktop":{"background-color":"var(--ast-global-color-4)","background-image":"","background-repeat":"repeat","background-position":"center center","background-size":"auto","background-attachment":"scroll","background-type":"","background-media":"","overlay-type":"","overlay-color":"","overlay-opacity":"","overlay-gradient":""},"tablet":{"background-color":"var(--ast-global-color-4)","background-image":"","background-repeat":"repeat","background-position":"center center","background-size":"auto","background-attachment":"scroll","background-type":"","background-media":"","overlay-type":"","overlay-color":"","overlay-opacity":"","overlay-gradient":""},"mobile":{"background-color":"var(--ast-global-color-4)","background-image":"","background-repeat":"repeat","background-position":"center center","background-size":"auto","background-attachment":"scroll","background-type":"","background-media":"","overlay-type":"","overlay-color":"","overlay-opacity":"","overlay-gradient":""}},"footnotes":""},"class_list":["post-1173","page","type-page","status-publish","hentry"],"yoast_head":"<!-- This site is optimized with the Yoast SEO plugin v27.5 - https:\/\/yoast.com\/product\/yoast-seo-wordpress\/ -->\n<title>Wydawnictwa Polskiej Izby In\u017cynier\u00f3w Budownictwa - Podkarpacka Okregowa Izba Inzynierow Budownictwa<\/title>\n<meta name=\"description\" content=\"Wydawnictwa Polskiej Izby In\u017cynier\u00f3w Budownictwa \u2013 materia\u0142y bran\u017cowe i edukacyjne dla cz\u0142onk\u00f3w i \u015brodowiska in\u017cynier\u00f3w.\" \/>\n<meta name=\"robots\" content=\"index, follow, max-snippet:-1, max-image-preview:large, max-video-preview:-1\" \/>\n<link rel=\"canonical\" href=\"https:\/\/inzynier.rzeszow.pl\/index.php\/wydawnictwa-polskiej-izby-inzynierow-budownictwa\/\" \/>\n<meta property=\"og:locale\" content=\"pl_PL\" \/>\n<meta property=\"og:type\" content=\"article\" \/>\n<meta property=\"og:title\" content=\"Wydawnictwa Polskiej Izby In\u017cynier\u00f3w Budownictwa - Podkarpacka Okregowa Izba Inzynierow Budownictwa\" \/>\n<meta property=\"og:description\" content=\"Wydawnictwa Polskiej Izby In\u017cynier\u00f3w Budownictwa \u2013 materia\u0142y bran\u017cowe i edukacyjne dla cz\u0142onk\u00f3w i \u015brodowiska in\u017cynier\u00f3w.\" \/>\n<meta property=\"og:url\" content=\"https:\/\/inzynier.rzeszow.pl\/index.php\/wydawnictwa-polskiej-izby-inzynierow-budownictwa\/\" \/>\n<meta property=\"og:site_name\" content=\"Podkarpacka Okregowa Izba Inzynierow Budownictwa\" \/>\n<meta property=\"article:modified_time\" content=\"2026-03-15T10:38:41+00:00\" \/>\n<meta property=\"og:image\" content=\"https:\/\/migracja.inzynier.rzeszow.pl\/wp-content\/uploads\/2025\/12\/477_IB12_2022_600x823-1.jpg\" \/>\n<meta name=\"twitter:card\" content=\"summary_large_image\" \/>\n<meta name=\"twitter:label1\" content=\"Szacowany czas czytania\" \/>\n\t<meta name=\"twitter:data1\" content=\"2 minuty\" \/>\n<script type=\"application\/ld+json\" class=\"yoast-schema-graph\">{\"@context\":\"https:\\\/\\\/schema.org\",\"@graph\":[{\"@type\":\"WebPage\",\"@id\":\"https:\\\/\\\/inzynier.rzeszow.pl\\\/index.php\\\/wydawnictwa-polskiej-izby-inzynierow-budownictwa\\\/\",\"url\":\"https:\\\/\\\/inzynier.rzeszow.pl\\\/index.php\\\/wydawnictwa-polskiej-izby-inzynierow-budownictwa\\\/\",\"name\":\"Wydawnictwa Polskiej Izby In\u017cynier\u00f3w Budownictwa - Podkarpacka Okregowa Izba Inzynierow Budownictwa\",\"isPartOf\":{\"@id\":\"https:\\\/\\\/inzynier.rzeszow.pl\\\/#website\"},\"primaryImageOfPage\":{\"@id\":\"https:\\\/\\\/inzynier.rzeszow.pl\\\/index.php\\\/wydawnictwa-polskiej-izby-inzynierow-budownictwa\\\/#primaryimage\"},\"image\":{\"@id\":\"https:\\\/\\\/inzynier.rzeszow.pl\\\/index.php\\\/wydawnictwa-polskiej-izby-inzynierow-budownictwa\\\/#primaryimage\"},\"thumbnailUrl\":\"https:\\\/\\\/migracja.inzynier.rzeszow.pl\\\/wp-content\\\/uploads\\\/2025\\\/12\\\/477_IB12_2022_600x823-1.jpg\",\"datePublished\":\"2025-12-23T18:31:01+00:00\",\"dateModified\":\"2026-03-15T10:38:41+00:00\",\"description\":\"Wydawnictwa Polskiej Izby In\u017cynier\u00f3w Budownictwa \u2013 materia\u0142y bran\u017cowe i edukacyjne dla cz\u0142onk\u00f3w i \u015brodowiska in\u017cynier\u00f3w.\",\"breadcrumb\":{\"@id\":\"https:\\\/\\\/inzynier.rzeszow.pl\\\/index.php\\\/wydawnictwa-polskiej-izby-inzynierow-budownictwa\\\/#breadcrumb\"},\"inLanguage\":\"pl-PL\",\"potentialAction\":[{\"@type\":\"ReadAction\",\"target\":[\"https:\\\/\\\/inzynier.rzeszow.pl\\\/index.php\\\/wydawnictwa-polskiej-izby-inzynierow-budownictwa\\\/\"]}]},{\"@type\":\"ImageObject\",\"inLanguage\":\"pl-PL\",\"@id\":\"https:\\\/\\\/inzynier.rzeszow.pl\\\/index.php\\\/wydawnictwa-polskiej-izby-inzynierow-budownictwa\\\/#primaryimage\",\"url\":\"https:\\\/\\\/migracja.inzynier.rzeszow.pl\\\/wp-content\\\/uploads\\\/2025\\\/12\\\/477_IB12_2022_600x823-1.jpg\",\"contentUrl\":\"https:\\\/\\\/migracja.inzynier.rzeszow.pl\\\/wp-content\\\/uploads\\\/2025\\\/12\\\/477_IB12_2022_600x823-1.jpg\"},{\"@type\":\"BreadcrumbList\",\"@id\":\"https:\\\/\\\/inzynier.rzeszow.pl\\\/index.php\\\/wydawnictwa-polskiej-izby-inzynierow-budownictwa\\\/#breadcrumb\",\"itemListElement\":[{\"@type\":\"ListItem\",\"position\":1,\"name\":\"Strona g\u0142\u00f3wna\",\"item\":\"https:\\\/\\\/inzynier.rzeszow.pl\\\/\"},{\"@type\":\"ListItem\",\"position\":2,\"name\":\"Wydawnictwa Polskiej Izby In\u017cynier\u00f3w Budownictwa\"}]},{\"@type\":\"WebSite\",\"@id\":\"https:\\\/\\\/inzynier.rzeszow.pl\\\/#website\",\"url\":\"https:\\\/\\\/inzynier.rzeszow.pl\\\/\",\"name\":\"Podkarpacka Okregowa Izba Inzynierow Budownictwa\",\"description\":\"\",\"potentialAction\":[{\"@type\":\"SearchAction\",\"target\":{\"@type\":\"EntryPoint\",\"urlTemplate\":\"https:\\\/\\\/inzynier.rzeszow.pl\\\/?s={search_term_string}\"},\"query-input\":{\"@type\":\"PropertyValueSpecification\",\"valueRequired\":true,\"valueName\":\"search_term_string\"}}],\"inLanguage\":\"pl-PL\"}]}<\/script>\n<!-- \/ Yoast SEO plugin. -->","yoast_head_json":{"title":"Wydawnictwa Polskiej Izby In\u017cynier\u00f3w Budownictwa - Podkarpacka Okregowa Izba Inzynierow Budownictwa","description":"Wydawnictwa Polskiej Izby In\u017cynier\u00f3w Budownictwa \u2013 materia\u0142y bran\u017cowe i edukacyjne dla cz\u0142onk\u00f3w i \u015brodowiska in\u017cynier\u00f3w.","robots":{"index":"index","follow":"follow","max-snippet":"max-snippet:-1","max-image-preview":"max-image-preview:large","max-video-preview":"max-video-preview:-1"},"canonical":"https:\/\/inzynier.rzeszow.pl\/index.php\/wydawnictwa-polskiej-izby-inzynierow-budownictwa\/","og_locale":"pl_PL","og_type":"article","og_title":"Wydawnictwa Polskiej Izby In\u017cynier\u00f3w Budownictwa - Podkarpacka Okregowa Izba Inzynierow Budownictwa","og_description":"Wydawnictwa Polskiej Izby In\u017cynier\u00f3w Budownictwa \u2013 materia\u0142y bran\u017cowe i edukacyjne dla cz\u0142onk\u00f3w i \u015brodowiska in\u017cynier\u00f3w.","og_url":"https:\/\/inzynier.rzeszow.pl\/index.php\/wydawnictwa-polskiej-izby-inzynierow-budownictwa\/","og_site_name":"Podkarpacka Okregowa Izba Inzynierow Budownictwa","article_modified_time":"2026-03-15T10:38:41+00:00","og_image":[{"url":"https:\/\/migracja.inzynier.rzeszow.pl\/wp-content\/uploads\/2025\/12\/477_IB12_2022_600x823-1.jpg","type":"","width":"","height":""}],"twitter_card":"summary_large_image","twitter_misc":{"Szacowany czas czytania":"2 minuty"},"schema":{"@context":"https:\/\/schema.org","@graph":[{"@type":"WebPage","@id":"https:\/\/inzynier.rzeszow.pl\/index.php\/wydawnictwa-polskiej-izby-inzynierow-budownictwa\/","url":"https:\/\/inzynier.rzeszow.pl\/index.php\/wydawnictwa-polskiej-izby-inzynierow-budownictwa\/","name":"Wydawnictwa Polskiej Izby In\u017cynier\u00f3w Budownictwa - Podkarpacka Okregowa Izba Inzynierow Budownictwa","isPartOf":{"@id":"https:\/\/inzynier.rzeszow.pl\/#website"},"primaryImageOfPage":{"@id":"https:\/\/inzynier.rzeszow.pl\/index.php\/wydawnictwa-polskiej-izby-inzynierow-budownictwa\/#primaryimage"},"image":{"@id":"https:\/\/inzynier.rzeszow.pl\/index.php\/wydawnictwa-polskiej-izby-inzynierow-budownictwa\/#primaryimage"},"thumbnailUrl":"https:\/\/migracja.inzynier.rzeszow.pl\/wp-content\/uploads\/2025\/12\/477_IB12_2022_600x823-1.jpg","datePublished":"2025-12-23T18:31:01+00:00","dateModified":"2026-03-15T10:38:41+00:00","description":"Wydawnictwa Polskiej Izby In\u017cynier\u00f3w Budownictwa \u2013 materia\u0142y bran\u017cowe i edukacyjne dla cz\u0142onk\u00f3w i \u015brodowiska in\u017cynier\u00f3w.","breadcrumb":{"@id":"https:\/\/inzynier.rzeszow.pl\/index.php\/wydawnictwa-polskiej-izby-inzynierow-budownictwa\/#breadcrumb"},"inLanguage":"pl-PL","potentialAction":[{"@type":"ReadAction","target":["https:\/\/inzynier.rzeszow.pl\/index.php\/wydawnictwa-polskiej-izby-inzynierow-budownictwa\/"]}]},{"@type":"ImageObject","inLanguage":"pl-PL","@id":"https:\/\/inzynier.rzeszow.pl\/index.php\/wydawnictwa-polskiej-izby-inzynierow-budownictwa\/#primaryimage","url":"https:\/\/migracja.inzynier.rzeszow.pl\/wp-content\/uploads\/2025\/12\/477_IB12_2022_600x823-1.jpg","contentUrl":"https:\/\/migracja.inzynier.rzeszow.pl\/wp-content\/uploads\/2025\/12\/477_IB12_2022_600x823-1.jpg"},{"@type":"BreadcrumbList","@id":"https:\/\/inzynier.rzeszow.pl\/index.php\/wydawnictwa-polskiej-izby-inzynierow-budownictwa\/#breadcrumb","itemListElement":[{"@type":"ListItem","position":1,"name":"Strona g\u0142\u00f3wna","item":"https:\/\/inzynier.rzeszow.pl\/"},{"@type":"ListItem","position":2,"name":"Wydawnictwa Polskiej Izby In\u017cynier\u00f3w Budownictwa"}]},{"@type":"WebSite","@id":"https:\/\/inzynier.rzeszow.pl\/#website","url":"https:\/\/inzynier.rzeszow.pl\/","name":"Podkarpacka Okregowa Izba Inzynierow Budownictwa","description":"","potentialAction":[{"@type":"SearchAction","target":{"@type":"EntryPoint","urlTemplate":"https:\/\/inzynier.rzeszow.pl\/?s={search_term_string}"},"query-input":{"@type":"PropertyValueSpecification","valueRequired":true,"valueName":"search_term_string"}}],"inLanguage":"pl-PL"}]}},"rttpg_featured_image_url":null,"rttpg_author":{"display_name":"admin","author_link":"https:\/\/inzynier.rzeszow.pl\/index.php\/author\/kwojcik\/"},"rttpg_comment":0,"rttpg_category":null,"rttpg_excerpt":"Wydawnictwa Polskiej Izby In\u017cynier\u00f3w Budownictwa Strona g\u0142\u00f3wna \/ Wydawnictwa Izby \/ Wydawnictwa Polskiej Izby In\u017cynier\u00f3w Budownictwa In\u017cynier Budownictwa Od pierwszej [&hellip;]","_links":{"self":[{"href":"https:\/\/inzynier.rzeszow.pl\/index.php\/wp-json\/wp\/v2\/pages\/1173","targetHints":{"allow":["GET"]}}],"collection":[{"href":"https:\/\/inzynier.rzeszow.pl\/index.php\/wp-json\/wp\/v2\/pages"}],"about":[{"href":"https:\/\/inzynier.rzeszow.pl\/index.php\/wp-json\/wp\/v2\/types\/page"}],"author":[{"embeddable":true,"href":"https:\/\/inzynier.rzeszow.pl\/index.php\/wp-json\/wp\/v2\/users\/1"}],"replies":[{"embeddable":true,"href":"https:\/\/inzynier.rzeszow.pl\/index.php\/wp-json\/wp\/v2\/comments?post=1173"}],"version-history":[{"count":7,"href":"https:\/\/inzynier.rzeszow.pl\/index.php\/wp-json\/wp\/v2\/pages\/1173\/revisions"}],"predecessor-version":[{"id":5251,"href":"https:\/\/inzynier.rzeszow.pl\/index.php\/wp-json\/wp\/v2\/pages\/1173\/revisions\/5251"}],"wp:attachment":[{"href":"https:\/\/inzynier.rzeszow.pl\/index.php\/wp-json\/wp\/v2\/media?parent=1173"}],"curies":[{"name":"wp","href":"https:\/\/api.w.org\/{rel}","templated":true}]}}