{"id":1165,"date":"2025-12-23T18:25:03","date_gmt":"2025-12-23T18:25:03","guid":{"rendered":"https:\/\/migracja.inzynier.rzeszow.pl\/?page_id=1165"},"modified":"2026-03-14T18:35:03","modified_gmt":"2026-03-14T18:35:03","slug":"biuletyny-oiib","status":"publish","type":"page","link":"https:\/\/inzynier.rzeszow.pl\/index.php\/biuletyny-oiib\/","title":{"rendered":"Biuletyny OIIB"},"content":{"rendered":"\t\t<div data-elementor-type=\"wp-page\" data-elementor-id=\"1165\" class=\"elementor elementor-1165\" data-elementor-post-type=\"page\">\n\t\t\t\t<div class=\"elementor-element elementor-element-c6ddcf0 e-flex e-con-boxed e-con e-parent\" data-id=\"c6ddcf0\" data-element_type=\"container\" data-e-type=\"container\" data-settings=\"{&quot;background_background&quot;:&quot;classic&quot;}\">\n\t\t\t\t\t<div class=\"e-con-inner\">\n\t\t<div class=\"elementor-element elementor-element-f90288b e-con-full e-flex e-con e-child\" data-id=\"f90288b\" data-element_type=\"container\" data-e-type=\"container\" data-settings=\"{&quot;background_background&quot;:&quot;classic&quot;}\">\n\t\t\t\t<div class=\"elementor-element elementor-element-63fce6b elementor-widget elementor-widget-heading\" data-id=\"63fce6b\" data-element_type=\"widget\" data-e-type=\"widget\" data-widget_type=\"heading.default\">\n\t\t\t\t\t<h1 class=\"elementor-heading-title elementor-size-default\">Wydawnictwa Okr\u0119gowych Izb In\u017cynier\u00f3w Budownictwa<\/h1>\t\t\t\t<\/div>\n\t\t\t\t<\/div>\n\t\t\t\t\t<\/div>\n\t\t\t\t<\/div>\n\t\t<div class=\"elementor-element elementor-element-b79ae22 e-flex e-con-boxed e-con e-parent\" data-id=\"b79ae22\" data-element_type=\"container\" data-e-type=\"container\">\n\t\t\t\t\t<div class=\"e-con-inner\">\n\t\t\t\t<div class=\"elementor-element elementor-element-7249e99 elementor-widget elementor-widget-text-editor\" data-id=\"7249e99\" data-element_type=\"widget\" data-e-type=\"widget\" data-widget_type=\"text-editor.default\">\n\t\t\t\t\t\t\t\t\t<p><a href=\"https:\/\/inzynier.rzeszow.pl\">Strona g\u0142\u00f3wna <\/a>\/ <a href=\"https:\/\/inzynier.rzeszow.pl\/index.php\/wydawnictwa-izby\/\">Wydawnictwa Izby<\/a> \/ <a href=\"https:\/\/inzynier.rzeszow.pl\/index.php\/biuletyny-oiib\/\">Wydawnictwa Okr\u0119gowych Izb In\u017cynier\u00f3w Budownictwa<\/a><\/p>\t\t\t\t\t\t\t\t<\/div>\n\t\t\t\t\t<\/div>\n\t\t\t\t<\/div>\n\t\t<div class=\"elementor-element elementor-element-c17d5cf e-flex e-con-boxed e-con e-parent\" data-id=\"c17d5cf\" data-element_type=\"container\" data-e-type=\"container\">\n\t\t\t\t\t<div class=\"e-con-inner\">\n\t\t\t\t<div class=\"elementor-element elementor-element-00ba6f6 elementor-widget elementor-widget-tablepress-table\" data-id=\"00ba6f6\" data-element_type=\"widget\" data-e-type=\"widget\" data-widget_type=\"tablepress-table.default\">\n\t\t\t\t\t\n<table id=\"tablepress-3\" class=\"tablepress tablepress-id-3\">\n<thead>\n<tr class=\"row-1\">\n\t<th class=\"column-1\">Oddzia\u0142<\/th><th class=\"column-2\">Nazwa Biuletynu<\/th><th class=\"column-3\">Link<\/th>\n<\/tr>\n<\/thead>\n<tbody class=\"row-striping row-hover\">\n<tr class=\"row-2\">\n\t<td class=\"column-1\">Dolno\u015bl\u0105ska OIIB<\/td><td class=\"column-2\">Budownictwo Dolno\u015bl\u0105skie<\/td><td class=\"column-3\"><a href=\"https:\/\/dos.piib.org.pl\/\" style=\"text-decoration: none; color: #721F4B;\" target=\"_blank\">Zobacz<\/a><\/td>\n<\/tr>\n<tr class=\"row-3\">\n\t<td class=\"column-1\">Kujawska-Pomorska OIIB<\/td><td class=\"column-2\">Aktualno\u015bci<\/td><td class=\"column-3\"><a href=\"https:\/\/kup.piib.org.pl\/\" style=\"text-decoration: none; color: #721F4B;\" target=\"_blank\">Zobacz<\/a><\/td>\n<\/tr>\n<tr class=\"row-4\">\n\t<td class=\"column-1\">Lubelska OIIB<\/td><td class=\"column-2\">Lubelski In\u017cynier Budownctwa<\/td><td class=\"column-3\"><a href=\"https:\/\/lbs.piib.org.pl\/\" style=\"text-decoration: none; color: #721F4B;\" target=\"_blank\">Zobacz<\/a><\/td>\n<\/tr>\n<tr class=\"row-5\">\n\t<td class=\"column-1\">Lubuska OIIB<\/td><td class=\"column-2\">Biuletyn Okr\u0119gowej Izby In\u017cynier\u00f3w Budownictwa<\/td><td class=\"column-3\"><a href=\"https:\/\/lub.piib.org.pl\/\" style=\"text-decoration: none; color: #721F4B;\" target=\"_blank\">Zobacz<\/a><\/td>\n<\/tr>\n<tr class=\"row-6\">\n\t<td class=\"column-1\">\u0141\u00f3dzki OIIB<\/td><td class=\"column-2\">Kwartalnik \u0141\u00f3dzki<\/td><td class=\"column-3\"><a href=\"https:\/\/lod.piib.org.pl\/\" style=\"text-decoration: none; color: #721F4B;\" target=\"_blank\">Zobacz<\/a><\/td>\n<\/tr>\n<tr class=\"row-7\">\n\t<td class=\"column-1\">Ma\u0142opolska OIIB<\/td><td class=\"column-2\">Budowlani<\/td><td class=\"column-3\"><a href=\"https:\/\/map.piib.org.pl\/\" style=\"text-decoration: none; color: #721F4B;\" target=\"_blank\">Zobacz<\/a><\/td>\n<\/tr>\n<tr class=\"row-8\">\n\t<td class=\"column-1\">Mazowiecka OIIB<\/td><td class=\"column-2\">In\u017cynier Mazowsza<\/td><td class=\"column-3\"><a href=\"https:\/\/maz.piib.org.pl\/\" style=\"text-decoration: none; color: #721F4B;\" target=\"_blank\">Zobacz<\/a><\/td>\n<\/tr>\n<tr class=\"row-9\">\n\t<td class=\"column-1\">Opolska OIIB<\/td><td class=\"column-2\">Biuletyn Informacyjny Opolskiej OIIB<\/td><td class=\"column-3\"><a href=\"https:\/\/opl.piib.org.pl\/\" style=\"text-decoration: none; color: #721F4B;\" target=\"_blank\">Zobacz<\/a><\/td>\n<\/tr>\n<tr class=\"row-10\">\n\t<td class=\"column-1\">Podlaska OIIB<\/td><td class=\"column-2\">Biuletyn Informacyjny<\/td><td class=\"column-3\"><a href=\"https:\/\/pdl.piib.org.pl\/\" style=\"text-decoration: none; color: #721F4B;\" target=\"_blank\">Zobacz<\/a><\/td>\n<\/tr>\n<tr class=\"row-11\">\n\t<td class=\"column-1\">Pomorska OIIB<\/td><td class=\"column-2\">Tw\u00f3j Filar<\/td><td class=\"column-3\"><a href=\"https:\/\/pom.piib.org.pl\/\" style=\"text-decoration: none; color: #721F4B;\" target=\"_blank\">Zobacz<\/a><\/td>\n<\/tr>\n<tr class=\"row-12\">\n\t<td class=\"column-1\">\u015al\u0105ska OIIB<\/td><td class=\"column-2\">Informator<\/td><td class=\"column-3\"><a href=\"https:\/\/slk.piib.org.pl\/\" style=\"text-decoration: none; color: #721F4B;\" target=\"_blank\">Zobacz<\/a><\/td>\n<\/tr>\n<tr class=\"row-13\">\n\t<td class=\"column-1\">\u015awi\u0119tokrzyska OIIB<\/td><td class=\"column-2\">Biuletyn \u015awi\u0119tokrzyski<\/td><td class=\"column-3\"><a href=\"https:\/\/swk.piib.org.pl\/\" style=\"text-decoration: none; color: #721F4B;\" target=\"_blank\">Zobacz<\/a><\/td>\n<\/tr>\n<tr class=\"row-14\">\n\t<td class=\"column-1\">Warmi\u0144sko-Mazurska OIIB<\/td><td class=\"column-2\">In\u017cynier Warmii i Mazur<\/td><td class=\"column-3\"><a href=\"https:\/\/wam.piib.org.pl\/\" style=\"text-decoration: none; color: #721F4B;\" target=\"_blank\">Zobacz<\/a><\/td>\n<\/tr>\n<tr class=\"row-15\">\n\t<td class=\"column-1\">Wielkopolska OIIB<\/td><td class=\"column-2\">Biuletyn<\/td><td class=\"column-3\"><a href=\"https:\/\/wkp.piib.org.pl\/\" style=\"text-decoration: none; color: #721F4B;\" target=\"_blank\">Zobacz<\/a><\/td>\n<\/tr>\n<tr class=\"row-16\">\n\t<td class=\"column-1\">Zachodnio-Pomorska OIIB<\/td><td class=\"column-2\">Biuletyn Informacyjny<\/td><td class=\"column-3\"><a href=\"https:\/\/zap.piib.org.pl\/\" style=\"text-decoration: none; color: #721F4B;\" target=\"_blank\">Zobacz<\/a><\/td>\n<\/tr>\n<\/tbody>\n<\/table>\n<!-- #tablepress-3 from cache -->\t\t\t\t<\/div>\n\t\t\t\t\t<\/div>\n\t\t\t\t<\/div>\n\t\t\t\t<\/div>\n\t\t","protected":false},"excerpt":{"rendered":"<p>Wydawnictwa Okr\u0119gowych Izb In\u017cynier\u00f3w Budownictwa Strona g\u0142\u00f3wna \/ Wydawnictwa Izby \/ Wydawnictwa Okr\u0119gowych Izb In\u017cynier\u00f3w Budownictwa Edytuj Oddzia\u0142 Nazwa Biuletynu [&hellip;]<\/p>\n","protected":false},"author":1,"featured_media":0,"parent":0,"menu_order":0,"comment_status":"closed","ping_status":"closed","template":"","meta":{"site-sidebar-layout":"no-sidebar","site-content-layout":"","ast-site-content-layout":"full-width-container","site-content-style":"default","site-sidebar-style":"default","ast-global-header-display":"","ast-banner-title-visibility":"","ast-main-header-display":"","ast-hfb-above-header-display":"","ast-hfb-below-header-display":"","ast-hfb-mobile-header-display":"","site-post-title":"disabled","ast-breadcrumbs-content":"","ast-featured-img":"disabled","footer-sml-layout":"","ast-disable-related-posts":"","theme-transparent-header-meta":"","adv-header-id-meta":"","stick-header-meta":"","header-above-stick-meta":"","header-main-stick-meta":"","header-below-stick-meta":"","astra-migrate-meta-layouts":"default","ast-page-background-enabled":"default","ast-page-background-meta":{"desktop":{"background-color":"var(--ast-global-color-5)","background-image":"","background-repeat":"repeat","background-position":"center center","background-size":"auto","background-attachment":"scroll","background-type":"","background-media":"","overlay-type":"","overlay-color":"","overlay-opacity":"","overlay-gradient":""},"tablet":{"background-color":"","background-image":"","background-repeat":"repeat","background-position":"center center","background-size":"auto","background-attachment":"scroll","background-type":"","background-media":"","overlay-type":"","overlay-color":"","overlay-opacity":"","overlay-gradient":""},"mobile":{"background-color":"","background-image":"","background-repeat":"repeat","background-position":"center center","background-size":"auto","background-attachment":"scroll","background-type":"","background-media":"","overlay-type":"","overlay-color":"","overlay-opacity":"","overlay-gradient":""}},"ast-content-background-meta":{"desktop":{"background-color":"var(--ast-global-color-4)","background-image":"","background-repeat":"repeat","background-position":"center center","background-size":"auto","background-attachment":"scroll","background-type":"","background-media":"","overlay-type":"","overlay-color":"","overlay-opacity":"","overlay-gradient":""},"tablet":{"background-color":"var(--ast-global-color-4)","background-image":"","background-repeat":"repeat","background-position":"center center","background-size":"auto","background-attachment":"scroll","background-type":"","background-media":"","overlay-type":"","overlay-color":"","overlay-opacity":"","overlay-gradient":""},"mobile":{"background-color":"var(--ast-global-color-4)","background-image":"","background-repeat":"repeat","background-position":"center center","background-size":"auto","background-attachment":"scroll","background-type":"","background-media":"","overlay-type":"","overlay-color":"","overlay-opacity":"","overlay-gradient":""}},"footnotes":""},"class_list":["post-1165","page","type-page","status-publish","hentry"],"yoast_head":"<!-- This site is optimized with the Yoast SEO plugin v27.5 - https:\/\/yoast.com\/product\/yoast-seo-wordpress\/ -->\n<title>Biuletyny OIIB - Podkarpacka Okregowa Izba Inzynierow Budownictwa<\/title>\n<meta name=\"description\" content=\"Biuletyn Informacyjny Podkarpackiej Okr\u0119gowej Izby In\u017cynier\u00f3w Budownictwa w Rzeszowie \u2013 archiwum wyda\u0144, aktualno\u015bci bran\u017cowe i informacje dla in\u017cynier\u00f3w.\" \/>\n<meta name=\"robots\" content=\"index, follow, max-snippet:-1, max-image-preview:large, max-video-preview:-1\" \/>\n<link rel=\"canonical\" href=\"https:\/\/inzynier.rzeszow.pl\/index.php\/biuletyny-oiib\/\" \/>\n<meta property=\"og:locale\" content=\"pl_PL\" \/>\n<meta property=\"og:type\" content=\"article\" \/>\n<meta property=\"og:title\" content=\"Biuletyny OIIB - Podkarpacka Okregowa Izba Inzynierow Budownictwa\" \/>\n<meta property=\"og:description\" content=\"Biuletyn Informacyjny Podkarpackiej Okr\u0119gowej Izby In\u017cynier\u00f3w Budownictwa w Rzeszowie \u2013 archiwum wyda\u0144, aktualno\u015bci bran\u017cowe i informacje dla in\u017cynier\u00f3w.\" \/>\n<meta property=\"og:url\" content=\"https:\/\/inzynier.rzeszow.pl\/index.php\/biuletyny-oiib\/\" \/>\n<meta property=\"og:site_name\" content=\"Podkarpacka Okregowa Izba Inzynierow Budownictwa\" \/>\n<meta property=\"article:modified_time\" content=\"2026-03-14T18:35:03+00:00\" \/>\n<meta name=\"twitter:card\" content=\"summary_large_image\" \/>\n<meta name=\"twitter:label1\" content=\"Szacowany czas czytania\" \/>\n\t<meta name=\"twitter:data1\" content=\"1 minuta\" \/>\n<script type=\"application\/ld+json\" class=\"yoast-schema-graph\">{\"@context\":\"https:\\\/\\\/schema.org\",\"@graph\":[{\"@type\":\"WebPage\",\"@id\":\"https:\\\/\\\/inzynier.rzeszow.pl\\\/index.php\\\/biuletyny-oiib\\\/\",\"url\":\"https:\\\/\\\/inzynier.rzeszow.pl\\\/index.php\\\/biuletyny-oiib\\\/\",\"name\":\"Biuletyny OIIB - Podkarpacka Okregowa Izba Inzynierow Budownictwa\",\"isPartOf\":{\"@id\":\"https:\\\/\\\/inzynier.rzeszow.pl\\\/#website\"},\"datePublished\":\"2025-12-23T18:25:03+00:00\",\"dateModified\":\"2026-03-14T18:35:03+00:00\",\"description\":\"Biuletyn Informacyjny Podkarpackiej Okr\u0119gowej Izby In\u017cynier\u00f3w Budownictwa w Rzeszowie \u2013 archiwum wyda\u0144, aktualno\u015bci bran\u017cowe i informacje dla in\u017cynier\u00f3w.\",\"breadcrumb\":{\"@id\":\"https:\\\/\\\/inzynier.rzeszow.pl\\\/index.php\\\/biuletyny-oiib\\\/#breadcrumb\"},\"inLanguage\":\"pl-PL\",\"potentialAction\":[{\"@type\":\"ReadAction\",\"target\":[\"https:\\\/\\\/inzynier.rzeszow.pl\\\/index.php\\\/biuletyny-oiib\\\/\"]}]},{\"@type\":\"BreadcrumbList\",\"@id\":\"https:\\\/\\\/inzynier.rzeszow.pl\\\/index.php\\\/biuletyny-oiib\\\/#breadcrumb\",\"itemListElement\":[{\"@type\":\"ListItem\",\"position\":1,\"name\":\"Strona g\u0142\u00f3wna\",\"item\":\"https:\\\/\\\/inzynier.rzeszow.pl\\\/\"},{\"@type\":\"ListItem\",\"position\":2,\"name\":\"Biuletyny OIIB\"}]},{\"@type\":\"WebSite\",\"@id\":\"https:\\\/\\\/inzynier.rzeszow.pl\\\/#website\",\"url\":\"https:\\\/\\\/inzynier.rzeszow.pl\\\/\",\"name\":\"Podkarpacka Okregowa Izba Inzynierow Budownictwa\",\"description\":\"\",\"potentialAction\":[{\"@type\":\"SearchAction\",\"target\":{\"@type\":\"EntryPoint\",\"urlTemplate\":\"https:\\\/\\\/inzynier.rzeszow.pl\\\/?s={search_term_string}\"},\"query-input\":{\"@type\":\"PropertyValueSpecification\",\"valueRequired\":true,\"valueName\":\"search_term_string\"}}],\"inLanguage\":\"pl-PL\"}]}<\/script>\n<!-- \/ Yoast SEO plugin. -->","yoast_head_json":{"title":"Biuletyny OIIB - Podkarpacka Okregowa Izba Inzynierow Budownictwa","description":"Biuletyn Informacyjny Podkarpackiej Okr\u0119gowej Izby In\u017cynier\u00f3w Budownictwa w Rzeszowie \u2013 archiwum wyda\u0144, aktualno\u015bci bran\u017cowe i informacje dla in\u017cynier\u00f3w.","robots":{"index":"index","follow":"follow","max-snippet":"max-snippet:-1","max-image-preview":"max-image-preview:large","max-video-preview":"max-video-preview:-1"},"canonical":"https:\/\/inzynier.rzeszow.pl\/index.php\/biuletyny-oiib\/","og_locale":"pl_PL","og_type":"article","og_title":"Biuletyny OIIB - Podkarpacka Okregowa Izba Inzynierow Budownictwa","og_description":"Biuletyn Informacyjny Podkarpackiej Okr\u0119gowej Izby In\u017cynier\u00f3w Budownictwa w Rzeszowie \u2013 archiwum wyda\u0144, aktualno\u015bci bran\u017cowe i informacje dla in\u017cynier\u00f3w.","og_url":"https:\/\/inzynier.rzeszow.pl\/index.php\/biuletyny-oiib\/","og_site_name":"Podkarpacka Okregowa Izba Inzynierow Budownictwa","article_modified_time":"2026-03-14T18:35:03+00:00","twitter_card":"summary_large_image","twitter_misc":{"Szacowany czas czytania":"1 minuta"},"schema":{"@context":"https:\/\/schema.org","@graph":[{"@type":"WebPage","@id":"https:\/\/inzynier.rzeszow.pl\/index.php\/biuletyny-oiib\/","url":"https:\/\/inzynier.rzeszow.pl\/index.php\/biuletyny-oiib\/","name":"Biuletyny OIIB - Podkarpacka Okregowa Izba Inzynierow Budownictwa","isPartOf":{"@id":"https:\/\/inzynier.rzeszow.pl\/#website"},"datePublished":"2025-12-23T18:25:03+00:00","dateModified":"2026-03-14T18:35:03+00:00","description":"Biuletyn Informacyjny Podkarpackiej Okr\u0119gowej Izby In\u017cynier\u00f3w Budownictwa w Rzeszowie \u2013 archiwum wyda\u0144, aktualno\u015bci bran\u017cowe i informacje dla in\u017cynier\u00f3w.","breadcrumb":{"@id":"https:\/\/inzynier.rzeszow.pl\/index.php\/biuletyny-oiib\/#breadcrumb"},"inLanguage":"pl-PL","potentialAction":[{"@type":"ReadAction","target":["https:\/\/inzynier.rzeszow.pl\/index.php\/biuletyny-oiib\/"]}]},{"@type":"BreadcrumbList","@id":"https:\/\/inzynier.rzeszow.pl\/index.php\/biuletyny-oiib\/#breadcrumb","itemListElement":[{"@type":"ListItem","position":1,"name":"Strona g\u0142\u00f3wna","item":"https:\/\/inzynier.rzeszow.pl\/"},{"@type":"ListItem","position":2,"name":"Biuletyny OIIB"}]},{"@type":"WebSite","@id":"https:\/\/inzynier.rzeszow.pl\/#website","url":"https:\/\/inzynier.rzeszow.pl\/","name":"Podkarpacka Okregowa Izba Inzynierow Budownictwa","description":"","potentialAction":[{"@type":"SearchAction","target":{"@type":"EntryPoint","urlTemplate":"https:\/\/inzynier.rzeszow.pl\/?s={search_term_string}"},"query-input":{"@type":"PropertyValueSpecification","valueRequired":true,"valueName":"search_term_string"}}],"inLanguage":"pl-PL"}]}},"rttpg_featured_image_url":null,"rttpg_author":{"display_name":"admin","author_link":"https:\/\/inzynier.rzeszow.pl\/index.php\/author\/kwojcik\/"},"rttpg_comment":0,"rttpg_category":null,"rttpg_excerpt":"Wydawnictwa Okr\u0119gowych Izb In\u017cynier\u00f3w Budownictwa Strona g\u0142\u00f3wna \/ Wydawnictwa Izby \/ Wydawnictwa Okr\u0119gowych Izb In\u017cynier\u00f3w Budownictwa Edytuj Oddzia\u0142 Nazwa Biuletynu [&hellip;]","_links":{"self":[{"href":"https:\/\/inzynier.rzeszow.pl\/index.php\/wp-json\/wp\/v2\/pages\/1165","targetHints":{"allow":["GET"]}}],"collection":[{"href":"https:\/\/inzynier.rzeszow.pl\/index.php\/wp-json\/wp\/v2\/pages"}],"about":[{"href":"https:\/\/inzynier.rzeszow.pl\/index.php\/wp-json\/wp\/v2\/types\/page"}],"author":[{"embeddable":true,"href":"https:\/\/inzynier.rzeszow.pl\/index.php\/wp-json\/wp\/v2\/users\/1"}],"replies":[{"embeddable":true,"href":"https:\/\/inzynier.rzeszow.pl\/index.php\/wp-json\/wp\/v2\/comments?post=1165"}],"version-history":[{"count":10,"href":"https:\/\/inzynier.rzeszow.pl\/index.php\/wp-json\/wp\/v2\/pages\/1165\/revisions"}],"predecessor-version":[{"id":5254,"href":"https:\/\/inzynier.rzeszow.pl\/index.php\/wp-json\/wp\/v2\/pages\/1165\/revisions\/5254"}],"wp:attachment":[{"href":"https:\/\/inzynier.rzeszow.pl\/index.php\/wp-json\/wp\/v2\/media?parent=1165"}],"curies":[{"name":"wp","href":"https:\/\/api.w.org\/{rel}","templated":true}]}}