{"id":10492,"date":"2026-05-13T13:09:49","date_gmt":"2026-05-13T12:09:49","guid":{"rendered":"https:\/\/inzynier.rzeszow.pl\/?page_id=10492"},"modified":"2026-05-13T13:46:44","modified_gmt":"2026-05-13T12:46:44","slug":"aplikacja-uprawnienia-budowlane-piib","status":"publish","type":"page","link":"https:\/\/inzynier.rzeszow.pl\/index.php\/aplikacja-uprawnienia-budowlane-piib\/","title":{"rendered":"Aplikacja Uprawnienia Budowlane PIIB"},"content":{"rendered":"\t\t<div data-elementor-type=\"wp-page\" data-elementor-id=\"10492\" class=\"elementor elementor-10492\" data-elementor-post-type=\"page\">\n\t\t\t\t<div class=\"elementor-element elementor-element-c6ddcf0 e-flex e-con-boxed e-con e-parent\" data-id=\"c6ddcf0\" data-element_type=\"container\" data-e-type=\"container\" data-settings=\"{&quot;background_background&quot;:&quot;classic&quot;}\">\n\t\t\t\t\t<div class=\"e-con-inner\">\n\t\t<div class=\"elementor-element elementor-element-f90288b e-con-full e-flex e-con e-child\" data-id=\"f90288b\" data-element_type=\"container\" data-e-type=\"container\" data-settings=\"{&quot;background_background&quot;:&quot;classic&quot;}\">\n\t\t\t\t<div class=\"elementor-element elementor-element-63fce6b elementor-widget elementor-widget-heading\" data-id=\"63fce6b\" data-element_type=\"widget\" data-e-type=\"widget\" data-widget_type=\"heading.default\">\n\t\t\t\t\t<h1 class=\"elementor-heading-title elementor-size-default\">Aplikacja Uprawnienia  Budowlane PIIB<\/h1>\t\t\t\t<\/div>\n\t\t\t\t<\/div>\n\t\t\t\t\t<\/div>\n\t\t\t\t<\/div>\n\t\t<div class=\"elementor-element elementor-element-b79ae22 e-flex e-con-boxed e-con e-parent\" data-id=\"b79ae22\" data-element_type=\"container\" data-e-type=\"container\">\n\t\t\t\t\t<div class=\"e-con-inner\">\n\t\t\t\t<div class=\"elementor-element elementor-element-7249e99 elementor-widget elementor-widget-text-editor\" data-id=\"7249e99\" data-element_type=\"widget\" data-e-type=\"widget\" data-widget_type=\"text-editor.default\">\n\t\t\t\t\t\t\t\t\t<p><a href=\"https:\/\/inzynier.rzeszow.pl\">Strona g\u0142\u00f3wna <\/a>\/ <a href=\"http:\/\/aplikacja-uprawnienia-budowlane-piib\" data-wplink-url-error=\"true\">Aplikacja Uprawnienia Budowlane PIIB<\/a><\/p>\t\t\t\t\t\t\t\t<\/div>\n\t\t\t\t\t<\/div>\n\t\t\t\t<\/div>\n\t\t<div class=\"elementor-element elementor-element-5995fab e-flex e-con-boxed e-con e-parent\" data-id=\"5995fab\" data-element_type=\"container\" data-e-type=\"container\">\n\t\t\t\t\t<div class=\"e-con-inner\">\n\t\t<div class=\"elementor-element elementor-element-85e9d9e e-con-full e-flex e-con e-child\" data-id=\"85e9d9e\" data-element_type=\"container\" data-e-type=\"container\">\n\t\t\t\t<div class=\"elementor-element elementor-element-6cefa07 elementor-widget elementor-widget-image\" data-id=\"6cefa07\" data-element_type=\"widget\" data-e-type=\"widget\" data-widget_type=\"image.default\">\n\t\t\t\t\t\t\t\t\t\t\t\t\t\t\t<img fetchpriority=\"high\" decoding=\"async\" width=\"580\" height=\"725\" src=\"https:\/\/inzynier.rzeszow.pl\/wp-content\/uploads\/2026\/05\/aplikacja_egzamin.jpg\" class=\"attachment-large size-large wp-image-10494\" alt=\"\" srcset=\"https:\/\/inzynier.rzeszow.pl\/wp-content\/uploads\/2026\/05\/aplikacja_egzamin.jpg 580w, https:\/\/inzynier.rzeszow.pl\/wp-content\/uploads\/2026\/05\/aplikacja_egzamin-240x300.jpg 240w\" sizes=\"(max-width: 580px) 100vw, 580px\" \/>\t\t\t\t\t\t\t\t\t\t\t\t\t\t\t<\/div>\n\t\t\t\t<\/div>\n\t\t<div class=\"elementor-element elementor-element-25bfddf e-con-full e-flex e-con e-child\" data-id=\"25bfddf\" data-element_type=\"container\" data-e-type=\"container\">\n\t\t\t\t<div class=\"elementor-element elementor-element-e34695f elementor-widget elementor-widget-text-editor\" data-id=\"e34695f\" data-element_type=\"widget\" data-e-type=\"widget\" data-widget_type=\"text-editor.default\">\n\t\t\t\t\t\t\t\t\t<p><strong>Aplikacja Uprawnienia Budowlane PIIB <\/strong>(<strong>UB PIIB<\/strong>) zosta\u0142a opracowana przez Polsk\u0105 Izb\u0119 In\u017cynier\u00f3w Budownictwa.<\/p><p>Przygotowuje ona\u00a0do pisemnej cz\u0119\u015bci egzaminu na uprawnienia budowlane, zapewniaj\u0105c dost\u0119p do aktualnej bazy pyta\u0144 testowych dla wszystkich specjalno\u015bci i zakres\u00f3w uprawnie\u0144 budowlanych, nadawanych przez PIIB. Baza obejmuje aktualny zestaw pyta\u0144 wykorzystywanych w kolejnych sesjach egzaminacyjnych.<\/p><p><strong>Aplikacja<\/strong>\u00a0jest dost\u0119pna tylko i wy\u0142\u0105cznie dla Kandydat\u00f3w ubiegaj\u0105cych si\u0119 o nadanie uprawnie\u0144 budowlanych w najbli\u017cszej sesji egzaminacyjnej, kt\u00f3rzy:<\/p><ul><li>b\u0119d\u0105 zarejestrowani poprzez\u00a0<strong><em>System rejestracji kandydat\u00f3w na portalu PIIB (System<\/em><\/strong>),<\/li><li>z\u0142o\u017cyli wniosek o nadanie uprawnie\u0144 budowlanych \u0142\u0105cznie z dowodem uiszczenia pierwszej raty op\u0142aty za post\u0119powanie kwalifikacyjne,<\/li><li>b\u0119d\u0119 mieli potwierdzenie w\u00a0<strong><em>Systemie<\/em><\/strong>\u00a0z\u0142o\u017cenie w\/w dowodu op\u0142aty zaznaczone (potwierdzone) przez Okr\u0119gow\u0105 Komisj\u0119 Kwalifikacyjn\u0105 PDK OIIB.<\/li><\/ul><p>Do\u00a0<strong>Aplikacji<\/strong>\u00a0b\u0119d\u0105 mia\u0142y dost\u0119p r\u00f3wnie\u017c osoby, kt\u00f3re z\u0142o\u017cy\u0142y wnioski o nadanie uprawnie\u0144 w poprzednich sesjach, ale nie przyst\u0105pi\u0142y do egzaminu testowego, b\u0105d\u017a go nie zda\u0142y <br \/>i legitymuj\u0105 si\u0119 dowodem op\u0142aty za post\u0119powanie kwalifikacyjne oraz potwierdzi\u0142y w OKK ch\u0119\u0107 przyst\u0105pienia do egzaminu w bie\u017c\u0105cej sesji, poprzez z\u0142o\u017cenie wniosku o wyznaczenie terminu egzaminu.<\/p><p>Warunkiem uzyskania dost\u0119pu do\u00a0<strong>Aplikacji<\/strong>\u00a0jest r\u00f3wnie\u017c zarejestrowanie si\u0119 w\u00a0<strong><em>Systemie<\/em><\/strong>\u00a0na portalu PIIB i potwierdzenie dowodu op\u0142aty przez OKK PDK OIIB.<br \/>Aplikacja b\u0119dzie dost\u0119pna przez okre\u015blony czas, w zale\u017cno\u015bci od sesji egzaminacyjnej: od 1 marca w przypadku sesji wiosennej lub 1 wrze\u015bnia w przypadku sesji jesiennej.<\/p><p>\u00a0<\/p>\t\t\t\t\t\t\t\t<\/div>\n\t\t\t\t<\/div>\n\t\t\t\t\t<\/div>\n\t\t\t\t<\/div>\n\t\t<div class=\"elementor-element elementor-element-d37e407 e-flex e-con-boxed e-con e-parent\" data-id=\"d37e407\" data-element_type=\"container\" data-e-type=\"container\">\n\t\t\t\t\t<div class=\"e-con-inner\">\n\t\t\t\t<div class=\"elementor-element elementor-element-3c3f167 elementor-icon-list--layout-traditional elementor-list-item-link-full_width elementor-widget elementor-widget-icon-list\" data-id=\"3c3f167\" data-element_type=\"widget\" data-e-type=\"widget\" data-widget_type=\"icon-list.default\">\n\t\t\t\t\t\t\t<ul class=\"elementor-icon-list-items\">\n\t\t\t\t\t\t\t<li class=\"elementor-icon-list-item\">\n\t\t\t\t\t\t\t\t\t\t\t<a href=\"https:\/\/uprawnienia.piib.org.pl\">\n\n\t\t\t\t\t\t\t\t\t\t\t\t<span class=\"elementor-icon-list-icon\">\n\t\t\t\t\t\t\t<svg aria-hidden=\"true\" class=\"e-font-icon-svg e-fas-arrow-circle-right\" viewBox=\"0 0 512 512\" xmlns=\"http:\/\/www.w3.org\/2000\/svg\"><path d=\"M256 8c137 0 248 111 248 248S393 504 256 504 8 393 8 256 119 8 256 8zm-28.9 143.6l75.5 72.4H120c-13.3 0-24 10.7-24 24v16c0 13.3 10.7 24 24 24h182.6l-75.5 72.4c-9.7 9.3-9.9 24.8-.4 34.3l11 10.9c9.4 9.4 24.6 9.4 33.9 0L404.3 273c9.4-9.4 9.4-24.6 0-33.9L271.6 106.3c-9.4-9.4-24.6-9.4-33.9 0l-11 10.9c-9.5 9.6-9.3 25.1.4 34.4z\"><\/path><\/svg>\t\t\t\t\t\t<\/span>\n\t\t\t\t\t\t\t\t\t\t<span class=\"elementor-icon-list-text\">Proces rejestracji i u\u017cywania Aplikacji oraz wszystkie informacje dotycz\u0105ce produktu &gt;&gt;<\/span>\n\t\t\t\t\t\t\t\t\t\t\t<\/a>\n\t\t\t\t\t\t\t\t\t<\/li>\n\t\t\t\t\t\t\t\t<li class=\"elementor-icon-list-item\">\n\t\t\t\t\t\t\t\t\t\t\t<a href=\"https:\/\/play.google.com\/store\/apps\/details?id=pl.org.piib.uprawnieniabudowlane\">\n\n\t\t\t\t\t\t\t\t\t\t\t\t<span class=\"elementor-icon-list-icon\">\n\t\t\t\t\t\t\t<svg aria-hidden=\"true\" class=\"e-font-icon-svg e-fas-arrow-circle-right\" viewBox=\"0 0 512 512\" xmlns=\"http:\/\/www.w3.org\/2000\/svg\"><path d=\"M256 8c137 0 248 111 248 248S393 504 256 504 8 393 8 256 119 8 256 8zm-28.9 143.6l75.5 72.4H120c-13.3 0-24 10.7-24 24v16c0 13.3 10.7 24 24 24h182.6l-75.5 72.4c-9.7 9.3-9.9 24.8-.4 34.3l11 10.9c9.4 9.4 24.6 9.4 33.9 0L404.3 273c9.4-9.4 9.4-24.6 0-33.9L271.6 106.3c-9.4-9.4-24.6-9.4-33.9 0l-11 10.9c-9.5 9.6-9.3 25.1.4 34.4z\"><\/path><\/svg>\t\t\t\t\t\t<\/span>\n\t\t\t\t\t\t\t\t\t\t<span class=\"elementor-icon-list-text\">Aplikacja jest dost\u0119pna w sklepie Google Play - pobierz aplikacj\u0119 &gt;&gt;<\/span>\n\t\t\t\t\t\t\t\t\t\t\t<\/a>\n\t\t\t\t\t\t\t\t\t<\/li>\n\t\t\t\t\t\t\t\t<li class=\"elementor-icon-list-item\">\n\t\t\t\t\t\t\t\t\t\t\t<a href=\"https:\/\/apps.apple.com\/pl\/app\/uprawnienia-budowlane-piib\/id6448839164\">\n\n\t\t\t\t\t\t\t\t\t\t\t\t<span class=\"elementor-icon-list-icon\">\n\t\t\t\t\t\t\t<svg aria-hidden=\"true\" class=\"e-font-icon-svg e-fas-arrow-circle-right\" viewBox=\"0 0 512 512\" xmlns=\"http:\/\/www.w3.org\/2000\/svg\"><path d=\"M256 8c137 0 248 111 248 248S393 504 256 504 8 393 8 256 119 8 256 8zm-28.9 143.6l75.5 72.4H120c-13.3 0-24 10.7-24 24v16c0 13.3 10.7 24 24 24h182.6l-75.5 72.4c-9.7 9.3-9.9 24.8-.4 34.3l11 10.9c9.4 9.4 24.6 9.4 33.9 0L404.3 273c9.4-9.4 9.4-24.6 0-33.9L271.6 106.3c-9.4-9.4-24.6-9.4-33.9 0l-11 10.9c-9.5 9.6-9.3 25.1.4 34.4z\"><\/path><\/svg>\t\t\t\t\t\t<\/span>\n\t\t\t\t\t\t\t\t\t\t<span class=\"elementor-icon-list-text\">Apple App Store - pobierz aplikacj\u0119 &gt;&gt;<\/span>\n\t\t\t\t\t\t\t\t\t\t\t<\/a>\n\t\t\t\t\t\t\t\t\t<\/li>\n\t\t\t\t\t\t<\/ul>\n\t\t\t\t\t\t<\/div>\n\t\t\t\t\t<\/div>\n\t\t\t\t<\/div>\n\t\t<div class=\"elementor-element elementor-element-7c3f664 e-flex e-con-boxed e-con e-parent\" data-id=\"7c3f664\" data-element_type=\"container\" data-e-type=\"container\">\n\t\t\t\t\t<div class=\"e-con-inner\">\n\t\t<div class=\"elementor-element elementor-element-c55329e e-con-full e-flex e-con e-child\" data-id=\"c55329e\" data-element_type=\"container\" data-e-type=\"container\" data-settings=\"{&quot;background_background&quot;:&quot;classic&quot;}\">\n\t\t\t\t<div class=\"elementor-element elementor-element-72e5f3d elementor-widget elementor-widget-heading\" data-id=\"72e5f3d\" data-element_type=\"widget\" data-e-type=\"widget\" data-widget_type=\"heading.default\">\n\t\t\t\t\t<h2 class=\"elementor-heading-title elementor-size-default\">Administratorem aplikacji jest Polska Izba In\u017cynier\u00f3w Budownictwa<\/h2>\t\t\t\t<\/div>\n\t\t\t\t<\/div>\n\t\t\t\t<div class=\"elementor-element elementor-element-65e3711 elementor-widget elementor-widget-text-editor\" data-id=\"65e3711\" data-element_type=\"widget\" data-e-type=\"widget\" data-widget_type=\"text-editor.default\">\n\t\t\t\t\t\t\t\t\t<p>Polska Izba In\u017cynier\u00f3w Budownictwa<br \/>ul. Kujawska 1<br \/>00-793 Warszawa,<br \/><a href=\"mailto:biuro@piib.org.pl\">biuro@piib.org.pl<\/a><br \/><a href=\"tel:+48228283189\">Tel: +48 22 828 31 89<\/a><\/p><p>Numery wewn\u0119trzne:<br \/>Kraj. Kom. Kwalifikacyjna:<br \/>Aplikacja UB PIIB, egzaminy: 103<\/p>\t\t\t\t\t\t\t\t<\/div>\n\t\t\t\t\t<\/div>\n\t\t\t\t<\/div>\n\t\t\t\t<\/div>\n\t\t","protected":false},"excerpt":{"rendered":"<p>Aplikacja Uprawnienia Budowlane PIIB Strona g\u0142\u00f3wna \/ Aplikacja Uprawnienia Budowlane PIIB Aplikacja Uprawnienia Budowlane PIIB (UB PIIB) zosta\u0142a opracowana przez [&hellip;]<\/p>\n","protected":false},"author":5,"featured_media":0,"parent":0,"menu_order":0,"comment_status":"closed","ping_status":"closed","template":"","meta":{"site-sidebar-layout":"no-sidebar","site-content-layout":"","ast-site-content-layout":"full-width-container","site-content-style":"default","site-sidebar-style":"default","ast-global-header-display":"","ast-banner-title-visibility":"","ast-main-header-display":"","ast-hfb-above-header-display":"","ast-hfb-below-header-display":"","ast-hfb-mobile-header-display":"","site-post-title":"disabled","ast-breadcrumbs-content":"","ast-featured-img":"disabled","footer-sml-layout":"","ast-disable-related-posts":"","theme-transparent-header-meta":"","adv-header-id-meta":"","stick-header-meta":"","header-above-stick-meta":"","header-main-stick-meta":"","header-below-stick-meta":"","astra-migrate-meta-layouts":"default","ast-page-background-enabled":"default","ast-page-background-meta":{"desktop":{"background-color":"var(--ast-global-color-5)","background-image":"","background-repeat":"repeat","background-position":"center center","background-size":"auto","background-attachment":"scroll","background-type":"","background-media":"","overlay-type":"","overlay-color":"","overlay-opacity":"","overlay-gradient":""},"tablet":{"background-color":"","background-image":"","background-repeat":"repeat","background-position":"center center","background-size":"auto","background-attachment":"scroll","background-type":"","background-media":"","overlay-type":"","overlay-color":"","overlay-opacity":"","overlay-gradient":""},"mobile":{"background-color":"","background-image":"","background-repeat":"repeat","background-position":"center center","background-size":"auto","background-attachment":"scroll","background-type":"","background-media":"","overlay-type":"","overlay-color":"","overlay-opacity":"","overlay-gradient":""}},"ast-content-background-meta":{"desktop":{"background-color":"var(--ast-global-color-4)","background-image":"","background-repeat":"repeat","background-position":"center center","background-size":"auto","background-attachment":"scroll","background-type":"","background-media":"","overlay-type":"","overlay-color":"","overlay-opacity":"","overlay-gradient":""},"tablet":{"background-color":"var(--ast-global-color-4)","background-image":"","background-repeat":"repeat","background-position":"center center","background-size":"auto","background-attachment":"scroll","background-type":"","background-media":"","overlay-type":"","overlay-color":"","overlay-opacity":"","overlay-gradient":""},"mobile":{"background-color":"var(--ast-global-color-4)","background-image":"","background-repeat":"repeat","background-position":"center center","background-size":"auto","background-attachment":"scroll","background-type":"","background-media":"","overlay-type":"","overlay-color":"","overlay-opacity":"","overlay-gradient":""}},"footnotes":""},"class_list":["post-10492","page","type-page","status-publish","hentry"],"yoast_head":"<!-- This site is optimized with the Yoast SEO plugin v27.6 - https:\/\/yoast.com\/product\/yoast-seo-wordpress\/ -->\n<title>Aplikacja Uprawnienia Budowlane PIIB - Podkarpacka Okregowa Izba Inzynierow Budownictwa<\/title>\n<meta name=\"description\" content=\"Sprawd\u017a aktualne op\u0142aty obowi\u0105zuj\u0105ce w PDK OIIB, w tym sk\u0142adki cz\u0142onkowskie oraz inne op\u0142aty zwi\u0105zane z dzia\u0142alno\u015bci\u0105 Izby In\u017cynier\u00f3w Budownictwa.\" \/>\n<meta name=\"robots\" content=\"index, follow, max-snippet:-1, max-image-preview:large, max-video-preview:-1\" \/>\n<link rel=\"canonical\" href=\"https:\/\/inzynier.rzeszow.pl\/index.php\/aplikacja-uprawnienia-budowlane-piib\/\" \/>\n<meta property=\"og:locale\" content=\"pl_PL\" \/>\n<meta property=\"og:type\" content=\"article\" \/>\n<meta property=\"og:title\" content=\"Aplikacja Uprawnienia Budowlane PIIB - Podkarpacka Okregowa Izba Inzynierow Budownictwa\" \/>\n<meta property=\"og:description\" content=\"Sprawd\u017a aktualne op\u0142aty obowi\u0105zuj\u0105ce w PDK OIIB, w tym sk\u0142adki cz\u0142onkowskie oraz inne op\u0142aty zwi\u0105zane z dzia\u0142alno\u015bci\u0105 Izby In\u017cynier\u00f3w Budownictwa.\" \/>\n<meta property=\"og:url\" content=\"https:\/\/inzynier.rzeszow.pl\/index.php\/aplikacja-uprawnienia-budowlane-piib\/\" \/>\n<meta property=\"og:site_name\" content=\"Podkarpacka Okregowa Izba Inzynierow Budownictwa\" \/>\n<meta property=\"article:modified_time\" content=\"2026-05-13T12:46:44+00:00\" \/>\n<meta property=\"og:image\" content=\"https:\/\/inzynier.rzeszow.pl\/wp-content\/uploads\/2026\/05\/aplikacja_egzamin.jpg\" \/>\n\t<meta property=\"og:image:width\" content=\"580\" \/>\n\t<meta property=\"og:image:height\" content=\"725\" \/>\n\t<meta property=\"og:image:type\" content=\"image\/jpeg\" \/>\n<meta name=\"twitter:card\" content=\"summary_large_image\" \/>\n<meta name=\"twitter:label1\" content=\"Szacowany czas czytania\" \/>\n\t<meta name=\"twitter:data1\" content=\"2 minuty\" \/>\n<script type=\"application\/ld+json\" class=\"yoast-schema-graph\">{\"@context\":\"https:\\\/\\\/schema.org\",\"@graph\":[{\"@type\":\"WebPage\",\"@id\":\"https:\\\/\\\/inzynier.rzeszow.pl\\\/index.php\\\/aplikacja-uprawnienia-budowlane-piib\\\/\",\"url\":\"https:\\\/\\\/inzynier.rzeszow.pl\\\/index.php\\\/aplikacja-uprawnienia-budowlane-piib\\\/\",\"name\":\"Aplikacja Uprawnienia Budowlane PIIB - Podkarpacka Okregowa Izba Inzynierow Budownictwa\",\"isPartOf\":{\"@id\":\"https:\\\/\\\/inzynier.rzeszow.pl\\\/#website\"},\"primaryImageOfPage\":{\"@id\":\"https:\\\/\\\/inzynier.rzeszow.pl\\\/index.php\\\/aplikacja-uprawnienia-budowlane-piib\\\/#primaryimage\"},\"image\":{\"@id\":\"https:\\\/\\\/inzynier.rzeszow.pl\\\/index.php\\\/aplikacja-uprawnienia-budowlane-piib\\\/#primaryimage\"},\"thumbnailUrl\":\"https:\\\/\\\/inzynier.rzeszow.pl\\\/wp-content\\\/uploads\\\/2026\\\/05\\\/aplikacja_egzamin.jpg\",\"datePublished\":\"2026-05-13T12:09:49+00:00\",\"dateModified\":\"2026-05-13T12:46:44+00:00\",\"description\":\"Sprawd\u017a aktualne op\u0142aty obowi\u0105zuj\u0105ce w PDK OIIB, w tym sk\u0142adki cz\u0142onkowskie oraz inne op\u0142aty zwi\u0105zane z dzia\u0142alno\u015bci\u0105 Izby In\u017cynier\u00f3w Budownictwa.\",\"breadcrumb\":{\"@id\":\"https:\\\/\\\/inzynier.rzeszow.pl\\\/index.php\\\/aplikacja-uprawnienia-budowlane-piib\\\/#breadcrumb\"},\"inLanguage\":\"pl-PL\",\"potentialAction\":[{\"@type\":\"ReadAction\",\"target\":[\"https:\\\/\\\/inzynier.rzeszow.pl\\\/index.php\\\/aplikacja-uprawnienia-budowlane-piib\\\/\"]}]},{\"@type\":\"ImageObject\",\"inLanguage\":\"pl-PL\",\"@id\":\"https:\\\/\\\/inzynier.rzeszow.pl\\\/index.php\\\/aplikacja-uprawnienia-budowlane-piib\\\/#primaryimage\",\"url\":\"https:\\\/\\\/inzynier.rzeszow.pl\\\/wp-content\\\/uploads\\\/2026\\\/05\\\/aplikacja_egzamin.jpg\",\"contentUrl\":\"https:\\\/\\\/inzynier.rzeszow.pl\\\/wp-content\\\/uploads\\\/2026\\\/05\\\/aplikacja_egzamin.jpg\",\"width\":580,\"height\":725},{\"@type\":\"BreadcrumbList\",\"@id\":\"https:\\\/\\\/inzynier.rzeszow.pl\\\/index.php\\\/aplikacja-uprawnienia-budowlane-piib\\\/#breadcrumb\",\"itemListElement\":[{\"@type\":\"ListItem\",\"position\":1,\"name\":\"Strona g\u0142\u00f3wna\",\"item\":\"https:\\\/\\\/inzynier.rzeszow.pl\\\/\"},{\"@type\":\"ListItem\",\"position\":2,\"name\":\"Aplikacja Uprawnienia Budowlane PIIB\"}]},{\"@type\":\"WebSite\",\"@id\":\"https:\\\/\\\/inzynier.rzeszow.pl\\\/#website\",\"url\":\"https:\\\/\\\/inzynier.rzeszow.pl\\\/\",\"name\":\"Podkarpacka Okregowa Izba Inzynierow Budownictwa\",\"description\":\"\",\"potentialAction\":[{\"@type\":\"SearchAction\",\"target\":{\"@type\":\"EntryPoint\",\"urlTemplate\":\"https:\\\/\\\/inzynier.rzeszow.pl\\\/?s={search_term_string}\"},\"query-input\":{\"@type\":\"PropertyValueSpecification\",\"valueRequired\":true,\"valueName\":\"search_term_string\"}}],\"inLanguage\":\"pl-PL\"}]}<\/script>\n<!-- \/ Yoast SEO plugin. -->","yoast_head_json":{"title":"Aplikacja Uprawnienia Budowlane PIIB - Podkarpacka Okregowa Izba Inzynierow Budownictwa","description":"Sprawd\u017a aktualne op\u0142aty obowi\u0105zuj\u0105ce w PDK OIIB, w tym sk\u0142adki cz\u0142onkowskie oraz inne op\u0142aty zwi\u0105zane z dzia\u0142alno\u015bci\u0105 Izby In\u017cynier\u00f3w Budownictwa.","robots":{"index":"index","follow":"follow","max-snippet":"max-snippet:-1","max-image-preview":"max-image-preview:large","max-video-preview":"max-video-preview:-1"},"canonical":"https:\/\/inzynier.rzeszow.pl\/index.php\/aplikacja-uprawnienia-budowlane-piib\/","og_locale":"pl_PL","og_type":"article","og_title":"Aplikacja Uprawnienia Budowlane PIIB - Podkarpacka Okregowa Izba Inzynierow Budownictwa","og_description":"Sprawd\u017a aktualne op\u0142aty obowi\u0105zuj\u0105ce w PDK OIIB, w tym sk\u0142adki cz\u0142onkowskie oraz inne op\u0142aty zwi\u0105zane z dzia\u0142alno\u015bci\u0105 Izby In\u017cynier\u00f3w Budownictwa.","og_url":"https:\/\/inzynier.rzeszow.pl\/index.php\/aplikacja-uprawnienia-budowlane-piib\/","og_site_name":"Podkarpacka Okregowa Izba Inzynierow Budownictwa","article_modified_time":"2026-05-13T12:46:44+00:00","og_image":[{"width":580,"height":725,"url":"https:\/\/inzynier.rzeszow.pl\/wp-content\/uploads\/2026\/05\/aplikacja_egzamin.jpg","type":"image\/jpeg"}],"twitter_card":"summary_large_image","twitter_misc":{"Szacowany czas czytania":"2 minuty"},"schema":{"@context":"https:\/\/schema.org","@graph":[{"@type":"WebPage","@id":"https:\/\/inzynier.rzeszow.pl\/index.php\/aplikacja-uprawnienia-budowlane-piib\/","url":"https:\/\/inzynier.rzeszow.pl\/index.php\/aplikacja-uprawnienia-budowlane-piib\/","name":"Aplikacja Uprawnienia Budowlane PIIB - Podkarpacka Okregowa Izba Inzynierow Budownictwa","isPartOf":{"@id":"https:\/\/inzynier.rzeszow.pl\/#website"},"primaryImageOfPage":{"@id":"https:\/\/inzynier.rzeszow.pl\/index.php\/aplikacja-uprawnienia-budowlane-piib\/#primaryimage"},"image":{"@id":"https:\/\/inzynier.rzeszow.pl\/index.php\/aplikacja-uprawnienia-budowlane-piib\/#primaryimage"},"thumbnailUrl":"https:\/\/inzynier.rzeszow.pl\/wp-content\/uploads\/2026\/05\/aplikacja_egzamin.jpg","datePublished":"2026-05-13T12:09:49+00:00","dateModified":"2026-05-13T12:46:44+00:00","description":"Sprawd\u017a aktualne op\u0142aty obowi\u0105zuj\u0105ce w PDK OIIB, w tym sk\u0142adki cz\u0142onkowskie oraz inne op\u0142aty zwi\u0105zane z dzia\u0142alno\u015bci\u0105 Izby In\u017cynier\u00f3w Budownictwa.","breadcrumb":{"@id":"https:\/\/inzynier.rzeszow.pl\/index.php\/aplikacja-uprawnienia-budowlane-piib\/#breadcrumb"},"inLanguage":"pl-PL","potentialAction":[{"@type":"ReadAction","target":["https:\/\/inzynier.rzeszow.pl\/index.php\/aplikacja-uprawnienia-budowlane-piib\/"]}]},{"@type":"ImageObject","inLanguage":"pl-PL","@id":"https:\/\/inzynier.rzeszow.pl\/index.php\/aplikacja-uprawnienia-budowlane-piib\/#primaryimage","url":"https:\/\/inzynier.rzeszow.pl\/wp-content\/uploads\/2026\/05\/aplikacja_egzamin.jpg","contentUrl":"https:\/\/inzynier.rzeszow.pl\/wp-content\/uploads\/2026\/05\/aplikacja_egzamin.jpg","width":580,"height":725},{"@type":"BreadcrumbList","@id":"https:\/\/inzynier.rzeszow.pl\/index.php\/aplikacja-uprawnienia-budowlane-piib\/#breadcrumb","itemListElement":[{"@type":"ListItem","position":1,"name":"Strona g\u0142\u00f3wna","item":"https:\/\/inzynier.rzeszow.pl\/"},{"@type":"ListItem","position":2,"name":"Aplikacja Uprawnienia Budowlane PIIB"}]},{"@type":"WebSite","@id":"https:\/\/inzynier.rzeszow.pl\/#website","url":"https:\/\/inzynier.rzeszow.pl\/","name":"Podkarpacka Okregowa Izba Inzynierow Budownictwa","description":"","potentialAction":[{"@type":"SearchAction","target":{"@type":"EntryPoint","urlTemplate":"https:\/\/inzynier.rzeszow.pl\/?s={search_term_string}"},"query-input":{"@type":"PropertyValueSpecification","valueRequired":true,"valueName":"search_term_string"}}],"inLanguage":"pl-PL"}]}},"rttpg_featured_image_url":null,"rttpg_author":{"display_name":"Bo\u017cena Baron","author_link":"https:\/\/inzynier.rzeszow.pl\/index.php\/author\/bbaron\/"},"rttpg_comment":0,"rttpg_category":null,"rttpg_excerpt":"Aplikacja Uprawnienia Budowlane PIIB Strona g\u0142\u00f3wna \/ Aplikacja Uprawnienia Budowlane PIIB Aplikacja Uprawnienia Budowlane PIIB (UB PIIB) zosta\u0142a opracowana przez [&hellip;]","_links":{"self":[{"href":"https:\/\/inzynier.rzeszow.pl\/index.php\/wp-json\/wp\/v2\/pages\/10492","targetHints":{"allow":["GET"]}}],"collection":[{"href":"https:\/\/inzynier.rzeszow.pl\/index.php\/wp-json\/wp\/v2\/pages"}],"about":[{"href":"https:\/\/inzynier.rzeszow.pl\/index.php\/wp-json\/wp\/v2\/types\/page"}],"author":[{"embeddable":true,"href":"https:\/\/inzynier.rzeszow.pl\/index.php\/wp-json\/wp\/v2\/users\/5"}],"replies":[{"embeddable":true,"href":"https:\/\/inzynier.rzeszow.pl\/index.php\/wp-json\/wp\/v2\/comments?post=10492"}],"version-history":[{"count":24,"href":"https:\/\/inzynier.rzeszow.pl\/index.php\/wp-json\/wp\/v2\/pages\/10492\/revisions"}],"predecessor-version":[{"id":10518,"href":"https:\/\/inzynier.rzeszow.pl\/index.php\/wp-json\/wp\/v2\/pages\/10492\/revisions\/10518"}],"wp:attachment":[{"href":"https:\/\/inzynier.rzeszow.pl\/index.php\/wp-json\/wp\/v2\/media?parent=10492"}],"curies":[{"name":"wp","href":"https:\/\/api.w.org\/{rel}","templated":true}]}}