{"id":1003,"date":"2025-12-23T10:57:56","date_gmt":"2025-12-23T10:57:56","guid":{"rendered":"https:\/\/migracja.inzynier.rzeszow.pl\/?page_id=1003"},"modified":"2026-03-15T09:06:56","modified_gmt":"2026-03-15T08:06:56","slug":"gunb","status":"publish","type":"page","link":"https:\/\/inzynier.rzeszow.pl\/index.php\/gunb\/","title":{"rendered":"GUNB"},"content":{"rendered":"\t\t<div data-elementor-type=\"wp-page\" data-elementor-id=\"1003\" class=\"elementor elementor-1003\" data-elementor-post-type=\"page\">\n\t\t\t\t<div class=\"elementor-element elementor-element-c6ddcf0 e-flex e-con-boxed e-con e-parent\" data-id=\"c6ddcf0\" data-element_type=\"container\" data-e-type=\"container\" data-settings=\"{&quot;background_background&quot;:&quot;classic&quot;}\">\n\t\t\t\t\t<div class=\"e-con-inner\">\n\t\t<div class=\"elementor-element elementor-element-f90288b e-con-full e-flex e-con e-child\" data-id=\"f90288b\" data-element_type=\"container\" data-e-type=\"container\" data-settings=\"{&quot;background_background&quot;:&quot;classic&quot;}\">\n\t\t\t\t<div class=\"elementor-element elementor-element-63fce6b elementor-widget elementor-widget-heading\" data-id=\"63fce6b\" data-element_type=\"widget\" data-e-type=\"widget\" data-widget_type=\"heading.default\">\n\t\t\t\t\t<h1 class=\"elementor-heading-title elementor-size-default\">G\u0142\u00f3wny Urz\u0105d Nadzoru Budowlanego<\/h1>\t\t\t\t<\/div>\n\t\t\t\t<\/div>\n\t\t\t\t\t<\/div>\n\t\t\t\t<\/div>\n\t\t<div class=\"elementor-element elementor-element-b79ae22 e-flex e-con-boxed e-con e-parent\" data-id=\"b79ae22\" data-element_type=\"container\" data-e-type=\"container\">\n\t\t\t\t\t<div class=\"e-con-inner\">\n\t\t\t\t<div class=\"elementor-element elementor-element-7249e99 elementor-widget elementor-widget-text-editor\" data-id=\"7249e99\" data-element_type=\"widget\" data-e-type=\"widget\" data-widget_type=\"text-editor.default\">\n\t\t\t\t\t\t\t\t\t<p><a href=\"https:\/\/inzynier.rzeszow.pl\">Strona g\u0142\u00f3wna <\/a>\/ <a href=\"https:\/\/inzynier.rzeszow.pl\/index.php\/gunb\/\">G\u0142\u00f3wny Urz\u0105d Nadzoru Budowlanego<\/a><\/p>\t\t\t\t\t\t\t\t<\/div>\n\t\t\t\t\t<\/div>\n\t\t\t\t<\/div>\n\t\t<div class=\"elementor-element elementor-element-1c98bfe e-flex e-con-boxed e-con e-parent\" data-id=\"1c98bfe\" data-element_type=\"container\" data-e-type=\"container\">\n\t\t\t\t\t<div class=\"e-con-inner\">\n\t\t\t\t<div class=\"elementor-element elementor-element-abdd206 elementor-widget elementor-widget-text-editor\" data-id=\"abdd206\" data-element_type=\"widget\" data-e-type=\"widget\" data-widget_type=\"text-editor.default\">\n\t\t\t\t\t\t\t\t\t<p><span style=\"white-space-collapse: preserve;\">G\u0142\u00f3wny Inspektor Nadzoru Budowlanego (GINB) wykonuje zadania okre\u015blone przepisami Prawa budowlanego i ustawy o wyrobach budowlanych, a w szczeg\u00f3lno\u015bci:\u2028<br \/><\/span><\/p><ul><li><span style=\"white-space-collapse: preserve;\">pe\u0142ni funkcj\u0119 organu wy\u017cszego stopnia w rozumieniu Kodeksu post\u0119powania administracyjnego w stosunku do wojewod\u00f3w i wojew\u00f3dzkich inspektor\u00f3w nadzoru budowlanego oraz sprawuje nadz\u00f3r nad ich dzia\u0142alno\u015bci\u0105,<\/span><\/li><li><span style=\"white-space-collapse: preserve;\">kontroluje dzia\u0142anie organ\u00f3w administracji architektoniczno-budowlanej i nadzoru budowlanego,<\/span><\/li><li><span style=\"white-space-collapse: preserve;\">jest organem: w\u0142a\u015bciwym w sprawach wyrob\u00f3w budowlanych wprowadzonych do obrotu,\u2028 wyspecjalizowanym w rozumieniu ustawy o systemie oceny zgodno\u015bci;<\/span><\/li><li><span style=\"white-space-collapse: preserve;\">prowadzi: Krajowy Wykaz Zakwestionowanych Wyrob\u00f3w Budowlanych.<\/span><\/li><\/ul>\t\t\t\t\t\t\t\t<\/div>\n\t\t\t\t\t<\/div>\n\t\t\t\t<\/div>\n\t\t<div class=\"elementor-element elementor-element-459ae6b e-flex e-con-boxed e-con e-parent\" data-id=\"459ae6b\" data-element_type=\"container\" data-e-type=\"container\">\n\t\t\t\t\t<div class=\"e-con-inner\">\n\t\t\t\t<div class=\"elementor-element elementor-element-92dca8a elementor-widget elementor-widget-text-editor\" data-id=\"92dca8a\" data-element_type=\"widget\" data-e-type=\"widget\" data-widget_type=\"text-editor.default\">\n\t\t\t\t\t\t\t\t\t<p><span style=\"white-space-collapse: preserve;\">W zwi\u0105zku z wej\u015bciem w \u017cycie przepis\u00f3w ustawy z dnia 9 maja 2014 r. o u\u0142atwieniu dost\u0119pu do wykonywania niekt\u00f3rych zawod\u00f3w regulowanych (Dz. U. z 2014 r. poz. 768), od dnia 10 sierpnia 2014 r. G\u0142\u00f3wny Inspektor Nadzoru Budowlanego zaprzesta\u0142 prowadzenia centralnego rejestru rzeczoznawc\u00f3w budowlanych. Prowadzenie podobnego rejestru, w formie listy rzeczoznawc\u00f3w budowlanych, nale\u017cy obecnie, zgodnie z tre\u015bci\u0105 art. 8c ust. 1 ustawy, do kompetencji Krajowej Izby Architekt\u00f3w oraz Krajowej Izby In\u017cynier\u00f3w Budownictwa.<\/span><\/p><p><b>Z dniem 1 sierpnia 2022 r. wesz\u0142y w \u017cycie znowelizowane przepisy ustawy z dnia 7 lipca 1994 r. Prawo budowlane, kt\u00f3rej zapisy zmieniaj\u0105 zasady funkcjonowania centralnych rejestr\u00f3w os\u00f3b posiadaj\u0105cych uprawnienia budowlane oraz ukaranych z tytu\u0142u odpowiedzialno\u015bci zawodowej w budownictwie.<\/b><\/p><p>Od 1 sierpnia 2022 r. dane do rejestr\u00f3w powinny buc przekazywane za pomoc\u0105 systemu e-CRUB, przy u\u017cyciu elektronicznych formularzy, przez w\u0142a\u015bciwe organy izb samorz\u0105du zawodowego.<\/p><p>GINB prowadzi punkt kontaktowy do spraw wyrob\u00f3w budowlanych, o kt\u00f3rym mowa w art. 10 rozporz\u0105dzenia Parlamentu Europejskiego i Rady (UE) Nr 305\/2011 z dnia 9 marca 2011 r. ustanawiaj\u0105cego zharmonizowane warunki wprowadzania do obrotu wyrob\u00f3w budowlanych i uchylaj\u0105cego dyrektyw\u0119 Rady 89\/106\/EWG.<\/p><p>GINB, jako centralny organ administracji rz\u0105dowej, wykonuje zar\u00f3wno zadania administracji architektoniczno-budowlanej, jak i nadzoru budowlanego we wszystkich obszarach budownictwa, z wy\u0142\u0105czeniem budownictwa g\u00f3rniczego. G\u0142\u00f3wny Inspektor Nadzoru Budowlanego jest organem w\u0142a\u015bciwym w sprawach indywidualnych, rozstrzyganych w drodze post\u0119powania administracyjnego, w zakresie wynikaj\u0105cym z przepis\u00f3w prawa budowlanego.\u2028Jako organ wy\u017cszego stopnia &#8211; w stosunku do wojewod\u00f3w, jako organ\u00f3w administracji architektoniczno-budowlanej oraz wojew\u00f3dzkich inspektor\u00f3w nadzoru budowlanego, jako organ\u00f3w nadzoru budowlanego, &#8211; GINB jest organem w\u0142a\u015bciwym w post\u0119powaniu administracyjnym w zakresie:<\/p><ul><li>rozpatrywania odwo\u0142a\u0144 od decyzji i za\u017cale\u0144 na postanowienia wydawane w pierwszej instancji przez wojewod\u00f3w oraz wojew\u00f3dzkich inspektor\u00f3w nadzoru budowlanego,<\/li><li>prowadzenia post\u0119powa\u0144 w sprawach stwierdzenia niewa\u017cno\u015bci ostatecznych decyzji wydanych przez ww. organy i wznawiania post\u0119powa\u0144 zako\u0144czonych ostatecznym rozstrzygni\u0119ciem.<\/li><\/ul><p>GINB jest uprawniony do:<\/p><ul><li>przeprowadzania kontroli sposobu wykonywania zada\u0144 przez organy administracji architektoniczno-budowlanej oraz organy nadzoru budowlanego,<\/li><li>przeprowadzania kontroli obiekt\u00f3w budowlanych istniej\u0105cych i budowanych oraz wykonywanych rob\u00f3t budowlanych,<\/li><li>kontroli wyrob\u00f3w budowlanych wprowadzonych do obrotu i stosowania.<\/li><\/ul><p style=\"text-align: right;\"><span data-teams=\"true\">Opracowano w oparciu:<br \/><a id=\"menur6uk\" class=\"fui-Link ___1q1shib f2hkw1w f3rmtva f1ewtqcl fyind8e f1k6fduh f1w7gpdv fk6fouc fjoy568 figsok6 f1s184ao f1mk8lai fnbmjn9 f1o700av f13mvf36 f1cmlufx f9n3di6 f1ids18y f1tx3yz7 f1deo86v f1eh06m1 f1iescvh fhgqx19 f1olyrje f1p93eir f1nev41a f1h8hb77 f1lqvz6u f10aw75t fsle3fq f17ae5zn\" title=\"http:\/\/www.gov.pl\/gunb\" href=\"http:\/\/www.gov.pl\/gunb\" target=\"_blank\" rel=\"noreferrer noopener\" aria-label=\"Link www.gov.pl\/gunb\">www.gov.pl\/gunb<\/a><\/span><\/p>\t\t\t\t\t\t\t\t<\/div>\n\t\t\t\t\t<\/div>\n\t\t\t\t<\/div>\n\t\t\t\t<\/div>\n\t\t","protected":false},"excerpt":{"rendered":"<p>G\u0142\u00f3wny Urz\u0105d Nadzoru Budowlanego Strona g\u0142\u00f3wna \/ G\u0142\u00f3wny Urz\u0105d Nadzoru Budowlanego G\u0142\u00f3wny Inspektor Nadzoru Budowlanego (GINB) wykonuje zadania okre\u015blone przepisami [&hellip;]<\/p>\n","protected":false},"author":1,"featured_media":0,"parent":0,"menu_order":0,"comment_status":"closed","ping_status":"closed","template":"","meta":{"site-sidebar-layout":"no-sidebar","site-content-layout":"","ast-site-content-layout":"full-width-container","site-content-style":"default","site-sidebar-style":"default","ast-global-header-display":"","ast-banner-title-visibility":"","ast-main-header-display":"","ast-hfb-above-header-display":"","ast-hfb-below-header-display":"","ast-hfb-mobile-header-display":"","site-post-title":"disabled","ast-breadcrumbs-content":"","ast-featured-img":"disabled","footer-sml-layout":"","ast-disable-related-posts":"","theme-transparent-header-meta":"","adv-header-id-meta":"","stick-header-meta":"","header-above-stick-meta":"","header-main-stick-meta":"","header-below-stick-meta":"","astra-migrate-meta-layouts":"default","ast-page-background-enabled":"default","ast-page-background-meta":{"desktop":{"background-color":"var(--ast-global-color-5)","background-image":"","background-repeat":"repeat","background-position":"center center","background-size":"auto","background-attachment":"scroll","background-type":"","background-media":"","overlay-type":"","overlay-color":"","overlay-opacity":"","overlay-gradient":""},"tablet":{"background-color":"","background-image":"","background-repeat":"repeat","background-position":"center center","background-size":"auto","background-attachment":"scroll","background-type":"","background-media":"","overlay-type":"","overlay-color":"","overlay-opacity":"","overlay-gradient":""},"mobile":{"background-color":"","background-image":"","background-repeat":"repeat","background-position":"center center","background-size":"auto","background-attachment":"scroll","background-type":"","background-media":"","overlay-type":"","overlay-color":"","overlay-opacity":"","overlay-gradient":""}},"ast-content-background-meta":{"desktop":{"background-color":"var(--ast-global-color-4)","background-image":"","background-repeat":"repeat","background-position":"center center","background-size":"auto","background-attachment":"scroll","background-type":"","background-media":"","overlay-type":"","overlay-color":"","overlay-opacity":"","overlay-gradient":""},"tablet":{"background-color":"var(--ast-global-color-4)","background-image":"","background-repeat":"repeat","background-position":"center center","background-size":"auto","background-attachment":"scroll","background-type":"","background-media":"","overlay-type":"","overlay-color":"","overlay-opacity":"","overlay-gradient":""},"mobile":{"background-color":"var(--ast-global-color-4)","background-image":"","background-repeat":"repeat","background-position":"center center","background-size":"auto","background-attachment":"scroll","background-type":"","background-media":"","overlay-type":"","overlay-color":"","overlay-opacity":"","overlay-gradient":""}},"footnotes":""},"class_list":["post-1003","page","type-page","status-publish","hentry"],"yoast_head":"<!-- This site is optimized with the Yoast SEO plugin v27.5 - https:\/\/yoast.com\/product\/yoast-seo-wordpress\/ -->\n<title>GUNB - Podkarpacka Okregowa Izba Inzynierow Budownictwa<\/title>\n<meta name=\"description\" content=\"G\u0142\u00f3wny Urz\u0105d Nadzoru Budowlanego: kluczowe informacje o nadzorze budowlanym w Polsce.\" \/>\n<meta name=\"robots\" content=\"index, follow, max-snippet:-1, max-image-preview:large, max-video-preview:-1\" \/>\n<link rel=\"canonical\" href=\"https:\/\/inzynier.rzeszow.pl\/index.php\/gunb\/\" \/>\n<meta property=\"og:locale\" content=\"pl_PL\" \/>\n<meta property=\"og:type\" content=\"article\" \/>\n<meta property=\"og:title\" content=\"GUNB - Podkarpacka Okregowa Izba Inzynierow Budownictwa\" \/>\n<meta property=\"og:description\" content=\"G\u0142\u00f3wny Urz\u0105d Nadzoru Budowlanego: kluczowe informacje o nadzorze budowlanym w Polsce.\" \/>\n<meta property=\"og:url\" content=\"https:\/\/inzynier.rzeszow.pl\/index.php\/gunb\/\" \/>\n<meta property=\"og:site_name\" content=\"Podkarpacka Okregowa Izba Inzynierow Budownictwa\" \/>\n<meta property=\"article:modified_time\" content=\"2026-03-15T08:06:56+00:00\" \/>\n<meta name=\"twitter:card\" content=\"summary_large_image\" \/>\n<meta name=\"twitter:label1\" content=\"Szacowany czas czytania\" \/>\n\t<meta name=\"twitter:data1\" content=\"3 minuty\" \/>\n<script type=\"application\/ld+json\" class=\"yoast-schema-graph\">{\"@context\":\"https:\\\/\\\/schema.org\",\"@graph\":[{\"@type\":\"WebPage\",\"@id\":\"https:\\\/\\\/inzynier.rzeszow.pl\\\/index.php\\\/gunb\\\/\",\"url\":\"https:\\\/\\\/inzynier.rzeszow.pl\\\/index.php\\\/gunb\\\/\",\"name\":\"GUNB - Podkarpacka Okregowa Izba Inzynierow Budownictwa\",\"isPartOf\":{\"@id\":\"https:\\\/\\\/inzynier.rzeszow.pl\\\/#website\"},\"datePublished\":\"2025-12-23T10:57:56+00:00\",\"dateModified\":\"2026-03-15T08:06:56+00:00\",\"description\":\"G\u0142\u00f3wny Urz\u0105d Nadzoru Budowlanego: kluczowe informacje o nadzorze budowlanym w Polsce.\",\"breadcrumb\":{\"@id\":\"https:\\\/\\\/inzynier.rzeszow.pl\\\/index.php\\\/gunb\\\/#breadcrumb\"},\"inLanguage\":\"pl-PL\",\"potentialAction\":[{\"@type\":\"ReadAction\",\"target\":[\"https:\\\/\\\/inzynier.rzeszow.pl\\\/index.php\\\/gunb\\\/\"]}]},{\"@type\":\"BreadcrumbList\",\"@id\":\"https:\\\/\\\/inzynier.rzeszow.pl\\\/index.php\\\/gunb\\\/#breadcrumb\",\"itemListElement\":[{\"@type\":\"ListItem\",\"position\":1,\"name\":\"Strona g\u0142\u00f3wna\",\"item\":\"https:\\\/\\\/inzynier.rzeszow.pl\\\/\"},{\"@type\":\"ListItem\",\"position\":2,\"name\":\"GUNB\"}]},{\"@type\":\"WebSite\",\"@id\":\"https:\\\/\\\/inzynier.rzeszow.pl\\\/#website\",\"url\":\"https:\\\/\\\/inzynier.rzeszow.pl\\\/\",\"name\":\"Podkarpacka Okregowa Izba Inzynierow Budownictwa\",\"description\":\"\",\"potentialAction\":[{\"@type\":\"SearchAction\",\"target\":{\"@type\":\"EntryPoint\",\"urlTemplate\":\"https:\\\/\\\/inzynier.rzeszow.pl\\\/?s={search_term_string}\"},\"query-input\":{\"@type\":\"PropertyValueSpecification\",\"valueRequired\":true,\"valueName\":\"search_term_string\"}}],\"inLanguage\":\"pl-PL\"}]}<\/script>\n<!-- \/ Yoast SEO plugin. -->","yoast_head_json":{"title":"GUNB - Podkarpacka Okregowa Izba Inzynierow Budownictwa","description":"G\u0142\u00f3wny Urz\u0105d Nadzoru Budowlanego: kluczowe informacje o nadzorze budowlanym w Polsce.","robots":{"index":"index","follow":"follow","max-snippet":"max-snippet:-1","max-image-preview":"max-image-preview:large","max-video-preview":"max-video-preview:-1"},"canonical":"https:\/\/inzynier.rzeszow.pl\/index.php\/gunb\/","og_locale":"pl_PL","og_type":"article","og_title":"GUNB - Podkarpacka Okregowa Izba Inzynierow Budownictwa","og_description":"G\u0142\u00f3wny Urz\u0105d Nadzoru Budowlanego: kluczowe informacje o nadzorze budowlanym w Polsce.","og_url":"https:\/\/inzynier.rzeszow.pl\/index.php\/gunb\/","og_site_name":"Podkarpacka Okregowa Izba Inzynierow Budownictwa","article_modified_time":"2026-03-15T08:06:56+00:00","twitter_card":"summary_large_image","twitter_misc":{"Szacowany czas czytania":"3 minuty"},"schema":{"@context":"https:\/\/schema.org","@graph":[{"@type":"WebPage","@id":"https:\/\/inzynier.rzeszow.pl\/index.php\/gunb\/","url":"https:\/\/inzynier.rzeszow.pl\/index.php\/gunb\/","name":"GUNB - Podkarpacka Okregowa Izba Inzynierow Budownictwa","isPartOf":{"@id":"https:\/\/inzynier.rzeszow.pl\/#website"},"datePublished":"2025-12-23T10:57:56+00:00","dateModified":"2026-03-15T08:06:56+00:00","description":"G\u0142\u00f3wny Urz\u0105d Nadzoru Budowlanego: kluczowe informacje o nadzorze budowlanym w Polsce.","breadcrumb":{"@id":"https:\/\/inzynier.rzeszow.pl\/index.php\/gunb\/#breadcrumb"},"inLanguage":"pl-PL","potentialAction":[{"@type":"ReadAction","target":["https:\/\/inzynier.rzeszow.pl\/index.php\/gunb\/"]}]},{"@type":"BreadcrumbList","@id":"https:\/\/inzynier.rzeszow.pl\/index.php\/gunb\/#breadcrumb","itemListElement":[{"@type":"ListItem","position":1,"name":"Strona g\u0142\u00f3wna","item":"https:\/\/inzynier.rzeszow.pl\/"},{"@type":"ListItem","position":2,"name":"GUNB"}]},{"@type":"WebSite","@id":"https:\/\/inzynier.rzeszow.pl\/#website","url":"https:\/\/inzynier.rzeszow.pl\/","name":"Podkarpacka Okregowa Izba Inzynierow Budownictwa","description":"","potentialAction":[{"@type":"SearchAction","target":{"@type":"EntryPoint","urlTemplate":"https:\/\/inzynier.rzeszow.pl\/?s={search_term_string}"},"query-input":{"@type":"PropertyValueSpecification","valueRequired":true,"valueName":"search_term_string"}}],"inLanguage":"pl-PL"}]}},"rttpg_featured_image_url":null,"rttpg_author":{"display_name":"admin","author_link":"https:\/\/inzynier.rzeszow.pl\/index.php\/author\/kwojcik\/"},"rttpg_comment":0,"rttpg_category":null,"rttpg_excerpt":"G\u0142\u00f3wny Urz\u0105d Nadzoru Budowlanego Strona g\u0142\u00f3wna \/ G\u0142\u00f3wny Urz\u0105d Nadzoru Budowlanego G\u0142\u00f3wny Inspektor Nadzoru Budowlanego (GINB) wykonuje zadania okre\u015blone przepisami [&hellip;]","_links":{"self":[{"href":"https:\/\/inzynier.rzeszow.pl\/index.php\/wp-json\/wp\/v2\/pages\/1003","targetHints":{"allow":["GET"]}}],"collection":[{"href":"https:\/\/inzynier.rzeszow.pl\/index.php\/wp-json\/wp\/v2\/pages"}],"about":[{"href":"https:\/\/inzynier.rzeszow.pl\/index.php\/wp-json\/wp\/v2\/types\/page"}],"author":[{"embeddable":true,"href":"https:\/\/inzynier.rzeszow.pl\/index.php\/wp-json\/wp\/v2\/users\/1"}],"replies":[{"embeddable":true,"href":"https:\/\/inzynier.rzeszow.pl\/index.php\/wp-json\/wp\/v2\/comments?post=1003"}],"version-history":[{"count":10,"href":"https:\/\/inzynier.rzeszow.pl\/index.php\/wp-json\/wp\/v2\/pages\/1003\/revisions"}],"predecessor-version":[{"id":5191,"href":"https:\/\/inzynier.rzeszow.pl\/index.php\/wp-json\/wp\/v2\/pages\/1003\/revisions\/5191"}],"wp:attachment":[{"href":"https:\/\/inzynier.rzeszow.pl\/index.php\/wp-json\/wp\/v2\/media?parent=1003"}],"curies":[{"name":"wp","href":"https:\/\/api.w.org\/{rel}","templated":true}]}}